{"id":72404,"date":"2025-04-24T02:36:53","date_gmt":"2025-04-24T02:36:53","guid":{"rendered":"https:\/\/chanrathanhthuy.com\/?post_type=product&#038;p=72404"},"modified":"2026-04-14T09:52:35","modified_gmt":"2026-04-14T09:52:35","slug":"khan-trai-ban-nha-hang-tiec-cuoi","status":"publish","type":"product","link":"https:\/\/chanrathanhthuy.com\/ja\/product\/khan-trai-ban-nha-hang-tiec-cuoi\/","title":{"rendered":"Kh\u0103n Tr\u1ea3i B\u00e0n Nh\u00e0 H\u00e0ng"},"content":{"rendered":"<h1 style=\"text-align: justify;\" data-sourcepos=\"5:1-5:66\">Kh\u0103n Tr\u1ea3i B\u00e0n Nh\u00e0 H\u00e0ng \u2013 Ti\u1ec7c C\u01b0\u1edbi: N\u00e2ng T\u1ea7m Kh\u00f4ng Gian C\u1ee7a B\u1ea1n<\/h1>\n<p style=\"text-align: justify;\" data-sourcepos=\"7:1-7:321\">B\u1ea1n \u0111ang t\u00ecm ki\u1ebfm kh\u0103n tr\u1ea3i b\u00e0n nh\u00e0 h\u00e0ng ch\u1ea5t l\u01b0\u1ee3ng cao? Hay nh\u1eefng m\u1eabu kh\u0103n tr\u1ea3i b\u00e0n ti\u1ec7c c\u01b0\u1edbi sang tr\u1ecdng \u0111\u1ec3 ng\u00e0y tr\u1ecdng \u0111\u1ea1i th\u00eam ho\u00e0n h\u1ea3o? Ch\u0103n Ra Thanh Th\u1ee7y ch\u00ednh l\u00e0 \u0111i\u1ec3m \u0111\u1ebfn l\u00fd t\u01b0\u1edfng! Ch\u00fang t\u00f4i chuy\u00ean cung c\u1ea5p c\u00e1c lo\u1ea1i kh\u0103n tr\u1ea3i b\u00e0n \u0111\u1eb9p, kh\u0103n tr\u1ea3i b\u00e0n cao c\u1ea5p d\u00e0nh cho m\u1ecdi kh\u00f4ng gian \u1ea9m th\u1ef1c v\u00e0 s\u1ef1 ki\u1ec7n.<\/p>\n<p data-sourcepos=\"7:1-7:321\"><a href=\"https:\/\/chanrathanhthuy.com\/wp-content\/uploads\/2025\/04\/khan-trai-ban-nha-hang-tiec-cuoi-4.png\"><img loading=\"lazy\" decoding=\"async\" class=\"aligncenter size-full wp-image-81988\" src=\"https:\/\/chanrathanhthuy.com\/wp-content\/uploads\/2025\/04\/khan-trai-ban-nha-hang-tiec-cuoi-4.png\" alt=\"\" width=\"1200\" height=\"800\" title=\"\" srcset=\"https:\/\/chanrathanhthuy.com\/wp-content\/uploads\/2025\/04\/khan-trai-ban-nha-hang-tiec-cuoi-4.png 1200w, https:\/\/chanrathanhthuy.com\/wp-content\/uploads\/2025\/04\/khan-trai-ban-nha-hang-tiec-cuoi-4-300x200.png 300w, https:\/\/chanrathanhthuy.com\/wp-content\/uploads\/2025\/04\/khan-trai-ban-nha-hang-tiec-cuoi-4-1024x683.png 1024w, https:\/\/chanrathanhthuy.com\/wp-content\/uploads\/2025\/04\/khan-trai-ban-nha-hang-tiec-cuoi-4-150x100.png 150w, https:\/\/chanrathanhthuy.com\/wp-content\/uploads\/2025\/04\/khan-trai-ban-nha-hang-tiec-cuoi-4-768x512.png 768w, https:\/\/chanrathanhthuy.com\/wp-content\/uploads\/2025\/04\/khan-trai-ban-nha-hang-tiec-cuoi-4-600x400.png 600w\" sizes=\"auto, (max-width: 1200px) 100vw, 1200px\" \/><\/a><\/p>\n<h2 style=\"text-align: justify;\" data-sourcepos=\"9:1-9:71\">T\u1ea1i Sao Kh\u0103n Tr\u1ea3i B\u00e0n L\u1ea1i Quan Tr\u1ecdng \u0110\u1ed1i V\u1edbi Nh\u00e0 H\u00e0ng v\u00e0 Ti\u1ec7c C\u01b0\u1edbi?<\/h2>\n<p>T\u1ea1o \u1ea5n t\u01b0\u1ee3ng ban \u0111\u1ea7u: M\u1ed9t b\u1ed9 kh\u0103n tr\u1ea3i b\u00e0n t\u01b0\u01a1m t\u1ea5t, s\u1ea1ch s\u1ebd v\u00e0 ph\u00f9 h\u1ee3p s\u1ebd ngay l\u1eadp t\u1ee9c t\u1ea1o \u1ea5n t\u01b0\u1ee3ng t\u1ed1t \u0111\u1eb9p v\u1edbi th\u1ef1c kh\u00e1ch ho\u1eb7c kh\u00e1ch m\u1eddi. \u0110i\u1ec1u n\u00e0y \u0111\u1eb7c bi\u1ec7t quan tr\u1ecdng trong c\u00e1c nh\u00e0 h\u00e0ng cao c\u1ea5p v\u00e0 ti\u1ec7c c\u01b0\u1edbi.<\/p>\n<p>N\u00e2ng cao t\u00ednh th\u1ea9m m\u1ef9: Kh\u0103n tr\u1ea3i b\u00e0n \u0111\u00f3ng vai tr\u00f2 quan tr\u1ecdng trong vi\u1ec7c \u0111\u1ecbnh h\u00ecnh phong c\u00e1ch v\u00e0 ch\u1ee7 \u0111\u1ec1 c\u1ee7a kh\u00f4ng gian. T\u1eeb s\u1ef1 ki\u1ec7n ti\u1ec7c c\u01b0\u1edbi l\u00e3ng m\u1ea1n \u0111\u1ebfn nh\u00e0 h\u00e0ng hi\u1ec7n \u0111\u1ea1i, kh\u0103n tr\u1ea3i b\u00e0n gi\u00fap t\u0103ng th\u00eam v\u1ebb \u0111\u1eb9p v\u00e0 s\u1ef1 chuy\u00ean nghi\u1ec7p.<\/p>\n<p>B\u1ea3o v\u1ec7 b\u00e0n: Ngo\u00e0i ch\u1ee9c n\u0103ng trang tr\u00ed, kh\u0103n tr\u1ea3i b\u00e0n c\u00f2n gi\u00fap b\u1ea3o v\u1ec7 b\u1ec1 m\u1eb7t b\u00e0n kh\u1ecfi tr\u1ea7y x\u01b0\u1edbc, \u0111\u1ed5 v\u1ee1 v\u00e0 nhi\u1ec7t \u0111\u1ed9.<\/p>\n<p><a href=\"https:\/\/chanrathanhthuy.com\/wp-content\/uploads\/2025\/04\/khan-trai-ban-nha-hang-tiec-cuoi-3.png\"><img loading=\"lazy\" decoding=\"async\" class=\"aligncenter size-full wp-image-81985\" src=\"https:\/\/chanrathanhthuy.com\/wp-content\/uploads\/2025\/04\/khan-trai-ban-nha-hang-tiec-cuoi-3.png\" alt=\"\" width=\"1200\" height=\"800\" title=\"\" srcset=\"https:\/\/chanrathanhthuy.com\/wp-content\/uploads\/2025\/04\/khan-trai-ban-nha-hang-tiec-cuoi-3.png 1200w, https:\/\/chanrathanhthuy.com\/wp-content\/uploads\/2025\/04\/khan-trai-ban-nha-hang-tiec-cuoi-3-300x200.png 300w, https:\/\/chanrathanhthuy.com\/wp-content\/uploads\/2025\/04\/khan-trai-ban-nha-hang-tiec-cuoi-3-1024x683.png 1024w, https:\/\/chanrathanhthuy.com\/wp-content\/uploads\/2025\/04\/khan-trai-ban-nha-hang-tiec-cuoi-3-150x100.png 150w, https:\/\/chanrathanhthuy.com\/wp-content\/uploads\/2025\/04\/khan-trai-ban-nha-hang-tiec-cuoi-3-768x512.png 768w, https:\/\/chanrathanhthuy.com\/wp-content\/uploads\/2025\/04\/khan-trai-ban-nha-hang-tiec-cuoi-3-600x400.png 600w\" sizes=\"auto, (max-width: 1200px) 100vw, 1200px\" \/><\/a><\/p>\n<h2 style=\"text-align: justify;\" data-sourcepos=\"17:1-17:58\">Kh\u0103n Tr\u1ea3i B\u00e0n Ch\u0103n Ra Thanh Th\u1ee7y: S\u1ef1 L\u1ef1a Ch\u1ecdn Ho\u00e0n H\u1ea3o<\/h2>\n<p style=\"text-align: justify;\" data-sourcepos=\"19:1-19:219\">Ch\u00fang t\u00f4i hi\u1ec3u r\u1eb1ng m\u1ed7i nh\u00e0 h\u00e0ng v\u00e0 m\u1ed7i s\u1ef1 ki\u1ec7n ti\u1ec7c c\u01b0\u1edbi \u0111\u1ec1u c\u00f3 nh\u1eefng y\u00eau c\u1ea7u ri\u00eang bi\u1ec7t. \u0110\u00f3 l\u00e0 l\u00fd do Ch\u0103n Ra Thanh Th\u1ee7y cung c\u1ea5p \u0111a d\u1ea1ng c\u00e1c lo\u1ea1i kh\u0103n tr\u1ea3i b\u00e0n v\u1edbi nhi\u1ec1u ch\u1ea5t li\u1ec7u, m\u00e0u s\u1eafc v\u00e0 k\u00edch th\u01b0\u1edbc kh\u00e1c nhau.<\/p>\n<h3 style=\"text-align: justify;\" data-sourcepos=\"21:1-21:47\">Ch\u1ea5t Li\u1ec7u Cao C\u1ea5p \u2013 B\u1ec1n \u0110\u1eb9p Theo Th\u1eddi Gian<\/h3>\n<p style=\"text-align: justify;\" data-sourcepos=\"23:1-23:96\">Ch\u0103n Ra Thanh Th\u1ee7y cam k\u1ebft s\u1eed d\u1ee5ng c\u00e1c ch\u1ea5t li\u1ec7u h\u00e0ng \u0111\u1ea7u \u0111\u1ec3 s\u1ea3n xu\u1ea5t kh\u0103n tr\u1ea3i b\u00e0n b\u1ec1n \u0111\u1eb9p:<\/p>\n<ul style=\"text-align: justify;\" data-sourcepos=\"25:1-28:0\">\n<li data-sourcepos=\"25:1-25:271\">Kh\u0103n tr\u1ea3i b\u00e0n polyester: \u0110\u00e2y l\u00e0 l\u1ef1a ch\u1ecdn ph\u1ed5 bi\u1ebfn h\u00e0ng \u0111\u1ea7u cho kh\u0103n tr\u1ea3i b\u00e0n nh\u00e0 h\u00e0ng v\u00e0 kh\u0103n tr\u1ea3i b\u00e0n ti\u1ec7c c\u01b0\u1edbi nh\u1edd \u0111\u1ed9 b\u1ec1n cao, kh\u1ea3 n\u0103ng ch\u1ed1ng nh\u0103n, ch\u1ed1ng b\u00e1m b\u1ea9n t\u1ed1t v\u00e0 d\u1ec5 gi\u1eb7t \u1ee7i. Kh\u0103n polyester gi\u1eef m\u00e0u t\u1ed1t, lu\u00f4n gi\u1eef \u0111\u01b0\u1ee3c v\u1ebb m\u1edbi m\u1ebb sau nhi\u1ec1u l\u1ea7n s\u1eed d\u1ee5ng.<\/li>\n<li data-sourcepos=\"26:1-26:166\">Kh\u0103n tr\u1ea3i b\u00e0n linen (ho\u1eb7c gi\u1ea3 linen): Mang \u0111\u1ebfn v\u1ebb \u0111\u1eb9p t\u1ef1 nhi\u00ean, sang tr\u1ecdng v\u00e0 m\u1ec1m m\u1ea1i. Linen c\u00f3 kh\u1ea3 n\u0103ng th\u1ea5m h\u00fat t\u1ed1t, t\u1ea1o c\u1ea3m gi\u00e1c tho\u1ea3i m\u00e1i cho ng\u01b0\u1eddi s\u1eed d\u1ee5ng.<\/li>\n<li data-sourcepos=\"27:1-28:0\">C\u00e1c ch\u1ea5t li\u1ec7u pha tr\u1ed9n: S\u1ef1 k\u1ebft h\u1ee3p c\u00e1c lo\u1ea1i s\u1ee3i gi\u00fap t\u1ed1i \u01b0u h\u00f3a \u01b0u \u0111i\u1ec3m c\u1ee7a t\u1eebng lo\u1ea1i, mang l\u1ea1i s\u1ea3n ph\u1ea9m kh\u0103n tr\u1ea3i b\u00e0n v\u1eeba \u0111\u1eb9p, v\u1eeba b\u1ec1n, l\u1ea1i d\u1ec5 b\u1ea3o qu\u1ea3n.<\/li>\n<\/ul>\n<p><a href=\"https:\/\/chanrathanhthuy.com\/wp-content\/uploads\/2025\/04\/khan-trai-ban-nha-hang-tiec-cuoi-2.png\"><img loading=\"lazy\" decoding=\"async\" class=\"aligncenter size-full wp-image-81982\" src=\"https:\/\/chanrathanhthuy.com\/wp-content\/uploads\/2025\/04\/khan-trai-ban-nha-hang-tiec-cuoi-2.png\" alt=\"\" width=\"1200\" height=\"800\" title=\"\" srcset=\"https:\/\/chanrathanhthuy.com\/wp-content\/uploads\/2025\/04\/khan-trai-ban-nha-hang-tiec-cuoi-2.png 1200w, https:\/\/chanrathanhthuy.com\/wp-content\/uploads\/2025\/04\/khan-trai-ban-nha-hang-tiec-cuoi-2-300x200.png 300w, https:\/\/chanrathanhthuy.com\/wp-content\/uploads\/2025\/04\/khan-trai-ban-nha-hang-tiec-cuoi-2-1024x683.png 1024w, https:\/\/chanrathanhthuy.com\/wp-content\/uploads\/2025\/04\/khan-trai-ban-nha-hang-tiec-cuoi-2-150x100.png 150w, https:\/\/chanrathanhthuy.com\/wp-content\/uploads\/2025\/04\/khan-trai-ban-nha-hang-tiec-cuoi-2-768x512.png 768w, https:\/\/chanrathanhthuy.com\/wp-content\/uploads\/2025\/04\/khan-trai-ban-nha-hang-tiec-cuoi-2-600x400.png 600w\" sizes=\"auto, (max-width: 1200px) 100vw, 1200px\" \/><\/a><\/p>\n<h3 style=\"text-align: justify;\" data-sourcepos=\"29:1-29:55\">\u0110a D\u1ea1ng M\u1eabu M\u00e3 v\u00e0 M\u00e0u S\u1eafc \u2013 Ph\u00f9 H\u1ee3p M\u1ecdi Phong C\u00e1ch<\/h3>\n<p>Kh\u0103n tr\u1ea3i b\u00e0n tr\u00f2n: L\u00fd t\u01b0\u1edfng cho b\u00e0n ti\u1ec7c tr\u00f2n, t\u1ea1o kh\u00f4ng gian \u1ea5m c\u00fang v\u00e0 th\u00e2n m\u1eadt.<\/p>\n<p>Kh\u0103n tr\u1ea3i b\u00e0n ch\u1eef nh\u1eadt: Ph\u00f9 h\u1ee3p v\u1edbi b\u00e0n d\u00e0i, b\u00e0n buffet, t\u1ea1o s\u1ef1 linh ho\u1ea1t trong s\u1eafp x\u1ebfp kh\u00f4ng gian.<\/p>\n<p>M\u00e0u s\u1eafc phong ph\u00fa: T\u1eeb c\u00e1c gam m\u00e0u trung t\u00ednh, c\u1ed5 \u0111i\u1ec3n nh\u01b0 tr\u1eafng, kem, x\u00e1m \u0111\u1ebfn nh\u1eefng m\u00e0u s\u1eafc t\u01b0\u01a1i s\u00e1ng, r\u1ef1c r\u1ee1 \u0111\u1ec3 ph\u00f9 h\u1ee3p v\u1edbi ch\u1ee7 \u0111\u1ec1 ti\u1ec7c c\u01b0\u1edbi, s\u1ef1 ki\u1ec7n ho\u1eb7c phong c\u00e1ch thi\u1ebft k\u1ebf c\u1ee7a nh\u00e0 h\u00e0ng b\u1ea1n.<\/p>\n<p><a href=\"https:\/\/chanrathanhthuy.com\/wp-content\/uploads\/2025\/04\/khan-trai-ban-nha-hang-tiec-cuoi-1.png\"><img loading=\"lazy\" decoding=\"async\" class=\"aligncenter size-full wp-image-81991\" src=\"https:\/\/chanrathanhthuy.com\/wp-content\/uploads\/2025\/04\/khan-trai-ban-nha-hang-tiec-cuoi-1.png\" alt=\"\" width=\"1200\" height=\"800\" title=\"\" srcset=\"https:\/\/chanrathanhthuy.com\/wp-content\/uploads\/2025\/04\/khan-trai-ban-nha-hang-tiec-cuoi-1.png 1200w, https:\/\/chanrathanhthuy.com\/wp-content\/uploads\/2025\/04\/khan-trai-ban-nha-hang-tiec-cuoi-1-300x200.png 300w, https:\/\/chanrathanhthuy.com\/wp-content\/uploads\/2025\/04\/khan-trai-ban-nha-hang-tiec-cuoi-1-1024x683.png 1024w, https:\/\/chanrathanhthuy.com\/wp-content\/uploads\/2025\/04\/khan-trai-ban-nha-hang-tiec-cuoi-1-150x100.png 150w, https:\/\/chanrathanhthuy.com\/wp-content\/uploads\/2025\/04\/khan-trai-ban-nha-hang-tiec-cuoi-1-768x512.png 768w, https:\/\/chanrathanhthuy.com\/wp-content\/uploads\/2025\/04\/khan-trai-ban-nha-hang-tiec-cuoi-1-600x400.png 600w\" sizes=\"auto, (max-width: 1200px) 100vw, 1200px\" \/><\/a><\/p>\n<h2 style=\"text-align: justify;\" data-sourcepos=\"39:1-39:57\">L\u1ee3i \u00cdch Khi Ch\u1ecdn Kh\u0103n Tr\u1ea3i B\u00e0n C\u1ee7a Ch\u0103n Ra Thanh Th\u1ee7y<\/h2>\n<p>Ch\u1ea5t l\u01b0\u1ee3ng \u0111\u1ea3m b\u1ea3o: S\u1ea3n ph\u1ea9m \u0111\u01b0\u1ee3c s\u1ea3n xu\u1ea5t tr\u00ean d\u00e2y chuy\u1ec1n hi\u1ec7n \u0111\u1ea1i, ki\u1ec3m tra k\u1ef9 l\u01b0\u1ee1ng t\u1eeb kh\u00e2u nguy\u00ean li\u1ec7u \u0111\u1ebfn th\u00e0nh ph\u1ea9m.<\/p>\n<p>Gi\u00e1 c\u1ea3 c\u1ea1nh tranh: Ch\u00fang t\u00f4i cung c\u1ea5p kh\u0103n tr\u1ea3i b\u00e0n gi\u00e1 s\u1ec9 cho c\u00e1c nh\u00e0 h\u00e0ng, kh\u00e1ch s\u1ea1n v\u00e0 \u0111\u01a1n v\u1ecb t\u1ed5 ch\u1ee9c s\u1ef1 ki\u1ec7n.<\/p>\n<p>T\u01b0 v\u1ea5n chuy\u00ean nghi\u1ec7p: \u0110\u1ed9i ng\u0169 c\u1ee7a ch\u00fang t\u00f4i s\u1eb5n s\u00e0ng h\u1ed7 tr\u1ee3 b\u1ea1n l\u1ef1a ch\u1ecdn lo\u1ea1i kh\u0103n tr\u1ea3i b\u00e0n ph\u00f9 h\u1ee3p nh\u1ea5t v\u1edbi nhu c\u1ea7u v\u00e0 ng\u00e2n s\u00e1ch.<\/p>\n<p>B\u1ec1n b\u1ec9 v\u00e0 d\u1ec5 b\u1ea3o qu\u1ea3n: Gi\u00fap ti\u1ebft ki\u1ec7m chi ph\u00ed thay th\u1ebf v\u00e0 gi\u1eb7t \u1ee7i trong d\u00e0i h\u1ea1n.<\/p>\n","protected":false},"excerpt":{"rendered":"<p>Kh\u0103n Tr\u1ea3i B\u00e0n Nh\u00e0 H\u00e0ng \u2013 Ti\u1ec7c C\u01b0\u1edbi: N\u00e2ng T\u1ea7m Kh\u00f4ng Gian C\u1ee7a B\u1ea1n B\u1ea1n \u0111ang t\u00ecm ki\u1ebfm kh\u0103n tr\u1ea3i b\u00e0n nh\u00e0 h\u00e0ng ch\u1ea5t  &#8230; <a title=\"Kh\u0103n Tr\u1ea3i B\u00e0n Nh\u00e0 H\u00e0ng\" class=\"read-more\" href=\"https:\/\/chanrathanhthuy.com\/ja\/product\/khan-trai-ban-nha-hang-tiec-cuoi\/\" aria-label=\"More on Kh\u0103n Tr\u1ea3i B\u00e0n Nh\u00e0 H\u00e0ng\">Read more<\/a><\/p>\n","protected":false},"featured_media":75576,"comment_status":"open","ping_status":"closed","template":"","meta":{"_acf_changed":false,"inline_featured_image":false},"product_cat":[2077],"product_tag":[],"class_list":{"0":"post-72404","1":"product","2":"type-product","3":"status-publish","4":"has-post-thumbnail","6":"product_cat-nha-hang","8":"first","9":"instock","10":"taxable","11":"shipping-taxable","12":"purchasable","13":"product-type-variable","14":"rtwpvg-product"},"acf":[],"_links":{"self":[{"href":"https:\/\/chanrathanhthuy.com\/ja\/wp-json\/wp\/v2\/product\/72404","targetHints":{"allow":["GET"]}}],"collection":[{"href":"https:\/\/chanrathanhthuy.com\/ja\/wp-json\/wp\/v2\/product"}],"about":[{"href":"https:\/\/chanrathanhthuy.com\/ja\/wp-json\/wp\/v2\/types\/product"}],"replies":[{"embeddable":true,"href":"https:\/\/chanrathanhthuy.com\/ja\/wp-json\/wp\/v2\/comments?post=72404"}],"wp:featuredmedia":[{"embeddable":true,"href":"https:\/\/chanrathanhthuy.com\/ja\/wp-json\/wp\/v2\/media\/75576"}],"wp:attachment":[{"href":"https:\/\/chanrathanhthuy.com\/ja\/wp-json\/wp\/v2\/media?parent=72404"}],"wp:term":[{"taxonomy":"product_cat","embeddable":true,"href":"https:\/\/chanrathanhthuy.com\/ja\/wp-json\/wp\/v2\/product_cat?post=72404"},{"taxonomy":"product_tag","embeddable":true,"href":"https:\/\/chanrathanhthuy.com\/ja\/wp-json\/wp\/v2\/product_tag?post=72404"}],"curies":[{"name":"wp","href":"https:\/\/api.w.org\/{rel}","templated":true}]}}