{"id":72410,"date":"2025-04-24T02:37:51","date_gmt":"2025-04-24T02:37:51","guid":{"rendered":"https:\/\/chanrathanhthuy.com\/?post_type=product&#038;p=72410"},"modified":"2025-07-10T03:35:37","modified_gmt":"2025-07-10T03:35:37","slug":"no-ghe-nha-hang-tiec-cuoi","status":"publish","type":"product","link":"https:\/\/chanrathanhthuy.com\/ja\/product\/no-ghe-nha-hang-tiec-cuoi\/","title":{"rendered":"N\u01a1 Gh\u1ebf Nh\u00e0 H\u00e0ng"},"content":{"rendered":"<h1 style=\"text-align: justify;\" data-sourcepos=\"5:1-5:90\">N\u01a1 Gh\u1ebf Nh\u00e0 H\u00e0ng &#8211; Ti\u1ec7c C\u01b0\u1edbi: N\u00e2ng T\u1ea7m Kh\u00f4ng Gian Sang Tr\u1ecdng C\u00f9ng Ch\u0103n Ra Thanh Th\u1ee7y<\/h1>\n<p style=\"text-align: justify;\" data-sourcepos=\"7:1-7:481\">N\u01a1 gh\u1ebf l\u00e0 m\u1ed9t ph\u1ee5 ki\u1ec7n nh\u1ecf nh\u01b0ng c\u00f3 s\u1ee9c m\u1ea1nh bi\u1ebfn h\u00f3a kh\u00f4ng gian \u0111\u00e1ng kinh ng\u1ea1c, \u0111\u1eb7c bi\u1ec7t l\u00e0 trong thi\u1ebft k\u1ebf n\u1ed9i th\u1ea5t nh\u00e0 h\u00e0ng v\u00e0 ti\u1ec7c c\u01b0\u1edbi. Ch\u00fang kh\u00f4ng ch\u1ec9 \u0111\u01a1n thu\u1ea7n l\u00e0 v\u1eadt trang tr\u00ed m\u00e0 c\u00f2n l\u00e0 y\u1ebfu t\u1ed1 quan tr\u1ecdng t\u1ea1o \u0111i\u1ec3m nh\u1ea5n, t\u00f4n l\u00ean v\u1ebb \u0111\u1eb9p sang tr\u1ecdng v\u00e0 \u1ea5n t\u01b0\u1ee3ng cho s\u1ef1 ki\u1ec7n. T\u1ea1i Ch\u0103n Ra Thanh Th\u1ee7y, ch\u00fang t\u00f4i t\u1ef1 h\u00e0o mang \u0111\u1ebfn nh\u1eefng m\u1eabu n\u01a1 gh\u1ebf ch\u1ea5t l\u01b0\u1ee3ng cao, \u0111a d\u1ea1ng v\u1ec1 m\u1eabu m\u00e3 v\u00e0 m\u00e0u s\u1eafc, gi\u00fap b\u1ea1n t\u1ea1o n\u00ean kh\u00f4ng gian ho\u00e0n h\u1ea3o cho m\u1ecdi bu\u1ed5i ti\u1ec7c.<\/p>\n<p data-sourcepos=\"7:1-7:481\"><a href=\"https:\/\/chanrathanhthuy.com\/wp-content\/uploads\/2025\/04\/no-ghe-nha-hang-tiec-cuoi-3.png\"><img loading=\"lazy\" decoding=\"async\" class=\"aligncenter size-full wp-image-82002\" src=\"https:\/\/chanrathanhthuy.com\/wp-content\/uploads\/2025\/04\/no-ghe-nha-hang-tiec-cuoi-3.png\" alt=\"\" width=\"1200\" height=\"800\" title=\"\" srcset=\"https:\/\/chanrathanhthuy.com\/wp-content\/uploads\/2025\/04\/no-ghe-nha-hang-tiec-cuoi-3.png 1200w, https:\/\/chanrathanhthuy.com\/wp-content\/uploads\/2025\/04\/no-ghe-nha-hang-tiec-cuoi-3-300x200.png 300w, https:\/\/chanrathanhthuy.com\/wp-content\/uploads\/2025\/04\/no-ghe-nha-hang-tiec-cuoi-3-1024x683.png 1024w, https:\/\/chanrathanhthuy.com\/wp-content\/uploads\/2025\/04\/no-ghe-nha-hang-tiec-cuoi-3-150x100.png 150w, https:\/\/chanrathanhthuy.com\/wp-content\/uploads\/2025\/04\/no-ghe-nha-hang-tiec-cuoi-3-768x512.png 768w, https:\/\/chanrathanhthuy.com\/wp-content\/uploads\/2025\/04\/no-ghe-nha-hang-tiec-cuoi-3-600x400.png 600w\" sizes=\"auto, (max-width: 1200px) 100vw, 1200px\" \/><\/a><\/p>\n<h2 style=\"text-align: justify;\" data-sourcepos=\"9:1-9:71\">T\u1ea1i Sao N\u01a1 Gh\u1ebf L\u1ea1i Quan Tr\u1ecdng \u0110\u1ed1i V\u1edbi Nh\u00e0 H\u00e0ng &amp; Ti\u1ec7c C\u01b0\u1edbi?<\/h2>\n<p>T\u1ea1o \u0111i\u1ec3m nh\u1ea5n v\u00e0 s\u1ef1 \u0111\u1ed3ng b\u1ed9: Bi\u1ebfn nh\u1eefng chi\u1ebfc gh\u1ebf \u0111\u01a1n \u0111i\u1ec7u tr\u1edf n\u00ean b\u1eaft m\u1eaft v\u00e0 ph\u00f9 h\u1ee3p v\u1edbi ch\u1ee7 \u0111\u1ec1 trang tr\u00ed chung c\u1ee7a nh\u00e0 h\u00e0ng ho\u1eb7c ti\u1ec7c c\u01b0\u1edbi.<\/p>\n<p>N\u00e2ng t\u1ea7m th\u1ea9m m\u1ef9: Th\u00eam v\u00e0o s\u1ef1 m\u1ec1m m\u1ea1i, bay b\u1ed5ng v\u00e0 sang tr\u1ecdng, gi\u00fap kh\u00f4ng gian tr\u1edf n\u00ean \u1ea5n t\u01b0\u1ee3ng v\u00e0 \u0111\u1eb3ng c\u1ea5p h\u01a1n.<\/p>\n<p>Che \u0111i khuy\u1ebft \u0111i\u1ec3m: Gi\u00fap che \u0111i nh\u1eefng v\u1ebft x\u01b0\u1edbc hay nh\u01b0\u1ee3c \u0111i\u1ec3m nh\u1ecf c\u1ee7a gh\u1ebf, \u0111\u1ea3m b\u1ea3o m\u1ecdi th\u1ee9 \u0111\u1ec1u ho\u00e0n h\u1ea3o trong m\u1eaft kh\u00e1ch m\u1eddi.<\/p>\n<p>T\u1ea1o kh\u00f4ng gian lung linh cho \u1ea3nh: Trong k\u1ef7 nguy\u00ean s\u1ed1, m\u1ed9t kh\u00f4ng gian \u0111\u1eb9p v\u1edbi nh\u1eefng chi\u1ebfc gh\u1ebf \u0111\u01b0\u1ee3c trang tr\u00ed n\u01a1 tinh x\u1ea3o s\u1ebd t\u1ea1o n\u00ean nh\u1eefng b\u1ee9c \u1ea3nh \u1ea5n t\u01b0\u1ee3ng, g\u00f3p ph\u1ea7n qu\u1ea3ng b\u00e1 th\u01b0\u01a1ng hi\u1ec7u c\u1ee7a b\u1ea1n.<\/p>\n<p><a href=\"https:\/\/chanrathanhthuy.com\/wp-content\/uploads\/2025\/04\/no-ghe-nha-hang-tiec-cuoi-4.png\"><img loading=\"lazy\" decoding=\"async\" class=\"aligncenter size-full wp-image-82005\" src=\"https:\/\/chanrathanhthuy.com\/wp-content\/uploads\/2025\/04\/no-ghe-nha-hang-tiec-cuoi-4.png\" alt=\"\" width=\"1200\" height=\"800\" title=\"\" srcset=\"https:\/\/chanrathanhthuy.com\/wp-content\/uploads\/2025\/04\/no-ghe-nha-hang-tiec-cuoi-4.png 1200w, https:\/\/chanrathanhthuy.com\/wp-content\/uploads\/2025\/04\/no-ghe-nha-hang-tiec-cuoi-4-300x200.png 300w, https:\/\/chanrathanhthuy.com\/wp-content\/uploads\/2025\/04\/no-ghe-nha-hang-tiec-cuoi-4-1024x683.png 1024w, https:\/\/chanrathanhthuy.com\/wp-content\/uploads\/2025\/04\/no-ghe-nha-hang-tiec-cuoi-4-150x100.png 150w, https:\/\/chanrathanhthuy.com\/wp-content\/uploads\/2025\/04\/no-ghe-nha-hang-tiec-cuoi-4-768x512.png 768w, https:\/\/chanrathanhthuy.com\/wp-content\/uploads\/2025\/04\/no-ghe-nha-hang-tiec-cuoi-4-600x400.png 600w\" sizes=\"auto, (max-width: 1200px) 100vw, 1200px\" \/><\/a><\/p>\n<h2 style=\"text-align: justify;\" data-sourcepos=\"18:1-18:66\">Ch\u0103n Ra Thanh Th\u1ee7y &#8211; \u0110\u1ed1i T\u00e1c Tin C\u1eady Cho N\u01a1 Gh\u1ebf Ch\u1ea5t L\u01b0\u1ee3ng<\/h2>\n<p style=\"text-align: justify;\" data-sourcepos=\"20:1-20:203\">V\u1edbi nhi\u1ec1u n\u0103m kinh nghi\u1ec7m trong l\u0129nh v\u1ef1c cung c\u1ea5p v\u1ea3i v\u00e0 ph\u1ee5 ki\u1ec7n n\u1ed9i th\u1ea5t, Ch\u0103n Ra Thanh Th\u1ee7y cam k\u1ebft mang \u0111\u1ebfn nh\u1eefng s\u1ea3n ph\u1ea9m n\u01a1 gh\u1ebf nh\u00e0 h\u00e0ng, n\u01a1 gh\u1ebf ti\u1ec7c c\u01b0\u1edbi v\u1edbi c\u00e1c ti\u00eau ch\u00ed h\u00e0ng \u0111\u1ea7u:<\/p>\n<ul style=\"text-align: justify;\" data-sourcepos=\"22:1-27:0\">\n<li data-sourcepos=\"22:1-22:202\">Ch\u1ea5t li\u1ec7u cao c\u1ea5p: Ch\u00fang t\u00f4i s\u1eed d\u1ee5ng c\u00e1c lo\u1ea1i v\u1ea3i cao c\u1ea5p, b\u1ec1n m\u00e0u, ch\u1ed1ng nh\u0103n t\u1ed1t nh\u01b0 phi b\u00f3ng, voan, satin&#8230; \u0111\u1ea3m b\u1ea3o n\u01a1 gh\u1ebf lu\u00f4n m\u1edbi \u0111\u1eb9p v\u00e0 d\u1ec5 d\u00e0ng b\u1ea3o qu\u1ea3n.<\/li>\n<li data-sourcepos=\"23:1-23:244\">\u0110a d\u1ea1ng m\u1eabu m\u00e3 v\u00e0 m\u00e0u s\u1eafc: T\u1eeb nh\u1eefng gam m\u00e0u truy\u1ec1n th\u1ed1ng thanh l\u1ecbch \u0111\u1ebfn c\u00e1c s\u1eafc th\u00e1i hi\u1ec7n \u0111\u1ea1i, n\u1ed5i b\u1eadt, Ch\u0103n Ra Thanh Th\u1ee7y cung c\u1ea5p \u0111a d\u1ea1ng s\u1ef1 l\u1ef1a ch\u1ecdn \u0111\u1ec3 ph\u00f9 h\u1ee3p v\u1edbi m\u1ecdi phong c\u00e1ch trang tr\u00ed v\u00e0 ch\u1ee7 \u0111\u1ec1 s\u1ef1 ki\u1ec7n.<\/li>\n<li data-sourcepos=\"24:1-24:141\">\u0110\u01b0\u1eddng may t\u1ec9 m\u1ec9: M\u1ed7i chi\u1ebfc n\u01a1 gh\u1ebf \u0111\u1ec1u \u0111\u01b0\u1ee3c may v\u1edbi s\u1ef1 t\u1ec9 m\u1ec9, kh\u00e9o l\u00e9o, \u0111\u1ea3m b\u1ea3o \u0111\u1ed9 b\u1ec1n cao v\u00e0 t\u00ednh th\u1ea9m m\u1ef9 ho\u00e0n h\u1ea3o.<\/li>\n<li data-sourcepos=\"25:1-25:185\">Gi\u00e1 c\u1ea3 c\u1ea1nh tranh: Ch\u00fang t\u00f4i lu\u00f4n n\u1ed7 l\u1ef1c mang \u0111\u1ebfn gi\u1ea3i ph\u00e1p t\u1ed1i \u01b0u v\u1edbi m\u1ee9c gi\u00e1 h\u1ee3p l\u00fd nh\u1ea5t, gi\u00fap b\u1ea1n ti\u1ebft ki\u1ec7m chi ph\u00ed m\u00e0 v\u1eabn s\u1edf h\u1eefu s\u1ea3n ph\u1ea9m ch\u1ea5t l\u01b0\u1ee3ng v\u01b0\u1ee3t tr\u1ed9i.<\/li>\n<li data-sourcepos=\"26:1-27:0\">D\u1ecbch v\u1ee5 chuy\u00ean nghi\u1ec7p: \u0110\u1ed9i ng\u0169 t\u01b0 v\u1ea5n c\u1ee7a Ch\u0103n Ra Thanh Th\u1ee7y lu\u00f4n s\u1eb5n s\u00e0ng h\u1ed7 tr\u1ee3, gi\u00fap b\u1ea1n l\u1ef1a ch\u1ecdn \u0111\u01b0\u1ee3c nh\u1eefng m\u1eabu n\u01a1 gh\u1ebf ph\u00f9 h\u1ee3p nh\u1ea5t v\u1edbi nhu c\u1ea7u v\u00e0 ng\u00e2n s\u00e1ch.<\/li>\n<\/ul>\n<p><a href=\"https:\/\/chanrathanhthuy.com\/wp-content\/uploads\/2025\/04\/no-ghe-nha-hang-tiec-cuoi-2.png\"><img loading=\"lazy\" decoding=\"async\" class=\"aligncenter size-full wp-image-81999\" src=\"https:\/\/chanrathanhthuy.com\/wp-content\/uploads\/2025\/04\/no-ghe-nha-hang-tiec-cuoi-2.png\" alt=\"\" width=\"1200\" height=\"800\" title=\"\" srcset=\"https:\/\/chanrathanhthuy.com\/wp-content\/uploads\/2025\/04\/no-ghe-nha-hang-tiec-cuoi-2.png 1200w, https:\/\/chanrathanhthuy.com\/wp-content\/uploads\/2025\/04\/no-ghe-nha-hang-tiec-cuoi-2-300x200.png 300w, https:\/\/chanrathanhthuy.com\/wp-content\/uploads\/2025\/04\/no-ghe-nha-hang-tiec-cuoi-2-1024x683.png 1024w, https:\/\/chanrathanhthuy.com\/wp-content\/uploads\/2025\/04\/no-ghe-nha-hang-tiec-cuoi-2-150x100.png 150w, https:\/\/chanrathanhthuy.com\/wp-content\/uploads\/2025\/04\/no-ghe-nha-hang-tiec-cuoi-2-768x512.png 768w, https:\/\/chanrathanhthuy.com\/wp-content\/uploads\/2025\/04\/no-ghe-nha-hang-tiec-cuoi-2-600x400.png 600w\" sizes=\"auto, (max-width: 1200px) 100vw, 1200px\" \/><\/a><\/p>\n<h2 style=\"text-align: justify;\" data-sourcepos=\"28:1-28:59\">B\u00ed Quy\u1ebft Ch\u1ecdn N\u01a1 Gh\u1ebf Ph\u00f9 H\u1ee3p V\u1edbi Kh\u00f4ng Gian C\u1ee7a B\u1ea1n<\/h2>\n<p>Ch\u1ee7 \u0111\u1ec1 v\u00e0 m\u00e0u s\u1eafc t\u1ed5ng th\u1ec3: \u0110\u1ea3m b\u1ea3o n\u01a1 gh\u1ebf h\u00e0i h\u00f2a v\u1edbi m\u00e0u s\u1eafc ch\u1ee7 \u0111\u1ea1o c\u1ee7a kh\u00f4ng gian v\u00e0 ch\u1ee7 \u0111\u1ec1 c\u1ee7a s\u1ef1 ki\u1ec7n.<\/p>\n<p>Ch\u1ea5t li\u1ec7u gh\u1ebf: Ch\u1ecdn ch\u1ea5t li\u1ec7u n\u01a1 gh\u1ebf ph\u00f9 h\u1ee3p v\u1edbi ch\u1ea5t li\u1ec7u c\u1ee7a gh\u1ebf \u0111\u1ec3 t\u1ea1o n\u00ean s\u1ef1 \u0111\u1ed3ng \u0111i\u1ec7u.<\/p>\n<p>Phong c\u00e1ch kh\u00f4ng gian: N\u1ebfu l\u00e0 ti\u1ec7c c\u01b0\u1edbi sang tr\u1ecdng, n\u01a1 phi b\u00f3ng hay satin s\u1ebd l\u00e0 l\u1ef1a ch\u1ecdn tuy\u1ec7t v\u1eddi. V\u1edbi kh\u00f4ng gian nh\u00e0 h\u00e0ng hi\u1ec7n \u0111\u1ea1i, c\u00f3 th\u1ec3 c\u00e2n nh\u1eafc c\u00e1c m\u1eabu n\u01a1 v\u1ea3i b\u1ed1 ho\u1eb7c linen \u0111\u1ec3 t\u1ea1o s\u1ef1 \u1ea5m c\u00fang.<\/p>\n","protected":false},"excerpt":{"rendered":"<p>N\u01a1 Gh\u1ebf Nh\u00e0 H\u00e0ng &#8211; Ti\u1ec7c C\u01b0\u1edbi: N\u00e2ng T\u1ea7m Kh\u00f4ng Gian Sang Tr\u1ecdng C\u00f9ng Ch\u0103n Ra Thanh Th\u1ee7y N\u01a1 gh\u1ebf l\u00e0 m\u1ed9t ph\u1ee5 ki &#8230; <a title=\"N\u01a1 Gh\u1ebf Nh\u00e0 H\u00e0ng\" class=\"read-more\" href=\"https:\/\/chanrathanhthuy.com\/ja\/product\/no-ghe-nha-hang-tiec-cuoi\/\" aria-label=\"More on N\u01a1 Gh\u1ebf Nh\u00e0 H\u00e0ng\">Read more<\/a><\/p>\n","protected":false},"featured_media":75582,"comment_status":"open","ping_status":"closed","template":"","meta":{"_acf_changed":false,"inline_featured_image":false},"product_cat":[2077],"product_tag":[],"class_list":{"0":"post-72410","1":"product","2":"type-product","3":"status-publish","4":"has-post-thumbnail","6":"product_cat-nha-hang","8":"first","9":"instock","10":"taxable","11":"shipping-taxable","12":"purchasable","13":"product-type-variable","14":"rtwpvg-product"},"acf":[],"_links":{"self":[{"href":"https:\/\/chanrathanhthuy.com\/ja\/wp-json\/wp\/v2\/product\/72410","targetHints":{"allow":["GET"]}}],"collection":[{"href":"https:\/\/chanrathanhthuy.com\/ja\/wp-json\/wp\/v2\/product"}],"about":[{"href":"https:\/\/chanrathanhthuy.com\/ja\/wp-json\/wp\/v2\/types\/product"}],"replies":[{"embeddable":true,"href":"https:\/\/chanrathanhthuy.com\/ja\/wp-json\/wp\/v2\/comments?post=72410"}],"wp:featuredmedia":[{"embeddable":true,"href":"https:\/\/chanrathanhthuy.com\/ja\/wp-json\/wp\/v2\/media\/75582"}],"wp:attachment":[{"href":"https:\/\/chanrathanhthuy.com\/ja\/wp-json\/wp\/v2\/media?parent=72410"}],"wp:term":[{"taxonomy":"product_cat","embeddable":true,"href":"https:\/\/chanrathanhthuy.com\/ja\/wp-json\/wp\/v2\/product_cat?post=72410"},{"taxonomy":"product_tag","embeddable":true,"href":"https:\/\/chanrathanhthuy.com\/ja\/wp-json\/wp\/v2\/product_tag?post=72410"}],"curies":[{"name":"wp","href":"https:\/\/api.w.org\/{rel}","templated":true}]}}