{"id":72426,"date":"2025-04-24T02:42:14","date_gmt":"2025-04-24T02:42:14","guid":{"rendered":"https:\/\/chanrathanhthuy.com\/?post_type=product&#038;p=72426"},"modified":"2026-04-13T06:01:19","modified_gmt":"2026-04-13T06:01:19","slug":"ao-benh-nhan-vay-san-phu","status":"publish","type":"product","link":"https:\/\/chanrathanhthuy.com\/ja\/product\/ao-benh-nhan-vay-san-phu\/","title":{"rendered":"\u00c1o B\u1ec7nh Nh\u00e2n &#8211; V\u00e1y S\u1ea3n Ph\u1ee5 B\u1ec7nh Vi\u1ec7n"},"content":{"rendered":"<h2 style=\"text-align: justify;\" data-sourcepos=\"5:1-5:99\">\u00c1o B\u1ec7nh Nh\u00e2n &amp; V\u00e1y S\u1ea3n Ph\u1ee5 B\u1ec7nh Vi\u1ec7n: Tho\u1ea3i M\u00e1i v\u00e0 Chuy\u00ean Nghi\u1ec7p C\u00f9ng Ch\u0103n Ra Thanh Th\u1ee7y<\/h2>\n<p style=\"text-align: justify;\" data-sourcepos=\"7:1-7:311\">Trong m\u00f4i tr\u01b0\u1eddng y t\u1ebf, s\u1ef1 tho\u1ea3i m\u00e1i v\u00e0 ti\u1ec7n l\u1ee3i c\u1ee7a trang ph\u1ee5c b\u1ec7nh nh\u00e2n \u0111\u00f3ng vai tr\u00f2 v\u00f4 c\u00f9ng quan tr\u1ecdng. Hi\u1ec3u \u0111\u01b0\u1ee3c \u0111i\u1ec1u n\u00e0y, Ch\u0103n Ra Thanh Th\u1ee7y t\u1ef1 h\u00e0o gi\u1edbi thi\u1ec7u s\u1ea3n ph\u1ea9m \u00c1o B\u1ec7nh Nh\u00e2n &#8211; V\u00e1y S\u1ea3n Ph\u1ee5 B\u1ec7nh Vi\u1ec7n (\u0110\u1eb7t May Theo Y\u00eau C\u1ea7u), mang \u0111\u1ebfn gi\u1ea3i ph\u00e1p t\u1ed1i \u01b0u cho c\u00e1c b\u1ec7nh vi\u1ec7n, ph\u00f2ng kh\u00e1m v\u00e0 c\u01a1 s\u1edf y t\u1ebf.<\/p>\n<p><a href=\"https:\/\/chanrathanhthuy.com\/wp-content\/uploads\/2025\/04\/Ao-Benh-Nhan-Vay-San-Phu-Benh-Vien-Dat-May-Theo-Yeu-Cau-1-scaled.jpg\"><img loading=\"lazy\" decoding=\"async\" class=\"aligncenter size-full wp-image-81706\" src=\"https:\/\/chanrathanhthuy.com\/wp-content\/uploads\/2025\/04\/Ao-Benh-Nhan-Vay-San-Phu-Benh-Vien-Dat-May-Theo-Yeu-Cau-1-scaled.jpg\" alt=\"\" width=\"1289\" height=\"2560\" title=\"\" srcset=\"https:\/\/chanrathanhthuy.com\/wp-content\/uploads\/2025\/04\/Ao-Benh-Nhan-Vay-San-Phu-Benh-Vien-Dat-May-Theo-Yeu-Cau-1-scaled.jpg 1289w, https:\/\/chanrathanhthuy.com\/wp-content\/uploads\/2025\/04\/Ao-Benh-Nhan-Vay-San-Phu-Benh-Vien-Dat-May-Theo-Yeu-Cau-1-151x300.jpg 151w, https:\/\/chanrathanhthuy.com\/wp-content\/uploads\/2025\/04\/Ao-Benh-Nhan-Vay-San-Phu-Benh-Vien-Dat-May-Theo-Yeu-Cau-1-516x1024.jpg 516w, https:\/\/chanrathanhthuy.com\/wp-content\/uploads\/2025\/04\/Ao-Benh-Nhan-Vay-San-Phu-Benh-Vien-Dat-May-Theo-Yeu-Cau-1-76x150.jpg 76w, https:\/\/chanrathanhthuy.com\/wp-content\/uploads\/2025\/04\/Ao-Benh-Nhan-Vay-San-Phu-Benh-Vien-Dat-May-Theo-Yeu-Cau-1-768x1525.jpg 768w, https:\/\/chanrathanhthuy.com\/wp-content\/uploads\/2025\/04\/Ao-Benh-Nhan-Vay-San-Phu-Benh-Vien-Dat-May-Theo-Yeu-Cau-1-773x1536.jpg 773w, https:\/\/chanrathanhthuy.com\/wp-content\/uploads\/2025\/04\/Ao-Benh-Nhan-Vay-San-Phu-Benh-Vien-Dat-May-Theo-Yeu-Cau-1-1031x2048.jpg 1031w, https:\/\/chanrathanhthuy.com\/wp-content\/uploads\/2025\/04\/Ao-Benh-Nhan-Vay-San-Phu-Benh-Vien-Dat-May-Theo-Yeu-Cau-1-600x1192.jpg 600w\" sizes=\"auto, (max-width: 1289px) 100vw, 1289px\" \/><\/a><\/p>\n<h3 style=\"text-align: justify;\" data-sourcepos=\"9:1-9:85\">\u01afu \u0110i\u1ec3m V\u01b0\u1ee3t Tr\u1ed9i C\u1ee7a \u00c1o B\u1ec7nh Nh\u00e2n &#8211; V\u00e1y S\u1ea3n Ph\u1ee5 B\u1ec7nh Vi\u1ec7n Ch\u0103n Ra Thanh Th\u1ee7y<\/h3>\n<p style=\"text-align: justify;\" data-sourcepos=\"11:1-11:159\">S\u1ea3n ph\u1ea9m \u00e1o b\u1ec7nh nh\u00e2n v\u00e0 v\u00e1y s\u1ea3n ph\u1ee5 c\u1ee7a ch\u00fang t\u00f4i \u0111\u01b0\u1ee3c thi\u1ebft k\u1ebf \u0111\u1eb7c bi\u1ec7t \u0111\u1ec3 \u0111\u00e1p \u1ee9ng nh\u1eefng y\u00eau c\u1ea7u kh\u1eaft khe nh\u1ea5t v\u1ec1 s\u1ef1 ti\u1ec7n d\u1ee5ng, v\u1ec7 sinh v\u00e0 tho\u1ea3i m\u00e1i:<\/p>\n<ul style=\"text-align: justify;\" data-sourcepos=\"13:1-17:0\">\n<li data-sourcepos=\"13:1-13:181\">Ch\u1ea5t li\u1ec7u cao c\u1ea5p: Ch\u00fang t\u00f4i s\u1eed d\u1ee5ng c\u00e1c lo\u1ea1i v\u1ea3i m\u1ec1m m\u1ea1i, tho\u00e1ng m\u00e1t, th\u1ea5m h\u00fat m\u1ed3 h\u00f4i t\u1ed1t, \u0111\u1ea3m b\u1ea3o s\u1ef1 d\u1ec5 ch\u1ecbu t\u1ed1i \u0111a cho ng\u01b0\u1eddi b\u1ec7nh trong su\u1ed1t qu\u00e1 tr\u00ecnh \u0111i\u1ec1u tr\u1ecb v\u00e0 h\u1ed3i ph\u1ee5c.<\/li>\n<li data-sourcepos=\"14:1-14:258\">Thi\u1ebft k\u1ebf th\u00f4ng minh: \u00c1o b\u1ec7nh nh\u00e2n v\u00e0 v\u00e1y s\u1ea3n ph\u1ee5 \u0111\u01b0\u1ee3c may theo quy c\u00e1ch chu\u1ea9n y t\u1ebf, d\u1ec5 d\u00e0ng m\u1eb7c v\u00e0o\/c\u1edfi ra, h\u1ed7 tr\u1ee3 t\u1ed1t cho c\u00e1c quy tr\u00ecnh kh\u00e1m ch\u1eefa b\u1ec7nh. \u0110\u1eb7c bi\u1ec7t, thi\u1ebft k\u1ebf linh ho\u1ea1t ph\u00f9 h\u1ee3p v\u1edbi nhi\u1ec1u d\u00e1ng ng\u01b0\u1eddi v\u00e0 t\u00ecnh tr\u1ea1ng s\u1ee9c kh\u1ecfe kh\u00e1c nhau.<\/li>\n<li data-sourcepos=\"15:1-15:197\">An to\u00e0n v\u00e0 v\u1ec7 sinh: V\u1ea3i \u0111\u01b0\u1ee3c ch\u1ecdn l\u1ecdc k\u1ef9 l\u01b0\u1ee1ng, d\u1ec5 gi\u1eb7t s\u1ea1ch, nhanh kh\u00f4 v\u00e0 c\u00f3 kh\u1ea3 n\u0103ng ch\u1ecbu \u0111\u01b0\u1ee3c h\u00f3a ch\u1ea5t t\u1ea9y r\u1eeda chuy\u00ean d\u1ee5ng c\u1ee7a b\u1ec7nh vi\u1ec7n, \u0111\u1ea3m b\u1ea3o v\u1ec7 sinh tuy\u1ec7t \u0111\u1ed1i v\u00e0 ph\u00f2ng ng\u1eeba l\u00e2y nhi\u1ec5m.<\/li>\n<li data-sourcepos=\"16:1-17:0\">\u0110\u1eb7t may theo y\u00eau c\u1ea7u: Ch\u0103n Ra Thanh Th\u1ee7y cung c\u1ea5p d\u1ecbch v\u1ee5 \u0111\u1eb7t may theo y\u00eau c\u1ea7u, cho ph\u00e9p c\u00e1c c\u01a1 s\u1edf y t\u1ebf t\u00f9y ch\u1ec9nh k\u00edch th\u01b0\u1edbc, m\u00e0u s\u1eafc v\u00e0 logo th\u01b0\u01a1ng hi\u1ec7u, t\u1ea1o n\u00ean s\u1ef1 \u0111\u1ed3ng b\u1ed9 v\u00e0 chuy\u00ean nghi\u1ec7p cho b\u1ec7nh vi\u1ec7n.<\/li>\n<\/ul>\n<h3 style=\"text-align: justify;\" data-sourcepos=\"18:1-18:48\">T\u1ea1i Sao N\u00ean L\u1ef1a Ch\u1ecdn Ch\u0103n Ra Thanh Th\u1ee7y?<\/h3>\n<p style=\"text-align: justify;\" data-sourcepos=\"20:1-20:103\">Ch\u0103n Ra Thanh Th\u1ee7y cam k\u1ebft mang \u0111\u1ebfn nh\u1eefng s\u1ea3n ph\u1ea9m ch\u1ea5t l\u01b0\u1ee3ng cao, b\u1ec1n \u0111\u1eb9p v\u00e0 an to\u00e0n cho s\u1ee9c kh\u1ecfe:<\/p>\n<ul style=\"text-align: justify;\" data-sourcepos=\"22:1-25:0\">\n<li data-sourcepos=\"22:1-22:164\">Kinh nghi\u1ec7m v\u00e0 uy t\u00edn: V\u1edbi nhi\u1ec1u n\u0103m kinh nghi\u1ec7m trong l\u0129nh v\u1ef1c cung c\u1ea5p \u0111\u1ed3 v\u1ea3i cho kh\u00e1ch s\u1ea1n v\u00e0 y t\u1ebf, ch\u00fang t\u00f4i hi\u1ec3u r\u00f5 nhu c\u1ea7u v\u00e0 ti\u00eau chu\u1ea9n c\u1ee7a t\u1eebng ng\u00e0nh.<\/li>\n<li data-sourcepos=\"23:1-23:126\">Ch\u1ea5t l\u01b0\u1ee3ng \u0111\u01b0\u1ee3c ki\u1ec3m \u0111\u1ecbnh: M\u1ecdi s\u1ea3n ph\u1ea9m \u0111\u1ec1u tr\u1ea3i qua quy tr\u00ecnh ki\u1ec3m so\u00e1t ch\u1ea5t l\u01b0\u1ee3ng nghi\u00eam ng\u1eb7t, \u0111\u1ea3m b\u1ea3o \u0111\u1ea1t chu\u1ea9n y t\u1ebf.<\/li>\n<li data-sourcepos=\"24:1-25:0\">S\u1ea3n xu\u1ea5t tr\u1ef1c ti\u1ebfp: S\u1edf h\u1eefu x\u01b0\u1edfng s\u1ea3n xu\u1ea5t ri\u00eang, Ch\u0103n Ra Thanh Th\u1ee7y \u0111\u1ea3m b\u1ea3o ch\u1ea5t l\u01b0\u1ee3ng t\u1eeb kh\u00e2u nguy\u00ean li\u1ec7u \u0111\u1ea7u v\u00e0o \u0111\u1ebfn th\u00e0nh ph\u1ea9m, \u0111\u1ed3ng th\u1eddi t\u1ed1i \u01b0u h\u00f3a th\u1eddi gian giao h\u00e0ng.<\/li>\n<\/ul>\n<p style=\"text-align: justify;\" data-sourcepos=\"26:1-26:229\">H\u00e3y li\u00ean h\u1ec7 ngay v\u1edbi Ch\u0103n Ra Thanh Th\u1ee7y \u0111\u1ec3 \u0111\u01b0\u1ee3c t\u01b0 v\u1ea5n chi ti\u1ebft v\u00e0 \u0111\u1eb7t h\u00e0ng \u00c1o B\u1ec7nh Nh\u00e2n &#8211; V\u00e1y S\u1ea3n Ph\u1ee5 B\u1ec7nh Vi\u1ec7n (\u0110\u1eb7t May Theo Y\u00eau C\u1ea7u), g\u00f3p ph\u1ea7n n\u00e2ng cao ch\u1ea5t l\u01b0\u1ee3ng d\u1ecbch v\u1ee5 v\u00e0 s\u1ef1 h\u00e0i l\u00f2ng c\u1ee7a b\u1ec7nh nh\u00e2n t\u1ea1i c\u01a1 s\u1edf c\u1ee7a b\u1ea1n<\/p>\n","protected":false},"excerpt":{"rendered":"<p><span style=\"color: #ff0000;\"><strong>GI\u00c1 \u01afU \u0110\u00c3I T\u1edaI 50% KHI \u0110\u1eb6T MAY THEO Y\u00caU C\u1ea6U<\/strong><\/span><\/p>\n","protected":false},"featured_media":81700,"comment_status":"open","ping_status":"closed","template":"","meta":{"_acf_changed":false,"inline_featured_image":false},"product_cat":[2074],"product_tag":[],"class_list":{"0":"post-72426","1":"product","2":"type-product","3":"status-publish","4":"has-post-thumbnail","6":"product_cat-benh-vien","8":"first","9":"instock","10":"taxable","11":"shipping-taxable","12":"purchasable","13":"product-type-variable","14":"rtwpvg-product"},"acf":[],"_links":{"self":[{"href":"https:\/\/chanrathanhthuy.com\/ja\/wp-json\/wp\/v2\/product\/72426","targetHints":{"allow":["GET"]}}],"collection":[{"href":"https:\/\/chanrathanhthuy.com\/ja\/wp-json\/wp\/v2\/product"}],"about":[{"href":"https:\/\/chanrathanhthuy.com\/ja\/wp-json\/wp\/v2\/types\/product"}],"replies":[{"embeddable":true,"href":"https:\/\/chanrathanhthuy.com\/ja\/wp-json\/wp\/v2\/comments?post=72426"}],"wp:featuredmedia":[{"embeddable":true,"href":"https:\/\/chanrathanhthuy.com\/ja\/wp-json\/wp\/v2\/media\/81700"}],"wp:attachment":[{"href":"https:\/\/chanrathanhthuy.com\/ja\/wp-json\/wp\/v2\/media?parent=72426"}],"wp:term":[{"taxonomy":"product_cat","embeddable":true,"href":"https:\/\/chanrathanhthuy.com\/ja\/wp-json\/wp\/v2\/product_cat?post=72426"},{"taxonomy":"product_tag","embeddable":true,"href":"https:\/\/chanrathanhthuy.com\/ja\/wp-json\/wp\/v2\/product_tag?post=72426"}],"curies":[{"name":"wp","href":"https:\/\/api.w.org\/{rel}","templated":true}]}}