{"id":72429,"date":"2025-04-24T02:42:50","date_gmt":"2025-04-24T02:42:50","guid":{"rendered":"https:\/\/chanrathanhthuy.com\/?post_type=product&#038;p=72429"},"modified":"2026-04-13T05:58:47","modified_gmt":"2026-04-13T05:58:47","slug":"nem-y-te-boc-simili","status":"publish","type":"product","link":"https:\/\/chanrathanhthuy.com\/ja\/product\/nem-y-te-boc-simili\/","title":{"rendered":"N\u1ec7m Y T\u1ebf B\u1ecdc Simili B\u1ec7nh Vi\u1ec7n"},"content":{"rendered":"<h1 style=\"text-align: justify;\" data-sourcepos=\"1:1-1:319\">N\u1ec7m Y T\u1ebf B\u1ecdc Simili B\u1ec7nh Vi\u1ec7n: Gi\u1ea3i Ph\u00e1p V\u1ec7 Sinh v\u00e0 Tho\u1ea3i M\u00e1i Cho M\u1ecdi B\u1ec7nh Nh\u00e2n<\/h1>\n<h2 style=\"text-align: justify;\" data-sourcepos=\"7:1-7:73\">Ch\u0103n Ra Thanh Th\u1ee7y: N\u00e2ng Cao Ch\u1ea5t L\u01b0\u1ee3ng Gi\u1ea5c Ng\u1ee7 v\u00e0 H\u1ed3i Ph\u1ee5c B\u1ec7nh Nh\u00e2n<\/h2>\n<p style=\"text-align: justify;\" data-sourcepos=\"9:1-9:471\">Trong m\u00f4i tr\u01b0\u1eddng y t\u1ebf, b\u00ean c\u1ea1nh \u0111\u1ed3 v\u1ea3i, n\u1ec7m c\u0169ng \u0111\u00f3ng vai tr\u00f2 then ch\u1ed1t trong vi\u1ec7c \u0111\u1ea3m b\u1ea3o s\u1ef1 tho\u1ea3i m\u00e1i, v\u1ec7 sinh v\u00e0 h\u1ed7 tr\u1ee3 qu\u00e1 tr\u00ecnh h\u1ed3i ph\u1ee5c c\u1ee7a b\u1ec7nh nh\u00e2n. Ch\u0103n Ra Thanh Th\u1ee7y t\u1ef1 h\u00e0o l\u00e0 nh\u00e0 cung c\u1ea5p c\u00e1c gi\u1ea3i ph\u00e1p to\u00e0n di\u1ec7n cho b\u1ec7nh vi\u1ec7n, trong \u0111\u00f3 n\u1ed5i b\u1eadt l\u00e0 s\u1ea3n ph\u1ea9m N\u1ec7m Y T\u1ebf B\u1ecdc Simili B\u1ec7nh Vi\u1ec7n. V\u1edbi thi\u1ebft k\u1ebf chuy\u00ean bi\u1ec7t v\u00e0 ch\u1ea5t li\u1ec7u cao c\u1ea5p, n\u1ec7m c\u1ee7a ch\u00fang t\u00f4i mang \u0111\u1ebfn s\u1ef1 an to\u00e0n, b\u1ec1n b\u1ec9 v\u00e0 d\u1ec5 d\u00e0ng v\u1ec7 sinh, \u0111\u00e1p \u1ee9ng m\u1ecdi ti\u00eau chu\u1ea9n kh\u1eaft khe nh\u1ea5t c\u1ee7a ng\u00e0nh y t\u1ebf.<\/p>\n<figure id=\"attachment_76550\" aria-describedby=\"caption-attachment-76550\" style=\"width: 1490px\" class=\"wp-caption aligncenter\"><a href=\"https:\/\/chanrathanhthuy.com\/wp-content\/uploads\/2024\/04\/BAO-GIA-DO-VAI-BENH-VIEN-Y-TE.jpg\"><img loading=\"lazy\" decoding=\"async\" class=\"size-full wp-image-76550\" src=\"https:\/\/chanrathanhthuy.com\/wp-content\/uploads\/2024\/04\/BAO-GIA-DO-VAI-BENH-VIEN-Y-TE.jpg\" alt=\"B\u00c1O GI\u00c1 \u0110\u1ed2 V\u1ea2I B\u1ec6NH VI\u1ec6N - Y T\u1ebe\" width=\"1500\" height=\"1175\" title=\"\" srcset=\"https:\/\/chanrathanhthuy.com\/wp-content\/uploads\/2024\/04\/BAO-GIA-DO-VAI-BENH-VIEN-Y-TE.jpg 1500w, https:\/\/chanrathanhthuy.com\/wp-content\/uploads\/2024\/04\/BAO-GIA-DO-VAI-BENH-VIEN-Y-TE-300x235.jpg 300w, https:\/\/chanrathanhthuy.com\/wp-content\/uploads\/2024\/04\/BAO-GIA-DO-VAI-BENH-VIEN-Y-TE-1024x802.jpg 1024w, https:\/\/chanrathanhthuy.com\/wp-content\/uploads\/2024\/04\/BAO-GIA-DO-VAI-BENH-VIEN-Y-TE-150x118.jpg 150w, https:\/\/chanrathanhthuy.com\/wp-content\/uploads\/2024\/04\/BAO-GIA-DO-VAI-BENH-VIEN-Y-TE-768x602.jpg 768w, https:\/\/chanrathanhthuy.com\/wp-content\/uploads\/2024\/04\/BAO-GIA-DO-VAI-BENH-VIEN-Y-TE-600x470.jpg 600w\" sizes=\"auto, (max-width: 1500px) 100vw, 1500px\" \/><\/a><figcaption id=\"caption-attachment-76550\" class=\"wp-caption-text\">B\u00c1O GI\u00c1 \u0110\u1ed2 V\u1ea2I B\u1ec6NH VI\u1ec6N &#8211; Y T\u1ebe<\/figcaption><\/figure>\n<h2 style=\"text-align: justify;\" data-sourcepos=\"11:1-11:74\">\u01afu \u0110i\u1ec3m N\u1ed5i B\u1eadt C\u1ee7a N\u1ec7m Y T\u1ebf B\u1ecdc Simili B\u1ec7nh Vi\u1ec7n T\u1eeb Ch\u0103n Ra Thanh Th\u1ee7y<\/h2>\n<p style=\"text-align: justify;\" data-sourcepos=\"13:1-13:147\">S\u1ea3n ph\u1ea9m n\u1ec7m y t\u1ebf c\u1ee7a Ch\u0103n Ra Thanh Th\u1ee7y \u0111\u01b0\u1ee3c nghi\u00ean c\u1ee9u v\u00e0 ph\u00e1t tri\u1ec3n \u0111\u1ec3 t\u1ed1i \u01b0u h\u00f3a tr\u1ea3i nghi\u1ec7m c\u1ee7a b\u1ec7nh nh\u00e2n v\u00e0 s\u1ef1 ti\u1ec7n l\u1ee3i cho \u0111\u1ed9i ng\u0169 y t\u1ebf.<\/p>\n<h3 style=\"text-align: justify;\" data-sourcepos=\"15:1-15:68\">B\u1ec1 M\u1eb7t Simili Ch\u1ed1ng Th\u1ea5m N\u01b0\u1edbc &amp; D\u1ec5 V\u1ec7 Sinh: \u0110\u1ea3m B\u1ea3o V\u00f4 Tr\u00f9ng<\/h3>\n<p style=\"text-align: justify;\" data-sourcepos=\"17:1-17:465\">\u0110i\u1ec3m \u0111\u1eb7c bi\u1ec7t c\u1ee7a N\u1ec7m Y T\u1ebf B\u1ecdc Simili B\u1ec7nh Vi\u1ec7n l\u00e0 l\u1edbp v\u1ecf b\u1ecdc b\u1eb1ng simili ch\u1ea5t l\u01b0\u1ee3ng cao. Simili c\u00f3 kh\u1ea3 n\u0103ng ch\u1ed1ng th\u1ea5m n\u01b0\u1edbc tuy\u1ec7t \u0111\u1ed1i, ng\u0103n ch\u1eb7n m\u1ecdi ch\u1ea5t l\u1ecfng (nh\u01b0 n\u01b0\u1edbc ti\u1ec3u, m\u00e1u, d\u1ecbch c\u01a1 th\u1ec3) th\u1ea5m v\u00e0o b\u00ean trong n\u1ec7m, gi\u00fap b\u1ea3o v\u1ec7 l\u00f5i n\u1ec7m kh\u1ecfi vi khu\u1ea9n v\u00e0 n\u1ea5m m\u1ed1c. B\u1ec1 m\u1eb7t nh\u1eb5n c\u1ee7a simili c\u0169ng c\u1ef1c k\u1ef3 d\u1ec5 d\u00e0ng lau ch\u00f9i, kh\u1eed tr\u00f9ng ch\u1ec9 b\u1eb1ng kh\u0103n \u1ea9m v\u00e0 dung d\u1ecbch s\u00e1t khu\u1ea9n, \u0111\u1ea3m b\u1ea3o m\u00f4i tr\u01b0\u1eddng v\u1ec7 sinh t\u1ed1i \u0111a, gi\u1ea3m thi\u1ec3u nguy c\u01a1 l\u00e2y nhi\u1ec5m ch\u00e9o trong b\u1ec7nh vi\u1ec7n.<\/p>\n<h3 style=\"text-align: justify;\" data-sourcepos=\"19:1-19:52\">L\u00f5i N\u1ec7m Ch\u1eafc Ch\u1eafn &amp; H\u1ed7 Tr\u1ee3 T\u1ed1t Cho B\u1ec7nh Nh\u00e2n<\/h3>\n<p style=\"text-align: justify;\" data-sourcepos=\"21:1-21:438\">B\u00ean trong l\u1edbp v\u1ecf simili l\u00e0 l\u00f5i n\u1ec7m \u0111\u01b0\u1ee3c l\u00e0m t\u1eeb ch\u1ea5t li\u1ec7u cao c\u1ea5p nh\u01b0 foam t\u1ef7 tr\u1ecdng cao ho\u1eb7c b\u00f4ng \u00e9p kh\u00e1ng khu\u1ea9n. L\u00f5i n\u1ec7m n\u00e0y cung c\u1ea5p \u0111\u1ed9 \u0111\u00e0n h\u1ed3i v\u00e0 n\u00e2ng \u0111\u1ee1 t\u1ed1i \u01b0u cho c\u01a1 th\u1ec3 b\u1ec7nh nh\u00e2n, gi\u00fap ph\u00e2n t\u00e1n \u00e1p l\u1ef1c, h\u1ea1n ch\u1ebf t\u00ecnh tr\u1ea1ng lo\u00e9t do t\u00ec \u0111\u00e8, \u0111\u1eb7c bi\u1ec7t quan tr\u1ecdng \u0111\u1ed1i v\u1edbi b\u1ec7nh nh\u00e2n n\u1eb1m li\u1ec7t gi\u01b0\u1eddng ho\u1eb7c ph\u1ea3i n\u1eb1m l\u00e2u. S\u1ef1 ch\u1eafc ch\u1eafn c\u1ee7a l\u00f5i n\u1ec7m c\u0169ng \u0111\u1ea3m b\u1ea3o \u0111\u1ed9 b\u1ec1n v\u01b0\u1ee3t th\u1eddi gian, ch\u1ecbu \u0111\u01b0\u1ee3c t\u1ea7n su\u1ea5t s\u1eed d\u1ee5ng li\u00ean t\u1ee5c trong m\u00f4i tr\u01b0\u1eddng b\u1ec7nh vi\u1ec7n.<\/p>\n<h3 style=\"text-align: justify;\" data-sourcepos=\"23:1-23:57\">\u0110\u1ed9 B\u1ec1n V\u01b0\u1ee3t Tr\u1ed9i &amp; Th\u00e2n Thi\u1ec7n V\u1edbi M\u00f4i Tr\u01b0\u1eddng Y T\u1ebf<\/h3>\n<p style=\"text-align: justify;\" data-sourcepos=\"25:1-25:457\">N\u1ec7m Y T\u1ebf B\u1ecdc Simili B\u1ec7nh Vi\u1ec7n c\u1ee7a Ch\u0103n Ra Thanh Th\u1ee7y \u0111\u01b0\u1ee3c thi\u1ebft k\u1ebf \u0111\u1ec3 ch\u1ecbu \u0111\u01b0\u1ee3c s\u1ef1 kh\u1eafc nghi\u1ec7t c\u1ee7a m\u00f4i tr\u01b0\u1eddng b\u1ec7nh vi\u1ec7n, t\u1eeb t\u1ea7n su\u1ea5t s\u1eed d\u1ee5ng cao \u0111\u1ebfn quy tr\u00ecnh v\u1ec7 sinh th\u01b0\u1eddng xuy\u00ean. Ch\u1ea5t li\u1ec7u simili b\u1ec1n b\u1ec9 kh\u00f4ng b\u1ecb r\u00e1ch hay bong tr\u00f3c d\u1ec5 d\u00e0ng, \u0111\u1ea3m b\u1ea3o tu\u1ed5i th\u1ecd s\u1ea3n ph\u1ea9m l\u00e2u d\u00e0i, ti\u1ebft ki\u1ec7m chi ph\u00ed thay th\u1ebf cho b\u1ec7nh vi\u1ec7n. H\u01a1n n\u1eefa, v\u1eadt li\u1ec7u \u0111\u01b0\u1ee3c l\u1ef1a ch\u1ecdn an to\u00e0n, kh\u00f4ng g\u00e2y k\u00edch \u1ee9ng hay m\u00f9i kh\u00f3 ch\u1ecbu, th\u00e2n thi\u1ec7n v\u1edbi s\u1ee9c kh\u1ecfe b\u1ec7nh nh\u00e2n v\u00e0 nh\u00e2n vi\u00ean y t\u1ebf.<\/p>\n<p style=\"text-align: justify;\" data-sourcepos=\"27:1-27:230\">V\u1edbi cam k\u1ebft v\u1ec1 ch\u1ea5t l\u01b0\u1ee3ng v\u00e0 s\u1ef1 am hi\u1ec3u s\u00e2u s\u1eafc v\u1ec1 nhu c\u1ea7u y t\u1ebf, Ch\u0103n Ra Thanh Th\u1ee7y t\u1ef1 tin mang \u0111\u1ebfn nh\u1eefng s\u1ea3n ph\u1ea9m n\u1ec7m y t\u1ebf b\u1ecdc simili t\u1ed1t nh\u1ea5t, g\u00f3p ph\u1ea7n n\u00e2ng cao ch\u1ea5t l\u01b0\u1ee3ng d\u1ecbch v\u1ee5 ch\u0103m s\u00f3c v\u00e0 ph\u1ee5c h\u1ed3i s\u1ee9c kh\u1ecfe cho b\u1ec7nh nh\u00e2n.<\/p>\n<p style=\"text-align: justify;\" data-sourcepos=\"29:1-29:108\">\u0110\u1ec3 t\u00ecm hi\u1ec3u th\u00eam th\u00f4ng tin chi ti\u1ebft ho\u1eb7c nh\u1eadn b\u00e1o gi\u00e1, vui l\u00f2ng li\u00ean h\u1ec7 Ch\u0103n Ra Thanh Th\u1ee7y ngay h\u00f4m nay<\/p>\n","protected":false},"excerpt":{"rendered":"<div class=\"wrap-product-attributes\">\n<p>&nbsp;<\/p>\n<\/div>\n","protected":false},"featured_media":75656,"comment_status":"open","ping_status":"closed","template":"","meta":{"_acf_changed":false,"inline_featured_image":false},"product_cat":[2074],"product_tag":[],"class_list":{"0":"post-72429","1":"product","2":"type-product","3":"status-publish","4":"has-post-thumbnail","6":"product_cat-benh-vien","8":"first","9":"instock","10":"taxable","11":"shipping-taxable","12":"purchasable","13":"product-type-variable","14":"rtwpvg-product"},"acf":[],"_links":{"self":[{"href":"https:\/\/chanrathanhthuy.com\/ja\/wp-json\/wp\/v2\/product\/72429","targetHints":{"allow":["GET"]}}],"collection":[{"href":"https:\/\/chanrathanhthuy.com\/ja\/wp-json\/wp\/v2\/product"}],"about":[{"href":"https:\/\/chanrathanhthuy.com\/ja\/wp-json\/wp\/v2\/types\/product"}],"replies":[{"embeddable":true,"href":"https:\/\/chanrathanhthuy.com\/ja\/wp-json\/wp\/v2\/comments?post=72429"}],"wp:featuredmedia":[{"embeddable":true,"href":"https:\/\/chanrathanhthuy.com\/ja\/wp-json\/wp\/v2\/media\/75656"}],"wp:attachment":[{"href":"https:\/\/chanrathanhthuy.com\/ja\/wp-json\/wp\/v2\/media?parent=72429"}],"wp:term":[{"taxonomy":"product_cat","embeddable":true,"href":"https:\/\/chanrathanhthuy.com\/ja\/wp-json\/wp\/v2\/product_cat?post=72429"},{"taxonomy":"product_tag","embeddable":true,"href":"https:\/\/chanrathanhthuy.com\/ja\/wp-json\/wp\/v2\/product_tag?post=72429"}],"curies":[{"name":"wp","href":"https:\/\/api.w.org\/{rel}","templated":true}]}}