{"id":72453,"date":"2025-04-24T03:37:07","date_gmt":"2025-04-24T03:37:07","guid":{"rendered":"https:\/\/chanrathanhthuy.com\/?post_type=product&#038;p=72453"},"modified":"2026-04-14T09:29:15","modified_gmt":"2026-04-14T09:29:15","slug":"ga-thang-trang-tron-chong-nhan-spa-tham-my-vien-quan-massage","status":"publish","type":"product","link":"https:\/\/chanrathanhthuy.com\/ja\/product\/ga-thang-trang-tron-chong-nhan-spa-tham-my-vien-quan-massage\/","title":{"rendered":"Ga Th\u1eb3ng Tr\u1eafng Tr\u01a1n Ch\u1ed1ng Nh\u0103n Spa, Th\u1ea9m M\u1ef9 Vi\u1ec7n, Qu\u00e1n Massage"},"content":{"rendered":"<h1 style=\"text-align: justify;\" data-sourcepos=\"5:1-5:95\">Ga Th\u1eb3ng Tr\u1eafng Tr\u01a1n Ch\u1ed1ng Nh\u0103n Chuy\u00ean Nghi\u1ec7p Cho Spa, Th\u1ea9m M\u1ef9 Vi\u1ec7n, Qu\u00e1n Massage \u2013 Thanh Th\u1ee7y<\/h1>\n<p style=\"text-align: justify;\" data-sourcepos=\"7:1-7:323\">B\u1ea1n \u0111ang t\u00ecm ki\u1ebfm gi\u1ea3i ph\u00e1p ch\u0103n ga cao c\u1ea5p, b\u1ec1n \u0111\u1eb9p v\u00e0 chuy\u00ean nghi\u1ec7p cho kh\u00f4ng gian Spa, Th\u1ea9m M\u1ef9 Vi\u1ec7n hay Qu\u00e1n Massage c\u1ee7a m\u00ecnh? Ch\u0103n Ra Thanh Th\u1ee7y t\u1ef1 h\u00e0o gi\u1edbi thi\u1ec7u d\u00f2ng s\u1ea3n ph\u1ea9m Ga Th\u1eb3ng Tr\u1eafng Tr\u01a1n Ch\u1ed1ng Nh\u0103n \u2013 l\u1ef1a ch\u1ecdn ho\u00e0n h\u1ea3o \u0111\u1ec3 ki\u1ebfn t\u1ea1o kh\u00f4ng gian \u0111\u1eb3ng c\u1ea5p v\u00e0 mang \u0111\u1ebfn tr\u1ea3i nghi\u1ec7m th\u01b0 gi\u00e3n t\u1ed1i \u01b0u cho kh\u00e1ch h\u00e0ng.<\/p>\n<p data-sourcepos=\"7:1-7:323\"><a href=\"https:\/\/chanrathanhthuy.com\/wp-content\/uploads\/2024\/07\/do-vai-chan-ga-goi-spa-tham-my-vien-massage-1-e1721441108879.png\"><img loading=\"lazy\" decoding=\"async\" class=\"aligncenter size-full wp-image-63182\" src=\"https:\/\/chanrathanhthuy.com\/wp-content\/uploads\/2024\/07\/do-vai-chan-ga-goi-spa-tham-my-vien-massage-1-e1721441108879.png\" alt=\"\u0111\u1ed3 v\u1ea3i ch\u0103n ga g\u1ed1i spa, th\u1ea9m m\u1ef9 vi\u00ean, massage\" width=\"1350\" height=\"938\" title=\"\" srcset=\"https:\/\/chanrathanhthuy.com\/wp-content\/uploads\/2024\/07\/do-vai-chan-ga-goi-spa-tham-my-vien-massage-1-e1721441108879.png 1350w, https:\/\/chanrathanhthuy.com\/wp-content\/uploads\/2024\/07\/do-vai-chan-ga-goi-spa-tham-my-vien-massage-1-e1721441108879-600x417.png 600w, https:\/\/chanrathanhthuy.com\/wp-content\/uploads\/2024\/07\/do-vai-chan-ga-goi-spa-tham-my-vien-massage-1-e1721441108879-300x208.png 300w, https:\/\/chanrathanhthuy.com\/wp-content\/uploads\/2024\/07\/do-vai-chan-ga-goi-spa-tham-my-vien-massage-1-e1721441108879-1024x711.png 1024w, https:\/\/chanrathanhthuy.com\/wp-content\/uploads\/2024\/07\/do-vai-chan-ga-goi-spa-tham-my-vien-massage-1-e1721441108879-150x104.png 150w, https:\/\/chanrathanhthuy.com\/wp-content\/uploads\/2024\/07\/do-vai-chan-ga-goi-spa-tham-my-vien-massage-1-e1721441108879-768x534.png 768w\" sizes=\"auto, (max-width: 1350px) 100vw, 1350px\" \/><\/a><\/p>\n<h2 style=\"text-align: justify;\" data-sourcepos=\"9:1-9:99\">T\u1ea1i Sao Ga Th\u1eb3ng Tr\u1eafng Tr\u01a1n Ch\u1ed1ng Nh\u0103n C\u1ee7a Thanh Th\u1ee7y L\u00e0 L\u1ef1a Ch\u1ecdn L\u00fd T\u01b0\u1edfng Cho Doanh Nghi\u1ec7p B\u1ea1n?<\/h2>\n<p style=\"text-align: justify;\" data-sourcepos=\"11:1-11:328\">Trong ng\u00e0nh d\u1ecbch v\u1ee5 l\u00e0m \u0111\u1eb9p v\u00e0 ch\u0103m s\u00f3c s\u1ee9c kh\u1ecfe, s\u1ef1 tinh t\u1ebf, s\u1ea1ch s\u1ebd v\u00e0 chuy\u00ean nghi\u1ec7p l\u00e0 y\u1ebfu t\u1ed1 then ch\u1ed1t. Ga tr\u1ea3i gi\u01b0\u1eddng kh\u00f4ng ch\u1ec9 l\u00e0 v\u1eadt d\u1ee5ng m\u00e0 c\u00f2n l\u00e0 \u0111i\u1ec3m nh\u1ea5n th\u1ea9m m\u1ef9, g\u00f3p ph\u1ea7n t\u1ea1o n\u00ean \u1ea5n t\u01b0\u1ee3ng \u0111\u1ea7u ti\u00ean. Ga Th\u1eb3ng Tr\u1eafng Tr\u01a1n Ch\u1ed1ng Nh\u0103n c\u1ee7a Ch\u0103n Ra Thanh Th\u1ee7y \u0111\u01b0\u1ee3c thi\u1ebft k\u1ebf \u0111\u1eb7c bi\u1ec7t \u0111\u1ec3 \u0111\u00e1p \u1ee9ng nh\u1eefng ti\u00eau chu\u1ea9n cao nh\u1ea5t:<\/p>\n<ul style=\"text-align: justify;\" data-sourcepos=\"13:1-16:0\">\n<li data-sourcepos=\"13:1-13:284\">V\u1ebb \u0110\u1eb9p Thanh L\u1ecbch &amp; S\u1ea1ch S\u1ebd: M\u00e0u tr\u1eafng tr\u01a1n mang l\u1ea1i c\u1ea3m gi\u00e1c tinh khi\u1ebft, sang tr\u1ecdng v\u00e0 th\u01b0 th\u00e1i, ho\u00e0n to\u00e0n ph\u00f9 h\u1ee3p v\u1edbi kh\u00f4ng gian sang tr\u1ecdng c\u1ee7a Spa, Th\u1ea9m M\u1ef9 Vi\u1ec7n, Qu\u00e1n Massage. S\u1eafc tr\u1eafng c\u00f2n gi\u00fap d\u1ec5 d\u00e0ng ki\u1ec3m so\u00e1t v\u1ec7 sinh, kh\u1eb3ng \u0111\u1ecbnh s\u1ef1 chuy\u00ean nghi\u1ec7p trong m\u1eaft kh\u00e1ch h\u00e0ng.<\/li>\n<li data-sourcepos=\"14:1-14:307\">Ch\u1ea5t Li\u1ec7u Cao C\u1ea5p &amp; Kh\u1ea3 N\u0103ng Kh\u00e1ng Nh\u0103n Tuy\u1ec7t V\u1eddi: S\u1ea3n ph\u1ea9m \u0111\u01b0\u1ee3c s\u1ea3n xu\u1ea5t t\u1eeb ch\u1ea5t li\u1ec7u ch\u1ecdn l\u1ecdc, c\u00f3 kh\u1ea3 n\u0103ng ch\u1ed1ng nh\u0103n v\u01b0\u1ee3t tr\u1ed9i. \u0110i\u1ec1u n\u00e0y \u0111\u1ea3m b\u1ea3o ga lu\u00f4n ph\u1eb3ng phiu, m\u01b0\u1ee3t m\u00e0 m\u00e0 kh\u00f4ng c\u1ea7n t\u1ed1n nhi\u1ec1u c\u00f4ng s\u1ee9c l\u00e0 \u1ee7i, gi\u1eef cho kh\u00f4ng gian lu\u00f4n ch\u1ec9n chu v\u00e0 \u0111\u1eb9p m\u1eaft ngay c\u1ea3 trong nh\u1eefng th\u1eddi \u0111i\u1ec3m b\u1eadn r\u1ed9n.<\/li>\n<li data-sourcepos=\"15:1-16:0\">\u0110\u1ed9 B\u1ec1n V\u01b0\u1ee3t Tr\u1ed9i Cho S\u1eed D\u1ee5ng Th\u01b0\u1eddng Xuy\u00ean: Ga th\u1eb3ng c\u1ee7a Ch\u0103n Ra Thanh Th\u1ee7y \u0111\u01b0\u1ee3c may ch\u1eafc ch\u1eafn, c\u00f3 kh\u1ea3 n\u0103ng ch\u1ecbu \u0111\u1ef1ng t\u1ea7n su\u1ea5t gi\u1eb7t gi\u0169 cao, kh\u00f4 nhanh v\u00e0 b\u1ec1n m\u00e0u. \u0110i\u1ec1u n\u00e0y gi\u00fap t\u1ed1i \u01b0u chi ph\u00ed thay th\u1ebf v\u00e0 duy tr\u00ec ch\u1ea5t l\u01b0\u1ee3ng s\u1ea3n ph\u1ea9m b\u1ec1n b\u1ec9 theo th\u1eddi gian, mang l\u1ea1i hi\u1ec7u qu\u1ea3 kinh t\u1ebf d\u00e0i h\u1ea1n cho doanh nghi\u1ec7p.<\/li>\n<\/ul>\n<p><a href=\"https:\/\/chanrathanhthuy.com\/wp-content\/uploads\/2024\/07\/ga-giuong-do-vai-chan-ga-goi-spa-tham-my-vien-massage.png\"><img loading=\"lazy\" decoding=\"async\" class=\"aligncenter size-full wp-image-63179\" src=\"https:\/\/chanrathanhthuy.com\/wp-content\/uploads\/2024\/07\/ga-giuong-do-vai-chan-ga-goi-spa-tham-my-vien-massage.png\" alt=\"ga gi\u01b0\u1eddng \u0111\u1ed3 v\u1ea3i ch\u0103n ga g\u1ed1i spa, th\u1ea9m m\u1ef9 vi\u00ean, massage\" width=\"1350\" height=\"1902\" title=\"\" srcset=\"https:\/\/chanrathanhthuy.com\/wp-content\/uploads\/2024\/07\/ga-giuong-do-vai-chan-ga-goi-spa-tham-my-vien-massage.png 1350w, https:\/\/chanrathanhthuy.com\/wp-content\/uploads\/2024\/07\/ga-giuong-do-vai-chan-ga-goi-spa-tham-my-vien-massage-600x845.png 600w, https:\/\/chanrathanhthuy.com\/wp-content\/uploads\/2024\/07\/ga-giuong-do-vai-chan-ga-goi-spa-tham-my-vien-massage-213x300.png 213w, https:\/\/chanrathanhthuy.com\/wp-content\/uploads\/2024\/07\/ga-giuong-do-vai-chan-ga-goi-spa-tham-my-vien-massage-727x1024.png 727w, https:\/\/chanrathanhthuy.com\/wp-content\/uploads\/2024\/07\/ga-giuong-do-vai-chan-ga-goi-spa-tham-my-vien-massage-106x150.png 106w, https:\/\/chanrathanhthuy.com\/wp-content\/uploads\/2024\/07\/ga-giuong-do-vai-chan-ga-goi-spa-tham-my-vien-massage-768x1082.png 768w, https:\/\/chanrathanhthuy.com\/wp-content\/uploads\/2024\/07\/ga-giuong-do-vai-chan-ga-goi-spa-tham-my-vien-massage-1090x1536.png 1090w\" sizes=\"auto, (max-width: 1350px) 100vw, 1350px\" \/><\/a><\/p>\n<h3 style=\"text-align: justify;\" data-sourcepos=\"17:1-17:63\">L\u1ee3i \u00cdch V\u01b0\u1ee3t Tr\u1ed9i Khi \u0110\u1ea7u T\u01b0 Ga Th\u1eb3ng Ch\u1ed1ng Nh\u0103n Thanh Th\u1ee7y<\/h3>\n<ul style=\"text-align: justify;\" data-sourcepos=\"19:1-23:0\">\n<li data-sourcepos=\"19:1-19:196\">N\u00e2ng T\u1ea7m Tr\u1ea3i Nghi\u1ec7m Kh\u00e1ch H\u00e0ng: B\u1ec1 m\u1eb7t m\u1ec1m m\u1ea1i, ph\u1eb3ng phiu v\u00e0 kh\u00f4ng v\u1ebft nh\u0103n mang \u0111\u1ebfn c\u1ea3m gi\u00e1c tho\u1ea3i m\u00e1i, th\u01b0 gi\u00e3n t\u1ed1i \u0111a, g\u00f3p ph\u1ea7n n\u00e2ng cao s\u1ef1 h\u00e0i l\u00f2ng v\u00e0 t\u1ea1o d\u1ef1ng l\u00f2ng tin c\u1ee7a kh\u00e1ch h\u00e0ng.<\/li>\n<li data-sourcepos=\"20:1-20:183\">T\u1ed1i \u01afu H\u00f3a V\u1eadn H\u00e0nh &amp; Chi Ph\u00ed: Kh\u1ea3 n\u0103ng ch\u1ed1ng nh\u0103n gi\u00fap ti\u1ebft ki\u1ec7m \u0111\u00e1ng k\u1ec3 th\u1eddi gian v\u00e0 chi ph\u00ed l\u00e0 \u1ee7i, \u0111\u1ed3ng th\u1eddi gi\u1ea3m hao m\u00f2n ga do qu\u00e1 tr\u00ecnh gi\u1eb7t, k\u00e9o d\u00e0i tu\u1ed5i th\u1ecd s\u1ea3n ph\u1ea9m.<\/li>\n<li data-sourcepos=\"21:1-21:186\">D\u1ec5 D\u00e0ng V\u1ec7 Sinh &amp; Duy Tr\u00ec V\u1ebb \u0110\u1eb9p: Ch\u1ea5t li\u1ec7u cao c\u1ea5p gi\u00fap ga d\u1ec5 d\u00e0ng lo\u1ea1i b\u1ecf v\u1ebft b\u1ea9n v\u00e0 duy tr\u00ec m\u00e0u s\u1eafc tr\u1eafng s\u00e1ng, \u0111\u1ea3m b\u1ea3o ti\u00eau chu\u1ea9n v\u1ec7 sinh kh\u1eaft khe trong m\u00f4i tr\u01b0\u1eddng d\u1ecbch v\u1ee5.<\/li>\n<li data-sourcepos=\"22:1-23:0\">Uy T\u00edn \u0110\u1ea3m B\u1ea3o T\u1eeb Th\u01b0\u01a1ng Hi\u1ec7u H\u00e0ng \u0110\u1ea7u: V\u1edbi kinh nghi\u1ec7m v\u00e0 danh ti\u1ebfng v\u1eefng ch\u1eafc trong ng\u00e0nh ch\u0103n ga g\u1ed1i n\u1ec7m, Ch\u0103n Ra Thanh Th\u1ee7y cam k\u1ebft mang \u0111\u1ebfn s\u1ea3n ph\u1ea9m ch\u1ea5t l\u01b0\u1ee3ng v\u01b0\u1ee3t tr\u1ed9i, l\u00e0 s\u1ef1 \u0111\u1ea7u t\u01b0 th\u00f4ng minh cho doanh nghi\u1ec7p c\u1ee7a b\u1ea1n.<\/li>\n<\/ul>\n<p style=\"text-align: justify;\" data-sourcepos=\"24:1-24:179\">H\u00e3y li\u00ean h\u1ec7 ngay v\u1edbi Ch\u0103n Ra Thanh Th\u1ee7y \u0111\u1ec3 nh\u1eadn t\u01b0 v\u1ea5n chuy\u00ean s\u00e2u v\u00e0 b\u00e1o gi\u00e1 t\u1ed1t nh\u1ea5t cho Ga Th\u1eb3ng Tr\u1eafng Tr\u01a1n Ch\u1ed1ng Nh\u0103n, bi\u1ebfn kh\u00f4ng gian d\u1ecbch v\u1ee5 c\u1ee7a b\u1ea1n tr\u1edf n\u00ean ho\u00e0n h\u1ea3o h\u01a1n.<\/p>\n","protected":false},"excerpt":{"rendered":"<div class=\"wrap-product-attributes\">\n<p>&nbsp;<\/p>\n<\/div>\n","protected":false},"featured_media":75168,"comment_status":"open","ping_status":"closed","template":"","meta":{"_acf_changed":false,"inline_featured_image":false},"product_cat":[2076],"product_tag":[],"class_list":{"0":"post-72453","1":"product","2":"type-product","3":"status-publish","4":"has-post-thumbnail","6":"product_cat-spa","8":"first","9":"instock","10":"purchasable","11":"product-type-variable","12":"rtwpvg-product"},"acf":[],"_links":{"self":[{"href":"https:\/\/chanrathanhthuy.com\/ja\/wp-json\/wp\/v2\/product\/72453","targetHints":{"allow":["GET"]}}],"collection":[{"href":"https:\/\/chanrathanhthuy.com\/ja\/wp-json\/wp\/v2\/product"}],"about":[{"href":"https:\/\/chanrathanhthuy.com\/ja\/wp-json\/wp\/v2\/types\/product"}],"replies":[{"embeddable":true,"href":"https:\/\/chanrathanhthuy.com\/ja\/wp-json\/wp\/v2\/comments?post=72453"}],"wp:featuredmedia":[{"embeddable":true,"href":"https:\/\/chanrathanhthuy.com\/ja\/wp-json\/wp\/v2\/media\/75168"}],"wp:attachment":[{"href":"https:\/\/chanrathanhthuy.com\/ja\/wp-json\/wp\/v2\/media?parent=72453"}],"wp:term":[{"taxonomy":"product_cat","embeddable":true,"href":"https:\/\/chanrathanhthuy.com\/ja\/wp-json\/wp\/v2\/product_cat?post=72453"},{"taxonomy":"product_tag","embeddable":true,"href":"https:\/\/chanrathanhthuy.com\/ja\/wp-json\/wp\/v2\/product_tag?post=72453"}],"curies":[{"name":"wp","href":"https:\/\/api.w.org\/{rel}","templated":true}]}}