{"id":72466,"date":"2025-04-24T03:38:48","date_gmt":"2025-04-24T03:38:48","guid":{"rendered":"https:\/\/chanrathanhthuy.com\/?post_type=product&#038;p=72466"},"modified":"2026-04-14T07:10:13","modified_gmt":"2026-04-14T07:10:13","slug":"ruot-men-khach-san-spa-tham-my-vien-quan-massage","status":"publish","type":"product","link":"https:\/\/chanrathanhthuy.com\/ja\/product\/ruot-men-khach-san-spa-tham-my-vien-quan-massage\/","title":{"rendered":"Ru\u1ed9t M\u1ec1n Kh\u00e1ch S\u1ea1n Spa, Th\u1ea9m M\u1ef9 Vi\u1ec7n, Qu\u00e1n Massage"},"content":{"rendered":"<h1 style=\"text-align: justify;\" data-sourcepos=\"1:1-1:113\">Ru\u1ed9t M\u1ec1n Chuy\u00ean D\u1ee5ng Cho Kh\u00e1ch S\u1ea1n, Spa, Th\u1ea9m M\u1ef9 Vi\u1ec7n, Qu\u00e1n Massage \u2013 Ti\u1ec7n Nghi V\u01b0\u1ee3t Tr\u1ed9i T\u1eeb Ch\u0103n Ra Thanh Th\u1ee7y<\/h1>\n<p style=\"text-align: justify;\" data-sourcepos=\"3:1-3:343\">B\u1ea1n \u0111ang t\u00ecm ki\u1ebfm ru\u1ed9t m\u1ec1n (ch\u0103n) ch\u1ea5t l\u01b0\u1ee3ng cao, mang l\u1ea1i s\u1ef1 \u1ea5m \u00e1p v\u00e0 tho\u1ea3i m\u00e1i t\u1ed1i \u01b0u cho kh\u00e1ch h\u00e0ng t\u1ea1i Kh\u00e1ch s\u1ea1n, Spa, Th\u1ea9m M\u1ef9 Vi\u1ec7n hay Qu\u00e1n Massage c\u1ee7a m\u00ecnh? Ch\u0103n Ra Thanh Th\u1ee7y t\u1ef1 h\u00e0o gi\u1edbi thi\u1ec7u d\u00f2ng s\u1ea3n ph\u1ea9m ru\u1ed9t m\u1ec1n chuy\u00ean bi\u1ec7t, \u0111\u01b0\u1ee3c thi\u1ebft k\u1ebf \u0111\u1ec3 \u0111\u00e1p \u1ee9ng nh\u1eefng ti\u00eau chu\u1ea9n kh\u1eaft khe nh\u1ea5t c\u1ee7a ng\u00e0nh d\u1ecbch v\u1ee5 l\u01b0u tr\u00fa v\u00e0 ch\u0103m s\u00f3c s\u1ee9c kh\u1ecfe.<\/p>\n<p data-sourcepos=\"3:1-3:343\"><a href=\"https:\/\/chanrathanhthuy.com\/wp-content\/uploads\/2024\/07\/do-vai-chan-ga-goi-spa-tham-my-vien-massage-1-e1721441108879.png\"><img loading=\"lazy\" decoding=\"async\" class=\"aligncenter size-full wp-image-63182\" src=\"https:\/\/chanrathanhthuy.com\/wp-content\/uploads\/2024\/07\/do-vai-chan-ga-goi-spa-tham-my-vien-massage-1-e1721441108879.png\" alt=\"\u0111\u1ed3 v\u1ea3i ch\u0103n ga g\u1ed1i spa, th\u1ea9m m\u1ef9 vi\u00ean, massage\" width=\"1350\" height=\"938\" title=\"\" srcset=\"https:\/\/chanrathanhthuy.com\/wp-content\/uploads\/2024\/07\/do-vai-chan-ga-goi-spa-tham-my-vien-massage-1-e1721441108879.png 1350w, https:\/\/chanrathanhthuy.com\/wp-content\/uploads\/2024\/07\/do-vai-chan-ga-goi-spa-tham-my-vien-massage-1-e1721441108879-600x417.png 600w, https:\/\/chanrathanhthuy.com\/wp-content\/uploads\/2024\/07\/do-vai-chan-ga-goi-spa-tham-my-vien-massage-1-e1721441108879-300x208.png 300w, https:\/\/chanrathanhthuy.com\/wp-content\/uploads\/2024\/07\/do-vai-chan-ga-goi-spa-tham-my-vien-massage-1-e1721441108879-1024x711.png 1024w, https:\/\/chanrathanhthuy.com\/wp-content\/uploads\/2024\/07\/do-vai-chan-ga-goi-spa-tham-my-vien-massage-1-e1721441108879-150x104.png 150w, https:\/\/chanrathanhthuy.com\/wp-content\/uploads\/2024\/07\/do-vai-chan-ga-goi-spa-tham-my-vien-massage-1-e1721441108879-768x534.png 768w\" sizes=\"auto, (max-width: 1350px) 100vw, 1350px\" \/><\/a><\/p>\n<h2 style=\"text-align: justify;\" data-sourcepos=\"5:1-5:85\">T\u1ea1i Sao Ru\u1ed9t M\u1ec1n C\u1ee7a Ch\u0103n Ra Thanh Th\u1ee7y L\u00e0 L\u1ef1a Ch\u1ecdn Ho\u00e0n H\u1ea3o Cho Doanh Nghi\u1ec7p B\u1ea1n?<\/h2>\n<p style=\"text-align: justify;\" data-sourcepos=\"7:1-7:326\">Trong m\u00f4i tr\u01b0\u1eddng kinh doanh Kh\u00e1ch s\u1ea1n, Spa, Th\u1ea9m M\u1ef9 Vi\u1ec7n, Qu\u00e1n Massage, s\u1ef1 tho\u1ea3i m\u00e1i v\u00e0 tr\u1ea3i nghi\u1ec7m c\u1ee7a kh\u00e1ch h\u00e0ng l\u00e0 y\u1ebfu t\u1ed1 then ch\u1ed1t. Ru\u1ed9t m\u1ec1n kh\u00f4ng ch\u1ec9 \u0111\u01a1n thu\u1ea7n l\u00e0 v\u1eadt d\u1ee5ng gi\u1eef \u1ea5m m\u00e0 c\u00f2n g\u00f3p ph\u1ea7n t\u1ea1o n\u00ean c\u1ea3m gi\u00e1c th\u01b0 th\u00e1i, d\u1ec5 ch\u1ecbu. Ru\u1ed9t m\u1ec1n c\u1ee7a Ch\u0103n Ra Thanh Th\u1ee7y \u0111\u01b0\u1ee3c nghi\u00ean c\u1ee9u v\u00e0 s\u1ea3n xu\u1ea5t v\u1edbi c\u00e1c \u01b0u \u0111i\u1ec3m v\u01b0\u1ee3t tr\u1ed9i:<\/p>\n<ul style=\"text-align: justify;\" data-sourcepos=\"9:1-12:0\">\n<li data-sourcepos=\"9:1-9:303\">Ch\u1ea5t L\u01b0\u1ee3ng Cao C\u1ea5p &amp; \u1ea4m \u00c1p Tuy\u1ec7t \u0110\u1ed1i: Ru\u1ed9t m\u1ec1n \u0111\u01b0\u1ee3c l\u00e0m t\u1eeb ch\u1ea5t li\u1ec7u b\u00f4ng (ho\u1eb7c s\u1ee3i t\u1ed5ng h\u1ee3p cao c\u1ea5p) \u0111\u01b0\u1ee3c x\u1eed l\u00fd k\u1ef9 l\u01b0\u1ee1ng, \u0111\u1ea3m b\u1ea3o \u0111\u1ed9 ph\u1ed3ng x\u1ed1p, nh\u1eb9 nh\u00e0ng nh\u01b0ng v\u1eabn gi\u1eef \u1ea5m t\u1ed1t. S\u1ea3n ph\u1ea9m mang \u0111\u1ebfn c\u1ea3m gi\u00e1c m\u1ec1m m\u1ea1i, d\u1ec5 ch\u1ecbu, gi\u00fap kh\u00e1ch h\u00e0ng c\u00f3 nh\u1eefng gi\u00e2y ph\u00fat ngh\u1ec9 ng\u01a1i v\u00e0 th\u01b0 gi\u00e3n tr\u1ecdn v\u1eb9n nh\u1ea5t.<\/li>\n<li data-sourcepos=\"10:1-10:278\">\u0110\u1ea3m B\u1ea3o V\u1ec7 Sinh &amp; An To\u00e0n V\u01b0\u1ee3t Tr\u1ed9i: Ru\u1ed9t m\u1ec1n Thanh Th\u1ee7y \u0111\u01b0\u1ee3c thi\u1ebft k\u1ebf \u0111\u1ec3 d\u1ec5 d\u00e0ng v\u1ec7 sinh, c\u00f3 kh\u1ea3 n\u0103ng kh\u00e1ng khu\u1ea9n, ch\u1ed1ng n\u1ea5m m\u1ed1c, \u0111\u1ea3m b\u1ea3o m\u00f4i tr\u01b0\u1eddng s\u1ea1ch s\u1ebd v\u00e0 an to\u00e0n tuy\u1ec7t \u0111\u1ed1i cho s\u1ee9c kh\u1ecfe kh\u00e1ch h\u00e0ng. \u0110\u00e2y l\u00e0 y\u1ebfu t\u1ed1 c\u1ef1c k\u1ef3 quan tr\u1ecdng trong c\u00e1c c\u01a1 s\u1edf d\u1ecbch v\u1ee5 cao c\u1ea5p.<\/li>\n<li data-sourcepos=\"11:1-12:0\">\u0110\u1ed9 B\u1ec1n \u01afu Vi\u1ec7t Cho T\u1ea7n Su\u1ea5t S\u1eed D\u1ee5ng Cao: V\u1edbi \u0111\u1eb7c th\u00f9 c\u1ee7a Kh\u00e1ch s\u1ea1n, Spa, Th\u1ea9m M\u1ef9 Vi\u1ec7n, Qu\u00e1n Massage, ru\u1ed9t m\u1ec1n c\u1ea7n ch\u1ecbu \u0111\u01b0\u1ee3c t\u1ea7n su\u1ea5t gi\u1eb7t gi\u0169 v\u00e0 s\u1eed d\u1ee5ng li\u00ean t\u1ee5c. S\u1ea3n ph\u1ea9m c\u1ee7a Ch\u0103n Ra Thanh Th\u1ee7y \u0111\u01b0\u1ee3c may ch\u1eafc ch\u1eafn, gi\u1eef form d\u00e1ng t\u1ed1t, kh\u00f4ng v\u00f3n c\u1ee5c hay x\u1eb9p l\u00fan, gi\u00fap t\u1ed1i \u01b0u chi ph\u00ed thay th\u1ebf v\u00e0 duy tr\u00ec ch\u1ea5t l\u01b0\u1ee3ng b\u1ec1n b\u1ec9.<\/li>\n<\/ul>\n<p><a href=\"https:\/\/chanrathanhthuy.com\/wp-content\/uploads\/2024\/07\/ga-giuong-do-vai-chan-ga-goi-spa-tham-my-vien-massage.png\"><img loading=\"lazy\" decoding=\"async\" class=\"aligncenter size-full wp-image-63179\" src=\"https:\/\/chanrathanhthuy.com\/wp-content\/uploads\/2024\/07\/ga-giuong-do-vai-chan-ga-goi-spa-tham-my-vien-massage.png\" alt=\"ga gi\u01b0\u1eddng \u0111\u1ed3 v\u1ea3i ch\u0103n ga g\u1ed1i spa, th\u1ea9m m\u1ef9 vi\u00ean, massage\" width=\"1350\" height=\"1902\" title=\"\" srcset=\"https:\/\/chanrathanhthuy.com\/wp-content\/uploads\/2024\/07\/ga-giuong-do-vai-chan-ga-goi-spa-tham-my-vien-massage.png 1350w, https:\/\/chanrathanhthuy.com\/wp-content\/uploads\/2024\/07\/ga-giuong-do-vai-chan-ga-goi-spa-tham-my-vien-massage-600x845.png 600w, https:\/\/chanrathanhthuy.com\/wp-content\/uploads\/2024\/07\/ga-giuong-do-vai-chan-ga-goi-spa-tham-my-vien-massage-213x300.png 213w, https:\/\/chanrathanhthuy.com\/wp-content\/uploads\/2024\/07\/ga-giuong-do-vai-chan-ga-goi-spa-tham-my-vien-massage-727x1024.png 727w, https:\/\/chanrathanhthuy.com\/wp-content\/uploads\/2024\/07\/ga-giuong-do-vai-chan-ga-goi-spa-tham-my-vien-massage-106x150.png 106w, https:\/\/chanrathanhthuy.com\/wp-content\/uploads\/2024\/07\/ga-giuong-do-vai-chan-ga-goi-spa-tham-my-vien-massage-768x1082.png 768w, https:\/\/chanrathanhthuy.com\/wp-content\/uploads\/2024\/07\/ga-giuong-do-vai-chan-ga-goi-spa-tham-my-vien-massage-1090x1536.png 1090w\" sizes=\"auto, (max-width: 1350px) 100vw, 1350px\" \/><\/a> <a href=\"https:\/\/chanrathanhthuy.com\/wp-content\/uploads\/2024\/07\/vay-giuong-do-vai-chan-ga-goi-spa-tham-my-vien-massage-e1721441164911.png\"><img loading=\"lazy\" decoding=\"async\" class=\"aligncenter size-full wp-image-63176\" src=\"https:\/\/chanrathanhthuy.com\/wp-content\/uploads\/2024\/07\/vay-giuong-do-vai-chan-ga-goi-spa-tham-my-vien-massage-e1721441164911.png\" alt=\"v\u00e1y gi\u01b0\u1eddng \u0111\u1ed3 v\u1ea3i ch\u0103n ga g\u1ed1i spa, th\u1ea9m m\u1ef9 vi\u00ean, massage\" width=\"1347\" height=\"2263\" title=\"\" srcset=\"https:\/\/chanrathanhthuy.com\/wp-content\/uploads\/2024\/07\/vay-giuong-do-vai-chan-ga-goi-spa-tham-my-vien-massage-e1721441164911.png 1347w, https:\/\/chanrathanhthuy.com\/wp-content\/uploads\/2024\/07\/vay-giuong-do-vai-chan-ga-goi-spa-tham-my-vien-massage-e1721441164911-600x1008.png 600w, https:\/\/chanrathanhthuy.com\/wp-content\/uploads\/2024\/07\/vay-giuong-do-vai-chan-ga-goi-spa-tham-my-vien-massage-e1721441164911-179x300.png 179w, https:\/\/chanrathanhthuy.com\/wp-content\/uploads\/2024\/07\/vay-giuong-do-vai-chan-ga-goi-spa-tham-my-vien-massage-e1721441164911-610x1024.png 610w, https:\/\/chanrathanhthuy.com\/wp-content\/uploads\/2024\/07\/vay-giuong-do-vai-chan-ga-goi-spa-tham-my-vien-massage-e1721441164911-89x150.png 89w, https:\/\/chanrathanhthuy.com\/wp-content\/uploads\/2024\/07\/vay-giuong-do-vai-chan-ga-goi-spa-tham-my-vien-massage-e1721441164911-768x1290.png 768w, https:\/\/chanrathanhthuy.com\/wp-content\/uploads\/2024\/07\/vay-giuong-do-vai-chan-ga-goi-spa-tham-my-vien-massage-e1721441164911-914x1536.png 914w, https:\/\/chanrathanhthuy.com\/wp-content\/uploads\/2024\/07\/vay-giuong-do-vai-chan-ga-goi-spa-tham-my-vien-massage-e1721441164911-1219x2048.png 1219w\" sizes=\"auto, (max-width: 1347px) 100vw, 1347px\" \/><\/a><\/p>\n<h3 style=\"text-align: justify;\" data-sourcepos=\"13:1-13:52\">L\u1ee3i \u00cdch V\u01b0\u1ee3t Tr\u1ed9i Khi \u0110\u1ea7u T\u01b0 Ru\u1ed9t M\u1ec1n Thanh Th\u1ee7y<\/h3>\n<ul style=\"text-align: justify;\" data-sourcepos=\"15:1-19:0\">\n<li data-sourcepos=\"15:1-15:181\">N\u00e2ng Cao Tr\u1ea3i Nghi\u1ec7m &amp; L\u00f2ng Trung Th\u00e0nh C\u1ee7a Kh\u00e1ch H\u00e0ng: S\u1ef1 \u00eam \u00e1i, s\u1ea1ch s\u1ebd v\u00e0 \u1ea5m \u00e1p c\u1ee7a ru\u1ed9t m\u1ec1n g\u00f3p ph\u1ea7n t\u1ea1o n\u00ean nh\u1eefng \u1ea5n t\u01b0\u1ee3ng kh\u00f3 qu\u00ean, khuy\u1ebfn kh\u00edch kh\u00e1ch h\u00e0ng quay l\u1ea1i.<\/li>\n<li data-sourcepos=\"16:1-16:195\">T\u1ed1i \u01afu H\u00f3a Chi Ph\u00ed V\u1eadn H\u00e0nh L\u00e2u D\u00e0i: \u0110\u1ed9 b\u1ec1n s\u1ea3n ph\u1ea9m v\u00e0 kh\u1ea3 n\u0103ng d\u1ec5 d\u00e0ng v\u1ec7 sinh gi\u00fap gi\u1ea3m \u0111\u00e1ng k\u1ec3 chi ph\u00ed gi\u1eb7t \u1ee7i, b\u1ea3o tr\u00ec v\u00e0 thay m\u1edbi, mang l\u1ea1i hi\u1ec7u qu\u1ea3 kinh t\u1ebf b\u1ec1n v\u1eefng cho doanh nghi\u1ec7p.<\/li>\n<li data-sourcepos=\"17:1-17:162\">D\u1ec5 D\u00e0ng B\u1ea3o Qu\u1ea3n &amp; V\u1ec7 Sinh: Thi\u1ebft k\u1ebf v\u00e0 ch\u1ea5t li\u1ec7u c\u1ee7a ru\u1ed9t m\u1ec1n cho ph\u00e9p gi\u1eb7t nhanh kh\u00f4, ti\u1ec7n l\u1ee3i cho quy tr\u00ecnh l\u00e0m s\u1ea1ch h\u00e0ng ng\u00e0y t\u1ea1i c\u00e1c c\u01a1 s\u1edf d\u1ecbch v\u1ee5.<\/li>\n<li data-sourcepos=\"18:1-19:0\">Uy T\u00edn T\u1eeb Th\u01b0\u01a1ng Hi\u1ec7u H\u00e0ng \u0110\u1ea7u Vi\u1ec7t Nam: V\u1edbi h\u01a1n 25 n\u0103m kinh nghi\u1ec7m, Ch\u0103n Ra Thanh Th\u1ee7y cam k\u1ebft mang \u0111\u1ebfn nh\u1eefng s\u1ea3n ph\u1ea9m ch\u1ea5t l\u01b0\u1ee3ng cao, \u0111\u00e1ng tin c\u1eady, l\u00e0 l\u1ef1a ch\u1ecdn l\u00fd t\u01b0\u1edfng cho s\u1ef1 ph\u00e1t tri\u1ec3n c\u1ee7a doanh nghi\u1ec7p b\u1ea1n.<\/li>\n<\/ul>\n<p><a href=\"https:\/\/chanrathanhthuy.com\/wp-content\/uploads\/2024\/07\/Phan-khuc-dat-may-chan-ga-goi-Spa-binh-dan-2.png\"><img loading=\"lazy\" decoding=\"async\" class=\"aligncenter size-full wp-image-63125\" src=\"https:\/\/chanrathanhthuy.com\/wp-content\/uploads\/2024\/07\/Phan-khuc-dat-may-chan-ga-goi-Spa-binh-dan-2.png\" alt=\"Ph\u00e2n kh\u00fac \u0111\u1eb7t may ch\u0103n ga g\u1ed1i Spa b\u00ecnh d\u00e2n\" width=\"1200\" height=\"850\" title=\"\" srcset=\"https:\/\/chanrathanhthuy.com\/wp-content\/uploads\/2024\/07\/Phan-khuc-dat-may-chan-ga-goi-Spa-binh-dan-2.png 1200w, https:\/\/chanrathanhthuy.com\/wp-content\/uploads\/2024\/07\/Phan-khuc-dat-may-chan-ga-goi-Spa-binh-dan-2-600x425.png 600w, https:\/\/chanrathanhthuy.com\/wp-content\/uploads\/2024\/07\/Phan-khuc-dat-may-chan-ga-goi-Spa-binh-dan-2-300x213.png 300w, https:\/\/chanrathanhthuy.com\/wp-content\/uploads\/2024\/07\/Phan-khuc-dat-may-chan-ga-goi-Spa-binh-dan-2-1024x725.png 1024w, https:\/\/chanrathanhthuy.com\/wp-content\/uploads\/2024\/07\/Phan-khuc-dat-may-chan-ga-goi-Spa-binh-dan-2-150x106.png 150w, https:\/\/chanrathanhthuy.com\/wp-content\/uploads\/2024\/07\/Phan-khuc-dat-may-chan-ga-goi-Spa-binh-dan-2-768x544.png 768w\" sizes=\"auto, (max-width: 1200px) 100vw, 1200px\" \/><\/a><\/p>\n<p style=\"text-align: justify;\" data-sourcepos=\"20:1-20:222\">H\u00e3y li\u00ean h\u1ec7 ngay v\u1edbi Ch\u0103n Ra Thanh Th\u1ee7y \u0111\u1ec3 \u0111\u01b0\u1ee3c t\u01b0 v\u1ea5n chuy\u00ean s\u00e2u v\u00e0 nh\u1eadn b\u00e1o gi\u00e1 t\u1ed1t nh\u1ea5t cho Ru\u1ed9t M\u1ec1n Kh\u00e1ch S\u1ea1n, Spa, Th\u1ea9m M\u1ef9 Vi\u1ec7n, Qu\u00e1n Massage, g\u00f3p ph\u1ea7n ki\u1ebfn t\u1ea1o kh\u00f4ng gian th\u01b0 gi\u00e3n ho\u00e0n h\u1ea3o cho kh\u00e1ch h\u00e0ng c\u1ee7a b\u1ea1n.<\/p>\n","protected":false},"excerpt":{"rendered":"<p><span style=\"color: #ff0000;\"><strong>GI\u00c1 \u01afU \u0110\u00c3I T\u1edaI 50% KHI \u0110\u1eb6T MAY THEO Y\u00caU C\u1ea6U<\/strong><\/span><\/p>\n","protected":false},"featured_media":75226,"comment_status":"open","ping_status":"closed","template":"","meta":{"_acf_changed":false,"inline_featured_image":false},"product_cat":[2076],"product_tag":[],"class_list":{"0":"post-72466","1":"product","2":"type-product","3":"status-publish","4":"has-post-thumbnail","6":"product_cat-spa","8":"first","9":"instock","10":"purchasable","11":"product-type-variable","12":"rtwpvg-product"},"acf":[],"_links":{"self":[{"href":"https:\/\/chanrathanhthuy.com\/ja\/wp-json\/wp\/v2\/product\/72466","targetHints":{"allow":["GET"]}}],"collection":[{"href":"https:\/\/chanrathanhthuy.com\/ja\/wp-json\/wp\/v2\/product"}],"about":[{"href":"https:\/\/chanrathanhthuy.com\/ja\/wp-json\/wp\/v2\/types\/product"}],"replies":[{"embeddable":true,"href":"https:\/\/chanrathanhthuy.com\/ja\/wp-json\/wp\/v2\/comments?post=72466"}],"wp:featuredmedia":[{"embeddable":true,"href":"https:\/\/chanrathanhthuy.com\/ja\/wp-json\/wp\/v2\/media\/75226"}],"wp:attachment":[{"href":"https:\/\/chanrathanhthuy.com\/ja\/wp-json\/wp\/v2\/media?parent=72466"}],"wp:term":[{"taxonomy":"product_cat","embeddable":true,"href":"https:\/\/chanrathanhthuy.com\/ja\/wp-json\/wp\/v2\/product_cat?post=72466"},{"taxonomy":"product_tag","embeddable":true,"href":"https:\/\/chanrathanhthuy.com\/ja\/wp-json\/wp\/v2\/product_tag?post=72466"}],"curies":[{"name":"wp","href":"https:\/\/api.w.org\/{rel}","templated":true}]}}