{"id":72469,"date":"2025-04-24T03:38:51","date_gmt":"2025-04-24T03:38:51","guid":{"rendered":"https:\/\/chanrathanhthuy.com\/?post_type=product&#038;p=72469"},"modified":"2026-04-14T07:03:49","modified_gmt":"2026-04-14T07:03:49","slug":"ao-goi-trang-soc-chong-nhan-spa-tham-my-vien-quan-massage","status":"publish","type":"product","link":"https:\/\/chanrathanhthuy.com\/ja\/product\/ao-goi-trang-soc-chong-nhan-spa-tham-my-vien-quan-massage\/","title":{"rendered":"\u00c1o G\u1ed1i Tr\u1eafng S\u1ecdc Ch\u1ed1ng Nh\u0103n Spa, Th\u1ea9m M\u1ef9 Vi\u1ec7n, Qu\u00e1n Massage"},"content":{"rendered":"<h1 style=\"text-align: justify;\" data-sourcepos=\"1:1-1:85\">\u00c1o G\u1ed1i Tr\u1eafng S\u1ecdc Ch\u1ed1ng Nh\u0103n \u2013 N\u00e2ng T\u1ea7m \u0110\u1eb3ng C\u1ea5p Cho Spa, Th\u1ea9m M\u1ef9 Vi\u1ec7n, Qu\u00e1n Massage<\/h1>\n<h2 style=\"text-align: justify;\" data-sourcepos=\"3:1-3:114\">\u00c1o G\u1ed1i Tr\u1eafng S\u1ecdc Ch\u1ed1ng Nh\u0103n \u2013 Gi\u1ea3i Ph\u00e1p Ho\u00e0n H\u1ea3o T\u1eeb Ch\u0103n Ra Thanh Th\u1ee7y Cho Spa, Th\u1ea9m M\u1ef9 Vi\u1ec7n, Qu\u00e1n Massage<\/h2>\n<p style=\"text-align: justify;\" data-sourcepos=\"5:1-5:333\">Trong ng\u00e0nh d\u1ecbch v\u1ee5 Spa, Th\u1ea9m M\u1ef9 Vi\u1ec7n v\u00e0 Qu\u00e1n Massage, s\u1ef1 tinh t\u1ebf, s\u1ea1ch s\u1ebd v\u00e0 chuy\u00ean nghi\u1ec7p l\u00e0 y\u1ebfu t\u1ed1 then ch\u1ed1t \u0111\u1ec3 t\u1ea1o \u1ea5n t\u01b0\u1ee3ng t\u1ed1t \u0111\u1eb9p v\u00e0 gi\u1eef ch\u00e2n kh\u00e1ch h\u00e0ng. \u00c1o G\u1ed1i Tr\u1eafng S\u1ecdc Ch\u1ed1ng Nh\u0103n c\u1ee7a Ch\u0103n Ra Thanh Th\u1ee7y l\u00e0 l\u1ef1a ch\u1ecdn l\u00fd t\u01b0\u1edfng, mang \u0111\u1ebfn v\u1ebb \u0111\u1eb9p sang tr\u1ecdng, \u0111\u1eb3ng c\u1ea5p v\u00e0 s\u1ef1 tho\u1ea3i m\u00e1i t\u1ed1i \u0111a cho kh\u00f4ng gian tr\u1ecb li\u1ec7u c\u1ee7a b\u1ea1n.<\/p>\n<p data-sourcepos=\"5:1-5:333\"><a href=\"https:\/\/chanrathanhthuy.com\/wp-content\/uploads\/2024\/07\/do-vai-chan-ga-goi-spa-tham-my-vien-massage-1-e1721441108879.png\"><img loading=\"lazy\" decoding=\"async\" class=\"aligncenter size-full wp-image-63182\" src=\"https:\/\/chanrathanhthuy.com\/wp-content\/uploads\/2024\/07\/do-vai-chan-ga-goi-spa-tham-my-vien-massage-1-e1721441108879.png\" alt=\"\u0111\u1ed3 v\u1ea3i ch\u0103n ga g\u1ed1i spa, th\u1ea9m m\u1ef9 vi\u00ean, massage\" width=\"1350\" height=\"938\" title=\"\" srcset=\"https:\/\/chanrathanhthuy.com\/wp-content\/uploads\/2024\/07\/do-vai-chan-ga-goi-spa-tham-my-vien-massage-1-e1721441108879.png 1350w, https:\/\/chanrathanhthuy.com\/wp-content\/uploads\/2024\/07\/do-vai-chan-ga-goi-spa-tham-my-vien-massage-1-e1721441108879-600x417.png 600w, https:\/\/chanrathanhthuy.com\/wp-content\/uploads\/2024\/07\/do-vai-chan-ga-goi-spa-tham-my-vien-massage-1-e1721441108879-300x208.png 300w, https:\/\/chanrathanhthuy.com\/wp-content\/uploads\/2024\/07\/do-vai-chan-ga-goi-spa-tham-my-vien-massage-1-e1721441108879-1024x711.png 1024w, https:\/\/chanrathanhthuy.com\/wp-content\/uploads\/2024\/07\/do-vai-chan-ga-goi-spa-tham-my-vien-massage-1-e1721441108879-150x104.png 150w, https:\/\/chanrathanhthuy.com\/wp-content\/uploads\/2024\/07\/do-vai-chan-ga-goi-spa-tham-my-vien-massage-1-e1721441108879-768x534.png 768w\" sizes=\"auto, (max-width: 1350px) 100vw, 1350px\" \/><\/a><\/p>\n<h3 style=\"text-align: justify;\" data-sourcepos=\"7:1-7:56\">\u0110\u1eb7c \u0110i\u1ec3m N\u1ed5i B\u1eadt C\u1ee7a \u00c1o G\u1ed1i Tr\u1eafng S\u1ecdc Ch\u1ed1ng Nh\u0103n<\/h3>\n<p style=\"text-align: justify;\" data-sourcepos=\"9:1-9:164\">S\u1ea3n ph\u1ea9m \u00e1o g\u1ed1i c\u1ee7a Ch\u0103n Ra Thanh Th\u1ee7y \u0111\u01b0\u1ee3c thi\u1ebft k\u1ebf \u0111\u1eb7c bi\u1ec7t \u0111\u1ec3 \u0111\u00e1p \u1ee9ng m\u1ecdi ti\u00eau chu\u1ea9n kh\u1eaft khe v\u1ec1 th\u1ea9m m\u1ef9 v\u00e0 c\u00f4ng n\u0103ng s\u1eed d\u1ee5ng trong m\u00f4i tr\u01b0\u1eddng chuy\u00ean nghi\u1ec7p:<\/p>\n<ul style=\"text-align: justify;\" data-sourcepos=\"11:1-15:0\">\n<li data-sourcepos=\"11:1-11:276\">V\u1ebb \u0111\u1eb9p tinh t\u1ebf, sang tr\u1ecdng: M\u00e0u tr\u1eafng tinh kh\u00f4i k\u1ebft h\u1ee3p v\u1edbi h\u1ecda ti\u1ebft s\u1ecdc d\u1ec7t ch\u00ecm t\u1ea1o n\u00ean s\u1ef1 thanh l\u1ecbch v\u00e0 hi\u1ec7n \u0111\u1ea1i, d\u1ec5 d\u00e0ng ph\u1ed1i h\u1ee3p v\u1edbi m\u1ecdi phong c\u00e1ch thi\u1ebft k\u1ebf n\u1ed9i th\u1ea5t. \u0110\u00e2y l\u00e0 bi\u1ec3u t\u01b0\u1ee3ng c\u1ee7a s\u1ef1 s\u1ea1ch s\u1ebd v\u00e0 an to\u00e0n v\u1ec7 sinh, y\u1ebfu t\u1ed1 c\u1ef1c k\u1ef3 quan tr\u1ecdng trong ng\u00e0nh d\u1ecbch v\u1ee5.<\/li>\n<li data-sourcepos=\"12:1-12:305\">Ch\u1ea5t li\u1ec7u cao c\u1ea5p &amp; ch\u1ed1ng nh\u0103n hi\u1ec7u qu\u1ea3: \u0110\u01b0\u1ee3c s\u1ea3n xu\u1ea5t t\u1eeb ch\u1ea5t li\u1ec7u v\u1ea3i cao c\u1ea5p, m\u1ec1m m\u1ea1i, tho\u00e1ng m\u00e1t v\u00e0 \u0111\u1eb7c bi\u1ec7t c\u00f3 kh\u1ea3 n\u0103ng ch\u1ed1ng nh\u0103n v\u01b0\u1ee3t tr\u1ed9i. \u0110i\u1ec1u n\u00e0y gi\u00fap \u00e1o g\u1ed1i lu\u00f4n gi\u1eef \u0111\u01b0\u1ee3c form d\u00e1ng ph\u1eb3ng phiu, \u0111\u1eb9p m\u1eaft ngay c\u1ea3 sau nhi\u1ec1u l\u1ea7n s\u1eed d\u1ee5ng v\u00e0 gi\u1eb7t \u1ee7i, ti\u1ebft ki\u1ec7m th\u1eddi gian v\u00e0 c\u00f4ng s\u1ee9c b\u1ea3o qu\u1ea3n.<\/li>\n<li data-sourcepos=\"13:1-13:249\">\u0110\u1ed9 b\u1ec1n v\u00e0 d\u1ec5 d\u00e0ng v\u1ec7 sinh: S\u1ee3i v\u1ea3i ch\u1eafc ch\u1eafn, b\u1ec1n m\u00e0u, ch\u1ecbu \u0111\u01b0\u1ee3c c\u01b0\u1eddng \u0111\u1ed9 gi\u1eb7t \u1ee7i cao, \u0111\u1ea3m b\u1ea3o tu\u1ed5i th\u1ecd s\u1ea3n ph\u1ea9m l\u00e2u d\u00e0i. B\u1ec1 m\u1eb7t v\u1ea3i m\u1ecbn m\u00e0ng, \u00edt b\u00e1m b\u1ea9n, gi\u00fap vi\u1ec7c v\u1ec7 sinh tr\u1edf n\u00ean nhanh ch\u00f3ng v\u00e0 hi\u1ec7u qu\u1ea3, duy tr\u00ec m\u00f4i tr\u01b0\u1eddng s\u1ea1ch s\u1ebd tuy\u1ec7t \u0111\u1ed1i.<\/li>\n<li data-sourcepos=\"14:1-15:0\">T\u1ea1o s\u1ef1 tho\u1ea3i m\u00e1i t\u1ed1i \u0111a: Ch\u1ea5t li\u1ec7u m\u1ec1m m\u1ea1i, th\u00e2n thi\u1ec7n v\u1edbi l\u00e0n da, mang \u0111\u1ebfn c\u1ea3m gi\u00e1c \u00eam \u00e1i, th\u01b0 th\u00e1i tuy\u1ec7t \u0111\u1ed1i cho kh\u00e1ch h\u00e0ng trong su\u1ed1t qu\u00e1 tr\u00ecnh tr\u1ecb li\u1ec7u, g\u00f3p ph\u1ea7n n\u00e2ng cao ch\u1ea5t l\u01b0\u1ee3ng d\u1ecbch v\u1ee5 t\u1ed5ng th\u1ec3.<\/li>\n<\/ul>\n<p><a href=\"https:\/\/chanrathanhthuy.com\/wp-content\/uploads\/2024\/07\/CHAN-GA-GOI-SPA-THAM-MY-VIEN-MASSAGE.png\"><img loading=\"lazy\" decoding=\"async\" class=\"aligncenter size-full wp-image-63138\" src=\"https:\/\/chanrathanhthuy.com\/wp-content\/uploads\/2024\/07\/CHAN-GA-GOI-SPA-THAM-MY-VIEN-MASSAGE.png\" alt=\"CH\u0102N GA G\u1ed0I SPA, TH\u1ea8M M\u1ef8 VI\u00caN, MASSAGE\" width=\"1200\" height=\"850\" title=\"\" srcset=\"https:\/\/chanrathanhthuy.com\/wp-content\/uploads\/2024\/07\/CHAN-GA-GOI-SPA-THAM-MY-VIEN-MASSAGE.png 1200w, https:\/\/chanrathanhthuy.com\/wp-content\/uploads\/2024\/07\/CHAN-GA-GOI-SPA-THAM-MY-VIEN-MASSAGE-600x425.png 600w, https:\/\/chanrathanhthuy.com\/wp-content\/uploads\/2024\/07\/CHAN-GA-GOI-SPA-THAM-MY-VIEN-MASSAGE-300x213.png 300w, https:\/\/chanrathanhthuy.com\/wp-content\/uploads\/2024\/07\/CHAN-GA-GOI-SPA-THAM-MY-VIEN-MASSAGE-1024x725.png 1024w, https:\/\/chanrathanhthuy.com\/wp-content\/uploads\/2024\/07\/CHAN-GA-GOI-SPA-THAM-MY-VIEN-MASSAGE-150x106.png 150w, https:\/\/chanrathanhthuy.com\/wp-content\/uploads\/2024\/07\/CHAN-GA-GOI-SPA-THAM-MY-VIEN-MASSAGE-768x544.png 768w\" sizes=\"auto, (max-width: 1200px) 100vw, 1200px\" \/><\/a><\/p>\n<h3 style=\"text-align: justify;\" data-sourcepos=\"16:1-16:97\">L\u1ef1a Ch\u1ecdn \u00c1o G\u1ed1i Tr\u1eafng S\u1ecdc Ch\u1ed1ng Nh\u0103n C\u1ee7a Ch\u0103n Ra Thanh Th\u1ee7y \u2013 \u0110\u1ea7u T\u01b0 Cho S\u1ef1 Chuy\u00ean Nghi\u1ec7p<\/h3>\n<p style=\"text-align: justify;\" data-sourcepos=\"18:1-18:191\">Ch\u0103n Ra Thanh Th\u1ee7y t\u1ef1 h\u00e0o l\u00e0 nh\u00e0 cung c\u1ea5p uy t\u00edn c\u00e1c s\u1ea3n ph\u1ea9m ch\u0103n ga g\u1ed1i cho c\u00e1c d\u1ef1 \u00e1n Spa, Th\u1ea9m M\u1ef9 Vi\u1ec7n v\u00e0 Qu\u00e1n Massage h\u00e0ng \u0111\u1ea7u. V\u1edbi \u00c1o G\u1ed1i Tr\u1eafng S\u1ecdc Ch\u1ed1ng Nh\u0103n, ch\u00fang t\u00f4i cam k\u1ebft:<\/p>\n<ul style=\"text-align: justify;\" data-sourcepos=\"20:1-23:0\">\n<li data-sourcepos=\"20:1-20:135\">Ch\u1ea5t l\u01b0\u1ee3ng v\u01b0\u1ee3t tr\u1ed9i: S\u1ea3n ph\u1ea9m \u0111\u01b0\u1ee3c ki\u1ec3m \u0111\u1ecbnh nghi\u00eam ng\u1eb7t, \u0111\u1ea3m b\u1ea3o \u0111\u00e1p \u1ee9ng c\u00e1c ti\u00eau chu\u1ea9n kh\u1eaft khe v\u1ec1 \u0111\u1ed9 b\u1ec1n, th\u1ea9m m\u1ef9 v\u00e0 an to\u00e0n.<\/li>\n<li data-sourcepos=\"21:1-21:181\">Gi\u1ea3i ph\u00e1p to\u00e0n di\u1ec7n: Kh\u00f4ng ch\u1ec9 cung c\u1ea5p \u00e1o g\u1ed1i, Ch\u0103n Ra Thanh Th\u1ee7y c\u00f2n c\u00f3 \u0111\u1ea7y \u0111\u1ee7 c\u00e1c s\u1ea3n ph\u1ea9m ch\u0103n, ga, kh\u0103n \u0111\u1ed3ng b\u1ed9, gi\u00fap b\u1ea1n d\u1ec5 d\u00e0ng ho\u00e0n thi\u1ec7n kh\u00f4ng gian chuy\u00ean nghi\u1ec7p.<\/li>\n<li data-sourcepos=\"22:1-23:0\">D\u1ecbch v\u1ee5 t\u1eadn t\u00e2m: \u0110\u1ed9i ng\u0169 t\u01b0 v\u1ea5n gi\u00e0u kinh nghi\u1ec7m s\u1eb5n s\u00e0ng h\u1ed7 tr\u1ee3, \u0111\u01b0a ra gi\u1ea3i ph\u00e1p t\u1ed1i \u01b0u nh\u1ea5t cho t\u1eebng nhu c\u1ea7u c\u1ee5 th\u1ec3 c\u1ee7a doanh nghi\u1ec7p b\u1ea1n.<\/li>\n<\/ul>\n<p style=\"text-align: justify;\" data-sourcepos=\"24:1-24:174\">N\u00e2ng t\u1ea7m kh\u00f4ng gian v\u00e0 ch\u1ea5t l\u01b0\u1ee3ng d\u1ecbch v\u1ee5 v\u1edbi \u00c1o G\u1ed1i Tr\u1eafng S\u1ecdc Ch\u1ed1ng Nh\u0103n t\u1eeb Ch\u0103n Ra Thanh Th\u1ee7y. Li\u00ean h\u1ec7 ngay v\u1edbi ch\u00fang t\u00f4i \u0111\u1ec3 nh\u1eadn b\u00e1o gi\u00e1 \u01b0u \u0111\u00e3i v\u00e0 t\u01b0 v\u1ea5n chi ti\u1ebft<\/p>\n","protected":false},"excerpt":{"rendered":"<div class=\"wrap-product-attributes\">\n<form class=\"variations_form cart wvs-loaded\" action=\"https:\/\/chanrathanhthuy.com\/chan-ga-khach-san\/khach-san-homestay-nha-nghi\/ao-choang-tam-to-ong-loai-a-dat-may-theo-yeu-cau-2\/\" enctype=\"multipart\/form-data\" method=\"post\" data-product_id=\"69060\" data-product_variations=\"[{&quot;attributes&quot;:{&quot;attribute_pa_chat-lieu&quot;:&quot;100-cotton&quot;,&quot;attribute_pa_kieu&quot;:&quot;to-ong&quot;},&quot;availability_html&quot;:&quot;&quot;,&quot;backorders_allowed&quot;:false,&quot;dimensions&quot;:{&quot;length&quot;:&quot;&quot;,&quot;width&quot;:&quot;&quot;,&quot;height&quot;:&quot;&quot;},&quot;dimensions_html&quot;:&quot;N\\\/A&quot;,&quot;display_price&quot;:1,&quot;display_regular_price&quot;:1,&quot;image&quot;:{&quot;title&quot;:&quot;\\u00c1o Cho\\u00e0ng T\\u1eafm T\\u1ed5 Ong Lo\\u1ea1i A&quot;,&quot;caption&quot;:&quot;\\u00c1o Cho\\u00e0ng T\\u1eafm T\\u1ed5 Ong Lo\\u1ea1i A&quot;,&quot;url&quot;:&quot;https:\\\/\\\/chanrathanhthuy.com\\\/wp-content\\\/uploads\\\/2023\\\/03\\\/Ao-Choang-Tam-To-Ong-Loai-A-4.png&quot;,&quot;alt&quot;:&quot;\\u00c1o Cho\\u00e0ng T\\u1eafm T\\u1ed5 Ong Lo\\u1ea1i A&quot;,&quot;src&quot;:&quot;https:\\\/\\\/chanrathanhthuy.com\\\/wp-content\\\/uploads\\\/2023\\\/03\\\/Ao-Choang-Tam-To-Ong-Loai-A-4-600x600.png&quot;,&quot;srcset&quot;:&quot;https:\\\/\\\/chanrathanhthuy.com\\\/wp-content\\\/uploads\\\/2023\\\/03\\\/Ao-Choang-Tam-To-Ong-Loai-A-4-600x600.png 600w, https:\\\/\\\/chanrathanhthuy.com\\\/wp-content\\\/uploads\\\/2023\\\/03\\\/Ao-Choang-Tam-To-Ong-Loai-A-4-300x300.png 300w, https:\\\/\\\/chanrathanhthuy.com\\\/wp-content\\\/uploads\\\/2023\\\/03\\\/Ao-Choang-Tam-To-Ong-Loai-A-4-150x150.png 150w, https:\\\/\\\/chanrathanhthuy.com\\\/wp-content\\\/uploads\\\/2023\\\/03\\\/Ao-Choang-Tam-To-Ong-Loai-A-4-768x768.png 768w, https:\\\/\\\/chanrathanhthuy.com\\\/wp-content\\\/uploads\\\/2023\\\/03\\\/Ao-Choang-Tam-To-Ong-Loai-A-4-100x100.png 100w, https:\\\/\\\/chanrathanhthuy.com\\\/wp-content\\\/uploads\\\/2023\\\/03\\\/Ao-Choang-Tam-To-Ong-Loai-A-4-50x50.png 50w, https:\\\/\\\/chanrathanhthuy.com\\\/wp-content\\\/uploads\\\/2023\\\/03\\\/Ao-Choang-Tam-To-Ong-Loai-A-4.png 810w&quot;,&quot;sizes&quot;:&quot;(max-width: 600px) 100vw, 600px&quot;,&quot;full_src&quot;:&quot;https:\\\/\\\/chanrathanhthuy.com\\\/wp-content\\\/uploads\\\/2023\\\/03\\\/Ao-Choang-Tam-To-Ong-Loai-A-4.png&quot;,&quot;full_src_w&quot;:810,&quot;full_src_h&quot;:810,&quot;gallery_thumbnail_src&quot;:&quot;https:\\\/\\\/chanrathanhthuy.com\\\/wp-content\\\/uploads\\\/2023\\\/03\\\/Ao-Choang-Tam-To-Ong-Loai-A-4.png&quot;,&quot;gallery_thumbnail_src_w&quot;:810,&quot;gallery_thumbnail_src_h&quot;:810,&quot;thumb_src&quot;:&quot;https:\\\/\\\/chanrathanhthuy.com\\\/wp-content\\\/uploads\\\/2023\\\/03\\\/Ao-Choang-Tam-To-Ong-Loai-A-4-300x300.png&quot;,&quot;thumb_src_w&quot;:300,&quot;thumb_src_h&quot;:300,&quot;src_w&quot;:600,&quot;src_h&quot;:600},&quot;image_id&quot;:72985,&quot;is_downloadable&quot;:false,&quot;is_in_stock&quot;:true,&quot;is_purchasable&quot;:true,&quot;is_sold_individually&quot;:&quot;no&quot;,&quot;is_virtual&quot;:false,&quot;max_qty&quot;:&quot;&quot;,&quot;min_qty&quot;:1,&quot;price_html&quot;:&quot;&quot;,&quot;sku&quot;:&quot;KN20950&quot;,&quot;variation_description&quot;:&quot;&quot;,&quot;variation_id&quot;:80548,&quot;variation_is_active&quot;:true,&quot;variation_is_visible&quot;:true,&quot;weight&quot;:&quot;&quot;,&quot;weight_html&quot;:&quot;N\\\/A&quot;,&quot;display_name&quot;:&quot;5. \\u00c1o Cho\\u00e0ng T\\u1eafm T\\u1ed5 Ong Lo\\u1ea1i A Kh\\u00e1ch S\\u1ea1n (\\u0110\\u1eb7t May Theo Y\\u00eau C\\u1ea7u)&quot;,&quot;variation_gallery_images&quot;:[{&quot;image_id&quot;:72985,&quot;title&quot;:&quot;\\u00c1o Cho\\u00e0ng T\\u1eafm T\\u1ed5 Ong Lo\\u1ea1i A&quot;,&quot;caption&quot;:&quot;\\u00c1o Cho\\u00e0ng T\\u1eafm T\\u1ed5 Ong Lo\\u1ea1i A&quot;,&quot;url&quot;:&quot;https:\\\/\\\/chanrathanhthuy.com\\\/wp-content\\\/uploads\\\/2023\\\/03\\\/Ao-Choang-Tam-To-Ong-Loai-A-4.png&quot;,&quot;alt&quot;:&quot;\\u00c1o Cho\\u00e0ng T\\u1eafm T\\u1ed5 Ong Lo\\u1ea1i A&quot;,&quot;full_src&quot;:&quot;https:\\\/\\\/chanrathanhthuy.com\\\/wp-content\\\/uploads\\\/2023\\\/03\\\/Ao-Choang-Tam-To-Ong-Loai-A-4.png&quot;,&quot;full_src_w&quot;:&quot;810&quot;,&quot;full_src_h&quot;:&quot;810&quot;,&quot;full_class&quot;:&quot;attachment-full size-full&quot;,&quot;gallery_thumbnail_src&quot;:&quot;https:\\\/\\\/chanrathanhthuy.com\\\/wp-content\\\/uploads\\\/2023\\\/03\\\/Ao-Choang-Tam-To-Ong-Loai-A-4.png&quot;,&quot;gallery_thumbnail_src_w&quot;:&quot;810&quot;,&quot;gallery_thumbnail_src_h&quot;:&quot;810&quot;,&quot;gallery_thumbnail_class&quot;:&quot;attachment-bottom size-bottom&quot;,&quot;archive_src&quot;:&quot;https:\\\/\\\/chanrathanhthuy.com\\\/wp-content\\\/uploads\\\/2023\\\/03\\\/Ao-Choang-Tam-To-Ong-Loai-A-4-300x300.png&quot;,&quot;archive_src_w&quot;:&quot;300&quot;,&quot;archive_src_h&quot;:&quot;300&quot;,&quot;archive_class&quot;:&quot;attachment-woocommerce_thumbnail size-woocommerce_thumbnail&quot;,&quot;src&quot;:&quot;https:\\\/\\\/chanrathanhthuy.com\\\/wp-content\\\/uploads\\\/2023\\\/03\\\/Ao-Choang-Tam-To-Ong-Loai-A-4-600x600.png&quot;,&quot;class&quot;:&quot;wp-post-image rtwpvg-post-image attachment-woocommerce_single size-woocommerce_single &quot;,&quot;src_w&quot;:&quot;600&quot;,&quot;src_h&quot;:&quot;600&quot;,&quot;srcset&quot;:&quot;https:\\\/\\\/chanrathanhthuy.com\\\/wp-content\\\/uploads\\\/2023\\\/03\\\/Ao-Choang-Tam-To-Ong-Loai-A-4-600x600.png 600w, https:\\\/\\\/chanrathanhthuy.com\\\/wp-content\\\/uploads\\\/2023\\\/03\\\/Ao-Choang-Tam-To-Ong-Loai-A-4-300x300.png 300w, https:\\\/\\\/chanrathanhthuy.com\\\/wp-content\\\/uploads\\\/2023\\\/03\\\/Ao-Choang-Tam-To-Ong-Loai-A-4-150x150.png 150w, https:\\\/\\\/chanrathanhthuy.com\\\/wp-content\\\/uploads\\\/2023\\\/03\\\/Ao-Choang-Tam-To-Ong-Loai-A-4-768x768.png 768w, https:\\\/\\\/chanrathanhthuy.com\\\/wp-content\\\/uploads\\\/2023\\\/03\\\/Ao-Choang-Tam-To-Ong-Loai-A-4-100x100.png 100w, https:\\\/\\\/chanrathanhthuy.com\\\/wp-content\\\/uploads\\\/2023\\\/03\\\/Ao-Choang-Tam-To-Ong-Loai-A-4-50x50.png 50w, https:\\\/\\\/chanrathanhthuy.com\\\/wp-content\\\/uploads\\\/2023\\\/03\\\/Ao-Choang-Tam-To-Ong-Loai-A-4.png 810w&quot;,&quot;sizes&quot;:&quot;(max-width: 600px) 100vw, 600px&quot;,&quot;extra_params&quot;:&quot;&quot;,&quot;archive_thumb_url&quot;:&quot;https:\\\/\\\/chanrathanhthuy.com\\\/wp-content\\\/uploads\\\/2023\\\/03\\\/Ao-Choang-Tam-To-Ong-Loai-A-4-150x150.png&quot;},{&quot;image_id&quot;:72858,&quot;title&quot;:&quot;\\u00c1o Cho\\u00e0ng T\\u1eafm T\\u1ed5 Ong Lo\\u1ea1i A&quot;,&quot;caption&quot;:&quot;\\u00c1o Cho\\u00e0ng T\\u1eafm T\\u1ed5 Ong Lo\\u1ea1i A &quot;,&quot;url&quot;:&quot;https:\\\/\\\/chanrathanhthuy.com\\\/wp-content\\\/uploads\\\/2023\\\/03\\\/MG_2448.jpg&quot;,&quot;alt&quot;:&quot;\\u00c1o Cho\\u00e0ng T\\u1eafm T\\u1ed5 Ong Lo\\u1ea1i A&quot;,&quot;full_src&quot;:&quot;https:\\\/\\\/chanrathanhthuy.com\\\/wp-content\\\/uploads\\\/2023\\\/03\\\/MG_2448.jpg&quot;,&quot;full_src_w&quot;:&quot;2500&quot;,&quot;full_src_h&quot;:&quot;2500&quot;,&quot;full_class&quot;:&quot;attachment-full size-full&quot;,&quot;gallery_thumbnail_src&quot;:&quot;https:\\\/\\\/chanrathanhthuy.com\\\/wp-content\\\/uploads\\\/2023\\\/03\\\/MG_2448.jpg&quot;,&quot;gallery_thumbnail_src_w&quot;:&quot;2500&quot;,&quot;gallery_thumbnail_src_h&quot;:&quot;2500&quot;,&quot;gallery_thumbnail_class&quot;:&quot;attachment-bottom size-bottom&quot;,&quot;archive_src&quot;:&quot;https:\\\/\\\/chanrathanhthuy.com\\\/wp-content\\\/uploads\\\/2023\\\/03\\\/MG_2448-300x300.jpg&quot;,&quot;archive_src_w&quot;:&quot;300&quot;,&quot;archive_src_h&quot;:&quot;300&quot;,&quot;archive_class&quot;:&quot;attachment-woocommerce_thumbnail size-woocommerce_thumbnail&quot;,&quot;src&quot;:&quot;https:\\\/\\\/chanrathanhthuy.com\\\/wp-content\\\/uploads\\\/2023\\\/03\\\/MG_2448-600x600.jpg&quot;,&quot;class&quot;:&quot;wp-post-image rtwpvg-post-image attachment-woocommerce_single size-woocommerce_single &quot;,&quot;src_w&quot;:&quot;600&quot;,&quot;src_h&quot;:&quot;600&quot;,&quot;srcset&quot;:&quot;https:\\\/\\\/chanrathanhthuy.com\\\/wp-content\\\/uploads\\\/2023\\\/03\\\/MG_2448-600x600.jpg 600w, https:\\\/\\\/chanrathanhthuy.com\\\/wp-content\\\/uploads\\\/2023\\\/03\\\/MG_2448-300x300.jpg 300w, https:\\\/\\\/chanrathanhthuy.com\\\/wp-content\\\/uploads\\\/2023\\\/03\\\/MG_2448-1024x1024.jpg 1024w, https:\\\/\\\/chanrathanhthuy.com\\\/wp-content\\\/uploads\\\/2023\\\/03\\\/MG_2448-150x150.jpg 150w, https:\\\/\\\/chanrathanhthuy.com\\\/wp-content\\\/uploads\\\/2023\\\/03\\\/MG_2448-768x768.jpg 768w, https:\\\/\\\/chanrathanhthuy.com\\\/wp-content\\\/uploads\\\/2023\\\/03\\\/MG_2448-1536x1536.jpg 1536w, https:\\\/\\\/chanrathanhthuy.com\\\/wp-content\\\/uploads\\\/2023\\\/03\\\/MG_2448-2048x2048.jpg 2048w, https:\\\/\\\/chanrathanhthuy.com\\\/wp-content\\\/uploads\\\/2023\\\/03\\\/MG_2448-100x100.jpg 100w, https:\\\/\\\/chanrathanhthuy.com\\\/wp-content\\\/uploads\\\/2023\\\/03\\\/MG_2448-50x50.jpg 50w&quot;,&quot;sizes&quot;:&quot;(max-width: 600px) 100vw, 600px&quot;,&quot;extra_params&quot;:&quot;&quot;,&quot;archive_thumb_url&quot;:&quot;https:\\\/\\\/chanrathanhthuy.com\\\/wp-content\\\/uploads\\\/2023\\\/03\\\/MG_2448-150x150.jpg&quot;},{&quot;image_id&quot;:72861,&quot;title&quot;:&quot;\\u00c1o Cho\\u00e0ng T\\u1eafm T\\u1ed5 Ong Lo\\u1ea1i A&quot;,&quot;caption&quot;:&quot;\\u00c1o Cho\\u00e0ng T\\u1eafm T\\u1ed5 Ong Lo\\u1ea1i A &quot;,&quot;url&quot;:&quot;https:\\\/\\\/chanrathanhthuy.com\\\/wp-content\\\/uploads\\\/2023\\\/03\\\/MG_2449.jpg&quot;,&quot;alt&quot;:&quot;\\u00c1o Cho\\u00e0ng T\\u1eafm T\\u1ed5 Ong Lo\\u1ea1i A&quot;,&quot;full_src&quot;:&quot;https:\\\/\\\/chanrathanhthuy.com\\\/wp-content\\\/uploads\\\/2023\\\/03\\\/MG_2449.jpg&quot;,&quot;full_src_w&quot;:&quot;2500&quot;,&quot;full_src_h&quot;:&quot;2500&quot;,&quot;full_class&quot;:&quot;attachment-full size-full&quot;,&quot;gallery_thumbnail_src&quot;:&quot;https:\\\/\\\/chanrathanhthuy.com\\\/wp-content\\\/uploads\\\/2023\\\/03\\\/MG_2449.jpg&quot;,&quot;gallery_thumbnail_src_w&quot;:&quot;2500&quot;,&quot;gallery_thumbnail_src_h&quot;:&quot;2500&quot;,&quot;gallery_thumbnail_class&quot;:&quot;attachment-bottom size-bottom&quot;,&quot;archive_src&quot;:&quot;https:\\\/\\\/chanrathanhthuy.com\\\/wp-content\\\/uploads\\\/2023\\\/03\\\/MG_2449-300x300.jpg&quot;,&quot;archive_src_w&quot;:&quot;300&quot;,&quot;archive_src_h&quot;:&quot;300&quot;,&quot;archive_class&quot;:&quot;attachment-woocommerce_thumbnail size-woocommerce_thumbnail&quot;,&quot;src&quot;:&quot;https:\\\/\\\/chanrathanhthuy.com\\\/wp-content\\\/uploads\\\/2023\\\/03\\\/MG_2449-600x600.jpg&quot;,&quot;class&quot;:&quot;wp-post-image rtwpvg-post-image attachment-woocommerce_single size-woocommerce_single &quot;,&quot;src_w&quot;:&quot;600&quot;,&quot;src_h&quot;:&quot;600&quot;,&quot;srcset&quot;:&quot;https:\\\/\\\/chanrathanhthuy.com\\\/wp-content\\\/uploads\\\/2023\\\/03\\\/MG_2449-600x600.jpg 600w, https:\\\/\\\/chanrathanhthuy.com\\\/wp-content\\\/uploads\\\/2023\\\/03\\\/MG_2449-300x300.jpg 300w, https:\\\/\\\/chanrathanhthuy.com\\\/wp-content\\\/uploads\\\/2023\\\/03\\\/MG_2449-1024x1024.jpg 1024w, https:\\\/\\\/chanrathanhthuy.com\\\/wp-content\\\/uploads\\\/2023\\\/03\\\/MG_2449-150x150.jpg 150w, https:\\\/\\\/chanrathanhthuy.com\\\/wp-content\\\/uploads\\\/2023\\\/03\\\/MG_2449-768x768.jpg 768w, https:\\\/\\\/chanrathanhthuy.com\\\/wp-content\\\/uploads\\\/2023\\\/03\\\/MG_2449-1536x1536.jpg 1536w, https:\\\/\\\/chanrathanhthuy.com\\\/wp-content\\\/uploads\\\/2023\\\/03\\\/MG_2449-2048x2048.jpg 2048w, https:\\\/\\\/chanrathanhthuy.com\\\/wp-content\\\/uploads\\\/2023\\\/03\\\/MG_2449-100x100.jpg 100w, https:\\\/\\\/chanrathanhthuy.com\\\/wp-content\\\/uploads\\\/2023\\\/03\\\/MG_2449-50x50.jpg 50w&quot;,&quot;sizes&quot;:&quot;(max-width: 600px) 100vw, 600px&quot;,&quot;extra_params&quot;:&quot;&quot;,&quot;archive_thumb_url&quot;:&quot;https:\\\/\\\/chanrathanhthuy.com\\\/wp-content\\\/uploads\\\/2023\\\/03\\\/MG_2449-150x150.jpg&quot;}]}]\">\n<div data-product_id=\"69060\" data-threshold_min=\"30\" data-threshold_max=\"100\" data-total=\"1\">\n<div class=\"single_variation_wrap\">\n<div class=\"woocommerce-product-details__short-description\">\n<p><span style=\"color: #ff0000;\"><strong>GI\u00c1 \u01afU \u0110\u00c3I T\u1edaI 50% KHI \u0110\u1eb6T MAY THEO Y\u00caU C\u1ea6U<\/strong><\/span><\/p>\n<\/div>\n<\/div>\n<\/div>\n<\/form>\n<\/div>\n","protected":false},"featured_media":75144,"comment_status":"open","ping_status":"closed","template":"","meta":{"_acf_changed":false,"inline_featured_image":false},"product_cat":[2076],"product_tag":[],"class_list":{"0":"post-72469","1":"product","2":"type-product","3":"status-publish","4":"has-post-thumbnail","6":"product_cat-spa","8":"first","9":"instock","10":"purchasable","11":"product-type-variable","12":"rtwpvg-product"},"acf":[],"_links":{"self":[{"href":"https:\/\/chanrathanhthuy.com\/ja\/wp-json\/wp\/v2\/product\/72469","targetHints":{"allow":["GET"]}}],"collection":[{"href":"https:\/\/chanrathanhthuy.com\/ja\/wp-json\/wp\/v2\/product"}],"about":[{"href":"https:\/\/chanrathanhthuy.com\/ja\/wp-json\/wp\/v2\/types\/product"}],"replies":[{"embeddable":true,"href":"https:\/\/chanrathanhthuy.com\/ja\/wp-json\/wp\/v2\/comments?post=72469"}],"wp:featuredmedia":[{"embeddable":true,"href":"https:\/\/chanrathanhthuy.com\/ja\/wp-json\/wp\/v2\/media\/75144"}],"wp:attachment":[{"href":"https:\/\/chanrathanhthuy.com\/ja\/wp-json\/wp\/v2\/media?parent=72469"}],"wp:term":[{"taxonomy":"product_cat","embeddable":true,"href":"https:\/\/chanrathanhthuy.com\/ja\/wp-json\/wp\/v2\/product_cat?post=72469"},{"taxonomy":"product_tag","embeddable":true,"href":"https:\/\/chanrathanhthuy.com\/ja\/wp-json\/wp\/v2\/product_tag?post=72469"}],"curies":[{"name":"wp","href":"https:\/\/api.w.org\/{rel}","templated":true}]}}