{"id":72500,"date":"2025-04-24T03:39:15","date_gmt":"2025-04-24T03:39:15","guid":{"rendered":"https:\/\/chanrathanhthuy.com\/?post_type=product&#038;p=72500"},"modified":"2026-04-13T09:30:43","modified_gmt":"2026-04-13T09:30:43","slug":"tam-tien-nghi-topper-spa-tham-my-vien-quan-massage","status":"publish","type":"product","link":"https:\/\/chanrathanhthuy.com\/ja\/product\/tam-tien-nghi-topper-spa-tham-my-vien-quan-massage\/","title":{"rendered":"T\u1ea5m Ti\u1ec7n Nghi (TOPPER) Spa, Th\u1ea9m M\u1ef9 Vi\u1ec7n, Qu\u00e1n Massage"},"content":{"rendered":"<h1 style=\"text-align: justify;\" data-sourcepos=\"1:1-1:111\">T\u1ea5m Ti\u1ec7n Nghi (Topper) Chuy\u00ean D\u1ee5ng Cho Spa, Th\u1ea9m M\u1ef9 Vi\u1ec7n, Qu\u00e1n Massage \u2013 \u0110\u1ec9nh Cao \u00cam \u00c1i T\u1eeb Ch\u0103n Ra Thanh Th\u1ee7y<\/h1>\n<p style=\"text-align: justify;\" data-sourcepos=\"3:1-3:338\">B\u1ea1n mong mu\u1ed1n n\u00e2ng t\u1ea7m tr\u1ea3i nghi\u1ec7m th\u01b0 gi\u00e3n v\u00e0 s\u1ef1 tho\u1ea3i m\u00e1i cho kh\u00e1ch h\u00e0ng l\u00ean m\u1ed9t \u0111\u1eb3ng c\u1ea5p m\u1edbi t\u1ea1i Spa, Th\u1ea9m M\u1ef9 Vi\u1ec7n hay Qu\u00e1n Massage c\u1ee7a m\u00ecnh? Ch\u0103n Ra Thanh Th\u1ee7y t\u1ef1 h\u00e0o gi\u1edbi thi\u1ec7u T\u1ea5m Ti\u1ec7n Nghi (Topper) chuy\u00ean d\u1ee5ng \u2013 gi\u1ea3i ph\u00e1p ho\u00e0n h\u1ea3o \u0111\u1ec3 bi\u1ebfn m\u1ecdi chi\u1ebfc gi\u01b0\u1eddng tr\u1edf th\u00e0nh m\u1ed9t \u1ed1c \u0111\u1ea3o \u00eam \u00e1i, mang l\u1ea1i c\u1ea3m gi\u00e1c ngh\u1ec9 ng\u01a1i tuy\u1ec7t v\u1eddi nh\u1ea5t.<\/p>\n<p data-sourcepos=\"3:1-3:338\"><a href=\"https:\/\/chanrathanhthuy.com\/wp-content\/uploads\/2024\/07\/do-vai-chan-ga-goi-spa-tham-my-vien-massage.png\"><img loading=\"lazy\" decoding=\"async\" class=\"aligncenter size-full wp-image-63170\" src=\"https:\/\/chanrathanhthuy.com\/wp-content\/uploads\/2024\/07\/do-vai-chan-ga-goi-spa-tham-my-vien-massage.png\" alt=\"\u0111\u1ed3 v\u1ea3i ch\u0103n ga g\u1ed1i spa, th\u1ea9m m\u1ef9 vi\u00ean, massage\" width=\"1200\" height=\"850\" title=\"\" srcset=\"https:\/\/chanrathanhthuy.com\/wp-content\/uploads\/2024\/07\/do-vai-chan-ga-goi-spa-tham-my-vien-massage.png 1200w, https:\/\/chanrathanhthuy.com\/wp-content\/uploads\/2024\/07\/do-vai-chan-ga-goi-spa-tham-my-vien-massage-600x425.png 600w, https:\/\/chanrathanhthuy.com\/wp-content\/uploads\/2024\/07\/do-vai-chan-ga-goi-spa-tham-my-vien-massage-300x213.png 300w, https:\/\/chanrathanhthuy.com\/wp-content\/uploads\/2024\/07\/do-vai-chan-ga-goi-spa-tham-my-vien-massage-1024x725.png 1024w, https:\/\/chanrathanhthuy.com\/wp-content\/uploads\/2024\/07\/do-vai-chan-ga-goi-spa-tham-my-vien-massage-150x106.png 150w, https:\/\/chanrathanhthuy.com\/wp-content\/uploads\/2024\/07\/do-vai-chan-ga-goi-spa-tham-my-vien-massage-768x544.png 768w\" sizes=\"auto, (max-width: 1200px) 100vw, 1200px\" \/><\/a><\/p>\n<h2 style=\"text-align: justify;\" data-sourcepos=\"5:1-5:94\">T\u1ea1i Sao T\u1ea5m Ti\u1ec7n Nghi (Topper) C\u1ee7a Thanh Th\u1ee7y L\u00e0 Kho\u1ea3n \u0110\u1ea7u T\u01b0 Gi\u00e1 Tr\u1ecb Cho Doanh Nghi\u1ec7p B\u1ea1n?<\/h2>\n<p style=\"text-align: justify;\" data-sourcepos=\"7:1-7:373\">Trong ng\u00e0nh d\u1ecbch v\u1ee5 ch\u0103m s\u00f3c s\u1ee9c kh\u1ecfe v\u00e0 l\u00e0m \u0111\u1eb9p, ch\u1ea5t l\u01b0\u1ee3ng gi\u1ea5c ng\u1ee7 v\u00e0 s\u1ef1 tho\u1ea3i m\u00e1i l\u00e0 y\u1ebfu t\u1ed1 then ch\u1ed1t quy\u1ebft \u0111\u1ecbnh s\u1ef1 h\u00e0i l\u00f2ng c\u1ee7a kh\u00e1ch h\u00e0ng. T\u1ea5m Ti\u1ec7n Nghi (Topper) \u0111\u00f3ng vai tr\u00f2 nh\u01b0 m\u1ed9t l\u1edbp \u0111\u1ec7m b\u1ed5 sung, mang l\u1ea1i s\u1ef1 \u00eam \u00e1i v\u00e0 n\u00e2ng \u0111\u1ee1 v\u01b0\u1ee3t tr\u1ed9i. T\u1ea5m Ti\u1ec7n Nghi c\u1ee7a Ch\u0103n Ra Thanh Th\u1ee7y \u0111\u01b0\u1ee3c thi\u1ebft k\u1ebf \u0111\u1eb7c bi\u1ec7t \u0111\u1ec3 \u0111\u00e1p \u1ee9ng nh\u1eefng y\u00eau c\u1ea7u cao nh\u1ea5t c\u1ee7a m\u00f4i tr\u01b0\u1eddng chuy\u00ean nghi\u1ec7p:<\/p>\n<ul style=\"text-align: justify;\" data-sourcepos=\"9:1-12:0\">\n<li data-sourcepos=\"9:1-9:296\">T\u0103ng C\u01b0\u1eddng \u0110\u1ed9 \u00cam \u00c1i &amp; Th\u01b0 Gi\u00e3n Tuy\u1ec7t \u0110\u1ed1i: Topper t\u1ea1o th\u00eam m\u1ed9t l\u1edbp \u0111\u1ec7m m\u1ec1m m\u1ea1i, b\u1ed3ng b\u1ec1nh tr\u00ean b\u1ec1 m\u1eb7t n\u1ec7m, gi\u00fap ph\u00e2n t\u00e1n \u00e1p l\u1ef1c \u0111\u1ed3ng \u0111\u1ec1u, n\u00e2ng \u0111\u1ee1 c\u01a1 th\u1ec3 kh\u00e1ch h\u00e0ng m\u1ed9t c\u00e1ch t\u1ed1i \u01b0u. \u0110i\u1ec1u n\u00e0y mang l\u1ea1i c\u1ea3m gi\u00e1c th\u01b0 gi\u00e3n s\u00e2u, gi\u1ea3m c\u0103ng th\u1eb3ng v\u00e0 gi\u00fap kh\u00e1ch h\u00e0ng t\u1eadn h\u01b0\u1edfng tr\u1ecdn v\u1eb9n li\u1ec7u tr\u00ecnh.<\/li>\n<li data-sourcepos=\"10:1-10:255\">C\u1ea3i Thi\u1ec7n Ch\u1ea5t L\u01b0\u1ee3ng Gi\u01b0\u1eddng Hi\u1ec7n C\u00f3: Thay v\u00ec \u0111\u1ea7u t\u01b0 n\u1ec7m m\u1edbi t\u1ed1n k\u00e9m, Topper l\u00e0 gi\u1ea3i ph\u00e1p hi\u1ec7u qu\u1ea3 \u0111\u1ec3 l\u00e0m m\u1edbi v\u00e0 n\u00e2ng c\u1ea5p \u0111\u1ed9 \u00eam \u00e1i cho nh\u1eefng chi\u1ebfc n\u1ec7m c\u0169 ho\u1eb7c qu\u00e1 c\u1ee9ng. S\u1ea3n ph\u1ea9m gi\u00fap c\u1ea3i thi\u1ec7n \u0111\u00e1ng k\u1ec3 tr\u1ea3i nghi\u1ec7m c\u1ee7a kh\u00e1ch h\u00e0ng m\u00e0 v\u1eabn t\u1ed1i \u01b0u chi ph\u00ed.<\/li>\n<li data-sourcepos=\"11:1-12:0\">B\u1ea3o V\u1ec7 N\u1ec7m Ch\u00ednh &amp; D\u1ec5 D\u00e0ng V\u1ec7 Sinh: T\u1ea5m Ti\u1ec7n Nghi kh\u00f4ng ch\u1ec9 mang l\u1ea1i s\u1ef1 tho\u1ea3i m\u00e1i m\u00e0 c\u00f2n \u0111\u00f3ng vai tr\u00f2 nh\u01b0 m\u1ed9t l\u1edbp b\u1ea3o v\u1ec7 b\u1ed5 sung cho n\u1ec7m ch\u00ednh kh\u1ecfi b\u1ee5i b\u1ea9n, m\u1ed3 h\u00f4i v\u00e0 c\u00e1c t\u00e1c nh\u00e2n g\u00e2y h\u1ea1i. S\u1ea3n ph\u1ea9m c\u1ee7a Ch\u0103n Ra Thanh Th\u1ee7y \u0111\u01b0\u1ee3c thi\u1ebft k\u1ebf \u0111\u1ec3 d\u1ec5 d\u00e0ng th\u00e1o r\u1eddi v\u00e0 v\u1ec7 sinh, \u0111\u1ea3m b\u1ea3o ti\u00eau chu\u1ea9n s\u1ea1ch s\u1ebd v\u00e0 h\u1ee3p v\u1ec7 sinh cho c\u01a1 s\u1edf c\u1ee7a b\u1ea1n.<\/li>\n<\/ul>\n<p><a href=\"https:\/\/chanrathanhthuy.com\/wp-content\/uploads\/2024\/11\/Du-an-Chan-ga-goi-dem-Spa-Tham-my-vien-va-Massage-6.png\"><img loading=\"lazy\" decoding=\"async\" class=\"aligncenter size-full wp-image-66459\" src=\"https:\/\/chanrathanhthuy.com\/wp-content\/uploads\/2024\/11\/Du-an-Chan-ga-goi-dem-Spa-Tham-my-vien-va-Massage-6.png\" alt=\"D\u1ef1 \u00e1n Ch\u0103n ga g\u1ed1i \u0111\u1ec7m Spa, Th\u1ea9m m\u1ef9 vi\u1ec7n v\u00e0 Massage\" width=\"1800\" height=\"900\" title=\"\" srcset=\"https:\/\/chanrathanhthuy.com\/wp-content\/uploads\/2024\/11\/Du-an-Chan-ga-goi-dem-Spa-Tham-my-vien-va-Massage-6.png 1800w, https:\/\/chanrathanhthuy.com\/wp-content\/uploads\/2024\/11\/Du-an-Chan-ga-goi-dem-Spa-Tham-my-vien-va-Massage-6-600x300.png 600w, https:\/\/chanrathanhthuy.com\/wp-content\/uploads\/2024\/11\/Du-an-Chan-ga-goi-dem-Spa-Tham-my-vien-va-Massage-6-300x150.png 300w, https:\/\/chanrathanhthuy.com\/wp-content\/uploads\/2024\/11\/Du-an-Chan-ga-goi-dem-Spa-Tham-my-vien-va-Massage-6-1024x512.png 1024w, https:\/\/chanrathanhthuy.com\/wp-content\/uploads\/2024\/11\/Du-an-Chan-ga-goi-dem-Spa-Tham-my-vien-va-Massage-6-150x75.png 150w, https:\/\/chanrathanhthuy.com\/wp-content\/uploads\/2024\/11\/Du-an-Chan-ga-goi-dem-Spa-Tham-my-vien-va-Massage-6-768x384.png 768w, https:\/\/chanrathanhthuy.com\/wp-content\/uploads\/2024\/11\/Du-an-Chan-ga-goi-dem-Spa-Tham-my-vien-va-Massage-6-1536x768.png 1536w\" sizes=\"auto, (max-width: 1800px) 100vw, 1800px\" \/><\/a><\/p>\n<h3 style=\"text-align: justify;\" data-sourcepos=\"13:1-13:66\">L\u1ee3i \u00cdch N\u1ed5i B\u1eadt Khi L\u1ef1a Ch\u1ecdn T\u1ea5m Ti\u1ec7n Nghi (Topper) Thanh Th\u1ee7y<\/h3>\n<ul style=\"text-align: justify;\" data-sourcepos=\"15:1-19:0\">\n<li data-sourcepos=\"15:1-15:180\">N\u00e2ng T\u1ea7m Tr\u1ea3i Nghi\u1ec7m Kh\u00e1ch H\u00e0ng: Mang \u0111\u1ebfn s\u1ef1 \u00eam \u00e1i v\u01b0\u1ee3t tr\u1ed9i, t\u1ea1o c\u1ea3m gi\u00e1c \u0111\u01b0\u1ee3c n\u00e2ng niu, gi\u00fap kh\u00e1ch h\u00e0ng c\u00f3 nh\u1eefng gi\u00e2y ph\u00fat th\u01b0 gi\u00e3n \u0111\u00e1ng nh\u1edb v\u00e0 t\u0103ng c\u01b0\u1eddng l\u00f2ng trung th\u00e0nh.<\/li>\n<li data-sourcepos=\"16:1-16:167\">T\u1ed1i \u01afu H\u00f3a Chi Ph\u00ed &amp; \u0110\u1ea7u T\u01b0: Gi\u1ea3i ph\u00e1p hi\u1ec7u qu\u1ea3 \u0111\u1ec3 n\u00e2ng c\u1ea5p ch\u1ea5t l\u01b0\u1ee3ng gi\u01b0\u1eddng m\u00e0 kh\u00f4ng c\u1ea7n thay th\u1ebf to\u00e0n b\u1ed9 n\u1ec7m, ti\u1ebft ki\u1ec7m chi ph\u00ed \u0111\u1ea7u t\u01b0 ban \u0111\u1ea7u v\u00e0 b\u1ea3o tr\u00ec.<\/li>\n<li data-sourcepos=\"17:1-17:181\">D\u1ec5 D\u00e0ng V\u1ec7 Sinh &amp; B\u1ea3o Qu\u1ea3n: Ch\u1ea5t li\u1ec7u v\u00e0 c\u1ea5u tr\u00fac \u0111\u01b0\u1ee3c thi\u1ebft k\u1ebf \u0111\u1ec3 d\u1ec5 d\u00e0ng gi\u1eb7t s\u1ea1ch v\u00e0 nhanh kh\u00f4, ph\u00f9 h\u1ee3p v\u1edbi t\u1ea7n su\u1ea5t s\u1eed d\u1ee5ng v\u00e0 y\u00eau c\u1ea7u v\u1ec7 sinh cao trong ng\u00e0nh d\u1ecbch v\u1ee5.<\/li>\n<li data-sourcepos=\"18:1-19:0\">Uy T\u00edn \u0110\u1ea3m B\u1ea3o T\u1eeb Th\u01b0\u01a1ng Hi\u1ec7u H\u00e0ng \u0110\u1ea7u: Ch\u0103n Ra Thanh Th\u1ee7y cam k\u1ebft mang \u0111\u1ebfn s\u1ea3n ph\u1ea9m Topper ch\u1ea5t l\u01b0\u1ee3ng cao, b\u1ec1n b\u1ec9 v\u00e0 an to\u00e0n, l\u00e0 s\u1ef1 l\u1ef1a ch\u1ecdn tin c\u1eady cho Kh\u00e1ch s\u1ea1n, Spa, Th\u1ea9m M\u1ef9 Vi\u1ec7n v\u00e0 Qu\u00e1n Massage c\u1ee7a b\u1ea1n.<\/li>\n<\/ul>\n<p style=\"text-align: justify;\" data-sourcepos=\"20:1-20:242\">H\u00e3y li\u00ean h\u1ec7 ngay v\u1edbi Ch\u0103n Ra Thanh Th\u1ee7y \u0111\u1ec3 \u0111\u01b0\u1ee3c t\u01b0 v\u1ea5n chuy\u00ean s\u00e2u v\u00e0 nh\u1eadn b\u00e1o gi\u00e1 t\u1ed1t nh\u1ea5t cho T\u1ea5m Ti\u1ec7n Nghi (Topper) Spa, Th\u1ea9m M\u1ef9 Vi\u1ec7n, Qu\u00e1n Massage, g\u00f3p ph\u1ea7n ki\u1ebfn t\u1ea1o kh\u00f4ng gian th\u01b0 gi\u00e3n \u0111\u1eb3ng c\u1ea5p v\u00e0 chuy\u00ean nghi\u1ec7p cho kh\u00e1ch h\u00e0ng c\u1ee7a b\u1ea1n.<\/p>\n","protected":false},"excerpt":{"rendered":"<p><span style=\"color: #ff0000;\"><strong>GI\u00c1 \u01afU \u0110\u00c3I T\u1edaI 50% KHI \u0110\u1eb6T MAY THEO Y\u00caU C\u1ea6U<\/strong><\/span><\/p>\n","protected":false},"featured_media":75259,"comment_status":"open","ping_status":"closed","template":"","meta":{"_acf_changed":false,"inline_featured_image":false},"product_cat":[2076],"product_tag":[],"class_list":{"0":"post-72500","1":"product","2":"type-product","3":"status-publish","4":"has-post-thumbnail","6":"product_cat-spa","8":"first","9":"instock","10":"purchasable","11":"product-type-variable","12":"rtwpvg-product"},"acf":[],"_links":{"self":[{"href":"https:\/\/chanrathanhthuy.com\/ja\/wp-json\/wp\/v2\/product\/72500","targetHints":{"allow":["GET"]}}],"collection":[{"href":"https:\/\/chanrathanhthuy.com\/ja\/wp-json\/wp\/v2\/product"}],"about":[{"href":"https:\/\/chanrathanhthuy.com\/ja\/wp-json\/wp\/v2\/types\/product"}],"replies":[{"embeddable":true,"href":"https:\/\/chanrathanhthuy.com\/ja\/wp-json\/wp\/v2\/comments?post=72500"}],"wp:featuredmedia":[{"embeddable":true,"href":"https:\/\/chanrathanhthuy.com\/ja\/wp-json\/wp\/v2\/media\/75259"}],"wp:attachment":[{"href":"https:\/\/chanrathanhthuy.com\/ja\/wp-json\/wp\/v2\/media?parent=72500"}],"wp:term":[{"taxonomy":"product_cat","embeddable":true,"href":"https:\/\/chanrathanhthuy.com\/ja\/wp-json\/wp\/v2\/product_cat?post=72500"},{"taxonomy":"product_tag","embeddable":true,"href":"https:\/\/chanrathanhthuy.com\/ja\/wp-json\/wp\/v2\/product_tag?post=72500"}],"curies":[{"name":"wp","href":"https:\/\/api.w.org\/{rel}","templated":true}]}}