{"id":72503,"date":"2025-04-24T03:43:22","date_gmt":"2025-04-24T03:43:22","guid":{"rendered":"https:\/\/chanrathanhthuy.com\/?post_type=product&#038;p=72503"},"modified":"2026-04-13T06:56:28","modified_gmt":"2026-04-13T06:56:28","slug":"vay-giuong-spa-tham-my-vien-quan-massage","status":"publish","type":"product","link":"https:\/\/chanrathanhthuy.com\/ja\/product\/vay-giuong-spa-tham-my-vien-quan-massage\/","title":{"rendered":"V\u00e1y Gi\u01b0\u1eddng Spa, Th\u1ea9m M\u1ef9 Vi\u1ec7n, Qu\u00e1n Massage"},"content":{"rendered":"<h1 style=\"text-align: justify;\" data-sourcepos=\"7:1-7:75\">V\u00e1y Gi\u01b0\u1eddng Spa, Th\u1ea9m M\u1ef9 Vi\u1ec7n, Qu\u00e1n Massage \u2013 N\u00e2ng T\u1ea7m \u0110\u1eb3ng C\u1ea5p Kh\u00f4ng Gian<\/h1>\n<h2 style=\"text-align: justify;\" data-sourcepos=\"9:1-9:95\">Ch\u0103n Ra Thanh Th\u1ee7y: Gi\u1ea3i Ph\u00e1p V\u00e1y Gi\u01b0\u1eddng Chuy\u00ean Nghi\u1ec7p Cho Spa, Th\u1ea9m M\u1ef9 Vi\u1ec7n v\u00e0 Qu\u00e1n Massage<\/h2>\n<p style=\"text-align: justify;\" data-sourcepos=\"11:1-11:484\">V\u1edbi nhi\u1ec1u n\u0103m kinh nghi\u1ec7m trong l\u0129nh v\u1ef1c cung c\u1ea5p \u0111\u1ed3 v\u1ea3i cao c\u1ea5p, Ch\u0103n Ra Thanh Th\u1ee7y t\u1ef1 h\u00e0o gi\u1edbi thi\u1ec7u d\u00f2ng s\u1ea3n ph\u1ea9m V\u00e1y Gi\u01b0\u1eddng Spa, Th\u1ea9m M\u1ef9 Vi\u1ec7n, Qu\u00e1n Massage chuy\u00ean d\u1ee5ng. Ch\u00fang t\u00f4i hi\u1ec3u r\u1eb1ng, kh\u00f4ng gian spa, th\u1ea9m m\u1ef9 vi\u1ec7n hay qu\u00e1n massage kh\u00f4ng ch\u1ec9 \u0111\u00f2i h\u1ecfi s\u1ef1 s\u1ea1ch s\u1ebd, ti\u1ec7n nghi m\u00e0 c\u00f2n c\u1ea7n to\u00e1t l\u00ean v\u1ebb sang tr\u1ecdng, tinh t\u1ebf v\u00e0 chuy\u00ean nghi\u1ec7p. V\u00e1y gi\u01b0\u1eddng kh\u00f4ng ch\u1ec9 l\u00e0 v\u1eadt d\u1ee5ng b\u1ea3o v\u1ec7 n\u1ec7m m\u00e0 c\u00f2n l\u00e0 \u0111i\u1ec3m nh\u1ea5n th\u1ea9m m\u1ef9, g\u00f3p ph\u1ea7n t\u1ea1o n\u00ean \u1ea5n t\u01b0\u1ee3ng \u0111\u1ea7u ti\u00ean kh\u00f3 phai trong l\u00f2ng kh\u00e1ch h\u00e0ng.<\/p>\n<p data-sourcepos=\"11:1-11:484\"><a href=\"https:\/\/chanrathanhthuy.com\/wp-content\/uploads\/2024\/07\/do-vai-chan-ga-goi-spa-tham-my-vien-massage-1-e1721441108879.png\"><img loading=\"lazy\" decoding=\"async\" class=\"aligncenter size-full wp-image-63182\" src=\"https:\/\/chanrathanhthuy.com\/wp-content\/uploads\/2024\/07\/do-vai-chan-ga-goi-spa-tham-my-vien-massage-1-e1721441108879.png\" alt=\"\u0111\u1ed3 v\u1ea3i ch\u0103n ga g\u1ed1i spa, th\u1ea9m m\u1ef9 vi\u00ean, massage\" width=\"1350\" height=\"938\" title=\"\" srcset=\"https:\/\/chanrathanhthuy.com\/wp-content\/uploads\/2024\/07\/do-vai-chan-ga-goi-spa-tham-my-vien-massage-1-e1721441108879.png 1350w, https:\/\/chanrathanhthuy.com\/wp-content\/uploads\/2024\/07\/do-vai-chan-ga-goi-spa-tham-my-vien-massage-1-e1721441108879-600x417.png 600w, https:\/\/chanrathanhthuy.com\/wp-content\/uploads\/2024\/07\/do-vai-chan-ga-goi-spa-tham-my-vien-massage-1-e1721441108879-300x208.png 300w, https:\/\/chanrathanhthuy.com\/wp-content\/uploads\/2024\/07\/do-vai-chan-ga-goi-spa-tham-my-vien-massage-1-e1721441108879-1024x711.png 1024w, https:\/\/chanrathanhthuy.com\/wp-content\/uploads\/2024\/07\/do-vai-chan-ga-goi-spa-tham-my-vien-massage-1-e1721441108879-150x104.png 150w, https:\/\/chanrathanhthuy.com\/wp-content\/uploads\/2024\/07\/do-vai-chan-ga-goi-spa-tham-my-vien-massage-1-e1721441108879-768x534.png 768w\" sizes=\"auto, (max-width: 1350px) 100vw, 1350px\" \/><\/a><\/p>\n<h3 style=\"text-align: justify;\" data-sourcepos=\"13:1-13:58\">T\u1ea1i Sao N\u00ean Ch\u1ecdn V\u00e1y Gi\u01b0\u1eddng Spa T\u1eeb Ch\u0103n Ra Thanh Th\u1ee7y?<\/h3>\n<ul style=\"text-align: justify;\" data-sourcepos=\"15:1-19:0\">\n<li data-sourcepos=\"15:1-15:133\">Ch\u1ea5t li\u1ec7u cao c\u1ea5p: S\u1ea3n ph\u1ea9m \u0111\u01b0\u1ee3c s\u1ea3n xu\u1ea5t t\u1eeb nh\u1eefng ch\u1ea5t li\u1ec7u b\u1ec1n \u0111\u1eb9p, m\u1ec1m m\u1ea1i, mang l\u1ea1i c\u1ea3m gi\u00e1c d\u1ec5 ch\u1ecbu t\u1ed1i \u0111a cho kh\u00e1ch h\u00e0ng.<\/li>\n<li data-sourcepos=\"16:1-16:278\">Thi\u1ebft k\u1ebf tinh t\u1ebf: Ki\u1ec3u d\u00e1ng \u0111a d\u1ea1ng, m\u00e0u s\u1eafc trang nh\u00e3, ph\u00f9 h\u1ee3p v\u1edbi m\u1ecdi phong c\u00e1ch thi\u1ebft k\u1ebf n\u1ed9i th\u1ea5t, t\u1eeb c\u1ed5 \u0111i\u1ec3n \u0111\u1ebfn hi\u1ec7n \u0111\u1ea1i. V\u00e1y gi\u01b0\u1eddng \u0111\u01b0\u1ee3c thi\u1ebft k\u1ebf th\u00f4ng minh, d\u1ec5 d\u00e0ng th\u00e1o l\u1eafp v\u00e0 v\u1ec7 sinh, \u0111\u1ea3m b\u1ea3o s\u1ef1 ti\u1ec7n l\u1ee3i cho ng\u01b0\u1eddi s\u1eed d\u1ee5ng v\u00e0 duy tr\u00ec v\u1ebb \u0111\u1eb9p l\u00e2u d\u00e0i cho kh\u00f4ng gian.<\/li>\n<li data-sourcepos=\"17:1-17:208\">\u0110\u1ed9 b\u1ec1n v\u01b0\u1ee3t tr\u1ed9i: V\u00e1y gi\u01b0\u1eddng Ch\u0103n Ra Thanh Th\u1ee7y c\u00f3 kh\u1ea3 n\u0103ng ch\u1ecbu \u0111\u01b0\u1ee3c t\u1ea7n su\u1ea5t gi\u1eb7t \u1ee7i cao, gi\u1eef form d\u00e1ng v\u00e0 m\u00e0u s\u1eafc b\u1ec1n \u0111\u1eb9p theo th\u1eddi gian, gi\u00fap ti\u1ebft ki\u1ec7m chi ph\u00ed thay th\u1ebf cho c\u00e1c c\u01a1 s\u1edf kinh doanh.<\/li>\n<li data-sourcepos=\"18:1-19:0\">Ti\u00eau chu\u1ea9n v\u1ec7 sinh cao: S\u1ea3n ph\u1ea9m \u0111\u00e1p \u1ee9ng c\u00e1c ti\u00eau chu\u1ea9n v\u1ec7 sinh kh\u1eaft khe, \u0111\u1ea3m b\u1ea3o m\u00f4i tr\u01b0\u1eddng s\u1ea1ch s\u1ebd v\u00e0 an to\u00e0n cho kh\u00e1ch h\u00e0ng.<\/li>\n<\/ul>\n<p><a href=\"https:\/\/chanrathanhthuy.com\/wp-content\/uploads\/2024\/07\/Phan-khuc-dat-may-chan-ga-goi-Spa-binh-dan-2.png\"><img loading=\"lazy\" decoding=\"async\" class=\"aligncenter size-full wp-image-63125\" src=\"https:\/\/chanrathanhthuy.com\/wp-content\/uploads\/2024\/07\/Phan-khuc-dat-may-chan-ga-goi-Spa-binh-dan-2.png\" alt=\"Ph\u00e2n kh\u00fac \u0111\u1eb7t may ch\u0103n ga g\u1ed1i Spa b\u00ecnh d\u00e2n\" width=\"1200\" height=\"850\" title=\"\" srcset=\"https:\/\/chanrathanhthuy.com\/wp-content\/uploads\/2024\/07\/Phan-khuc-dat-may-chan-ga-goi-Spa-binh-dan-2.png 1200w, https:\/\/chanrathanhthuy.com\/wp-content\/uploads\/2024\/07\/Phan-khuc-dat-may-chan-ga-goi-Spa-binh-dan-2-600x425.png 600w, https:\/\/chanrathanhthuy.com\/wp-content\/uploads\/2024\/07\/Phan-khuc-dat-may-chan-ga-goi-Spa-binh-dan-2-300x213.png 300w, https:\/\/chanrathanhthuy.com\/wp-content\/uploads\/2024\/07\/Phan-khuc-dat-may-chan-ga-goi-Spa-binh-dan-2-1024x725.png 1024w, https:\/\/chanrathanhthuy.com\/wp-content\/uploads\/2024\/07\/Phan-khuc-dat-may-chan-ga-goi-Spa-binh-dan-2-150x106.png 150w, https:\/\/chanrathanhthuy.com\/wp-content\/uploads\/2024\/07\/Phan-khuc-dat-may-chan-ga-goi-Spa-binh-dan-2-768x544.png 768w\" sizes=\"auto, (max-width: 1200px) 100vw, 1200px\" \/><\/a><\/p>\n<p style=\"text-align: justify;\" data-sourcepos=\"20:1-20:253\">\u0110\u1ea7u t\u01b0 v\u00e0o v\u00e1y gi\u01b0\u1eddng ch\u1ea5t l\u01b0\u1ee3ng t\u1eeb Ch\u0103n Ra Thanh Th\u1ee7y ch\u00ednh l\u00e0 \u0111\u1ea7u t\u01b0 v\u00e0o tr\u1ea3i nghi\u1ec7m kh\u00e1ch h\u00e0ng v\u00e0 h\u00ecnh \u1ea3nh th\u01b0\u01a1ng hi\u1ec7u c\u1ee7a b\u1ea1n. H\u00e3y li\u00ean h\u1ec7 v\u1edbi ch\u00fang t\u00f4i \u0111\u1ec3 \u0111\u01b0\u1ee3c t\u01b0 v\u1ea5n v\u00e0 b\u00e1o gi\u00e1 chi ti\u1ebft, gi\u00fap kh\u00f4ng gian kinh doanh c\u1ee7a b\u1ea1n tr\u1edf n\u00ean ho\u00e0n h\u1ea3o h\u01a1n!<\/p>\n<p style=\"text-align: justify;\" data-sourcepos=\"22:1-22:206\">B\u1ea1n c\u00f3 th\u1ec3 tham kh\u1ea3o th\u00eam th\u00f4ng tin t\u1ea1i blog g\u1ed1c: <a class=\"ng-star-inserted\" href=\"https:\/\/chanrathanhthuy.com\/du-an\/bao-gia-khan-va-chan-ga-goi-spa-tham-my-vien-quan-massage\/\" target=\"_blank\" rel=\"noopener\">B\u00e1o Gi\u00e1 Kh\u0103n V\u00e0 Ch\u0103n Ga G\u1ed1i Spa, Th\u1ea9m M\u1ef9 Vi\u1ec7n, Qu\u00e1n Massage<\/a>.<\/p>\n","protected":false},"excerpt":{"rendered":"<p><span style=\"color: #ff0000;\"><strong>GI\u00c1 \u01afU \u0110\u00c3I T\u1edaI 50% KHI \u0110\u1eb6T MAY THEO Y\u00caU C\u1ea6U<\/strong><\/span><\/p>\n","protected":false},"featured_media":75310,"comment_status":"open","ping_status":"closed","template":"","meta":{"_acf_changed":false,"inline_featured_image":false},"product_cat":[2076],"product_tag":[],"class_list":{"0":"post-72503","1":"product","2":"type-product","3":"status-publish","4":"has-post-thumbnail","6":"product_cat-spa","8":"first","9":"instock","10":"taxable","11":"shipping-taxable","12":"purchasable","13":"product-type-variable","14":"rtwpvg-product"},"acf":[],"_links":{"self":[{"href":"https:\/\/chanrathanhthuy.com\/ja\/wp-json\/wp\/v2\/product\/72503","targetHints":{"allow":["GET"]}}],"collection":[{"href":"https:\/\/chanrathanhthuy.com\/ja\/wp-json\/wp\/v2\/product"}],"about":[{"href":"https:\/\/chanrathanhthuy.com\/ja\/wp-json\/wp\/v2\/types\/product"}],"replies":[{"embeddable":true,"href":"https:\/\/chanrathanhthuy.com\/ja\/wp-json\/wp\/v2\/comments?post=72503"}],"wp:featuredmedia":[{"embeddable":true,"href":"https:\/\/chanrathanhthuy.com\/ja\/wp-json\/wp\/v2\/media\/75310"}],"wp:attachment":[{"href":"https:\/\/chanrathanhthuy.com\/ja\/wp-json\/wp\/v2\/media?parent=72503"}],"wp:term":[{"taxonomy":"product_cat","embeddable":true,"href":"https:\/\/chanrathanhthuy.com\/ja\/wp-json\/wp\/v2\/product_cat?post=72503"},{"taxonomy":"product_tag","embeddable":true,"href":"https:\/\/chanrathanhthuy.com\/ja\/wp-json\/wp\/v2\/product_tag?post=72503"}],"curies":[{"name":"wp","href":"https:\/\/api.w.org\/{rel}","templated":true}]}}