{"id":72506,"date":"2025-04-24T03:43:44","date_gmt":"2025-04-24T03:43:44","guid":{"rendered":"https:\/\/chanrathanhthuy.com\/?post_type=product&#038;p=72506"},"modified":"2026-03-26T02:28:05","modified_gmt":"2026-03-26T02:28:05","slug":"tam-lot-giuong-spa-tham-my-vien-quan-massage","status":"publish","type":"product","link":"https:\/\/chanrathanhthuy.com\/ja\/product\/tam-lot-giuong-spa-tham-my-vien-quan-massage\/","title":{"rendered":"T\u1ea5m L\u00f3t Gi\u01b0\u1eddng Spa, Th\u1ea9m M\u1ef9 Vi\u1ec7n, Qu\u00e1n Massage"},"content":{"rendered":"<h1 style=\"text-align: justify;\" data-sourcepos=\"1:1-1:114\">T\u1ea5m L\u00f3t Gi\u01b0\u1eddng Chuy\u00ean D\u1ee5ng Cho Spa, Th\u1ea9m M\u1ef9 Vi\u1ec7n, Qu\u00e1n Massage \u2013 V\u1ec7 Sinh &amp; Tho\u1ea3i M\u00e1i C\u00f9ng Ch\u0103n Ra Thanh Th\u1ee7y<\/h1>\n<p style=\"text-align: justify;\" data-sourcepos=\"3:1-3:348\">B\u1ea1n \u0111ang t\u00ecm ki\u1ebfm gi\u1ea3i ph\u00e1p t\u1ed1i \u01b0u \u0111\u1ec3 b\u1ea3o v\u1ec7 gi\u01b0\u1eddng v\u00e0 mang l\u1ea1i s\u1ef1 tho\u1ea3i m\u00e1i, v\u1ec7 sinh tuy\u1ec7t \u0111\u1ed1i cho kh\u00e1ch h\u00e0ng t\u1ea1i Spa, Th\u1ea9m M\u1ef9 Vi\u1ec7n hay Qu\u00e1n Massage c\u1ee7a m\u00ecnh? Ch\u0103n Ra Thanh Th\u1ee7y t\u1ef1 h\u00e0o gi\u1edbi thi\u1ec7u T\u1ea5m L\u00f3t Gi\u01b0\u1eddng chuy\u00ean d\u1ee5ng \u2013 s\u1ea3n ph\u1ea9m kh\u00f4ng th\u1ec3 thi\u1ebfu \u0111\u1ec3 n\u00e2ng cao ti\u00eau chu\u1ea9n v\u1ec7 sinh, t\u0103ng c\u01b0\u1eddng tr\u1ea3i nghi\u1ec7m v\u00e0 duy tr\u00ec \u0111\u1eb3ng c\u1ea5p cho c\u01a1 s\u1edf c\u1ee7a b\u1ea1n.<\/p>\n<p data-sourcepos=\"3:1-3:348\"><a href=\"https:\/\/chanrathanhthuy.com\/wp-content\/uploads\/2024\/07\/do-vai-chan-ga-goi-spa-tham-my-vien-massage.png\"><img loading=\"lazy\" decoding=\"async\" class=\"aligncenter size-full wp-image-63170\" src=\"https:\/\/chanrathanhthuy.com\/wp-content\/uploads\/2024\/07\/do-vai-chan-ga-goi-spa-tham-my-vien-massage.png\" alt=\"\u0111\u1ed3 v\u1ea3i ch\u0103n ga g\u1ed1i spa, th\u1ea9m m\u1ef9 vi\u00ean, massage\" width=\"1200\" height=\"850\" title=\"\" srcset=\"https:\/\/chanrathanhthuy.com\/wp-content\/uploads\/2024\/07\/do-vai-chan-ga-goi-spa-tham-my-vien-massage.png 1200w, https:\/\/chanrathanhthuy.com\/wp-content\/uploads\/2024\/07\/do-vai-chan-ga-goi-spa-tham-my-vien-massage-600x425.png 600w, https:\/\/chanrathanhthuy.com\/wp-content\/uploads\/2024\/07\/do-vai-chan-ga-goi-spa-tham-my-vien-massage-300x213.png 300w, https:\/\/chanrathanhthuy.com\/wp-content\/uploads\/2024\/07\/do-vai-chan-ga-goi-spa-tham-my-vien-massage-1024x725.png 1024w, https:\/\/chanrathanhthuy.com\/wp-content\/uploads\/2024\/07\/do-vai-chan-ga-goi-spa-tham-my-vien-massage-150x106.png 150w, https:\/\/chanrathanhthuy.com\/wp-content\/uploads\/2024\/07\/do-vai-chan-ga-goi-spa-tham-my-vien-massage-768x544.png 768w\" sizes=\"auto, (max-width: 1200px) 100vw, 1200px\" \/><\/a><\/p>\n<h2 style=\"text-align: justify;\" data-sourcepos=\"5:1-5:83\">T\u1ea1i Sao T\u1ea5m L\u00f3t Gi\u01b0\u1eddng C\u1ee7a Thanh Th\u1ee7y L\u00e0 L\u1ef1a Ch\u1ecdn H\u00e0ng \u0110\u1ea7u Cho Doanh Nghi\u1ec7p B\u1ea1n?<\/h2>\n<p style=\"text-align: justify;\" data-sourcepos=\"7:1-7:315\">Trong ng\u00e0nh d\u1ecbch v\u1ee5 ch\u0103m s\u00f3c s\u1ee9c kh\u1ecfe v\u00e0 s\u1eafc \u0111\u1eb9p, m\u1ed7i chi ti\u1ebft \u0111\u1ec1u \u1ea3nh h\u01b0\u1edfng \u0111\u1ebfn tr\u1ea3i nghi\u1ec7m c\u1ee7a kh\u00e1ch h\u00e0ng. T\u1ea5m l\u00f3t gi\u01b0\u1eddng \u0111\u00f3ng vai tr\u00f2 quan tr\u1ecdng trong vi\u1ec7c t\u1ea1o c\u1ea3m gi\u00e1c s\u1ea1ch s\u1ebd, tho\u1ea3i m\u00e1i v\u00e0 \u0111\u1ea3m b\u1ea3o v\u1ec7 sinh. T\u1ea5m L\u00f3t Gi\u01b0\u1eddng c\u1ee7a Ch\u0103n Ra Thanh Th\u1ee7y \u0111\u01b0\u1ee3c thi\u1ebft k\u1ebf \u0111\u1eb7c bi\u1ec7t \u0111\u1ec3 \u0111\u00e1p \u1ee9ng nh\u1eefng y\u00eau c\u1ea7u kh\u1eaft khe nh\u1ea5t:<\/p>\n<ul style=\"text-align: justify;\" data-sourcepos=\"9:1-12:0\">\n<li data-sourcepos=\"9:1-9:325\">V\u1ec7 Sinh T\u1ed1i \u0110a &amp; B\u1ea3o V\u1ec7 Gi\u01b0\u1eddng Hi\u1ec7u Qu\u1ea3: T\u1ea5m l\u00f3t gi\u01b0\u1eddng t\u1ea1o m\u1ed9t l\u1edbp ng\u0103n c\u00e1ch tr\u1ef1c ti\u1ebfp gi\u1eefa kh\u00e1ch h\u00e0ng v\u00e0 gi\u01b0\u1eddng\/n\u1ec7m, gi\u00fap ng\u0103n ch\u1eb7n m\u1ed3 h\u00f4i, d\u1ea7u massage, m\u1ef9 ph\u1ea9m hay c\u00e1c v\u1ebft b\u1ea9n kh\u00e1c th\u1ea5m v\u00e0o, gi\u1eef cho gi\u01b0\u1eddng lu\u00f4n s\u1ea1ch s\u1ebd. \u0110i\u1ec1u n\u00e0y \u0111\u1eb7c bi\u1ec7t quan tr\u1ecdng trong m\u00f4i tr\u01b0\u1eddng \u0111\u00f2i h\u1ecfi s\u1ef1 v\u00f4 tr\u00f9ng cao nh\u01b0 Spa, Th\u1ea9m M\u1ef9 Vi\u1ec7n.<\/li>\n<li data-sourcepos=\"10:1-10:278\">Ch\u1ea5t Li\u1ec7u Cao C\u1ea5p &amp; Tho\u00e1ng Kh\u00ed: S\u1ea3n ph\u1ea9m \u0111\u01b0\u1ee3c s\u1ea3n xu\u1ea5t t\u1eeb ch\u1ea5t li\u1ec7u v\u1ea3i m\u1ec1m m\u1ea1i, tho\u00e1ng kh\u00ed, mang l\u1ea1i c\u1ea3m gi\u00e1c d\u1ec5 ch\u1ecbu cho da kh\u00e1ch h\u00e0ng. \u0110\u1ed3ng th\u1eddi, ch\u1ea5t li\u1ec7u \u0111\u01b0\u1ee3c l\u1ef1a ch\u1ecdn k\u1ef9 l\u01b0\u1ee1ng \u0111\u1ec3 d\u1ec5 d\u00e0ng gi\u1eb7t s\u1ea1ch v\u00e0 kh\u00f4 nhanh, \u0111\u00e1p \u1ee9ng t\u1ea7n su\u1ea5t s\u1eed d\u1ee5ng cao c\u1ee7a c\u00e1c c\u01a1 s\u1edf d\u1ecbch v\u1ee5.<\/li>\n<li data-sourcepos=\"11:1-12:0\">T\u0103ng C\u01b0\u1eddng Tho\u1ea3i M\u00e1i &amp; Tr\u1ea3i Nghi\u1ec7m: T\u1ea5m l\u00f3t gi\u01b0\u1eddng c\u00f2n g\u00f3p ph\u1ea7n t\u1ea1o th\u00eam m\u1ed9t l\u1edbp \u0111\u1ec7m m\u1ecfng \u00eam \u00e1i, t\u0103ng c\u01b0\u1eddng s\u1ef1 tho\u1ea3i m\u00e1i cho kh\u00e1ch h\u00e0ng trong su\u1ed1t qu\u00e1 tr\u00ecnh n\u1eb1m th\u01b0 gi\u00e3n, n\u00e2ng cao t\u1ed5ng th\u1ec3 ch\u1ea5t l\u01b0\u1ee3ng d\u1ecbch v\u1ee5.<\/li>\n<\/ul>\n<p><a href=\"https:\/\/chanrathanhthuy.com\/wp-content\/uploads\/2024\/07\/ga-giuong-do-vai-chan-ga-goi-spa-tham-my-vien-massage.png\"><img loading=\"lazy\" decoding=\"async\" class=\"aligncenter size-full wp-image-63179\" src=\"https:\/\/chanrathanhthuy.com\/wp-content\/uploads\/2024\/07\/ga-giuong-do-vai-chan-ga-goi-spa-tham-my-vien-massage.png\" alt=\"ga gi\u01b0\u1eddng \u0111\u1ed3 v\u1ea3i ch\u0103n ga g\u1ed1i spa, th\u1ea9m m\u1ef9 vi\u00ean, massage\" width=\"1350\" height=\"1902\" title=\"\" srcset=\"https:\/\/chanrathanhthuy.com\/wp-content\/uploads\/2024\/07\/ga-giuong-do-vai-chan-ga-goi-spa-tham-my-vien-massage.png 1350w, https:\/\/chanrathanhthuy.com\/wp-content\/uploads\/2024\/07\/ga-giuong-do-vai-chan-ga-goi-spa-tham-my-vien-massage-600x845.png 600w, https:\/\/chanrathanhthuy.com\/wp-content\/uploads\/2024\/07\/ga-giuong-do-vai-chan-ga-goi-spa-tham-my-vien-massage-213x300.png 213w, https:\/\/chanrathanhthuy.com\/wp-content\/uploads\/2024\/07\/ga-giuong-do-vai-chan-ga-goi-spa-tham-my-vien-massage-727x1024.png 727w, https:\/\/chanrathanhthuy.com\/wp-content\/uploads\/2024\/07\/ga-giuong-do-vai-chan-ga-goi-spa-tham-my-vien-massage-106x150.png 106w, https:\/\/chanrathanhthuy.com\/wp-content\/uploads\/2024\/07\/ga-giuong-do-vai-chan-ga-goi-spa-tham-my-vien-massage-768x1082.png 768w, https:\/\/chanrathanhthuy.com\/wp-content\/uploads\/2024\/07\/ga-giuong-do-vai-chan-ga-goi-spa-tham-my-vien-massage-1090x1536.png 1090w\" sizes=\"auto, (max-width: 1350px) 100vw, 1350px\" \/><\/a><a href=\"https:\/\/chanrathanhthuy.com\/wp-content\/uploads\/2024\/07\/vay-giuong-do-vai-chan-ga-goi-spa-tham-my-vien-massage-e1721441164911.png\"><img loading=\"lazy\" decoding=\"async\" class=\"aligncenter size-full wp-image-63176\" src=\"https:\/\/chanrathanhthuy.com\/wp-content\/uploads\/2024\/07\/vay-giuong-do-vai-chan-ga-goi-spa-tham-my-vien-massage-e1721441164911.png\" alt=\"v\u00e1y gi\u01b0\u1eddng \u0111\u1ed3 v\u1ea3i ch\u0103n ga g\u1ed1i spa, th\u1ea9m m\u1ef9 vi\u00ean, massage\" width=\"1347\" height=\"2263\" title=\"\" srcset=\"https:\/\/chanrathanhthuy.com\/wp-content\/uploads\/2024\/07\/vay-giuong-do-vai-chan-ga-goi-spa-tham-my-vien-massage-e1721441164911.png 1347w, https:\/\/chanrathanhthuy.com\/wp-content\/uploads\/2024\/07\/vay-giuong-do-vai-chan-ga-goi-spa-tham-my-vien-massage-e1721441164911-600x1008.png 600w, https:\/\/chanrathanhthuy.com\/wp-content\/uploads\/2024\/07\/vay-giuong-do-vai-chan-ga-goi-spa-tham-my-vien-massage-e1721441164911-179x300.png 179w, https:\/\/chanrathanhthuy.com\/wp-content\/uploads\/2024\/07\/vay-giuong-do-vai-chan-ga-goi-spa-tham-my-vien-massage-e1721441164911-610x1024.png 610w, https:\/\/chanrathanhthuy.com\/wp-content\/uploads\/2024\/07\/vay-giuong-do-vai-chan-ga-goi-spa-tham-my-vien-massage-e1721441164911-89x150.png 89w, https:\/\/chanrathanhthuy.com\/wp-content\/uploads\/2024\/07\/vay-giuong-do-vai-chan-ga-goi-spa-tham-my-vien-massage-e1721441164911-768x1290.png 768w, https:\/\/chanrathanhthuy.com\/wp-content\/uploads\/2024\/07\/vay-giuong-do-vai-chan-ga-goi-spa-tham-my-vien-massage-e1721441164911-914x1536.png 914w, https:\/\/chanrathanhthuy.com\/wp-content\/uploads\/2024\/07\/vay-giuong-do-vai-chan-ga-goi-spa-tham-my-vien-massage-e1721441164911-1219x2048.png 1219w\" sizes=\"auto, (max-width: 1347px) 100vw, 1347px\" \/><\/a><\/p>\n<h3 style=\"text-align: justify;\" data-sourcepos=\"13:1-13:58\">L\u1ee3i \u00cdch N\u1ed5i B\u1eadt Khi L\u1ef1a Ch\u1ecdn T\u1ea5m L\u00f3t Gi\u01b0\u1eddng Thanh Th\u1ee7y<\/h3>\n<ul style=\"text-align: justify;\" data-sourcepos=\"15:1-19:0\">\n<li data-sourcepos=\"15:1-15:141\">Duy Tr\u00ec V\u1ec7 Sinh Chuy\u00ean Nghi\u1ec7p: \u0110\u1ea3m b\u1ea3o m\u00f4i tr\u01b0\u1eddng s\u1ea1ch s\u1ebd, an to\u00e0n, g\u00f3p ph\u1ea7n x\u00e2y d\u1ef1ng h\u00ecnh \u1ea3nh uy t\u00edn v\u00e0 s\u1ef1 tin c\u1eady t\u1eeb ph\u00eda kh\u00e1ch h\u00e0ng.<\/li>\n<li data-sourcepos=\"16:1-16:157\">K\u00e9o D\u00e0i Tu\u1ed5i Th\u1ecd Gi\u01b0\u1eddng\/N\u1ec7m: B\u1ea3o v\u1ec7 n\u1ec7m kh\u1ecfi c\u00e1c t\u00e1c nh\u00e2n g\u00e2y h\u1ea1i, gi\u1ea3m thi\u1ec3u chi ph\u00ed b\u1ea3o d\u01b0\u1ee1ng v\u00e0 thay th\u1ebf \u0111\u1ecbnh k\u1ef3, mang l\u1ea1i hi\u1ec7u qu\u1ea3 kinh t\u1ebf l\u00e2u d\u00e0i.<\/li>\n<li data-sourcepos=\"17:1-17:157\">Ti\u1ebft Ki\u1ec7m Th\u1eddi Gian &amp; Chi Ph\u00ed V\u1eadn H\u00e0nh: D\u1ec5 d\u00e0ng th\u00e1o l\u1eafp v\u00e0 gi\u1eb7t gi\u0169, nhanh kh\u00f4, gi\u00fap t\u1ed1i \u01b0u h\u00f3a quy tr\u00ecnh l\u00e0m s\u1ea1ch v\u00e0 ti\u1ebft ki\u1ec7m chi ph\u00ed nh\u00e2n c\u00f4ng.<\/li>\n<li data-sourcepos=\"18:1-19:0\">Uy T\u00edn \u0110\u1ea3m B\u1ea3o T\u1eeb Th\u01b0\u01a1ng Hi\u1ec7u Ch\u0103n Ra Thanh Th\u1ee7y: V\u1edbi nhi\u1ec1u n\u0103m kinh nghi\u1ec7m trong ng\u00e0nh, Ch\u0103n Ra Thanh Th\u1ee7y cam k\u1ebft cung c\u1ea5p c\u00e1c s\u1ea3n ph\u1ea9m v\u1ea3i ch\u1ea5t l\u01b0\u1ee3ng cao, an to\u00e0n v\u00e0 \u0111\u1ea1t ti\u00eau chu\u1ea9n cho Spa, Th\u1ea9m M\u1ef9 Vi\u1ec7n v\u00e0 Qu\u00e1n Massage.<\/li>\n<\/ul>\n<p><a href=\"https:\/\/chanrathanhthuy.com\/wp-content\/uploads\/2024\/07\/Phan-khuc-dat-may-chan-ga-goi-Spa-tam-trung-1.png\"><img loading=\"lazy\" decoding=\"async\" class=\"aligncenter size-full wp-image-63119\" src=\"https:\/\/chanrathanhthuy.com\/wp-content\/uploads\/2024\/07\/Phan-khuc-dat-may-chan-ga-goi-Spa-tam-trung-1.png\" alt=\"Ph\u00e2n kh\u00fac \u0111\u1eb7t may ch\u0103n ga g\u1ed1i Spa t\u1ea7m trung\" width=\"1200\" height=\"850\" title=\"\" srcset=\"https:\/\/chanrathanhthuy.com\/wp-content\/uploads\/2024\/07\/Phan-khuc-dat-may-chan-ga-goi-Spa-tam-trung-1.png 1200w, https:\/\/chanrathanhthuy.com\/wp-content\/uploads\/2024\/07\/Phan-khuc-dat-may-chan-ga-goi-Spa-tam-trung-1-600x425.png 600w, https:\/\/chanrathanhthuy.com\/wp-content\/uploads\/2024\/07\/Phan-khuc-dat-may-chan-ga-goi-Spa-tam-trung-1-300x213.png 300w, https:\/\/chanrathanhthuy.com\/wp-content\/uploads\/2024\/07\/Phan-khuc-dat-may-chan-ga-goi-Spa-tam-trung-1-1024x725.png 1024w, https:\/\/chanrathanhthuy.com\/wp-content\/uploads\/2024\/07\/Phan-khuc-dat-may-chan-ga-goi-Spa-tam-trung-1-150x106.png 150w, https:\/\/chanrathanhthuy.com\/wp-content\/uploads\/2024\/07\/Phan-khuc-dat-may-chan-ga-goi-Spa-tam-trung-1-768x544.png 768w\" sizes=\"auto, (max-width: 1200px) 100vw, 1200px\" \/><\/a> <a href=\"https:\/\/chanrathanhthuy.com\/wp-content\/uploads\/2024\/07\/Phan-khuc-dat-may-chan-ga-goi-Spa-binh-dan-2.png\"><img loading=\"lazy\" decoding=\"async\" class=\"aligncenter size-full wp-image-63125\" src=\"https:\/\/chanrathanhthuy.com\/wp-content\/uploads\/2024\/07\/Phan-khuc-dat-may-chan-ga-goi-Spa-binh-dan-2.png\" alt=\"Ph\u00e2n kh\u00fac \u0111\u1eb7t may ch\u0103n ga g\u1ed1i Spa b\u00ecnh d\u00e2n\" width=\"1200\" height=\"850\" title=\"\" srcset=\"https:\/\/chanrathanhthuy.com\/wp-content\/uploads\/2024\/07\/Phan-khuc-dat-may-chan-ga-goi-Spa-binh-dan-2.png 1200w, https:\/\/chanrathanhthuy.com\/wp-content\/uploads\/2024\/07\/Phan-khuc-dat-may-chan-ga-goi-Spa-binh-dan-2-600x425.png 600w, https:\/\/chanrathanhthuy.com\/wp-content\/uploads\/2024\/07\/Phan-khuc-dat-may-chan-ga-goi-Spa-binh-dan-2-300x213.png 300w, https:\/\/chanrathanhthuy.com\/wp-content\/uploads\/2024\/07\/Phan-khuc-dat-may-chan-ga-goi-Spa-binh-dan-2-1024x725.png 1024w, https:\/\/chanrathanhthuy.com\/wp-content\/uploads\/2024\/07\/Phan-khuc-dat-may-chan-ga-goi-Spa-binh-dan-2-150x106.png 150w, https:\/\/chanrathanhthuy.com\/wp-content\/uploads\/2024\/07\/Phan-khuc-dat-may-chan-ga-goi-Spa-binh-dan-2-768x544.png 768w\" sizes=\"auto, (max-width: 1200px) 100vw, 1200px\" \/><\/a><\/p>\n<p style=\"text-align: justify;\" data-sourcepos=\"20:1-20:227\">H\u00e3y li\u00ean h\u1ec7 ngay v\u1edbi Ch\u0103n Ra Thanh Th\u1ee7y \u0111\u1ec3 \u0111\u01b0\u1ee3c t\u01b0 v\u1ea5n chi ti\u1ebft v\u00e0 nh\u1eadn b\u00e1o gi\u00e1 t\u1ed1t nh\u1ea5t cho T\u1ea5m L\u00f3t Gi\u01b0\u1eddng Spa, Th\u1ea9m M\u1ef9 Vi\u1ec7n, Qu\u00e1n Massage, g\u00f3p ph\u1ea7n ki\u1ebfn t\u1ea1o kh\u00f4ng gian th\u01b0 gi\u00e3n ho\u00e0n h\u1ea3o v\u00e0 chuy\u00ean nghi\u1ec7p cho c\u01a1 s\u1edf c\u1ee7a b\u1ea1n.<\/p>\n","protected":false},"excerpt":{"rendered":"<p><span style=\"color: #ff0000;\"><strong>GI\u00c1 \u01afU \u0110\u00c3I T\u1edaI 50% KHI \u0110\u1eb6T MAY THEO Y\u00caU C\u1ea6U<\/strong><\/span><\/p>\n","protected":false},"featured_media":75316,"comment_status":"open","ping_status":"closed","template":"","meta":{"_acf_changed":false,"inline_featured_image":false},"product_cat":[2076],"product_tag":[],"class_list":{"0":"post-72506","1":"product","2":"type-product","3":"status-publish","4":"has-post-thumbnail","6":"product_cat-spa","8":"first","9":"instock","10":"taxable","11":"shipping-taxable","12":"purchasable","13":"product-type-variable","14":"rtwpvg-product"},"acf":[],"_links":{"self":[{"href":"https:\/\/chanrathanhthuy.com\/ja\/wp-json\/wp\/v2\/product\/72506","targetHints":{"allow":["GET"]}}],"collection":[{"href":"https:\/\/chanrathanhthuy.com\/ja\/wp-json\/wp\/v2\/product"}],"about":[{"href":"https:\/\/chanrathanhthuy.com\/ja\/wp-json\/wp\/v2\/types\/product"}],"replies":[{"embeddable":true,"href":"https:\/\/chanrathanhthuy.com\/ja\/wp-json\/wp\/v2\/comments?post=72506"}],"wp:featuredmedia":[{"embeddable":true,"href":"https:\/\/chanrathanhthuy.com\/ja\/wp-json\/wp\/v2\/media\/75316"}],"wp:attachment":[{"href":"https:\/\/chanrathanhthuy.com\/ja\/wp-json\/wp\/v2\/media?parent=72506"}],"wp:term":[{"taxonomy":"product_cat","embeddable":true,"href":"https:\/\/chanrathanhthuy.com\/ja\/wp-json\/wp\/v2\/product_cat?post=72506"},{"taxonomy":"product_tag","embeddable":true,"href":"https:\/\/chanrathanhthuy.com\/ja\/wp-json\/wp\/v2\/product_tag?post=72506"}],"curies":[{"name":"wp","href":"https:\/\/api.w.org\/{rel}","templated":true}]}}