{"id":72548,"date":"2025-04-24T03:47:39","date_gmt":"2025-04-24T03:47:39","guid":{"rendered":"https:\/\/chanrathanhthuy.com\/?post_type=product&#038;p=72548"},"modified":"2025-07-14T08:06:34","modified_gmt":"2025-07-14T08:06:34","slug":"chan-men-soc-chan-gon-truong-hoc-ky-tuc-xa","status":"publish","type":"product","link":"https:\/\/chanrathanhthuy.com\/ja\/product\/chan-men-soc-chan-gon-truong-hoc-ky-tuc-xa\/","title":{"rendered":"Ch\u0103n, M\u1ec1n S\u1ecdc Ch\u1ea7n G\u00f2n Tr\u01b0\u1eddng H\u1ecdc &#8211; K\u00fd T\u00fac X\u00e1"},"content":{"rendered":"<h2 style=\"text-align: justify;\" data-sourcepos=\"1:1-1:96\">Ch\u0103n, M\u1ec1n S\u1ecdc Ch\u1ea7n G\u00f2n Tr\u01b0\u1eddng H\u1ecdc &#8211; K\u00fd T\u00fac X\u00e1: Ch\u0103n Ra Thanh Th\u1ee7y Gi\u1eef \u1ea4m Gi\u1ea5c Ng\u1ee7 H\u1ecdc Tr\u00f2<\/h2>\n<p style=\"text-align: justify;\" data-sourcepos=\"3:1-3:376\">\u0110\u1ec3 \u0111\u1ea3m b\u1ea3o s\u1ee9c kh\u1ecfe v\u00e0 hi\u1ec7u qu\u1ea3 h\u1ecdc t\u1eadp cho h\u1ecdc sinh, m\u1ed9t chi\u1ebfc ch\u0103n\/m\u1ec1n \u1ea5m \u00e1p, tho\u1ea3i m\u00e1i l\u00e0 v\u00f4 c\u00f9ng c\u1ea7n thi\u1ebft, \u0111\u1eb7c bi\u1ec7t trong m\u00f4i tr\u01b0\u1eddng tr\u01b0\u1eddng h\u1ecdc n\u1ed9i tr\u00fa hay k\u00fd t\u00fac x\u00e1. Ch\u0103n Ra Thanh Th\u1ee7y t\u1ef1 h\u00e0o gi\u1edbi thi\u1ec7u s\u1ea3n ph\u1ea9m Ch\u0103n, M\u1ec1n S\u1ecdc Ch\u1ea7n G\u00f2n Tr\u01b0\u1eddng H\u1ecdc &#8211; K\u00fd T\u00fac X\u00e1 (\u0110\u1eb7t May Theo Y\u00eau C\u1ea7u), gi\u1ea3i ph\u00e1p gi\u1eef \u1ea5m l\u00fd t\u01b0\u1edfng cho h\u1ecdc sinh c\u00e1c c\u1ea5p: M\u1ea7m non, Ti\u1ec3u h\u1ecdc, v\u00e0 Ph\u1ed5 th\u00f4ng.<\/p>\n<p><a href=\"https:\/\/chanrathanhthuy.com\/wp-content\/uploads\/2025\/04\/Bao-gia-chan-ga-goi-truong-hoc-ki-tuc-xa.jpg\"><img loading=\"lazy\" decoding=\"async\" class=\"aligncenter size-full wp-image-76501\" src=\"https:\/\/chanrathanhthuy.com\/wp-content\/uploads\/2025\/04\/Bao-gia-chan-ga-goi-truong-hoc-ki-tuc-xa.jpg\" alt=\"\" width=\"1500\" height=\"1292\" title=\"\" srcset=\"https:\/\/chanrathanhthuy.com\/wp-content\/uploads\/2025\/04\/Bao-gia-chan-ga-goi-truong-hoc-ki-tuc-xa.jpg 1500w, https:\/\/chanrathanhthuy.com\/wp-content\/uploads\/2025\/04\/Bao-gia-chan-ga-goi-truong-hoc-ki-tuc-xa-300x258.jpg 300w, https:\/\/chanrathanhthuy.com\/wp-content\/uploads\/2025\/04\/Bao-gia-chan-ga-goi-truong-hoc-ki-tuc-xa-1024x882.jpg 1024w, https:\/\/chanrathanhthuy.com\/wp-content\/uploads\/2025\/04\/Bao-gia-chan-ga-goi-truong-hoc-ki-tuc-xa-150x129.jpg 150w, https:\/\/chanrathanhthuy.com\/wp-content\/uploads\/2025\/04\/Bao-gia-chan-ga-goi-truong-hoc-ki-tuc-xa-768x662.jpg 768w, https:\/\/chanrathanhthuy.com\/wp-content\/uploads\/2025\/04\/Bao-gia-chan-ga-goi-truong-hoc-ki-tuc-xa-600x517.jpg 600w\" sizes=\"auto, (max-width: 1500px) 100vw, 1500px\" \/><\/a><\/p>\n<h3 style=\"text-align: justify;\" data-sourcepos=\"5:1-5:104\">Ch\u0103n, M\u1ec1n S\u1ecdc Ch\u1ea7n G\u00f2n Tr\u01b0\u1eddng H\u1ecdc Ch\u0103n Ra Thanh Th\u1ee7y: S\u1ef1 K\u1ebft H\u1ee3p Ho\u00e0n H\u1ea3o Gi\u1eefa \u1ea4m \u00c1p v\u00e0 Ti\u1ec7n L\u1ee3i<\/h3>\n<p style=\"text-align: justify;\" data-sourcepos=\"7:1-7:194\">Ch\u0103n, M\u1ec1n S\u1ecdc Ch\u1ea7n G\u00f2n Tr\u01b0\u1eddng H\u1ecdc &#8211; K\u00fd T\u00fac X\u00e1 c\u1ee7a Ch\u0103n Ra Thanh Th\u1ee7y \u0111\u01b0\u1ee3c thi\u1ebft k\u1ebf \u0111\u1ec3 \u0111\u00e1p \u1ee9ng nh\u1eefng y\u00eau c\u1ea7u \u0111\u1eb7c th\u00f9 c\u1ee7a m\u00f4i tr\u01b0\u1eddng gi\u00e1o d\u1ee5c, mang l\u1ea1i s\u1ef1 \u1ea5m \u00e1p, b\u1ec1n b\u1ec9 v\u00e0 d\u1ec5 d\u00e0ng v\u1ec7 sinh:<\/p>\n<ul style=\"text-align: justify;\" data-sourcepos=\"9:1-16:0\">\n<li data-sourcepos=\"9:1-13:217\">Ch\u1ea5t li\u1ec7u \u0111a d\u1ea1ng: Ch\u00fang t\u00f4i cung c\u1ea5p c\u00e1c l\u1ef1a ch\u1ecdn ch\u1ea5t li\u1ec7u ph\u00f9 h\u1ee3p v\u1edbi m\u1ecdi \u0111i\u1ec1u ki\u1ec7n kh\u00ed h\u1eadu v\u00e0 ng\u00e2n s\u00e1ch:\n<ul data-sourcepos=\"10:5-13:217\">\n<li data-sourcepos=\"10:5-10:138\">Polyester: B\u1ec1n b\u1ec9, ch\u1ed1ng nh\u0103n, gi\u1eef \u1ea5m t\u1ed1t, d\u1ec5 gi\u1eb7t v\u00e0 nhanh kh\u00f4, l\u00fd t\u01b0\u1edfng cho vi\u1ec7c s\u1eed d\u1ee5ng th\u01b0\u1eddng xuy\u00ean v\u00e0 gi\u1eb7t t\u1ea9y c\u00f4ng nghi\u1ec7p.<\/li>\n<li data-sourcepos=\"11:5-11:151\">Cotton: M\u1ec1m m\u1ea1i, tho\u00e1ng kh\u00ed, th\u1ea5m h\u00fat m\u1ed3 h\u00f4i hi\u1ec7u qu\u1ea3, mang l\u1ea1i c\u1ea3m gi\u00e1c d\u1ec5 ch\u1ecbu t\u1ed1i \u0111a, \u0111\u1eb7c bi\u1ec7t ph\u00f9 h\u1ee3p cho c\u00e1c em h\u1ecdc sinh \u1edf m\u1ecdi l\u1ee9a tu\u1ed5i.<\/li>\n<li data-sourcepos=\"12:5-12:112\">N\u1ec9: Cung c\u1ea5p \u0111\u1ed9 \u1ea5m v\u01b0\u1ee3t tr\u1ed9i, m\u1ec1m m\u1ea1i, r\u1ea5t th\u00edch h\u1ee3p cho m\u00f9a l\u1ea1nh ho\u1eb7c nh\u1eefng khu v\u1ef1c c\u00f3 nhi\u1ec7t \u0111\u1ed9 th\u1ea5p.<\/li>\n<li data-sourcepos=\"13:5-13:217\">T\u1ec9 l\u1ec7 ch\u1ea5t li\u1ec7u theo y\u00eau c\u1ea7u: Ch\u0103n Ra Thanh Th\u1ee7y linh ho\u1ea1t pha tr\u1ed9n c\u00e1c lo\u1ea1i s\u1ee3i theo t\u1ec9 l\u1ec7 ph\u1ea7n tr\u0103m c\u1ee5 th\u1ec3 (v\u00ed d\u1ee5: Cotton\/Polyester) \u0111\u1ec3 t\u1ed1i \u01b0u h\u00f3a \u0111\u1eb7c t\u00ednh s\u1ea3n ph\u1ea9m, c\u00e2n b\u1eb1ng gi\u1eefa chi ph\u00ed v\u00e0 c\u00f4ng n\u0103ng.<\/li>\n<\/ul>\n<\/li>\n<li data-sourcepos=\"14:1-14:205\">Thi\u1ebft k\u1ebf S\u1ecdc Ch\u1ea7n G\u00f2n: H\u1ecda ti\u1ebft s\u1ecdc ch\u1ea7n g\u00f2n kh\u00f4ng ch\u1ec9 t\u0103ng t\u00ednh th\u1ea9m m\u1ef9, t\u1ea1o v\u1ebb g\u1ecdn g\u00e0ng m\u00e0 c\u00f2n gi\u00fap c\u1ed1 \u0111\u1ecbnh l\u1edbp g\u00f2n b\u00ean trong, tr\u00e1nh x\u00f4 l\u1ec7ch sau nhi\u1ec1u l\u1ea7n gi\u1eb7t, duy tr\u00ec \u0111\u1ed9 ph\u1ed3ng v\u00e0 gi\u1eef \u1ea5m hi\u1ec7u qu\u1ea3.<\/li>\n<li data-sourcepos=\"15:1-16:0\">V\u1ec7 sinh d\u1ec5 d\u00e0ng: S\u1ea3n ph\u1ea9m \u0111\u01b0\u1ee3c thi\u1ebft k\u1ebf \u0111\u1ec3 d\u1ec5 d\u00e0ng gi\u1eb7t gi\u0169 v\u00e0 b\u1ec1n \u0111\u1eb9p theo th\u1eddi gian, h\u1ed7 tr\u1ee3 t\u1ed1i \u0111a c\u00f4ng t\u00e1c qu\u1ea3n l\u00fd c\u1ee7a nh\u00e0 tr\u01b0\u1eddng trong vi\u1ec7c duy tr\u00ec v\u1ec7 sinh.<\/li>\n<\/ul>\n<p><a href=\"https:\/\/chanrathanhthuy.com\/wp-content\/uploads\/2025\/04\/Bao-gia-chan-ga-goi-truong-hoc-ky-tuc-xa-san-pham-chan-men.jpg\"><img loading=\"lazy\" decoding=\"async\" class=\"aligncenter size-full wp-image-76507\" src=\"https:\/\/chanrathanhthuy.com\/wp-content\/uploads\/2025\/04\/Bao-gia-chan-ga-goi-truong-hoc-ky-tuc-xa-san-pham-chan-men.jpg\" alt=\"\" width=\"1500\" height=\"1996\" title=\"\" srcset=\"https:\/\/chanrathanhthuy.com\/wp-content\/uploads\/2025\/04\/Bao-gia-chan-ga-goi-truong-hoc-ky-tuc-xa-san-pham-chan-men.jpg 1500w, https:\/\/chanrathanhthuy.com\/wp-content\/uploads\/2025\/04\/Bao-gia-chan-ga-goi-truong-hoc-ky-tuc-xa-san-pham-chan-men-225x300.jpg 225w, https:\/\/chanrathanhthuy.com\/wp-content\/uploads\/2025\/04\/Bao-gia-chan-ga-goi-truong-hoc-ky-tuc-xa-san-pham-chan-men-770x1024.jpg 770w, https:\/\/chanrathanhthuy.com\/wp-content\/uploads\/2025\/04\/Bao-gia-chan-ga-goi-truong-hoc-ky-tuc-xa-san-pham-chan-men-113x150.jpg 113w, https:\/\/chanrathanhthuy.com\/wp-content\/uploads\/2025\/04\/Bao-gia-chan-ga-goi-truong-hoc-ky-tuc-xa-san-pham-chan-men-768x1022.jpg 768w, https:\/\/chanrathanhthuy.com\/wp-content\/uploads\/2025\/04\/Bao-gia-chan-ga-goi-truong-hoc-ky-tuc-xa-san-pham-chan-men-1154x1536.jpg 1154w, https:\/\/chanrathanhthuy.com\/wp-content\/uploads\/2025\/04\/Bao-gia-chan-ga-goi-truong-hoc-ky-tuc-xa-san-pham-chan-men-600x798.jpg 600w\" sizes=\"auto, (max-width: 1500px) 100vw, 1500px\" \/><\/a><\/p>\n<h3 style=\"text-align: justify;\" data-sourcepos=\"17:1-17:75\">\u0110\u1eb7t May Ch\u0103n, M\u1ec1n S\u1ecdc Ch\u1ea7n G\u00f2n Theo Y\u00eau C\u1ea7u C\u00f9ng Ch\u0103n Ra Thanh Th\u1ee7y<\/h3>\n<p style=\"text-align: justify;\" data-sourcepos=\"19:1-19:269\">Ch\u0103n Ra Thanh Th\u1ee7y cung c\u1ea5p d\u1ecbch v\u1ee5 \u0111\u1eb7t may Ch\u0103n, M\u1ec1n S\u1ecdc Ch\u1ea7n G\u00f2n Tr\u01b0\u1eddng H\u1ecdc &#8211; K\u00fd T\u00fac X\u00e1 theo y\u00eau c\u1ea7u v\u1ec1 k\u00edch th\u01b0\u1edbc, m\u00e0u s\u1eafc v\u00e0 th\u1eadm ch\u00ed l\u00e0 th\u00eau\/in logo c\u1ee7a tr\u01b0\u1eddng. \u0110i\u1ec1u n\u00e0y gi\u00fap c\u00e1c c\u01a1 s\u1edf gi\u00e1o d\u1ee5c t\u1ea1o n\u00ean s\u1ef1 \u0111\u1ed3ng b\u1ed9, chuy\u00ean nghi\u1ec7p v\u00e0 kh\u1eb3ng \u0111\u1ecbnh b\u1ea3n s\u1eafc ri\u00eang.<\/p>\n<p style=\"text-align: justify;\" data-sourcepos=\"21:1-21:254\">H\u00e3y li\u00ean h\u1ec7 ngay v\u1edbi Ch\u0103n Ra Thanh Th\u1ee7y \u0111\u1ec3 \u0111\u01b0\u1ee3c t\u01b0 v\u1ea5n chi ti\u1ebft v\u00e0 nh\u1eadn b\u00e1o gi\u00e1 t\u1ed1t nh\u1ea5t cho gi\u1ea3i ph\u00e1p Ch\u0103n, M\u1ec1n S\u1ecdc Ch\u1ea7n G\u00f2n Tr\u01b0\u1eddng H\u1ecdc &#8211; K\u00fd T\u00fac X\u00e1 ch\u1ea5t l\u01b0\u1ee3ng, g\u00f3p ph\u1ea7n x\u00e2y d\u1ef1ng m\u00f4i tr\u01b0\u1eddng s\u1ed1ng v\u00e0 h\u1ecdc t\u1eadp \u1ea5m \u00e1p, n\u00e2ng cao s\u1ee9c kh\u1ecfe cho th\u1ebf h\u1ec7 tr\u1ebb<\/p>\n","protected":false},"excerpt":{"rendered":"<p><span style=\"color: #ff0000;\"><strong>GI\u00c1 \u01afU \u0110\u00c3I T\u1edaI 50% KHI \u0110\u1eb6T MAY THEO Y\u00caU C\u1ea6U<\/strong><\/span><\/p>\n","protected":false},"featured_media":76547,"comment_status":"open","ping_status":"closed","template":"","meta":{"_acf_changed":false,"inline_featured_image":false},"product_cat":[2075],"product_tag":[],"class_list":{"0":"post-72548","1":"product","2":"type-product","3":"status-publish","4":"has-post-thumbnail","6":"product_cat-truong-hoc-ki-tuc-xa","8":"first","9":"instock","10":"product-type-variable","11":"rtwpvg-product"},"acf":[],"_links":{"self":[{"href":"https:\/\/chanrathanhthuy.com\/ja\/wp-json\/wp\/v2\/product\/72548","targetHints":{"allow":["GET"]}}],"collection":[{"href":"https:\/\/chanrathanhthuy.com\/ja\/wp-json\/wp\/v2\/product"}],"about":[{"href":"https:\/\/chanrathanhthuy.com\/ja\/wp-json\/wp\/v2\/types\/product"}],"replies":[{"embeddable":true,"href":"https:\/\/chanrathanhthuy.com\/ja\/wp-json\/wp\/v2\/comments?post=72548"}],"wp:featuredmedia":[{"embeddable":true,"href":"https:\/\/chanrathanhthuy.com\/ja\/wp-json\/wp\/v2\/media\/76547"}],"wp:attachment":[{"href":"https:\/\/chanrathanhthuy.com\/ja\/wp-json\/wp\/v2\/media?parent=72548"}],"wp:term":[{"taxonomy":"product_cat","embeddable":true,"href":"https:\/\/chanrathanhthuy.com\/ja\/wp-json\/wp\/v2\/product_cat?post=72548"},{"taxonomy":"product_tag","embeddable":true,"href":"https:\/\/chanrathanhthuy.com\/ja\/wp-json\/wp\/v2\/product_tag?post=72548"}],"curies":[{"name":"wp","href":"https:\/\/api.w.org\/{rel}","templated":true}]}}