{"id":72561,"date":"2025-04-24T04:31:11","date_gmt":"2025-04-24T04:31:11","guid":{"rendered":"https:\/\/chanrathanhthuy.com\/?post_type=product&#038;p=72561"},"modified":"2026-04-12T05:47:31","modified_gmt":"2026-04-12T05:47:31","slug":"chan-men-soc-chan-gon-benh-vien","status":"publish","type":"product","link":"https:\/\/chanrathanhthuy.com\/ja\/product\/chan-men-soc-chan-gon-benh-vien\/","title":{"rendered":"Ch\u0103n, M\u1ec1n S\u1ecdc Ch\u1ea7n G\u00f2n B\u1ec7nh Vi\u1ec7n"},"content":{"rendered":"<h1 style=\"text-align: justify;\" data-sourcepos=\"3:1-3:73\">Ch\u0103n, M\u1ec1n S\u1ecdc Ch\u1ea7n G\u00f2n B\u1ec7nh Vi\u1ec7n \u2013 N\u00e2ng T\u1ea7m Ch\u0103m S\u00f3c S\u1ee9c Kh\u1ecfe B\u1ec7nh Nh\u00e2n<\/h1>\n<h2 style=\"text-align: justify;\" data-sourcepos=\"5:1-5:75\">Ch\u0103n Ra Thanh Th\u1ee7y: S\u1ef1 L\u1ef1a Ch\u1ecdn H\u00e0ng \u0110\u1ea7u cho \u0110\u1ed3 V\u1ea3i B\u1ec7nh Vi\u1ec7n Ch\u1ea5t L\u01b0\u1ee3ng<\/h2>\n<p style=\"text-align: justify;\" data-sourcepos=\"7:1-7:430\">Trong m\u00f4i tr\u01b0\u1eddng y t\u1ebf, vi\u1ec7c \u0111\u1ea3m b\u1ea3o v\u1ec7 sinh v\u00e0 s\u1ef1 tho\u1ea3i m\u00e1i cho b\u1ec7nh nh\u00e2n l\u00e0 \u01b0u ti\u00ean h\u00e0ng \u0111\u1ea7u. Ch\u0103n Ra Thanh Th\u1ee7y t\u1ef1 h\u00e0o l\u00e0 nh\u00e0 cung c\u1ea5p uy t\u00edn c\u00e1c s\u1ea3n ph\u1ea9m \u0111\u1ed3 v\u1ea3i b\u1ec7nh vi\u1ec7n, trong \u0111\u00f3 n\u1ed5i b\u1eadt l\u00e0 d\u00f2ng Ch\u0103n, M\u1ec1n S\u1ecdc Ch\u1ea7n G\u00f2n B\u1ec7nh Vi\u1ec7n \u0111\u01b0\u1ee3c thi\u1ebft k\u1ebf \u0111\u1eb7c bi\u1ec7t \u0111\u1ec3 \u0111\u00e1p \u1ee9ng nh\u1eefng ti\u00eau chu\u1ea9n kh\u1eaft khe nh\u1ea5t v\u1ec1 an to\u00e0n v\u00e0 ti\u1ec7n nghi. Ch\u00fang t\u00f4i cam k\u1ebft mang \u0111\u1ebfn nh\u1eefng s\u1ea3n ph\u1ea9m ch\u1ea5t l\u01b0\u1ee3ng, g\u00f3p ph\u1ea7n n\u00e2ng cao tr\u1ea3i nghi\u1ec7m c\u1ee7a ng\u01b0\u1eddi b\u1ec7nh.<\/p>\n<figure id=\"attachment_76550\" aria-describedby=\"caption-attachment-76550\" style=\"width: 1490px\" class=\"wp-caption aligncenter\"><a href=\"https:\/\/chanrathanhthuy.com\/wp-content\/uploads\/2024\/04\/BAO-GIA-DO-VAI-BENH-VIEN-Y-TE.jpg\"><img loading=\"lazy\" decoding=\"async\" class=\"size-full wp-image-76550\" src=\"https:\/\/chanrathanhthuy.com\/wp-content\/uploads\/2024\/04\/BAO-GIA-DO-VAI-BENH-VIEN-Y-TE.jpg\" alt=\"B\u00c1O GI\u00c1 \u0110\u1ed2 V\u1ea2I B\u1ec6NH VI\u1ec6N - Y T\u1ebe\" width=\"1500\" height=\"1175\" title=\"\" srcset=\"https:\/\/chanrathanhthuy.com\/wp-content\/uploads\/2024\/04\/BAO-GIA-DO-VAI-BENH-VIEN-Y-TE.jpg 1500w, https:\/\/chanrathanhthuy.com\/wp-content\/uploads\/2024\/04\/BAO-GIA-DO-VAI-BENH-VIEN-Y-TE-300x235.jpg 300w, https:\/\/chanrathanhthuy.com\/wp-content\/uploads\/2024\/04\/BAO-GIA-DO-VAI-BENH-VIEN-Y-TE-1024x802.jpg 1024w, https:\/\/chanrathanhthuy.com\/wp-content\/uploads\/2024\/04\/BAO-GIA-DO-VAI-BENH-VIEN-Y-TE-150x118.jpg 150w, https:\/\/chanrathanhthuy.com\/wp-content\/uploads\/2024\/04\/BAO-GIA-DO-VAI-BENH-VIEN-Y-TE-768x602.jpg 768w, https:\/\/chanrathanhthuy.com\/wp-content\/uploads\/2024\/04\/BAO-GIA-DO-VAI-BENH-VIEN-Y-TE-600x470.jpg 600w\" sizes=\"auto, (max-width: 1500px) 100vw, 1500px\" \/><\/a><figcaption id=\"caption-attachment-76550\" class=\"wp-caption-text\">B\u00c1O GI\u00c1 \u0110\u1ed2 V\u1ea2I B\u1ec6NH VI\u1ec6N &#8211; Y T\u1ebe<\/figcaption><\/figure>\n<h2 style=\"text-align: justify;\" data-sourcepos=\"9:1-9:56\">\u0110\u1eb7c \u0110i\u1ec3m N\u1ed5i B\u1eadt c\u1ee7a Ch\u0103n, M\u1ec1n S\u1ecdc Ch\u1ea7n G\u00f2n B\u1ec7nh Vi\u1ec7n<\/h2>\n<p style=\"text-align: justify;\" data-sourcepos=\"11:1-11:133\">S\u1ea3n ph\u1ea9m ch\u0103n, m\u1ec1n s\u1ecdc ch\u1ea7n g\u00f2n c\u1ee7a Ch\u0103n Ra Thanh Th\u1ee7y \u0111\u01b0\u1ee3c nghi\u00ean c\u1ee9u v\u00e0 ph\u00e1t tri\u1ec3n d\u1ef1a tr\u00ean nhu c\u1ea7u th\u1ef1c t\u1ebf c\u1ee7a c\u00e1c c\u01a1 s\u1edf y t\u1ebf.<\/p>\n<h3 style=\"text-align: justify;\" data-sourcepos=\"13:1-13:40\">Ch\u1ea5t Li\u1ec7u Cao C\u1ea5p: B\u1ec1n B\u1ec9 v\u00e0 An To\u00e0n<\/h3>\n<p style=\"text-align: justify;\" data-sourcepos=\"15:1-15:412\">Ch\u0103n, m\u1ec1n s\u1ecdc ch\u1ea7n g\u00f2n \u0111\u01b0\u1ee3c s\u1ea3n xu\u1ea5t t\u1eeb ch\u1ea5t li\u1ec7u t\u1ed5ng h\u1ee3p ho\u1eb7c cotton cao c\u1ea5p, \u0111\u1ea3m b\u1ea3o \u0111\u1ed9 b\u1ec1n v\u01b0\u1ee3t tr\u1ed9i v\u00e0 kh\u1ea3 n\u0103ng ch\u1ecbu \u0111\u01b0\u1ee3c quy tr\u00ecnh gi\u1eb7t t\u1ea9y c\u00f4ng nghi\u1ec7p th\u01b0\u1eddng xuy\u00ean. Ch\u1ea5t li\u1ec7u n\u00e0y kh\u00f4ng ch\u1ec9 m\u1ec1m m\u1ea1i, th\u00f4ng tho\u00e1ng, m\u00e0 c\u00f2n an to\u00e0n cho da, h\u1ea1n ch\u1ebf t\u1ed1i \u0111a nguy c\u01a1 g\u00e2y k\u00edch \u1ee9ng cho b\u1ec7nh nh\u00e2n c\u00f3 l\u00e0n da nh\u1ea1y c\u1ea3m. \u0110\u00e2y l\u00e0 y\u1ebfu t\u1ed1 then ch\u1ed1t gi\u00fap duy tr\u00ec m\u00f4i tr\u01b0\u1eddng v\u00f4 tr\u00f9ng v\u00e0 tho\u1ea3i m\u00e1i trong su\u1ed1t qu\u00e1 tr\u00ecnh \u0111i\u1ec1u tr\u1ecb.<\/p>\n<p data-sourcepos=\"15:1-15:412\"><a href=\"https:\/\/chanrathanhthuy.com\/wp-content\/uploads\/2024\/04\/Tong-hop-do-vai-Benh-vien-y-te.png\"><img loading=\"lazy\" decoding=\"async\" class=\"aligncenter size-full wp-image-61667\" src=\"https:\/\/chanrathanhthuy.com\/wp-content\/uploads\/2024\/04\/Tong-hop-do-vai-Benh-vien-y-te.png\" alt=\"T\u1ed5ng h\u1ee3p \u0111\u1ed3 v\u1ea3i B\u1ec7nh vi\u1ec7n - y t\u1ebf\" width=\"1500\" height=\"6188\" title=\"\" srcset=\"https:\/\/chanrathanhthuy.com\/wp-content\/uploads\/2024\/04\/Tong-hop-do-vai-Benh-vien-y-te.png 1500w, https:\/\/chanrathanhthuy.com\/wp-content\/uploads\/2024\/04\/Tong-hop-do-vai-Benh-vien-y-te-600x2475.png 600w, https:\/\/chanrathanhthuy.com\/wp-content\/uploads\/2024\/04\/Tong-hop-do-vai-Benh-vien-y-te-73x300.png 73w, https:\/\/chanrathanhthuy.com\/wp-content\/uploads\/2024\/04\/Tong-hop-do-vai-Benh-vien-y-te-248x1024.png 248w, https:\/\/chanrathanhthuy.com\/wp-content\/uploads\/2024\/04\/Tong-hop-do-vai-Benh-vien-y-te-36x150.png 36w, https:\/\/chanrathanhthuy.com\/wp-content\/uploads\/2024\/04\/Tong-hop-do-vai-Benh-vien-y-te-768x3168.png 768w, https:\/\/chanrathanhthuy.com\/wp-content\/uploads\/2024\/04\/Tong-hop-do-vai-Benh-vien-y-te-372x1536.png 372w\" sizes=\"auto, (max-width: 1500px) 100vw, 1500px\" \/><\/a><\/p>\n<h3 style=\"text-align: justify;\" data-sourcepos=\"17:1-17:44\">Thi\u1ebft K\u1ebf T\u1ed1i \u01afu: S\u1ef1 Tho\u1ea3i M\u00e1i v\u00e0 Th\u1ea9m M\u1ef9<\/h3>\n<p style=\"text-align: justify;\" data-sourcepos=\"19:1-19:398\">V\u1edbi thi\u1ebft k\u1ebf s\u1ecdc \u0111\u1eb7c tr\u01b0ng, ch\u0103n, m\u1ec1n s\u1ecdc ch\u1ea7n g\u00f2n kh\u00f4ng ch\u1ec9 mang l\u1ea1i v\u1ebb ngo\u00e0i chuy\u00ean nghi\u1ec7p, s\u1ea1ch s\u1ebd cho kh\u00f4ng gian b\u1ec7nh vi\u1ec7n m\u00e0 c\u00f2n t\u1ea1o c\u1ea3m gi\u00e1c \u1ea5m c\u00fang cho b\u1ec7nh nh\u00e2n. L\u1edbp ch\u1ea7n g\u00f2n b\u00ean trong gi\u00fap gi\u1eef \u1ea5m hi\u1ec7u qu\u1ea3, \u0111\u1ed3ng th\u1eddi t\u1ea1o \u0111\u1ed9 \u00eam \u00e1i, n\u00e2ng niu gi\u1ea5c ng\u1ee7 c\u1ee7a ng\u01b0\u1eddi b\u1ec7nh. S\u1ef1 k\u1ebft h\u1ee3p gi\u1eefa t\u00ednh n\u0103ng v\u00e0 th\u1ea9m m\u1ef9 gi\u00fap s\u1ea3n ph\u1ea9m c\u1ee7a Ch\u0103n Ra Thanh Th\u1ee7y tr\u1edf th\u00e0nh l\u1ef1a ch\u1ecdn ho\u00e0n h\u1ea3o cho m\u1ecdi ph\u00f2ng b\u1ec7nh.<\/p>\n<h3 style=\"text-align: justify;\" data-sourcepos=\"21:1-21:31\">D\u1ec5 D\u00e0ng V\u1ec7 Sinh v\u00e0 B\u1ea3o Qu\u1ea3n<\/h3>\n<p style=\"text-align: justify;\" data-sourcepos=\"23:1-23:315\">Hi\u1ec3u r\u00f5 t\u1ea7m quan tr\u1ecdng c\u1ee7a v\u1ec7 sinh trong y t\u1ebf, Ch\u0103n Ra Thanh Th\u1ee7y \u0111\u00e3 thi\u1ebft k\u1ebf ch\u0103n, m\u1ec1n s\u1ecdc ch\u1ea7n g\u00f2n d\u1ec5 d\u00e0ng l\u00e0m s\u1ea1ch v\u00e0 kh\u00f4 nhanh, gi\u00fap ti\u1ebft ki\u1ec7m th\u1eddi gian v\u00e0 chi ph\u00ed cho c\u00e1c b\u1ec7nh vi\u1ec7n. Kh\u1ea3 n\u0103ng ch\u1ed1ng b\u00e1m b\u1ea9n v\u00e0 \u0111\u1ed9 b\u1ec1n m\u00e0u cao c\u0169ng l\u00e0 nh\u1eefng \u01b0u \u0111i\u1ec3m n\u1ed5i b\u1eadt, \u0111\u1ea3m b\u1ea3o s\u1ea3n ph\u1ea9m lu\u00f4n nh\u01b0 m\u1edbi d\u00f9 qua nhi\u1ec1u l\u1ea7n gi\u1eb7t.<\/p>\n<p style=\"text-align: justify;\" data-sourcepos=\"25:1-25:143\">\u0110\u1ec3 bi\u1ebft th\u00eam th\u00f4ng tin chi ti\u1ebft v\u1ec1 s\u1ea3n ph\u1ea9m v\u00e0 c\u00e1c gi\u1ea3i ph\u00e1p \u0111\u1ed3 v\u1ea3i b\u1ec7nh vi\u1ec7n kh\u00e1c, b\u1ea1n c\u00f3 th\u1ec3 truy c\u1eadp trang web ch\u00ednh th\u1ee9c c\u1ee7a ch\u00fang t\u00f4i t\u1ea1i:<\/p>\n<ul style=\"text-align: justify;\" data-sourcepos=\"27:1-28:0\">\n<li data-sourcepos=\"27:1-28:0\"><a class=\"ng-star-inserted\" href=\"https:\/\/chanrathanhthuy.com\/du-an\/bao-gia-do-vai-benh-vien-y-te\/\" target=\"_blank\" rel=\"noopener\">B\u00e1o Gi\u00e1 \u0110\u1ed3 V\u1ea3i B\u1ec7nh Vi\u1ec7n Y T\u1ebf<\/a><\/li>\n<\/ul>\n<p style=\"text-align: justify;\" data-sourcepos=\"29:1-29:130\">Li\u00ean h\u1ec7 ngay v\u1edbi Ch\u0103n Ra Thanh Th\u1ee7y \u0111\u1ec3 \u0111\u01b0\u1ee3c t\u01b0 v\u1ea5n v\u00e0 nh\u1eadn b\u00e1o gi\u00e1 t\u1ed1t nh\u1ea5t cho c\u00e1c s\u1ea3n ph\u1ea9m ch\u0103n, m\u1ec1n s\u1ecdc ch\u1ea7n g\u00f2n b\u1ec7nh vi\u1ec7n<\/p>\n","protected":false},"excerpt":{"rendered":"<div class=\"wrap-product-attributes\">\n<div class=\"wrap-product-attributes\">\n<div class=\"wrap-product-attributes\">\n<div class=\"wrap-product-attributes\">\n<p>&nbsp;<\/p>\n<\/div>\n<\/div>\n<\/div>\n<\/div>\n","protected":false},"featured_media":75513,"comment_status":"open","ping_status":"closed","template":"","meta":{"_acf_changed":false,"inline_featured_image":false},"product_cat":[2074],"product_tag":[],"class_list":{"0":"post-72561","1":"product","2":"type-product","3":"status-publish","4":"has-post-thumbnail","6":"product_cat-benh-vien","8":"first","9":"instock","10":"purchasable","11":"product-type-variable","12":"rtwpvg-product"},"acf":[],"_links":{"self":[{"href":"https:\/\/chanrathanhthuy.com\/ja\/wp-json\/wp\/v2\/product\/72561","targetHints":{"allow":["GET"]}}],"collection":[{"href":"https:\/\/chanrathanhthuy.com\/ja\/wp-json\/wp\/v2\/product"}],"about":[{"href":"https:\/\/chanrathanhthuy.com\/ja\/wp-json\/wp\/v2\/types\/product"}],"replies":[{"embeddable":true,"href":"https:\/\/chanrathanhthuy.com\/ja\/wp-json\/wp\/v2\/comments?post=72561"}],"wp:featuredmedia":[{"embeddable":true,"href":"https:\/\/chanrathanhthuy.com\/ja\/wp-json\/wp\/v2\/media\/75513"}],"wp:attachment":[{"href":"https:\/\/chanrathanhthuy.com\/ja\/wp-json\/wp\/v2\/media?parent=72561"}],"wp:term":[{"taxonomy":"product_cat","embeddable":true,"href":"https:\/\/chanrathanhthuy.com\/ja\/wp-json\/wp\/v2\/product_cat?post=72561"},{"taxonomy":"product_tag","embeddable":true,"href":"https:\/\/chanrathanhthuy.com\/ja\/wp-json\/wp\/v2\/product_tag?post=72561"}],"curies":[{"name":"wp","href":"https:\/\/api.w.org\/{rel}","templated":true}]}}