{"id":72569,"date":"2025-04-24T04:31:13","date_gmt":"2025-04-24T04:31:13","guid":{"rendered":"https:\/\/chanrathanhthuy.com\/?post_type=product&#038;p=72569"},"modified":"2026-04-10T14:36:50","modified_gmt":"2026-04-10T14:36:50","slug":"ga-boc-trang-tron-chong-nhan-benh-vien","status":"publish","type":"product","link":"https:\/\/chanrathanhthuy.com\/ja\/product\/ga-boc-trang-tron-chong-nhan-benh-vien\/","title":{"rendered":"Ga B\u1ecdc Tr\u1eafng Tr\u01a1n Ch\u1ed1ng Nh\u0103n B\u1ec7nh Vi\u1ec7n"},"content":{"rendered":"<h1 style=\"text-align: justify;\" data-sourcepos=\"5:1-5:79\">Ga B\u1ecdc Tr\u1eafng Tr\u01a1n Ch\u1ed1ng Nh\u0103n B\u1ec7nh Vi\u1ec7n: Ti\u00eau Chu\u1ea9n V\u00e0ng V\u1ec1 V\u1ec7 Sinh v\u00e0 Th\u1ea9m M\u1ef9<\/h1>\n<h2 style=\"text-align: justify;\" data-sourcepos=\"7:1-7:71\">N\u00e2ng T\u1ea7m Tr\u1ea3i Nghi\u1ec7m B\u1ec7nh Nh\u00e2n v\u1edbi Ga B\u1ecdc Y T\u1ebf T\u1eeb Ch\u0103n Ra Thanh Th\u1ee7y<\/h2>\n<p style=\"text-align: justify;\" data-sourcepos=\"9:1-9:406\">Trong m\u00f4i tr\u01b0\u1eddng y t\u1ebf, s\u1ef1 s\u1ea1ch s\u1ebd, an to\u00e0n v\u00e0 tho\u1ea3i m\u00e1i l\u00e0 nh\u1eefng y\u1ebfu t\u1ed1 then ch\u1ed1t g\u00f3p ph\u1ea7n v\u00e0o qu\u00e1 tr\u00ecnh h\u1ed3i ph\u1ee5c c\u1ee7a b\u1ec7nh nh\u00e2n. Ch\u0103n Ra Thanh Th\u1ee7y t\u1ef1 h\u00e0o l\u00e0 \u0111\u1ed1i t\u00e1c tin c\u1eady c\u1ee7a nhi\u1ec1u b\u1ec7nh vi\u1ec7n, ph\u00f2ng kh\u00e1m, mang \u0111\u1ebfn c\u00e1c gi\u1ea3i ph\u00e1p \u0111\u1ed3 v\u1ea3i chuy\u00ean nghi\u1ec7p, trong \u0111\u00f3 s\u1ea3n ph\u1ea9m Ga B\u1ecdc Tr\u1eafng Tr\u01a1n Ch\u1ed1ng Nh\u0103n B\u1ec7nh Vi\u1ec7n n\u1ed5i b\u1eadt v\u1edbi nh\u1eefng \u01b0u \u0111i\u1ec3m v\u01b0\u1ee3t tr\u1ed9i, \u0111\u00e1p \u1ee9ng t\u1ed1i \u0111a c\u00e1c ti\u00eau chu\u1ea9n v\u1ec1 v\u1ec7 sinh v\u00e0 th\u1ea9m m\u1ef9.<\/p>\n<figure id=\"attachment_76550\" aria-describedby=\"caption-attachment-76550\" style=\"width: 1490px\" class=\"wp-caption aligncenter\"><a href=\"https:\/\/chanrathanhthuy.com\/wp-content\/uploads\/2024\/04\/BAO-GIA-DO-VAI-BENH-VIEN-Y-TE.jpg\"><img loading=\"lazy\" decoding=\"async\" class=\"size-full wp-image-76550\" src=\"https:\/\/chanrathanhthuy.com\/wp-content\/uploads\/2024\/04\/BAO-GIA-DO-VAI-BENH-VIEN-Y-TE.jpg\" alt=\"B\u00c1O GI\u00c1 \u0110\u1ed2 V\u1ea2I B\u1ec6NH VI\u1ec6N - Y T\u1ebe\" width=\"1500\" height=\"1175\" title=\"\" srcset=\"https:\/\/chanrathanhthuy.com\/wp-content\/uploads\/2024\/04\/BAO-GIA-DO-VAI-BENH-VIEN-Y-TE.jpg 1500w, https:\/\/chanrathanhthuy.com\/wp-content\/uploads\/2024\/04\/BAO-GIA-DO-VAI-BENH-VIEN-Y-TE-300x235.jpg 300w, https:\/\/chanrathanhthuy.com\/wp-content\/uploads\/2024\/04\/BAO-GIA-DO-VAI-BENH-VIEN-Y-TE-1024x802.jpg 1024w, https:\/\/chanrathanhthuy.com\/wp-content\/uploads\/2024\/04\/BAO-GIA-DO-VAI-BENH-VIEN-Y-TE-150x118.jpg 150w, https:\/\/chanrathanhthuy.com\/wp-content\/uploads\/2024\/04\/BAO-GIA-DO-VAI-BENH-VIEN-Y-TE-768x602.jpg 768w, https:\/\/chanrathanhthuy.com\/wp-content\/uploads\/2024\/04\/BAO-GIA-DO-VAI-BENH-VIEN-Y-TE-600x470.jpg 600w\" sizes=\"auto, (max-width: 1500px) 100vw, 1500px\" \/><\/a><figcaption id=\"caption-attachment-76550\" class=\"wp-caption-text\">B\u00c1O GI\u00c1 \u0110\u1ed2 V\u1ea2I B\u1ec6NH VI\u1ec6N &#8211; Y T\u1ebe<\/figcaption><\/figure>\n<h2 style=\"text-align: justify;\" data-sourcepos=\"11:1-11:75\">T\u1ea1i Sao Ga B\u1ecdc Tr\u1eafng Tr\u01a1n Ch\u1ed1ng Nh\u0103n L\u00e0 L\u1ef1a Ch\u1ecdn L\u00fd T\u01b0\u1edfng Cho B\u1ec7nh Vi\u1ec7n?<\/h2>\n<p style=\"text-align: justify;\" data-sourcepos=\"13:1-13:109\">S\u1ea3n ph\u1ea9m ga b\u1ecdc c\u1ee7a Ch\u0103n Ra Thanh Th\u1ee7y \u0111\u01b0\u1ee3c thi\u1ebft k\u1ebf \u0111\u1eb7c bi\u1ec7t \u0111\u1ec3 ph\u1ee5c v\u1ee5 nhu c\u1ea7u kh\u1eaft khe c\u1ee7a ng\u00e0nh y t\u1ebf.<\/p>\n<h3 style=\"text-align: justify;\" data-sourcepos=\"15:1-15:45\">Ch\u1ea5t Li\u1ec7u B\u1ec1n B\u1ec9 &amp; Kh\u00e1ng Khu\u1ea9n T\u1ed1i \u01afu<\/h3>\n<p style=\"text-align: justify;\" data-sourcepos=\"17:1-17:437\">Ga B\u1ecdc Tr\u1eafng Tr\u01a1n Ch\u1ed1ng Nh\u0103n B\u1ec7nh Vi\u1ec7n \u0111\u01b0\u1ee3c s\u1ea3n xu\u1ea5t t\u1eeb ch\u1ea5t li\u1ec7u cao c\u1ea5p nh\u01b0 cotton ho\u1eb7c h\u1ed7n h\u1ee3p polyester-cotton (CVC), v\u1edbi m\u1eadt \u0111\u1ed9 s\u1ee3i d\u1ec7t d\u00e0y, \u0111\u1ea3m b\u1ea3o \u0111\u1ed9 b\u1ec1n v\u01b0\u1ee3t tr\u1ed9i. Ch\u1ea5t li\u1ec7u n\u00e0y kh\u00f4ng ch\u1ec9 m\u1ec1m m\u1ea1i, th\u00f4ng tho\u00e1ng m\u00e0 c\u00f2n c\u00f3 kh\u1ea3 n\u0103ng kh\u00e1ng khu\u1ea9n, h\u1ea1n ch\u1ebf s\u1ef1 ph\u00e1t tri\u1ec3n c\u1ee7a vi sinh v\u1eadt, b\u1ea3o v\u1ec7 s\u1ee9c kh\u1ecfe b\u1ec7nh nh\u00e2n. Kh\u1ea3 n\u0103ng ch\u1ecbu \u0111\u01b0\u1ee3c quy tr\u00ecnh gi\u1eb7t t\u1ea9y c\u00f4ng nghi\u1ec7p v\u1edbi nhi\u1ec7t \u0111\u1ed9 cao v\u00e0 h\u00f3a ch\u1ea5t m\u1ea1nh gi\u00fap duy tr\u00ec m\u00f4i tr\u01b0\u1eddng v\u00f4 tr\u00f9ng.<\/p>\n<p data-sourcepos=\"17:1-17:437\"><a href=\"https:\/\/chanrathanhthuy.com\/wp-content\/uploads\/2024\/04\/Tong-hop-do-vai-Benh-vien-y-te.png\"><img loading=\"lazy\" decoding=\"async\" class=\"aligncenter size-full wp-image-61667\" src=\"https:\/\/chanrathanhthuy.com\/wp-content\/uploads\/2024\/04\/Tong-hop-do-vai-Benh-vien-y-te.png\" alt=\"T\u1ed5ng h\u1ee3p \u0111\u1ed3 v\u1ea3i B\u1ec7nh vi\u1ec7n - y t\u1ebf\" width=\"1500\" height=\"6188\" title=\"\" srcset=\"https:\/\/chanrathanhthuy.com\/wp-content\/uploads\/2024\/04\/Tong-hop-do-vai-Benh-vien-y-te.png 1500w, https:\/\/chanrathanhthuy.com\/wp-content\/uploads\/2024\/04\/Tong-hop-do-vai-Benh-vien-y-te-600x2475.png 600w, https:\/\/chanrathanhthuy.com\/wp-content\/uploads\/2024\/04\/Tong-hop-do-vai-Benh-vien-y-te-73x300.png 73w, https:\/\/chanrathanhthuy.com\/wp-content\/uploads\/2024\/04\/Tong-hop-do-vai-Benh-vien-y-te-248x1024.png 248w, https:\/\/chanrathanhthuy.com\/wp-content\/uploads\/2024\/04\/Tong-hop-do-vai-Benh-vien-y-te-36x150.png 36w, https:\/\/chanrathanhthuy.com\/wp-content\/uploads\/2024\/04\/Tong-hop-do-vai-Benh-vien-y-te-768x3168.png 768w, https:\/\/chanrathanhthuy.com\/wp-content\/uploads\/2024\/04\/Tong-hop-do-vai-Benh-vien-y-te-372x1536.png 372w\" sizes=\"auto, (max-width: 1500px) 100vw, 1500px\" \/><\/a><\/p>\n<h3 style=\"text-align: justify;\" data-sourcepos=\"19:1-19:58\">\u0110\u1eb7c T\u00ednh Ch\u1ed1ng Nh\u0103n V\u01b0\u1ee3t Tr\u1ed9i: Lu\u00f4n G\u1ecdn G\u00e0ng, S\u1ea1ch \u0110\u1eb9p<\/h3>\n<p style=\"text-align: justify;\" data-sourcepos=\"21:1-21:381\">\u0110i\u1ec3m \u0111\u1eb7c bi\u1ec7t c\u1ee7a d\u00f2ng ga b\u1ecdc n\u00e0y l\u00e0 kh\u1ea3 n\u0103ng ch\u1ed1ng nh\u0103n hi\u1ec7u qu\u1ea3. B\u1ec1 m\u1eb7t ga lu\u00f4n ph\u1eb3ng phiu, kh\u00f4ng b\u1ecb x\u00f4 l\u1ec7ch hay nh\u0103n nh\u00fam d\u00f9 b\u1ec7nh nh\u00e2n di chuy\u1ec3n, mang l\u1ea1i v\u1ebb ngo\u00e0i g\u1ecdn g\u00e0ng, chuy\u00ean nghi\u1ec7p cho gi\u01b0\u1eddng b\u1ec7nh. \u0110i\u1ec1u n\u00e0y kh\u00f4ng ch\u1ec9 t\u1ea1o c\u1ea3m gi\u00e1c d\u1ec5 ch\u1ecbu cho ng\u01b0\u1eddi b\u1ec7nh m\u00e0 c\u00f2n gi\u00fap nh\u00e2n vi\u00ean y t\u1ebf d\u1ec5 d\u00e0ng trong vi\u1ec7c s\u1eafp x\u1ebfp, v\u1ec7 sinh, g\u00f3p ph\u1ea7n t\u1ea1o n\u00ean m\u1ed9t kh\u00f4ng gian \u0111i\u1ec1u tr\u1ecb t\u00edch c\u1ef1c.<\/p>\n<h3 style=\"text-align: justify;\" data-sourcepos=\"23:1-23:55\">M\u00e0u S\u1eafc Tr\u1eafng Tinh Khi\u1ebft: D\u1ec5 D\u00e0ng Ki\u1ec3m So\u00e1t V\u1ec7 Sinh<\/h3>\n<p style=\"text-align: justify;\" data-sourcepos=\"25:1-25:342\">M\u00e0u tr\u1eafng tinh khi\u1ebft c\u1ee7a Ga B\u1ecdc Tr\u1eafng Tr\u01a1n Ch\u1ed1ng Nh\u0103n B\u1ec7nh Vi\u1ec7n l\u00e0 m\u00e0u s\u1eafc ti\u00eau chu\u1ea9n trong c\u00e1c c\u01a1 s\u1edf y t\u1ebf. M\u00e0u tr\u1eafng gi\u00fap d\u1ec5 d\u00e0ng nh\u1eadn bi\u1ebft v\u1ebft b\u1ea9n, d\u1ea5u hi\u1ec7u \u00f4 nhi\u1ec5m, t\u1eeb \u0111\u00f3 \u0111\u1ea3m b\u1ea3o c\u00f4ng t\u00e1c v\u1ec7 sinh \u0111\u01b0\u1ee3c th\u1ef1c hi\u1ec7n tri\u1ec7t \u0111\u1ec3 v\u00e0 nhanh ch\u00f3ng. \u0110\u00e2y l\u00e0 y\u1ebfu t\u1ed1 quan tr\u1ecdng \u0111\u1ec3 duy tr\u00ec m\u00f4i tr\u01b0\u1eddng s\u1ea1ch s\u1ebd, an to\u00e0n, gi\u1ea3m thi\u1ec3u nguy c\u01a1 l\u00e2y nhi\u1ec5m ch\u00e9o.<\/p>\n<p style=\"text-align: justify;\" data-sourcepos=\"27:1-27:201\">V\u1edbi cam k\u1ebft v\u1ec1 ch\u1ea5t l\u01b0\u1ee3ng v\u00e0 s\u1ef1 am hi\u1ec3u s\u00e2u s\u1eafc nhu c\u1ea7u c\u1ee7a ng\u00e0nh y t\u1ebf, Ch\u0103n Ra Thanh Th\u1ee7y t\u1ef1 tin mang \u0111\u1ebfn nh\u1eefng s\u1ea3n ph\u1ea9m ga b\u1ecdc b\u1ec7nh vi\u1ec7n t\u1ed1t nh\u1ea5t, g\u00f3p ph\u1ea7n n\u00e2ng cao ch\u1ea5t l\u01b0\u1ee3ng ch\u0103m s\u00f3c b\u1ec7nh nh\u00e2n.<\/p>\n<p style=\"text-align: justify;\" data-sourcepos=\"29:1-29:124\">\u0110\u1ec3 t\u00ecm hi\u1ec3u th\u00eam v\u1ec1 c\u00e1c s\u1ea3n ph\u1ea9m \u0111\u1ed3 v\u1ea3i y t\u1ebf v\u00e0 nh\u1eadn b\u00e1o gi\u00e1 chi ti\u1ebft, vui l\u00f2ng li\u00ean h\u1ec7 Ch\u0103n Ra Thanh Th\u1ee7y ngay h\u00f4m nay.<\/p>\n","protected":false},"excerpt":{"rendered":"<div class=\"wrap-product-attributes\">\n<form class=\"variations_form cart wvs-loaded\" action=\"https:\/\/chanrathanhthuy.com\/chan-ga-khach-san\/khach-san-homestay-nha-nghi\/ga-boc-trang-tron-khach-san\/\" enctype=\"multipart\/form-data\" method=\"post\" data-product_id=\"69213\" data-product_variations=\"false\">\n<div data-product_id=\"69213\" data-threshold_min=\"30\" data-threshold_max=\"100\" data-total=\"64\">\n<div class=\"single_variation_wrap\">\n<div class=\"woocommerce-product-details__short-description\">\n<p><span style=\"color: #ff0000;\"><strong>GI\u00c1 \u01afU \u0110\u00c3I T\u1edaI 50% KHI \u0110\u1eb6T MAY THEO Y\u00caU C\u1ea6U<\/strong><\/span><\/p>\n<\/div>\n<\/div>\n<\/div>\n<\/form>\n<\/div>\n","protected":false},"featured_media":75516,"comment_status":"open","ping_status":"closed","template":"","meta":{"_acf_changed":false,"inline_featured_image":false},"product_cat":[2074],"product_tag":[],"class_list":{"0":"post-72569","1":"product","2":"type-product","3":"status-publish","4":"has-post-thumbnail","6":"product_cat-benh-vien","8":"first","9":"instock","10":"purchasable","11":"product-type-variable","12":"rtwpvg-product"},"acf":[],"_links":{"self":[{"href":"https:\/\/chanrathanhthuy.com\/ja\/wp-json\/wp\/v2\/product\/72569","targetHints":{"allow":["GET"]}}],"collection":[{"href":"https:\/\/chanrathanhthuy.com\/ja\/wp-json\/wp\/v2\/product"}],"about":[{"href":"https:\/\/chanrathanhthuy.com\/ja\/wp-json\/wp\/v2\/types\/product"}],"replies":[{"embeddable":true,"href":"https:\/\/chanrathanhthuy.com\/ja\/wp-json\/wp\/v2\/comments?post=72569"}],"wp:featuredmedia":[{"embeddable":true,"href":"https:\/\/chanrathanhthuy.com\/ja\/wp-json\/wp\/v2\/media\/75516"}],"wp:attachment":[{"href":"https:\/\/chanrathanhthuy.com\/ja\/wp-json\/wp\/v2\/media?parent=72569"}],"wp:term":[{"taxonomy":"product_cat","embeddable":true,"href":"https:\/\/chanrathanhthuy.com\/ja\/wp-json\/wp\/v2\/product_cat?post=72569"},{"taxonomy":"product_tag","embeddable":true,"href":"https:\/\/chanrathanhthuy.com\/ja\/wp-json\/wp\/v2\/product_tag?post=72569"}],"curies":[{"name":"wp","href":"https:\/\/api.w.org\/{rel}","templated":true}]}}