{"id":72589,"date":"2025-04-24T04:31:22","date_gmt":"2025-04-24T04:31:22","guid":{"rendered":"https:\/\/chanrathanhthuy.com\/?post_type=product&#038;p=72589"},"modified":"2025-07-14T07:59:25","modified_gmt":"2025-07-14T07:59:25","slug":"ruot-goi-benh-vien","status":"publish","type":"product","link":"https:\/\/chanrathanhthuy.com\/ja\/product\/ruot-goi-benh-vien\/","title":{"rendered":"Ru\u1ed9t G\u1ed1i B\u1ec7nh Vi\u1ec7n"},"content":{"rendered":"<h1 style=\"text-align: justify;\" data-sourcepos=\"1:1-1:70\">Ru\u1ed9t G\u1ed1i B\u1ec7nh Vi\u1ec7n: N\u00e2ng T\u1ea7m Gi\u1ea5c Ng\u1ee7 H\u1ed3i Ph\u1ee5c T\u1eeb Ch\u0103n Ra Thanh Th\u1ee7y<\/h1>\n<h2 style=\"text-align: justify;\" data-sourcepos=\"3:1-3:64\">Ch\u0103n Ra Thanh Th\u1ee7y: Cam K\u1ebft Ch\u1ea5t L\u01b0\u1ee3ng Cho Gi\u1ea5c Ng\u1ee7 B\u1ec7nh Nh\u00e2n<\/h2>\n<p style=\"text-align: justify;\" data-sourcepos=\"5:1-5:486\">Trong h\u00e0nh tr\u00ecnh h\u1ed3i ph\u1ee5c c\u1ee7a b\u1ec7nh nh\u00e2n, m\u1ed9t gi\u1ea5c ng\u1ee7 ngon v\u00e0 tho\u1ea3i m\u00e1i \u0111\u00f3ng vai tr\u00f2 v\u00f4 c\u00f9ng quan tr\u1ecdng. Hi\u1ec3u \u0111\u01b0\u1ee3c \u0111i\u1ec1u n\u00e0y, Ch\u0103n Ra Thanh Th\u1ee7y t\u1ef1 h\u00e0o l\u00e0 nh\u00e0 cung c\u1ea5p h\u00e0ng \u0111\u1ea7u c\u00e1c s\u1ea3n ph\u1ea9m y t\u1ebf, trong \u0111\u00f3 n\u1ed5i b\u1eadt l\u00e0 d\u00f2ng Ru\u1ed9t G\u1ed1i B\u1ec7nh Vi\u1ec7n \u0111\u01b0\u1ee3c thi\u1ebft k\u1ebf chuy\u00ean bi\u1ec7t. V\u1edbi s\u1ef1 k\u1ebft h\u1ee3p gi\u1eefa ch\u1ea5t li\u1ec7u cao c\u1ea5p v\u00e0 quy tr\u00ecnh s\u1ea3n xu\u1ea5t nghi\u00eam ng\u1eb7t, ru\u1ed9t g\u1ed1i c\u1ee7a ch\u00fang t\u00f4i kh\u00f4ng ch\u1ec9 mang l\u1ea1i s\u1ef1 \u00eam \u00e1i m\u00e0 c\u00f2n \u0111\u1ea3m b\u1ea3o v\u1ec7 sinh t\u1ed1i \u0111a, g\u00f3p ph\u1ea7n n\u00e2ng cao hi\u1ec7u qu\u1ea3 \u0111i\u1ec1u tr\u1ecb v\u00e0 ph\u1ee5c h\u1ed3i s\u1ee9c kh\u1ecfe.<\/p>\n<figure id=\"attachment_76550\" aria-describedby=\"caption-attachment-76550\" style=\"width: 1490px\" class=\"wp-caption aligncenter\"><a href=\"https:\/\/chanrathanhthuy.com\/wp-content\/uploads\/2024\/04\/BAO-GIA-DO-VAI-BENH-VIEN-Y-TE.jpg\"><img loading=\"lazy\" decoding=\"async\" class=\"size-full wp-image-76550\" src=\"https:\/\/chanrathanhthuy.com\/wp-content\/uploads\/2024\/04\/BAO-GIA-DO-VAI-BENH-VIEN-Y-TE.jpg\" alt=\"B\u00c1O GI\u00c1 \u0110\u1ed2 V\u1ea2I B\u1ec6NH VI\u1ec6N - Y T\u1ebe\" width=\"1500\" height=\"1175\" title=\"\" srcset=\"https:\/\/chanrathanhthuy.com\/wp-content\/uploads\/2024\/04\/BAO-GIA-DO-VAI-BENH-VIEN-Y-TE.jpg 1500w, https:\/\/chanrathanhthuy.com\/wp-content\/uploads\/2024\/04\/BAO-GIA-DO-VAI-BENH-VIEN-Y-TE-300x235.jpg 300w, https:\/\/chanrathanhthuy.com\/wp-content\/uploads\/2024\/04\/BAO-GIA-DO-VAI-BENH-VIEN-Y-TE-1024x802.jpg 1024w, https:\/\/chanrathanhthuy.com\/wp-content\/uploads\/2024\/04\/BAO-GIA-DO-VAI-BENH-VIEN-Y-TE-150x118.jpg 150w, https:\/\/chanrathanhthuy.com\/wp-content\/uploads\/2024\/04\/BAO-GIA-DO-VAI-BENH-VIEN-Y-TE-768x602.jpg 768w, https:\/\/chanrathanhthuy.com\/wp-content\/uploads\/2024\/04\/BAO-GIA-DO-VAI-BENH-VIEN-Y-TE-600x470.jpg 600w\" sizes=\"auto, (max-width: 1500px) 100vw, 1500px\" \/><\/a><figcaption id=\"caption-attachment-76550\" class=\"wp-caption-text\">B\u00c1O GI\u00c1 \u0110\u1ed2 V\u1ea2I B\u1ec6NH VI\u1ec6N &#8211; Y T\u1ebe<\/figcaption><\/figure>\n<h2 style=\"text-align: justify;\" data-sourcepos=\"7:1-7:65\">\u01afu \u0110i\u1ec3m V\u01b0\u1ee3t Tr\u1ed9i c\u1ee7a Ru\u1ed9t G\u1ed1i B\u1ec7nh Vi\u1ec7n T\u1eeb Ch\u0103n Ra Thanh Th\u1ee7y<\/h2>\n<p style=\"text-align: justify;\" data-sourcepos=\"9:1-9:132\">S\u1ea3n ph\u1ea9m ru\u1ed9t g\u1ed1i c\u1ee7a Ch\u0103n Ra Thanh Th\u1ee7y \u0111\u01b0\u1ee3c nghi\u00ean c\u1ee9u v\u00e0 ph\u00e1t tri\u1ec3n \u0111\u1ec3 \u0111\u00e1p \u1ee9ng m\u1ecdi ti\u00eau chu\u1ea9n kh\u1eaft khe trong m\u00f4i tr\u01b0\u1eddng y t\u1ebf.<\/p>\n<h3 style=\"text-align: justify;\" data-sourcepos=\"11:1-11:59\">Ch\u1ea5t Li\u1ec7u An To\u00e0n &amp; \u0110a D\u1ea1ng: \u00cam \u00c1i v\u00e0 H\u1ed7 Tr\u1ee3 T\u1ed1i \u01afu<\/h3>\n<p style=\"text-align: justify;\" data-sourcepos=\"13:1-13:138\">Ru\u1ed9t G\u1ed1i B\u1ec7nh Vi\u1ec7n t\u1eeb Ch\u0103n Ra Thanh Th\u1ee7y \u0111\u01b0\u1ee3c s\u1ea3n xu\u1ea5t t\u1eeb c\u00e1c ch\u1ea5t li\u1ec7u \u0111\u01b0\u1ee3c l\u1ef1a ch\u1ecdn k\u1ef9 l\u01b0\u1ee1ng \u0111\u1ec3 \u0111\u1ea3m b\u1ea3o s\u1ef1 tho\u1ea3i m\u00e1i v\u00e0 an to\u00e0n:<\/p>\n<ul style=\"text-align: justify;\" data-sourcepos=\"14:1-16:0\">\n<li data-sourcepos=\"14:1-14:139\">G\u00f2n Polyester (100% Polyester): Mang l\u1ea1i \u0111\u1ed9 ph\u1ed3ng, \u00eam \u00e1i v\u00e0 kh\u1ea3 n\u0103ng gi\u1eef form t\u1ed1t, l\u00fd t\u01b0\u1edfng cho nh\u1eefng ng\u01b0\u1eddi c\u1ea7n s\u1ef1 n\u00e2ng \u0111\u1ee1 v\u1eefng ch\u1eafc.<\/li>\n<li data-sourcepos=\"15:1-16:0\">G\u00f2n L\u00f4ng V\u0169 Nh\u00e2n T\u1ea1o (60% Cotton, 40% Polyester): K\u1ebft h\u1ee3p s\u1ef1 m\u1ec1m m\u1ea1i c\u1ee7a cotton v\u1edbi \u0111\u1ed9 b\u1ec1n c\u1ee7a polyester, t\u1ea1o c\u1ea3m gi\u00e1c b\u1ed3ng b\u1ec1nh, tho\u00e1ng kh\u00ed, m\u00f4 ph\u1ecfng s\u1ef1 nh\u1eb9 nh\u00e0ng c\u1ee7a l\u00f4ng v\u0169 t\u1ef1 nhi\u00ean nh\u01b0ng v\u1eabn \u0111\u1ea3m b\u1ea3o kh\u1ea3 n\u0103ng v\u1ec7 sinh cao.<\/li>\n<\/ul>\n<p style=\"text-align: justify;\" data-sourcepos=\"17:1-17:152\">C\u00e1c ch\u1ea5t li\u1ec7u n\u00e0y \u0111\u1ec1u an to\u00e0n, kh\u00f4ng g\u00e2y k\u00edch \u1ee9ng, th\u01b0\u1eddng l\u00e0 kh\u00e1ng d\u1ecb \u1ee9ng, \u0111\u1eb7c bi\u1ec7t ph\u00f9 h\u1ee3p v\u1edbi b\u1ec7nh nh\u00e2n c\u00f3 l\u00e0n da nh\u1ea1y c\u1ea3m ho\u1eb7c h\u1ec7 h\u00f4 h\u1ea5p y\u1ebfu.<\/p>\n<p data-sourcepos=\"17:1-17:152\"><a href=\"https:\/\/chanrathanhthuy.com\/wp-content\/uploads\/2024\/04\/Tong-hop-do-vai-Benh-vien-y-te.png\"><img loading=\"lazy\" decoding=\"async\" class=\"aligncenter size-full wp-image-61667\" src=\"https:\/\/chanrathanhthuy.com\/wp-content\/uploads\/2024\/04\/Tong-hop-do-vai-Benh-vien-y-te.png\" alt=\"T\u1ed5ng h\u1ee3p \u0111\u1ed3 v\u1ea3i B\u1ec7nh vi\u1ec7n - y t\u1ebf\" width=\"1500\" height=\"6188\" title=\"\" srcset=\"https:\/\/chanrathanhthuy.com\/wp-content\/uploads\/2024\/04\/Tong-hop-do-vai-Benh-vien-y-te.png 1500w, https:\/\/chanrathanhthuy.com\/wp-content\/uploads\/2024\/04\/Tong-hop-do-vai-Benh-vien-y-te-600x2475.png 600w, https:\/\/chanrathanhthuy.com\/wp-content\/uploads\/2024\/04\/Tong-hop-do-vai-Benh-vien-y-te-73x300.png 73w, https:\/\/chanrathanhthuy.com\/wp-content\/uploads\/2024\/04\/Tong-hop-do-vai-Benh-vien-y-te-248x1024.png 248w, https:\/\/chanrathanhthuy.com\/wp-content\/uploads\/2024\/04\/Tong-hop-do-vai-Benh-vien-y-te-36x150.png 36w, https:\/\/chanrathanhthuy.com\/wp-content\/uploads\/2024\/04\/Tong-hop-do-vai-Benh-vien-y-te-768x3168.png 768w, https:\/\/chanrathanhthuy.com\/wp-content\/uploads\/2024\/04\/Tong-hop-do-vai-Benh-vien-y-te-372x1536.png 372w\" sizes=\"auto, (max-width: 1500px) 100vw, 1500px\" \/><\/a><\/p>\n<h3 style=\"text-align: justify;\" data-sourcepos=\"19:1-19:70\">\u0110\u1ed9 B\u1ec1n V\u01b0\u1ee3t Tr\u1ed9i &amp; D\u1ec5 D\u00e0ng V\u1ec7 Sinh: Ti\u00eau Chu\u1ea9n V\u00e0ng Trong Y T\u1ebf<\/h3>\n<p style=\"text-align: justify;\" data-sourcepos=\"21:1-21:451\">M\u1ed9t trong nh\u1eefng \u01b0u \u0111i\u1ec3m n\u1ed5i b\u1eadt c\u1ee7a Ru\u1ed9t G\u1ed1i B\u1ec7nh Vi\u1ec7n c\u1ee7a Ch\u0103n Ra Thanh Th\u1ee7y l\u00e0 kh\u1ea3 n\u0103ng ch\u1ecbu \u0111\u01b0\u1ee3c t\u1ea7n su\u1ea5t gi\u1eb7t v\u00e0 ti\u1ec7t tr\u00f9ng cao m\u00e0 v\u1eabn duy tr\u00ec \u0111\u01b0\u1ee3c h\u00ecnh d\u00e1ng v\u00e0 \u0111\u1ed9 n\u00e2ng \u0111\u1ee1 ban \u0111\u1ea7u. \u0110i\u1ec1u n\u00e0y kh\u00f4ng ch\u1ec9 gi\u00fap ti\u1ebft ki\u1ec7m chi ph\u00ed thay th\u1ebf cho b\u1ec7nh vi\u1ec7n m\u00e0 c\u00f2n \u0111\u1ea3m b\u1ea3o m\u00f4i tr\u01b0\u1eddng v\u1ec7 sinh tuy\u1ec7t \u0111\u1ed1i, ng\u0103n ng\u1eeba s\u1ef1 l\u00e2y lan c\u1ee7a vi khu\u1ea9n v\u00e0 m\u1ea7m b\u1ec7nh. Kh\u1ea3 n\u0103ng d\u1ec5 d\u00e0ng v\u1ec7 sinh l\u00e0 y\u1ebfu t\u1ed1 then ch\u1ed1t gi\u00fap duy tr\u00ec ti\u00eau chu\u1ea9n s\u1ea1ch s\u1ebd trong b\u1ec7nh vi\u1ec7n.<\/p>\n<h3 style=\"text-align: justify;\" data-sourcepos=\"23:1-23:60\">G\u00f3p Ph\u1ea7n Quan Tr\u1ecdng V\u00e0o Qu\u00e1 Tr\u00ecnh H\u1ed3i Ph\u1ee5c c\u1ee7a B\u1ec7nh Nh\u00e2n<\/h3>\n<p style=\"text-align: justify;\" data-sourcepos=\"25:1-25:300\">S\u1ef1 tho\u1ea3i m\u00e1i m\u00e0 Ru\u1ed9t G\u1ed1i B\u1ec7nh Vi\u1ec7n c\u1ee7a Ch\u0103n Ra Thanh Th\u1ee7y mang l\u1ea1i c\u00f3 t\u00e1c \u0111\u1ed9ng t\u00edch c\u1ef1c \u0111\u1ebfn tinh th\u1ea7n v\u00e0 th\u1ec3 ch\u1ea5t c\u1ee7a b\u1ec7nh nh\u00e2n. M\u1ed9t chi\u1ebfc g\u1ed1i \u00eam \u00e1i, s\u1ea1ch s\u1ebd gi\u00fap b\u1ec7nh nh\u00e2n c\u00f3 gi\u1ea5c ng\u1ee7 s\u00e2u h\u01a1n, gi\u1ea3m c\u0103ng th\u1eb3ng v\u00e0 m\u1ec7t m\u1ecfi, t\u1eeb \u0111\u00f3 th\u00fac \u0111\u1ea9y qu\u00e1 tr\u00ecnh h\u1ed3i ph\u1ee5c di\u1ec5n ra nhanh ch\u00f3ng v\u00e0 hi\u1ec7u qu\u1ea3 h\u01a1n.<\/p>\n<p style=\"text-align: justify;\" data-sourcepos=\"27:1-27:233\">V\u1edbi cam k\u1ebft v\u1ec1 ch\u1ea5t l\u01b0\u1ee3ng, s\u1ef1 am hi\u1ec3u s\u00e2u s\u1eafc v\u1ec1 nhu c\u1ea7u ng\u00e0nh y t\u1ebf, Ch\u0103n Ra Thanh Th\u1ee7y t\u1ef1 tin mang \u0111\u1ebfn nh\u1eefng s\u1ea3n ph\u1ea9m ru\u1ed9t g\u1ed1i b\u1ec7nh vi\u1ec7n t\u1ed1t nh\u1ea5t, g\u00f3p ph\u1ea7n n\u00e2ng cao ch\u1ea5t l\u01b0\u1ee3ng d\u1ecbch v\u1ee5 ch\u0103m s\u00f3c v\u00e0 ph\u1ee5c h\u1ed3i s\u1ee9c kh\u1ecfe cho b\u1ec7nh nh\u00e2n.<\/p>\n<p style=\"text-align: justify;\" data-sourcepos=\"29:1-29:130\">\u0110\u1ec3 bi\u1ebft th\u00eam th\u00f4ng tin chi ti\u1ebft v\u1ec1 s\u1ea3n ph\u1ea9m v\u00e0 c\u00e1c gi\u1ea3i ph\u00e1p \u0111\u1ed3 v\u1ea3i b\u1ec7nh vi\u1ec7n kh\u00e1c, vui l\u00f2ng truy c\u1eadp trang web c\u1ee7a ch\u00fang t\u00f4i t\u1ea1i:<\/p>\n<ul data-sourcepos=\"31:1-31:99\">\n<li style=\"text-align: justify;\" data-sourcepos=\"31:1-31:99\"><a class=\"ng-star-inserted\" href=\"https:\/\/chanrathanhthuy.com\/du-an\/bao-gia-do-vai-benh-vien-y-te\/\" target=\"_blank\" rel=\"noopener\">B\u00e1o Gi\u00e1 \u0110\u1ed3 V\u1ea3i B\u1ec7nh Vi\u1ec7n Y T\u1ebf<\/a><\/li>\n<\/ul>\n","protected":false},"excerpt":{"rendered":"<div class=\"wrap-product-attributes\">\n<p>&nbsp;<\/p>\n<\/div>\n","protected":false},"featured_media":75558,"comment_status":"open","ping_status":"closed","template":"","meta":{"_acf_changed":false,"inline_featured_image":false},"product_cat":[2074],"product_tag":[],"class_list":{"0":"post-72589","1":"product","2":"type-product","3":"status-publish","4":"has-post-thumbnail","6":"product_cat-benh-vien","8":"first","9":"instock","10":"product-type-variable","11":"rtwpvg-product"},"acf":[],"_links":{"self":[{"href":"https:\/\/chanrathanhthuy.com\/ja\/wp-json\/wp\/v2\/product\/72589","targetHints":{"allow":["GET"]}}],"collection":[{"href":"https:\/\/chanrathanhthuy.com\/ja\/wp-json\/wp\/v2\/product"}],"about":[{"href":"https:\/\/chanrathanhthuy.com\/ja\/wp-json\/wp\/v2\/types\/product"}],"replies":[{"embeddable":true,"href":"https:\/\/chanrathanhthuy.com\/ja\/wp-json\/wp\/v2\/comments?post=72589"}],"wp:featuredmedia":[{"embeddable":true,"href":"https:\/\/chanrathanhthuy.com\/ja\/wp-json\/wp\/v2\/media\/75558"}],"wp:attachment":[{"href":"https:\/\/chanrathanhthuy.com\/ja\/wp-json\/wp\/v2\/media?parent=72589"}],"wp:term":[{"taxonomy":"product_cat","embeddable":true,"href":"https:\/\/chanrathanhthuy.com\/ja\/wp-json\/wp\/v2\/product_cat?post=72589"},{"taxonomy":"product_tag","embeddable":true,"href":"https:\/\/chanrathanhthuy.com\/ja\/wp-json\/wp\/v2\/product_tag?post=72589"}],"curies":[{"name":"wp","href":"https:\/\/api.w.org\/{rel}","templated":true}]}}