{"id":72617,"date":"2025-04-24T04:31:45","date_gmt":"2025-04-24T04:31:45","guid":{"rendered":"https:\/\/chanrathanhthuy.com\/?post_type=product&#038;p=72617"},"modified":"2026-04-13T04:31:18","modified_gmt":"2026-04-13T04:31:18","slug":"tham-chan-benh-vien","status":"publish","type":"product","link":"https:\/\/chanrathanhthuy.com\/ja\/product\/tham-chan-benh-vien\/","title":{"rendered":"Th\u1ea3m Ch\u00e2n B\u1ec7nh Vi\u1ec7n"},"content":{"rendered":"<h1 style=\"text-align: justify;\" data-sourcepos=\"5:1-5:78\">Th\u1ea3m Ch\u00e2n B\u1ec7nh Vi\u1ec7n: \u0110\u1ea3m B\u1ea3o An To\u00e0n v\u00e0 V\u1ec7 Sinh T\u1ed1i \u01afu T\u1eeb Ch\u0103n Ra Thanh Th\u1ee7y<\/h1>\n<h2 style=\"text-align: justify;\" data-sourcepos=\"7:1-7:72\">Ch\u0103n Ra Thanh Th\u1ee7y: N\u00e2ng Cao An To\u00e0n v\u00e0 S\u1ea1ch S\u1ebd Trong M\u00f4i Tr\u01b0\u1eddng Y T\u1ebf<\/h2>\n<p style=\"text-align: justify;\" data-sourcepos=\"9:1-9:462\">Trong m\u00f4i tr\u01b0\u1eddng b\u1ec7nh vi\u1ec7n, an to\u00e0n v\u00e0 v\u1ec7 sinh l\u00e0 hai y\u1ebfu t\u1ed1 c\u1ef1c k\u1ef3 quan tr\u1ecdng, \u1ea3nh h\u01b0\u1edfng tr\u1ef1c ti\u1ebfp \u0111\u1ebfn s\u1ee9c kh\u1ecfe c\u1ee7a b\u1ec7nh nh\u00e2n v\u00e0 hi\u1ec7u qu\u1ea3 c\u00f4ng vi\u1ec7c c\u1ee7a \u0111\u1ed9i ng\u0169 y b\u00e1c s\u0129. Th\u1ea3m Ch\u00e2n B\u1ec7nh Vi\u1ec7n c\u1ee7a Ch\u0103n Ra Thanh Th\u1ee7y l\u00e0 m\u1ed9t gi\u1ea3i ph\u00e1p thi\u1ebft y\u1ebfu, kh\u00f4ng ch\u1ec9 gi\u00fap ng\u0103n ng\u1eeba tr\u01a1n tr\u01b0\u1ee3t m\u00e0 c\u00f2n g\u00f3p ph\u1ea7n duy tr\u00ec kh\u00f4ng gian s\u1ea1ch s\u1ebd, chuy\u00ean nghi\u1ec7p. Ch\u00fang t\u00f4i t\u1ef1 h\u00e0o mang \u0111\u1ebfn nh\u1eefng s\u1ea3n ph\u1ea9m th\u1ea3m ch\u00e2n \u0111\u1ea1t chu\u1ea9n y t\u1ebf, \u0111\u1ea3m b\u1ea3o an to\u00e0n v\u00e0 b\u1ec1n b\u1ec9 trong qu\u00e1 tr\u00ecnh s\u1eed d\u1ee5ng.<\/p>\n<figure id=\"attachment_76550\" aria-describedby=\"caption-attachment-76550\" style=\"width: 1490px\" class=\"wp-caption aligncenter\"><a href=\"https:\/\/chanrathanhthuy.com\/wp-content\/uploads\/2024\/04\/BAO-GIA-DO-VAI-BENH-VIEN-Y-TE.jpg\"><img loading=\"lazy\" decoding=\"async\" class=\"size-full wp-image-76550\" src=\"https:\/\/chanrathanhthuy.com\/wp-content\/uploads\/2024\/04\/BAO-GIA-DO-VAI-BENH-VIEN-Y-TE.jpg\" alt=\"B\u00c1O GI\u00c1 \u0110\u1ed2 V\u1ea2I B\u1ec6NH VI\u1ec6N - Y T\u1ebe\" width=\"1500\" height=\"1175\" title=\"\" srcset=\"https:\/\/chanrathanhthuy.com\/wp-content\/uploads\/2024\/04\/BAO-GIA-DO-VAI-BENH-VIEN-Y-TE.jpg 1500w, https:\/\/chanrathanhthuy.com\/wp-content\/uploads\/2024\/04\/BAO-GIA-DO-VAI-BENH-VIEN-Y-TE-300x235.jpg 300w, https:\/\/chanrathanhthuy.com\/wp-content\/uploads\/2024\/04\/BAO-GIA-DO-VAI-BENH-VIEN-Y-TE-1024x802.jpg 1024w, https:\/\/chanrathanhthuy.com\/wp-content\/uploads\/2024\/04\/BAO-GIA-DO-VAI-BENH-VIEN-Y-TE-150x118.jpg 150w, https:\/\/chanrathanhthuy.com\/wp-content\/uploads\/2024\/04\/BAO-GIA-DO-VAI-BENH-VIEN-Y-TE-768x602.jpg 768w, https:\/\/chanrathanhthuy.com\/wp-content\/uploads\/2024\/04\/BAO-GIA-DO-VAI-BENH-VIEN-Y-TE-600x470.jpg 600w\" sizes=\"auto, (max-width: 1500px) 100vw, 1500px\" \/><\/a><figcaption id=\"caption-attachment-76550\" class=\"wp-caption-text\">B\u00c1O GI\u00c1 \u0110\u1ed2 V\u1ea2I B\u1ec6NH VI\u1ec6N &#8211; Y T\u1ebe<\/figcaption><\/figure>\n<h2 style=\"text-align: justify;\" data-sourcepos=\"11:1-11:64\">\u01afu \u0110i\u1ec3m N\u1ed5i B\u1eadt C\u1ee7a Th\u1ea3m Ch\u00e2n B\u1ec7nh Vi\u1ec7n T\u1eeb Ch\u0103n Ra Thanh Th\u1ee7y<\/h2>\n<p style=\"text-align: justify;\" data-sourcepos=\"13:1-13:133\">C\u00e1c s\u1ea3n ph\u1ea9m th\u1ea3m ch\u00e2n c\u1ee7a Ch\u0103n Ra Thanh Th\u1ee7y \u0111\u01b0\u1ee3c thi\u1ebft k\u1ebf chuy\u00ean bi\u1ec7t \u0111\u1ec3 \u0111\u00e1p \u1ee9ng c\u00e1c y\u00eau c\u1ea7u kh\u1eaft khe c\u1ee7a m\u00f4i tr\u01b0\u1eddng b\u1ec7nh vi\u1ec7n.<\/p>\n<h3 style=\"text-align: justify;\" data-sourcepos=\"15:1-15:65\">Kh\u1ea3 N\u0103ng Ch\u1ed1ng Tr\u01b0\u1ee3t V\u01b0\u1ee3t Tr\u1ed9i: \u0110\u1ea3m B\u1ea3o An To\u00e0n Cho M\u1ecdi Ng\u01b0\u1eddi<\/h3>\n<p style=\"text-align: justify;\" data-sourcepos=\"17:1-17:444\">M\u1ed9t trong nh\u1eefng t\u00ednh n\u0103ng quan tr\u1ecdng nh\u1ea5t c\u1ee7a Th\u1ea3m Ch\u00e2n B\u1ec7nh Vi\u1ec7n l\u00e0 kh\u1ea3 n\u0103ng ch\u1ed1ng tr\u01b0\u1ee3t hi\u1ec7u qu\u1ea3. V\u1edbi b\u1ec1 m\u1eb7t \u0111\u01b0\u1ee3c thi\u1ebft k\u1ebf \u0111\u1eb7c bi\u1ec7t v\u00e0 ch\u1ea5t li\u1ec7u c\u00f3 \u0111\u1ed9 b\u00e1m d\u00ednh cao (v\u00ed d\u1ee5: cao su, PVC, s\u1ee3i t\u1ed5ng h\u1ee3p ch\u1ed1ng tr\u01b0\u1ee3t), th\u1ea3m gi\u00fap ng\u0103n ng\u1eeba t\u1ed1i \u0111a nguy c\u01a1 t\u00e9 ng\u00e3 cho b\u1ec7nh nh\u00e2n, ng\u01b0\u1eddi gi\u00e0 y\u1ebfu v\u00e0 c\u1ea3 nh\u00e2n vi\u00ean y t\u1ebf, \u0111\u1eb7c bi\u1ec7t t\u1ea1i c\u00e1c khu v\u1ef1c \u1ea9m \u01b0\u1edbt ho\u1eb7c c\u00f3 m\u1eadt \u0111\u1ed9 \u0111i l\u1ea1i cao. \u0110i\u1ec1u n\u00e0y g\u00f3p ph\u1ea7n quan tr\u1ecdng v\u00e0o vi\u1ec7c \u0111\u1ea3m b\u1ea3o an to\u00e0n trong b\u1ec7nh vi\u1ec7n.<\/p>\n<p data-sourcepos=\"17:1-17:444\"><a href=\"https:\/\/chanrathanhthuy.com\/wp-content\/uploads\/2024\/04\/Chat-lieu-vai-cotton-dung-trong-Benh-vien-y-te.png\"><img loading=\"lazy\" decoding=\"async\" class=\"aligncenter size-full wp-image-61669\" src=\"https:\/\/chanrathanhthuy.com\/wp-content\/uploads\/2024\/04\/Chat-lieu-vai-cotton-dung-trong-Benh-vien-y-te.png\" alt=\"Ch\u1ea5t li\u1ec7u v\u1ea3i cotton d\u00f9ng trong B\u1ec7nh vi\u1ec7n y t\u1ebf\" width=\"1500\" height=\"3984\" title=\"\" srcset=\"https:\/\/chanrathanhthuy.com\/wp-content\/uploads\/2024\/04\/Chat-lieu-vai-cotton-dung-trong-Benh-vien-y-te.png 1500w, https:\/\/chanrathanhthuy.com\/wp-content\/uploads\/2024\/04\/Chat-lieu-vai-cotton-dung-trong-Benh-vien-y-te-600x1594.png 600w, https:\/\/chanrathanhthuy.com\/wp-content\/uploads\/2024\/04\/Chat-lieu-vai-cotton-dung-trong-Benh-vien-y-te-113x300.png 113w, https:\/\/chanrathanhthuy.com\/wp-content\/uploads\/2024\/04\/Chat-lieu-vai-cotton-dung-trong-Benh-vien-y-te-386x1024.png 386w, https:\/\/chanrathanhthuy.com\/wp-content\/uploads\/2024\/04\/Chat-lieu-vai-cotton-dung-trong-Benh-vien-y-te-56x150.png 56w, https:\/\/chanrathanhthuy.com\/wp-content\/uploads\/2024\/04\/Chat-lieu-vai-cotton-dung-trong-Benh-vien-y-te-768x2040.png 768w, https:\/\/chanrathanhthuy.com\/wp-content\/uploads\/2024\/04\/Chat-lieu-vai-cotton-dung-trong-Benh-vien-y-te-578x1536.png 578w, https:\/\/chanrathanhthuy.com\/wp-content\/uploads\/2024\/04\/Chat-lieu-vai-cotton-dung-trong-Benh-vien-y-te-771x2048.png 771w\" sizes=\"auto, (max-width: 1500px) 100vw, 1500px\" \/><\/a><\/p>\n<h3 style=\"text-align: justify;\" data-sourcepos=\"19:1-19:68\">Ch\u1ea5t Li\u1ec7u B\u1ec1n B\u1ec9 &amp; D\u1ec5 V\u1ec7 Sinh: Duy Tr\u00ec M\u00f4i Tr\u01b0\u1eddng S\u1ea1ch Khu\u1ea9n<\/h3>\n<p style=\"text-align: justify;\" data-sourcepos=\"21:1-21:449\">Th\u1ea3m Ch\u00e2n B\u1ec7nh Vi\u1ec7n t\u1eeb Ch\u0103n Ra Thanh Th\u1ee7y \u0111\u01b0\u1ee3c s\u1ea3n xu\u1ea5t t\u1eeb ch\u1ea5t li\u1ec7u b\u1ec1n b\u1ec9, ch\u1ecbu \u0111\u01b0\u1ee3c t\u00e1c \u0111\u1ed9ng m\u1ea1nh v\u00e0 t\u1ea7n su\u1ea5t s\u1eed d\u1ee5ng li\u00ean t\u1ee5c. \u0110\u1eb7c bi\u1ec7t, th\u1ea3m c\u00f3 kh\u1ea3 n\u0103ng kh\u00e1ng khu\u1ea9n, ch\u1ed1ng n\u1ea5m m\u1ed1c v\u00e0 r\u1ea5t d\u1ec5 d\u00e0ng v\u1ec7 sinh. B\u1ec1 m\u1eb7t th\u1ea3m kh\u00f4ng th\u1ea5m n\u01b0\u1edbc ho\u1eb7c c\u00f3 kh\u1ea3 n\u0103ng tho\u00e1t n\u01b0\u1edbc nhanh, gi\u00fap vi\u1ec7c lau ch\u00f9i v\u00e0 kh\u1eed tr\u00f9ng tr\u1edf n\u00ean \u0111\u01a1n gi\u1ea3n, nhanh ch\u00f3ng. \u0110i\u1ec1u n\u00e0y \u0111\u1ea3m b\u1ea3o th\u1ea3m lu\u00f4n s\u1ea1ch s\u1ebd, kh\u00f4 r\u00e1o, g\u00f3p ph\u1ea7n duy tr\u00ec m\u00f4i tr\u01b0\u1eddng v\u00f4 tr\u00f9ng trong b\u1ec7nh vi\u1ec7n.<\/p>\n<h3 style=\"text-align: justify;\" data-sourcepos=\"23:1-23:45\">Th\u1ea5m H\u00fat T\u1ed1t &amp; Gi\u1eef V\u1ec7 Sinh Kh\u00f4ng Gian<\/h3>\n<p style=\"text-align: justify;\" data-sourcepos=\"25:1-25:394\">Ngo\u00e0i kh\u1ea3 n\u0103ng ch\u1ed1ng tr\u01b0\u1ee3t v\u00e0 d\u1ec5 v\u1ec7 sinh, nhi\u1ec1u lo\u1ea1i th\u1ea3m ch\u00e2n b\u1ec7nh vi\u1ec7n c\u1ee7a Ch\u0103n Ra Thanh Th\u1ee7y c\u00f2n c\u00f3 kh\u1ea3 n\u0103ng th\u1ea5m h\u00fat ch\u1ea5t l\u1ecfng t\u1ed1t, gi\u00fap gi\u1eef cho s\u00e0n nh\u00e0 lu\u00f4n kh\u00f4 r\u00e1o, s\u1ea1ch s\u1ebd. \u0110i\u1ec1u n\u00e0y \u0111\u1eb7c bi\u1ec7t h\u1eefu \u00edch t\u1ea1i c\u00e1c khu v\u1ef1c nh\u01b0 c\u1eeda ra v\u00e0o, khu v\u1ef1c r\u1eeda tay, ho\u1eb7c n\u01a1i d\u1ec5 c\u00f3 n\u01b0\u1edbc b\u1eafn ra. Vi\u1ec7c gi\u1eef g\u00ecn v\u1ec7 sinh s\u00e0n nh\u00e0 kh\u00f4ng ch\u1ec9 t\u0103ng c\u01b0\u1eddng an to\u00e0n m\u00e0 c\u00f2n c\u1ea3i thi\u1ec7n m\u1ef9 quan chung c\u1ee7a b\u1ec7nh vi\u1ec7n.<\/p>\n<p style=\"text-align: justify;\" data-sourcepos=\"27:1-27:213\">V\u1edbi cam k\u1ebft v\u1ec1 ch\u1ea5t l\u01b0\u1ee3ng v\u00e0 s\u1ef1 am hi\u1ec3u s\u00e2u s\u1eafc v\u1ec1 nhu c\u1ea7u ng\u00e0nh y t\u1ebf, Ch\u0103n Ra Thanh Th\u1ee7y t\u1ef1 tin mang \u0111\u1ebfn nh\u1eefng s\u1ea3n ph\u1ea9m th\u1ea3m ch\u00e2n b\u1ec7nh vi\u1ec7n t\u1ed1t nh\u1ea5t, g\u00f3p ph\u1ea7n n\u00e2ng cao an to\u00e0n v\u00e0 v\u1ec7 sinh trong m\u1ecdi c\u01a1 s\u1edf y t\u1ebf.<\/p>\n<p style=\"text-align: justify;\" data-sourcepos=\"29:1-29:130\">\u0110\u1ec3 bi\u1ebft th\u00eam th\u00f4ng tin chi ti\u1ebft v\u1ec1 s\u1ea3n ph\u1ea9m v\u00e0 c\u00e1c gi\u1ea3i ph\u00e1p \u0111\u1ed3 v\u1ea3i b\u1ec7nh vi\u1ec7n kh\u00e1c, vui l\u00f2ng truy c\u1eadp trang web c\u1ee7a ch\u00fang t\u00f4i t\u1ea1i:<\/p>\n<ul data-sourcepos=\"31:1-31:99\">\n<li style=\"text-align: justify;\" data-sourcepos=\"31:1-31:99\"><a class=\"ng-star-inserted\" href=\"https:\/\/chanrathanhthuy.com\/du-an\/bao-gia-do-vai-benh-vien-y-te\/\" target=\"_blank\" rel=\"noopener\">B\u00e1o Gi\u00e1 \u0110\u1ed3 V\u1ea3i B\u1ec7nh Vi\u1ec7n Y T\u1ebf<\/a><\/li>\n<\/ul>\n","protected":false},"excerpt":{"rendered":"<div class=\"wrap-product-attributes\">\n<p>&nbsp;<\/p>\n<\/div>\n","protected":false},"featured_media":75570,"comment_status":"open","ping_status":"closed","template":"","meta":{"_acf_changed":false,"inline_featured_image":false},"product_cat":[2074],"product_tag":[],"class_list":{"0":"post-72617","1":"product","2":"type-product","3":"status-publish","4":"has-post-thumbnail","6":"product_cat-benh-vien","8":"first","9":"instock","10":"purchasable","11":"product-type-variable","12":"rtwpvg-product"},"acf":[],"_links":{"self":[{"href":"https:\/\/chanrathanhthuy.com\/ja\/wp-json\/wp\/v2\/product\/72617","targetHints":{"allow":["GET"]}}],"collection":[{"href":"https:\/\/chanrathanhthuy.com\/ja\/wp-json\/wp\/v2\/product"}],"about":[{"href":"https:\/\/chanrathanhthuy.com\/ja\/wp-json\/wp\/v2\/types\/product"}],"replies":[{"embeddable":true,"href":"https:\/\/chanrathanhthuy.com\/ja\/wp-json\/wp\/v2\/comments?post=72617"}],"wp:featuredmedia":[{"embeddable":true,"href":"https:\/\/chanrathanhthuy.com\/ja\/wp-json\/wp\/v2\/media\/75570"}],"wp:attachment":[{"href":"https:\/\/chanrathanhthuy.com\/ja\/wp-json\/wp\/v2\/media?parent=72617"}],"wp:term":[{"taxonomy":"product_cat","embeddable":true,"href":"https:\/\/chanrathanhthuy.com\/ja\/wp-json\/wp\/v2\/product_cat?post=72617"},{"taxonomy":"product_tag","embeddable":true,"href":"https:\/\/chanrathanhthuy.com\/ja\/wp-json\/wp\/v2\/product_tag?post=72617"}],"curies":[{"name":"wp","href":"https:\/\/api.w.org\/{rel}","templated":true}]}}