{"id":72625,"date":"2025-04-24T04:31:54","date_gmt":"2025-04-24T04:31:54","guid":{"rendered":"https:\/\/chanrathanhthuy.com\/?post_type=product&#038;p=72625"},"modified":"2026-04-10T15:14:22","modified_gmt":"2026-04-10T15:14:22","slug":"ao-goi-trang-soc-chong-nhan-benh-vien","status":"publish","type":"product","link":"https:\/\/chanrathanhthuy.com\/ja\/product\/ao-goi-trang-soc-chong-nhan-benh-vien\/","title":{"rendered":"\u00c1o G\u1ed1i Tr\u1eafng S\u1ecdc Ch\u1ed1ng Nh\u0103n B\u1ec7nh Vi\u1ec7n"},"content":{"rendered":"<p><span style=\"text-align: justify; font-size: 16px;\">\u00c1o G\u1ed1i Tr\u1eafng S\u1ecdc Ch\u1ed1ng Nh\u0103n B\u1ec7nh Vi\u1ec7n, Y T\u1ebf \u2013 Gi\u1ea3i Ph\u00e1p T\u1ed1i \u01afu Cho Y T\u1ebf<\/span><\/p>\n<p style=\"text-align: justify;\" data-sourcepos=\"3:1-3:339\">\u00c1o G\u1ed1i Tr\u1eafng S\u1ecdc Ch\u1ed1ng Nh\u0103n B\u1ec7nh Vi\u1ec7n c\u1ee7a Ch\u0103n Ra Thanh Th\u1ee7y l\u00e0 l\u1ef1a ch\u1ecdn h\u00e0ng \u0111\u1ea7u cho c\u00e1c c\u01a1 s\u1edf y t\u1ebf, b\u1ec7nh vi\u1ec7n v\u00e0 ph\u00f2ng kh\u00e1m, mang \u0111\u1ebfn s\u1ef1 tinh t\u1ebf, b\u1ec1n b\u1ec9 v\u00e0 \u0111\u1eb7c bi\u1ec7t l\u00e0 kh\u1ea3 n\u0103ng ch\u1ed1ng nh\u0103n v\u01b0\u1ee3t tr\u1ed9i. S\u1ea3n ph\u1ea9m kh\u00f4ng ch\u1ec9 g\u00f3p ph\u1ea7n n\u00e2ng cao t\u00ednh th\u1ea9m m\u1ef9 cho kh\u00f4ng gian \u0111i\u1ec1u tr\u1ecb m\u00e0 c\u00f2n \u0111\u1ea3m b\u1ea3o v\u1ec7 sinh v\u00e0 s\u1ef1 tho\u1ea3i m\u00e1i t\u1ed1i \u0111a cho b\u1ec7nh nh\u00e2n.<\/p>\n<figure id=\"attachment_76550\" aria-describedby=\"caption-attachment-76550\" style=\"width: 1490px\" class=\"wp-caption aligncenter\"><a href=\"https:\/\/chanrathanhthuy.com\/wp-content\/uploads\/2024\/04\/BAO-GIA-DO-VAI-BENH-VIEN-Y-TE.jpg\"><img loading=\"lazy\" decoding=\"async\" class=\"size-full wp-image-76550\" src=\"https:\/\/chanrathanhthuy.com\/wp-content\/uploads\/2024\/04\/BAO-GIA-DO-VAI-BENH-VIEN-Y-TE.jpg\" alt=\"B\u00c1O GI\u00c1 \u0110\u1ed2 V\u1ea2I B\u1ec6NH VI\u1ec6N - Y T\u1ebe\" width=\"1500\" height=\"1175\" title=\"\" srcset=\"https:\/\/chanrathanhthuy.com\/wp-content\/uploads\/2024\/04\/BAO-GIA-DO-VAI-BENH-VIEN-Y-TE.jpg 1500w, https:\/\/chanrathanhthuy.com\/wp-content\/uploads\/2024\/04\/BAO-GIA-DO-VAI-BENH-VIEN-Y-TE-300x235.jpg 300w, https:\/\/chanrathanhthuy.com\/wp-content\/uploads\/2024\/04\/BAO-GIA-DO-VAI-BENH-VIEN-Y-TE-1024x802.jpg 1024w, https:\/\/chanrathanhthuy.com\/wp-content\/uploads\/2024\/04\/BAO-GIA-DO-VAI-BENH-VIEN-Y-TE-150x118.jpg 150w, https:\/\/chanrathanhthuy.com\/wp-content\/uploads\/2024\/04\/BAO-GIA-DO-VAI-BENH-VIEN-Y-TE-768x602.jpg 768w, https:\/\/chanrathanhthuy.com\/wp-content\/uploads\/2024\/04\/BAO-GIA-DO-VAI-BENH-VIEN-Y-TE-600x470.jpg 600w\" sizes=\"auto, (max-width: 1500px) 100vw, 1500px\" \/><\/a><figcaption id=\"caption-attachment-76550\" class=\"wp-caption-text\">B\u00c1O GI\u00c1 \u0110\u1ed2 V\u1ea2I B\u1ec6NH VI\u1ec6N &#8211; Y T\u1ebe<\/figcaption><\/figure>\n<h2 style=\"text-align: justify;\" data-sourcepos=\"7:1-7:59\">\u0110\u1eb7c \u0110i\u1ec3m N\u1ed5i B\u1eadt C\u1ee7a \u00c1o G\u1ed1i B\u1ec7nh Vi\u1ec7n Ch\u0103n Ra Thanh Th\u1ee7y<\/h2>\n<p style=\"text-align: justify;\" data-sourcepos=\"9:1-9:149\">Ch\u0103n Ra Thanh Th\u1ee7y cam k\u1ebft cung c\u1ea5p c\u00e1c s\u1ea3n ph\u1ea9m \u0111\u1ed3 v\u1ea3i y t\u1ebf \u0111\u1ea1t chu\u1ea9n, trong \u0111\u00f3 \u00c1o G\u1ed1i Tr\u1eafng S\u1ecdc Ch\u1ed1ng Nh\u0103n B\u1ec7nh Vi\u1ec7n n\u1ed5i b\u1eadt v\u1edbi nh\u1eefng \u01b0u \u0111i\u1ec3m:<\/p>\n<ul style=\"text-align: justify;\" data-sourcepos=\"11:1-15:0\">\n<li data-sourcepos=\"11:1-11:139\">Ch\u1ea5t li\u1ec7u cao c\u1ea5p: \u0110\u01b0\u1ee3c l\u00e0m t\u1eeb 100% cotton ho\u1eb7c CVC, \u00e1o g\u1ed1i m\u1ec1m m\u1ea1i, tho\u00e1ng kh\u00ed, an to\u00e0n cho da v\u00e0 h\u1ea1n ch\u1ebf t\u1ed1i \u0111a nguy c\u01a1 g\u00e2y d\u1ecb \u1ee9ng.<\/li>\n<li data-sourcepos=\"12:1-12:177\">Thi\u1ebft k\u1ebf ch\u1ed1ng nh\u0103n: C\u00f4ng ngh\u1ec7 d\u1ec7t \u0111\u1eb7c bi\u1ec7t gi\u00fap \u00e1o g\u1ed1i gi\u1eef form, kh\u00f4ng b\u1ecb nh\u0103n d\u00f9 tr\u1ea3i qua nhi\u1ec1u l\u1ea7n gi\u1eb7t, ti\u1ebft ki\u1ec7m th\u1eddi gian v\u00e0 c\u00f4ng s\u1ee9c trong c\u00f4ng t\u00e1c b\u1ea3o qu\u1ea3n \u0111\u1ed3 v\u1ea3i.<\/li>\n<li data-sourcepos=\"13:1-13:171\">M\u00e0u tr\u1eafng tinh khi\u1ebft v\u1edbi s\u1ecdc d\u1ec7t: Gam m\u00e0u tr\u1eafng s\u1ea1ch s\u1ebd, d\u1ec5 d\u00e0ng ph\u00e1t hi\u1ec7n v\u1ebft b\u1ea9n v\u00e0 ti\u1ec7t tr\u00f9ng. H\u1ecda ti\u1ebft s\u1ecdc d\u1ec7t tinh t\u1ebf t\u1ea1o \u0111i\u1ec3m nh\u1ea5n sang tr\u1ecdng v\u00e0 chuy\u00ean nghi\u1ec7p.<\/li>\n<li data-sourcepos=\"14:1-15:0\">An to\u00e0n v\u00e0 kh\u00e1ng khu\u1ea9n: S\u1ea3n ph\u1ea9m \u0111\u00e3 \u0111\u01b0\u1ee3c ki\u1ec3m \u0111\u1ecbnh b\u1edfi Trung T\u00e2m 3, \u0111\u1ea3m b\u1ea3o \u0111\u1ea1t ti\u00eau chu\u1ea9n y t\u1ebf v\u1ec1 kh\u1ea3 n\u0103ng kh\u00e1ng khu\u1ea9n, ch\u1ed1ng n\u1ea5m m\u1ed1c v\u00e0 ch\u1ed1ng ch\u00e1y, g\u00f3p ph\u1ea7n b\u1ea3o v\u1ec7 s\u1ee9c kh\u1ecfe cho b\u1ec7nh nh\u00e2n v\u00e0 \u0111\u1ed9i ng\u0169 y b\u00e1c s\u0129.<\/li>\n<\/ul>\n<p><a href=\"https:\/\/chanrathanhthuy.com\/wp-content\/uploads\/2024\/04\/Tong-hop-do-vai-Benh-vien-y-te.png\"><img loading=\"lazy\" decoding=\"async\" class=\"aligncenter size-full wp-image-61667\" src=\"https:\/\/chanrathanhthuy.com\/wp-content\/uploads\/2024\/04\/Tong-hop-do-vai-Benh-vien-y-te.png\" alt=\"T\u1ed5ng h\u1ee3p \u0111\u1ed3 v\u1ea3i B\u1ec7nh vi\u1ec7n - y t\u1ebf\" width=\"1500\" height=\"6188\" title=\"\" srcset=\"https:\/\/chanrathanhthuy.com\/wp-content\/uploads\/2024\/04\/Tong-hop-do-vai-Benh-vien-y-te.png 1500w, https:\/\/chanrathanhthuy.com\/wp-content\/uploads\/2024\/04\/Tong-hop-do-vai-Benh-vien-y-te-600x2475.png 600w, https:\/\/chanrathanhthuy.com\/wp-content\/uploads\/2024\/04\/Tong-hop-do-vai-Benh-vien-y-te-73x300.png 73w, https:\/\/chanrathanhthuy.com\/wp-content\/uploads\/2024\/04\/Tong-hop-do-vai-Benh-vien-y-te-248x1024.png 248w, https:\/\/chanrathanhthuy.com\/wp-content\/uploads\/2024\/04\/Tong-hop-do-vai-Benh-vien-y-te-36x150.png 36w, https:\/\/chanrathanhthuy.com\/wp-content\/uploads\/2024\/04\/Tong-hop-do-vai-Benh-vien-y-te-768x3168.png 768w, https:\/\/chanrathanhthuy.com\/wp-content\/uploads\/2024\/04\/Tong-hop-do-vai-Benh-vien-y-te-372x1536.png 372w\" sizes=\"auto, (max-width: 1500px) 100vw, 1500px\" \/><\/a><\/p>\n<h3 style=\"text-align: justify;\" data-sourcepos=\"18:1-18:67\">Ch\u0103n Ra Thanh Th\u1ee7y \u2013 Th\u01b0\u01a1ng Hi\u1ec7u Uy T\u00edn Trong Ng\u00e0nh \u0110\u1ed3 V\u1ea3i Y T\u1ebf<\/h3>\n<p style=\"text-align: justify;\" data-sourcepos=\"20:1-20:408\">V\u1edbi nhi\u1ec1u n\u0103m kinh nghi\u1ec7m trong l\u0129nh v\u1ef1c cung c\u1ea5p \u0111\u1ed3 v\u1ea3i cho ng\u00e0nh y t\u1ebf, Ch\u0103n Ra Thanh Th\u1ee7y t\u1ef1 h\u00e0o l\u00e0 \u0111\u1ed1i t\u00e1c \u0111\u00e1ng tin c\u1eady c\u1ee7a nhi\u1ec1u b\u1ec7nh vi\u1ec7n l\u1edbn tr\u00ean to\u00e0n qu\u1ed1c. Ch\u00fang t\u00f4i lu\u00f4n \u0111\u1eb7t ch\u1ea5t l\u01b0\u1ee3ng s\u1ea3n ph\u1ea9m v\u00e0 s\u1ef1 h\u00e0i l\u00f2ng c\u1ee7a kh\u00e1ch h\u00e0ng l\u00ean h\u00e0ng \u0111\u1ea7u. \u00c1o G\u1ed1i Tr\u1eafng S\u1ecdc Ch\u1ed1ng Nh\u0103n B\u1ec7nh Vi\u1ec7n l\u00e0 minh ch\u1ee9ng r\u00f5 r\u00e0ng cho cam k\u1ebft n\u00e0y, mang \u0111\u1ebfn gi\u1ea3i ph\u00e1p \u0111\u1ed3 v\u1ea3i hi\u1ec7u qu\u1ea3, b\u1ec1n v\u1eefng v\u00e0 chuy\u00ean nghi\u1ec7p cho m\u1ecdi c\u01a1 s\u1edf y t\u1ebf.<\/p>\n","protected":false},"excerpt":{"rendered":"<div class=\"wrap-product-attributes\">\n<form class=\"variations_form cart wvs-loaded\" action=\"https:\/\/chanrathanhthuy.com\/chan-ga-khach-san\/khach-san-homestay-nha-nghi\/1-1-ao-goi-trang-tron-khach-san-dat-may-theo-yeu-cau\/\" enctype=\"multipart\/form-data\" method=\"post\" data-product_id=\"79859\" data-product_variations=\"false\">\n<div data-product_id=\"79859\" data-threshold_min=\"30\" data-threshold_max=\"100\" data-total=\"45\">\n<div class=\"single_variation_wrap\">\n<div class=\"woocommerce-product-details__short-description\">\n<p style=\"text-align: justify;\"><span style=\"color: #ff0000;\"><strong>GI\u00c1 \u01afU \u0110\u00c3I T\u1edaI 50% KHI \u0110\u1eb6T MAY THEO Y\u00caU C\u1ea6U<\/strong><\/span><\/p>\n<\/div>\n<\/div>\n<\/div>\n<\/form>\n<\/div>\n","protected":false},"featured_media":75510,"comment_status":"open","ping_status":"closed","template":"","meta":{"_acf_changed":false,"inline_featured_image":false},"product_cat":[2074],"product_tag":[],"class_list":{"0":"post-72625","1":"product","2":"type-product","3":"status-publish","4":"has-post-thumbnail","6":"product_cat-benh-vien","8":"first","9":"instock","10":"purchasable","11":"product-type-variable","12":"rtwpvg-product"},"acf":[],"_links":{"self":[{"href":"https:\/\/chanrathanhthuy.com\/ja\/wp-json\/wp\/v2\/product\/72625","targetHints":{"allow":["GET"]}}],"collection":[{"href":"https:\/\/chanrathanhthuy.com\/ja\/wp-json\/wp\/v2\/product"}],"about":[{"href":"https:\/\/chanrathanhthuy.com\/ja\/wp-json\/wp\/v2\/types\/product"}],"replies":[{"embeddable":true,"href":"https:\/\/chanrathanhthuy.com\/ja\/wp-json\/wp\/v2\/comments?post=72625"}],"wp:featuredmedia":[{"embeddable":true,"href":"https:\/\/chanrathanhthuy.com\/ja\/wp-json\/wp\/v2\/media\/75510"}],"wp:attachment":[{"href":"https:\/\/chanrathanhthuy.com\/ja\/wp-json\/wp\/v2\/media?parent=72625"}],"wp:term":[{"taxonomy":"product_cat","embeddable":true,"href":"https:\/\/chanrathanhthuy.com\/ja\/wp-json\/wp\/v2\/product_cat?post=72625"},{"taxonomy":"product_tag","embeddable":true,"href":"https:\/\/chanrathanhthuy.com\/ja\/wp-json\/wp\/v2\/product_tag?post=72625"}],"curies":[{"name":"wp","href":"https:\/\/api.w.org\/{rel}","templated":true}]}}