{"id":72632,"date":"2025-04-24T04:32:09","date_gmt":"2025-04-24T04:32:09","guid":{"rendered":"https:\/\/chanrathanhthuy.com\/?post_type=product&#038;p=72632"},"modified":"2026-04-10T13:39:30","modified_gmt":"2026-04-10T13:39:30","slug":"ga-thang-trang-tron-chong-nhan-benh-vien","status":"publish","type":"product","link":"https:\/\/chanrathanhthuy.com\/ja\/product\/ga-thang-trang-tron-chong-nhan-benh-vien\/","title":{"rendered":"Ga Th\u1eb3ng Tr\u1eafng Tr\u01a1n Ch\u1ed1ng Nh\u0103n B\u1ec7nh Vi\u1ec7n"},"content":{"rendered":"<h1 style=\"text-align: justify;\" data-sourcepos=\"5:1-5:100\">Ga Th\u1eb3ng Tr\u1eafng Tr\u01a1n Ch\u1ed1ng Nh\u0103n B\u1ec7nh Vi\u1ec7n: Gi\u1ea3i Ph\u00e1p V\u1ec7 Sinh v\u00e0 Chuy\u00ean Nghi\u1ec7p T\u1eeb Ch\u0103n Ra Thanh Th\u1ee7y<\/h1>\n<h2 style=\"text-align: justify;\" data-sourcepos=\"7:1-7:62\">Ch\u0103n Ra Thanh Th\u1ee7y: \u0110\u1ed1i T\u00e1c Tin C\u1eady Cho \u0110\u1ed3 V\u1ea3i Y T\u1ebf Cao C\u1ea5p<\/h2>\n<p style=\"text-align: justify;\" data-sourcepos=\"9:1-9:426\">Trong m\u00f4i tr\u01b0\u1eddng y t\u1ebf, vi\u1ec7c duy tr\u00ec s\u1ef1 s\u1ea1ch s\u1ebd, an to\u00e0n v\u00e0 t\u1ea1o c\u1ea3m gi\u00e1c tho\u1ea3i m\u00e1i cho b\u1ec7nh nh\u00e2n l\u00e0 v\u00f4 c\u00f9ng quan tr\u1ecdng. Ch\u0103n Ra Thanh Th\u1ee7y t\u1ef1 h\u00e0o l\u00e0 nh\u00e0 cung c\u1ea5p h\u00e0ng \u0111\u1ea7u c\u00e1c s\u1ea3n ph\u1ea9m \u0111\u1ed3 v\u1ea3i b\u1ec7nh vi\u1ec7n ch\u1ea5t l\u01b0\u1ee3ng, n\u1ed5i b\u1eadt v\u1edbi d\u00f2ng Ga Th\u1eb3ng Tr\u1eafng Tr\u01a1n Ch\u1ed1ng Nh\u0103n B\u1ec7nh Vi\u1ec7n. S\u1ea3n ph\u1ea9m n\u00e0y \u0111\u01b0\u1ee3c thi\u1ebft k\u1ebf \u0111\u1ec3 \u0111\u00e1p \u1ee9ng nh\u1eefng ti\u00eau chu\u1ea9n kh\u1eaft khe nh\u1ea5t c\u1ee7a ng\u00e0nh y t\u1ebf, mang l\u1ea1i hi\u1ec7u qu\u1ea3 t\u1ed1i \u01b0u cho c\u1ea3 b\u1ec7nh nh\u00e2n v\u00e0 \u0111\u1ed9i ng\u0169 y b\u00e1c s\u0129.<\/p>\n<figure id=\"attachment_76550\" aria-describedby=\"caption-attachment-76550\" style=\"width: 1490px\" class=\"wp-caption aligncenter\"><a href=\"https:\/\/chanrathanhthuy.com\/wp-content\/uploads\/2024\/04\/BAO-GIA-DO-VAI-BENH-VIEN-Y-TE.jpg\"><img loading=\"lazy\" decoding=\"async\" class=\"size-full wp-image-76550\" src=\"https:\/\/chanrathanhthuy.com\/wp-content\/uploads\/2024\/04\/BAO-GIA-DO-VAI-BENH-VIEN-Y-TE.jpg\" alt=\"B\u00c1O GI\u00c1 \u0110\u1ed2 V\u1ea2I B\u1ec6NH VI\u1ec6N - Y T\u1ebe\" width=\"1500\" height=\"1175\" title=\"\" srcset=\"https:\/\/chanrathanhthuy.com\/wp-content\/uploads\/2024\/04\/BAO-GIA-DO-VAI-BENH-VIEN-Y-TE.jpg 1500w, https:\/\/chanrathanhthuy.com\/wp-content\/uploads\/2024\/04\/BAO-GIA-DO-VAI-BENH-VIEN-Y-TE-300x235.jpg 300w, https:\/\/chanrathanhthuy.com\/wp-content\/uploads\/2024\/04\/BAO-GIA-DO-VAI-BENH-VIEN-Y-TE-1024x802.jpg 1024w, https:\/\/chanrathanhthuy.com\/wp-content\/uploads\/2024\/04\/BAO-GIA-DO-VAI-BENH-VIEN-Y-TE-150x118.jpg 150w, https:\/\/chanrathanhthuy.com\/wp-content\/uploads\/2024\/04\/BAO-GIA-DO-VAI-BENH-VIEN-Y-TE-768x602.jpg 768w, https:\/\/chanrathanhthuy.com\/wp-content\/uploads\/2024\/04\/BAO-GIA-DO-VAI-BENH-VIEN-Y-TE-600x470.jpg 600w\" sizes=\"auto, (max-width: 1500px) 100vw, 1500px\" \/><\/a><figcaption id=\"caption-attachment-76550\" class=\"wp-caption-text\">B\u00c1O GI\u00c1 \u0110\u1ed2 V\u1ea2I B\u1ec6NH VI\u1ec6N &#8211; Y T\u1ebe<\/figcaption><\/figure>\n<h2 style=\"text-align: justify;\" data-sourcepos=\"11:1-11:65\">\u01afu \u0110i\u1ec3m V\u01b0\u1ee3t Tr\u1ed9i c\u1ee7a Ga Th\u1eb3ng Tr\u1eafng Tr\u01a1n Ch\u1ed1ng Nh\u0103n B\u1ec7nh Vi\u1ec7n<\/h2>\n<p style=\"text-align: justify;\" data-sourcepos=\"13:1-13:163\">S\u1ea3n ph\u1ea9m ga th\u1eb3ng c\u1ee7a Ch\u0103n Ra Thanh Th\u1ee7y kh\u00f4ng ch\u1ec9 l\u00e0 m\u1ed9t v\u1eadt d\u1ee5ng th\u00f4ng th\u01b0\u1eddng m\u00e0 c\u00f2n l\u00e0 m\u1ed9t ph\u1ea7n quan tr\u1ecdng trong vi\u1ec7c t\u1ea1o d\u1ef1ng kh\u00f4ng gian \u0111i\u1ec1u tr\u1ecb l\u00fd t\u01b0\u1edfng.<\/p>\n<p data-sourcepos=\"13:1-13:163\"><a href=\"https:\/\/chanrathanhthuy.com\/wp-content\/uploads\/2024\/04\/Tong-hop-do-vai-Benh-vien-y-te.png\"><img loading=\"lazy\" decoding=\"async\" class=\"aligncenter size-full wp-image-61667\" src=\"https:\/\/chanrathanhthuy.com\/wp-content\/uploads\/2024\/04\/Tong-hop-do-vai-Benh-vien-y-te.png\" alt=\"T\u1ed5ng h\u1ee3p \u0111\u1ed3 v\u1ea3i B\u1ec7nh vi\u1ec7n - y t\u1ebf\" width=\"1500\" height=\"6188\" title=\"\" srcset=\"https:\/\/chanrathanhthuy.com\/wp-content\/uploads\/2024\/04\/Tong-hop-do-vai-Benh-vien-y-te.png 1500w, https:\/\/chanrathanhthuy.com\/wp-content\/uploads\/2024\/04\/Tong-hop-do-vai-Benh-vien-y-te-600x2475.png 600w, https:\/\/chanrathanhthuy.com\/wp-content\/uploads\/2024\/04\/Tong-hop-do-vai-Benh-vien-y-te-73x300.png 73w, https:\/\/chanrathanhthuy.com\/wp-content\/uploads\/2024\/04\/Tong-hop-do-vai-Benh-vien-y-te-248x1024.png 248w, https:\/\/chanrathanhthuy.com\/wp-content\/uploads\/2024\/04\/Tong-hop-do-vai-Benh-vien-y-te-36x150.png 36w, https:\/\/chanrathanhthuy.com\/wp-content\/uploads\/2024\/04\/Tong-hop-do-vai-Benh-vien-y-te-768x3168.png 768w, https:\/\/chanrathanhthuy.com\/wp-content\/uploads\/2024\/04\/Tong-hop-do-vai-Benh-vien-y-te-372x1536.png 372w\" sizes=\"auto, (max-width: 1500px) 100vw, 1500px\" \/><\/a><\/p>\n<h3 style=\"text-align: justify;\" data-sourcepos=\"15:1-15:65\">Ch\u1ea5t Li\u1ec7u B\u1ec1n B\u1ec9 &amp; Kh\u00e1ng Khu\u1ea9n: \u0110\u1ea3m B\u1ea3o An To\u00e0n Tuy\u1ec7t \u0110\u1ed1i<\/h3>\n<p style=\"text-align: justify;\" data-sourcepos=\"17:1-17:477\">Ga Th\u1eb3ng Tr\u1eafng Tr\u01a1n Ch\u1ed1ng Nh\u0103n B\u1ec7nh Vi\u1ec7n \u0111\u01b0\u1ee3c s\u1ea3n xu\u1ea5t t\u1eeb c\u00e1c ch\u1ea5t li\u1ec7u cao c\u1ea5p nh\u01b0 cotton t\u1ef1 nhi\u00ean ho\u1eb7c s\u1ee3i t\u1ed5ng h\u1ee3p chuy\u00ean d\u1ee5ng (v\u00ed d\u1ee5: polyester, CVC) v\u1edbi m\u1eadt \u0111\u1ed9 d\u1ec7t ch\u1eb7t ch\u1ebd. \u0110i\u1ec1u n\u00e0y \u0111\u1ea3m b\u1ea3o ga c\u00f3 \u0111\u1ed9 b\u1ec1n v\u01b0\u1ee3t tr\u1ed9i, kh\u1ea3 n\u0103ng ch\u1ed1ng m\u00e0i m\u00f2n cao v\u00e0 \u0111\u1eb7c bi\u1ec7t l\u00e0 kh\u1ea3 n\u0103ng kh\u00e1ng khu\u1ea9n hi\u1ec7u qu\u1ea3. S\u1ea3n ph\u1ea9m d\u1ec5 d\u00e0ng ch\u1ecbu \u0111\u01b0\u1ee3c quy tr\u00ecnh gi\u1eb7t t\u1ea9y c\u00f4ng nghi\u1ec7p kh\u1eaft khe \u1edf nhi\u1ec7t \u0111\u1ed9 cao, gi\u00fap lo\u1ea1i b\u1ecf ho\u00e0n to\u00e0n vi khu\u1ea9n v\u00e0 m\u1ea7m b\u1ec7nh, duy tr\u00ec m\u00f4i tr\u01b0\u1eddng v\u00f4 tr\u00f9ng tuy\u1ec7t \u0111\u1ed1i cho b\u1ec7nh nh\u00e2n.<\/p>\n<h3 style=\"text-align: justify;\" data-sourcepos=\"19:1-19:63\">\u0110\u1eb7c T\u00ednh Ch\u1ed1ng Nh\u0103n N\u1ed5i B\u1eadt: Lu\u00f4n Ph\u1eb3ng Phiu, Chuy\u00ean Nghi\u1ec7p<\/h3>\n<p style=\"text-align: justify;\" data-sourcepos=\"21:1-21:422\">M\u1ed9t trong nh\u1eefng \u01b0u \u0111i\u1ec3m n\u1ed5i b\u1eadt c\u1ee7a Ga Th\u1eb3ng Tr\u1eafng Tr\u01a1n Ch\u1ed1ng Nh\u0103n B\u1ec7nh Vi\u1ec7n l\u00e0 kh\u1ea3 n\u0103ng ch\u1ed1ng nh\u0103n v\u01b0\u1ee3t tr\u1ed9i. B\u1ec1 m\u1eb7t ga lu\u00f4n gi\u1eef \u0111\u01b0\u1ee3c s\u1ef1 ph\u1eb3ng phiu, g\u1ecdn g\u00e0ng, ngay c\u1ea3 sau nhi\u1ec1u l\u1ea7n gi\u1eb7t hay khi b\u1ec7nh nh\u00e2n di chuy\u1ec3n. \u0110\u1eb7c t\u00ednh n\u00e0y kh\u00f4ng ch\u1ec9 n\u00e2ng cao t\u00ednh th\u1ea9m m\u1ef9 c\u1ee7a ph\u00f2ng b\u1ec7nh, t\u1ea1o c\u1ea3m gi\u00e1c d\u1ec5 ch\u1ecbu cho ng\u01b0\u1eddi b\u1ec7nh, m\u00e0 c\u00f2n gi\u00fap ti\u1ebft ki\u1ec7m th\u1eddi gian l\u00e0 \u1ee7i cho nh\u00e2n vi\u00ean y t\u1ebf, t\u1ed1i \u01b0u h\u00f3a quy tr\u00ecnh l\u00e0m vi\u1ec7c trong b\u1ec7nh vi\u1ec7n.<\/p>\n<h3 style=\"text-align: justify;\" data-sourcepos=\"23:1-23:55\">M\u00e0u S\u1eafc Tr\u1eafng Tinh Khi\u1ebft: D\u1ec5 D\u00e0ng Ki\u1ec3m So\u00e1t V\u1ec7 Sinh<\/h3>\n<p style=\"text-align: justify;\" data-sourcepos=\"25:1-25:432\">M\u00e0u tr\u1eafng truy\u1ec1n th\u1ed1ng c\u1ee7a ga tr\u1ea3i gi\u01b0\u1eddng b\u1ec7nh vi\u1ec7n kh\u00f4ng ch\u1ec9 mang l\u1ea1i c\u1ea3m gi\u00e1c s\u1ea1ch s\u1ebd, tinh kh\u00f4i m\u00e0 c\u00f2n c\u00f3 \u00fd ngh\u0129a quan tr\u1ecdng trong vi\u1ec7c ki\u1ec3m so\u00e1t v\u1ec7 sinh. V\u1edbi Ga Th\u1eb3ng Tr\u1eafng Tr\u01a1n Ch\u1ed1ng Nh\u0103n B\u1ec7nh Vi\u1ec7n c\u1ee7a Ch\u0103n Ra Thanh Th\u1ee7y, m\u1ecdi v\u1ebft b\u1ea9n, d\u00f9 nh\u1ecf nh\u1ea5t, \u0111\u1ec1u d\u1ec5 d\u00e0ng \u0111\u01b0\u1ee3c ph\u00e1t hi\u1ec7n. \u0110i\u1ec1u n\u00e0y gi\u00fap \u0111\u1ed9i ng\u0169 y t\u1ebf k\u1ecbp th\u1eddi x\u1eed l\u00fd, \u0111\u1ea3m b\u1ea3o ti\u00eau chu\u1ea9n v\u1ec7 sinh kh\u1eaft khe nh\u1ea5t, g\u00f3p ph\u1ea7n ng\u0103n ng\u1eeba l\u00e2y nhi\u1ec5m v\u00e0 b\u1ea3o v\u1ec7 s\u1ee9c kh\u1ecfe c\u1ed9ng \u0111\u1ed3ng.<\/p>\n<p style=\"text-align: justify;\" data-sourcepos=\"27:1-27:157\">Ch\u0103n Ra Thanh Th\u1ee7y cam k\u1ebft mang \u0111\u1ebfn nh\u1eefng s\u1ea3n ph\u1ea9m ga th\u1eb3ng b\u1ec7nh vi\u1ec7n kh\u00f4ng ch\u1ec9 \u0111\u00e1p \u1ee9ng m\u00e0 c\u00f2n v\u01b0\u1ee3t xa mong \u0111\u1ee3i v\u1ec1 ch\u1ea5t l\u01b0\u1ee3ng, an to\u00e0n v\u00e0 t\u00ednh ti\u1ec7n d\u1ee5ng.<\/p>\n<p style=\"text-align: justify;\" data-sourcepos=\"29:1-29:135\">\u0110\u1ec3 bi\u1ebft th\u00eam th\u00f4ng tin chi ti\u1ebft v\u1ec1 s\u1ea3n ph\u1ea9m v\u00e0 nh\u1eadn b\u00e1o gi\u00e1 \u01b0u \u0111\u00e3i, Qu\u00fd b\u1ec7nh vi\u1ec7n vui l\u00f2ng li\u00ean h\u1ec7 Ch\u0103n Ra Thanh Th\u1ee7y ngay h\u00f4m nay<\/p>\n","protected":false},"excerpt":{"rendered":"<div class=\"wrap-product-attributes\">\n<p>&nbsp;<\/p>\n<\/div>\n","protected":false},"featured_media":75519,"comment_status":"open","ping_status":"closed","template":"","meta":{"_acf_changed":false,"inline_featured_image":false},"product_cat":[2074],"product_tag":[],"class_list":{"0":"post-72632","1":"product","2":"type-product","3":"status-publish","4":"has-post-thumbnail","6":"product_cat-benh-vien","8":"first","9":"instock","10":"purchasable","11":"product-type-variable","12":"rtwpvg-product"},"acf":[],"_links":{"self":[{"href":"https:\/\/chanrathanhthuy.com\/ja\/wp-json\/wp\/v2\/product\/72632","targetHints":{"allow":["GET"]}}],"collection":[{"href":"https:\/\/chanrathanhthuy.com\/ja\/wp-json\/wp\/v2\/product"}],"about":[{"href":"https:\/\/chanrathanhthuy.com\/ja\/wp-json\/wp\/v2\/types\/product"}],"replies":[{"embeddable":true,"href":"https:\/\/chanrathanhthuy.com\/ja\/wp-json\/wp\/v2\/comments?post=72632"}],"wp:featuredmedia":[{"embeddable":true,"href":"https:\/\/chanrathanhthuy.com\/ja\/wp-json\/wp\/v2\/media\/75519"}],"wp:attachment":[{"href":"https:\/\/chanrathanhthuy.com\/ja\/wp-json\/wp\/v2\/media?parent=72632"}],"wp:term":[{"taxonomy":"product_cat","embeddable":true,"href":"https:\/\/chanrathanhthuy.com\/ja\/wp-json\/wp\/v2\/product_cat?post=72632"},{"taxonomy":"product_tag","embeddable":true,"href":"https:\/\/chanrathanhthuy.com\/ja\/wp-json\/wp\/v2\/product_tag?post=72632"}],"curies":[{"name":"wp","href":"https:\/\/api.w.org\/{rel}","templated":true}]}}