{"id":72667,"date":"2025-04-24T04:45:56","date_gmt":"2025-04-24T04:45:56","guid":{"rendered":"https:\/\/chanrathanhthuy.com\/?post_type=product&#038;p=72667"},"modified":"2025-07-14T07:56:58","modified_gmt":"2025-07-14T07:56:58","slug":"rem-chan-buong-phong-benh-vien","status":"publish","type":"product","link":"https:\/\/chanrathanhthuy.com\/ja\/product\/rem-chan-buong-phong-benh-vien\/","title":{"rendered":"R\u00e8m Ch\u1eafn Bu\u1ed3ng Ph\u00f2ng B\u1ec7nh Vi\u1ec7n"},"content":{"rendered":"<h1 style=\"text-align: justify;\">R\u00e8m Ch\u1eafn Bu\u1ed3ng Ph\u00f2ng B\u1ec7nh Vi\u1ec7n: Gi\u1ea3i Ph\u00e1p Ri\u00eang T\u01b0 v\u00e0 V\u1ec7 Sinh T\u1ed1i \u01afu T\u1eeb Ch\u0103n Ra Thanh Th\u1ee7y<\/h1>\n<h2 style=\"text-align: justify;\" data-sourcepos=\"3:1-3:70\">Ch\u0103n Ra Thanh Th\u1ee7y: N\u00e2ng Cao M\u00f4i Tr\u01b0\u1eddng Ch\u0103m S\u00f3c Y T\u1ebf Chuy\u00ean Nghi\u1ec7p<\/h2>\n<p style=\"text-align: justify;\" data-sourcepos=\"5:1-5:417\">Trong m\u1ecdi c\u01a1 s\u1edf y t\u1ebf, vi\u1ec7c \u0111\u1ea3m b\u1ea3o s\u1ef1 ri\u00eang t\u01b0 v\u00e0 an to\u00e0n v\u1ec7 sinh cho b\u1ec7nh nh\u00e2n l\u00e0 y\u1ebfu t\u1ed1 kh\u00f4ng th\u1ec3 thi\u1ebfu. R\u00e8m Ch\u1eafn Bu\u1ed3ng Ph\u00f2ng B\u1ec7nh Vi\u1ec7n \u0111\u00f3ng vai tr\u00f2 then ch\u1ed1t trong vi\u1ec7c t\u1ea1o ra m\u1ed9t kh\u00f4ng gian k\u00edn \u0111\u00e1o, tho\u1ea3i m\u00e1i v\u00e0 ng\u0103n ng\u1eeba l\u00e2y nhi\u1ec5m. Ch\u0103n Ra Thanh Th\u1ee7y t\u1ef1 h\u00e0o l\u00e0 nh\u00e0 cung c\u1ea5p h\u00e0ng \u0111\u1ea7u c\u00e1c s\u1ea3n ph\u1ea9m r\u00e8m ch\u1eafn ch\u1ea5t l\u01b0\u1ee3ng cao, \u0111\u01b0\u1ee3c thi\u1ebft k\u1ebf chuy\u00ean bi\u1ec7t \u0111\u1ec3 \u0111\u00e1p \u1ee9ng m\u1ecdi y\u00eau c\u1ea7u kh\u1eaft khe c\u1ee7a m\u00f4i tr\u01b0\u1eddng b\u1ec7nh vi\u1ec7n.<\/p>\n<figure id=\"attachment_76550\" aria-describedby=\"caption-attachment-76550\" style=\"width: 1490px\" class=\"wp-caption aligncenter\"><a href=\"https:\/\/chanrathanhthuy.com\/wp-content\/uploads\/2024\/04\/BAO-GIA-DO-VAI-BENH-VIEN-Y-TE.jpg\"><img loading=\"lazy\" decoding=\"async\" class=\"size-full wp-image-76550\" src=\"https:\/\/chanrathanhthuy.com\/wp-content\/uploads\/2024\/04\/BAO-GIA-DO-VAI-BENH-VIEN-Y-TE.jpg\" alt=\"B\u00c1O GI\u00c1 \u0110\u1ed2 V\u1ea2I B\u1ec6NH VI\u1ec6N - Y T\u1ebe\" width=\"1500\" height=\"1175\" title=\"\" srcset=\"https:\/\/chanrathanhthuy.com\/wp-content\/uploads\/2024\/04\/BAO-GIA-DO-VAI-BENH-VIEN-Y-TE.jpg 1500w, https:\/\/chanrathanhthuy.com\/wp-content\/uploads\/2024\/04\/BAO-GIA-DO-VAI-BENH-VIEN-Y-TE-300x235.jpg 300w, https:\/\/chanrathanhthuy.com\/wp-content\/uploads\/2024\/04\/BAO-GIA-DO-VAI-BENH-VIEN-Y-TE-1024x802.jpg 1024w, https:\/\/chanrathanhthuy.com\/wp-content\/uploads\/2024\/04\/BAO-GIA-DO-VAI-BENH-VIEN-Y-TE-150x118.jpg 150w, https:\/\/chanrathanhthuy.com\/wp-content\/uploads\/2024\/04\/BAO-GIA-DO-VAI-BENH-VIEN-Y-TE-768x602.jpg 768w, https:\/\/chanrathanhthuy.com\/wp-content\/uploads\/2024\/04\/BAO-GIA-DO-VAI-BENH-VIEN-Y-TE-600x470.jpg 600w\" sizes=\"auto, (max-width: 1500px) 100vw, 1500px\" \/><\/a><figcaption id=\"caption-attachment-76550\" class=\"wp-caption-text\">B\u00c1O GI\u00c1 \u0110\u1ed2 V\u1ea2I B\u1ec6NH VI\u1ec6N &#8211; Y T\u1ebe<\/figcaption><\/figure>\n<h2 style=\"text-align: justify;\" data-sourcepos=\"7:1-7:77\">\u01afu \u0110i\u1ec3m V\u01b0\u1ee3t Tr\u1ed9i c\u1ee7a R\u00e8m Ch\u1eafn Bu\u1ed3ng Ph\u00f2ng B\u1ec7nh Vi\u1ec7n T\u1eeb Ch\u0103n Ra Thanh Th\u1ee7y<\/h2>\n<p style=\"text-align: justify;\" data-sourcepos=\"9:1-9:113\">C\u00e1c s\u1ea3n ph\u1ea9m r\u00e8m ch\u1eafn c\u1ee7a Ch\u0103n Ra Thanh Th\u1ee7y kh\u00f4ng ch\u1ec9 \u0111\u1eb9p v\u1ec1 m\u1eb7t th\u1ea9m m\u1ef9 m\u00e0 c\u00f2n t\u1ed1i \u01b0u v\u1ec1 c\u00f4ng n\u0103ng s\u1eed d\u1ee5ng.<\/p>\n<h3 style=\"text-align: justify;\" data-sourcepos=\"11:1-11:65\">\u0110\u1ea3m B\u1ea3o S\u1ef1 Ri\u00eang T\u01b0 Tuy\u1ec7t \u0110\u1ed1i: N\u00e2ng Cao Tr\u1ea3i Nghi\u1ec7m B\u1ec7nh Nh\u00e2n<\/h3>\n<p style=\"text-align: justify;\" data-sourcepos=\"13:1-13:371\">R\u00e8m Ch\u1eafn Bu\u1ed3ng Ph\u00f2ng B\u1ec7nh Vi\u1ec7n c\u1ee7a Ch\u0103n Ra Thanh Th\u1ee7y l\u00e0 gi\u1ea3i ph\u00e1p hi\u1ec7u qu\u1ea3 \u0111\u1ec3 t\u1ea1o kh\u00f4ng gian ri\u00eang t\u01b0 cho t\u1eebng b\u1ec7nh nh\u00e2n. \u0110i\u1ec1u n\u00e0y \u0111\u1eb7c bi\u1ec7t quan tr\u1ecdng trong c\u00e1c bu\u1ed3ng b\u1ec7nh chung, gi\u00fap ng\u01b0\u1eddi b\u1ec7nh c\u1ea3m th\u1ea5y an to\u00e0n, \u0111\u01b0\u1ee3c t\u00f4n tr\u1ecdng v\u00e0 tho\u1ea3i m\u00e1i h\u01a1n trong su\u1ed1t qu\u00e1 tr\u00ecnh \u0111i\u1ec1u tr\u1ecb. S\u1ef1 ri\u00eang t\u01b0 c\u00f2n g\u00f3p ph\u1ea7n t\u1ea1o \u0111i\u1ec1u ki\u1ec7n t\u1ed1t h\u01a1n cho vi\u1ec7c th\u0103m kh\u00e1m v\u00e0 ch\u0103m s\u00f3c c\u00e1 nh\u00e2n.<\/p>\n<p data-sourcepos=\"13:1-13:371\"><a href=\"https:\/\/chanrathanhthuy.com\/wp-content\/uploads\/2024\/04\/Man-chan-buong-phong-benh-vien-y-te.jpg\"><img loading=\"lazy\" decoding=\"async\" class=\"aligncenter size-full wp-image-61952\" src=\"https:\/\/chanrathanhthuy.com\/wp-content\/uploads\/2024\/04\/Man-chan-buong-phong-benh-vien-y-te.jpg\" alt=\"\" width=\"1500\" height=\"1656\" title=\"\" srcset=\"https:\/\/chanrathanhthuy.com\/wp-content\/uploads\/2024\/04\/Man-chan-buong-phong-benh-vien-y-te.jpg 1500w, https:\/\/chanrathanhthuy.com\/wp-content\/uploads\/2024\/04\/Man-chan-buong-phong-benh-vien-y-te-600x662.jpg 600w, https:\/\/chanrathanhthuy.com\/wp-content\/uploads\/2024\/04\/Man-chan-buong-phong-benh-vien-y-te-272x300.jpg 272w, https:\/\/chanrathanhthuy.com\/wp-content\/uploads\/2024\/04\/Man-chan-buong-phong-benh-vien-y-te-928x1024.jpg 928w, https:\/\/chanrathanhthuy.com\/wp-content\/uploads\/2024\/04\/Man-chan-buong-phong-benh-vien-y-te-136x150.jpg 136w, https:\/\/chanrathanhthuy.com\/wp-content\/uploads\/2024\/04\/Man-chan-buong-phong-benh-vien-y-te-768x848.jpg 768w, https:\/\/chanrathanhthuy.com\/wp-content\/uploads\/2024\/04\/Man-chan-buong-phong-benh-vien-y-te-1391x1536.jpg 1391w\" sizes=\"auto, (max-width: 1500px) 100vw, 1500px\" \/><\/a><\/p>\n<h3 style=\"text-align: justify;\" data-sourcepos=\"15:1-15:67\">Ch\u1ea5t Li\u1ec7u Cao C\u1ea5p &amp; D\u1ec5 V\u1ec7 Sinh: Duy Tr\u00ec M\u00f4i Tr\u01b0\u1eddng V\u00f4 Tr\u00f9ng<\/h3>\n<p style=\"text-align: justify;\" data-sourcepos=\"17:1-17:105\">Ch\u00fang t\u00f4i cung c\u1ea5p r\u00e8m ch\u1eafn v\u1edbi \u0111a d\u1ea1ng ch\u1ea5t li\u1ec7u, \u0111\u01b0\u1ee3c l\u1ef1a ch\u1ecdn k\u1ef9 l\u01b0\u1ee1ng \u0111\u1ec3 ph\u00f9 h\u1ee3p v\u1edbi m\u00f4i tr\u01b0\u1eddng y t\u1ebf:<\/p>\n<ul style=\"text-align: justify;\" data-sourcepos=\"18:1-21:0\">\n<li data-sourcepos=\"18:1-18:17\">100% Cotton<\/li>\n<li data-sourcepos=\"19:1-19:20\">100% Polyester<\/li>\n<li data-sourcepos=\"20:1-21:0\">C\u00e1c lo\u1ea1i v\u1ea3i cao c\u1ea5p nh\u01b0 L\u1ee5a, B\u1ed1, G\u1ea5m, Tafta, Voan<\/li>\n<\/ul>\n<p style=\"text-align: justify;\" data-sourcepos=\"22:1-22:262\">C\u00e1c ch\u1ea5t li\u1ec7u n\u00e0y kh\u00f4ng ch\u1ec9 b\u1ec1n b\u1ec9, ch\u1ecbu \u0111\u01b0\u1ee3c t\u1ea7n su\u1ea5t s\u1eed d\u1ee5ng v\u00e0 gi\u1eb7t t\u1ea9y cao m\u00e0 c\u00f2n r\u1ea5t d\u1ec5 d\u00e0ng v\u1ec7 sinh. \u0110\u1eb7c t\u00ednh n\u00e0y gi\u00fap ng\u0103n ch\u1eb7n s\u1ef1 ph\u00e1t tri\u1ec3n c\u1ee7a vi khu\u1ea9n, duy tr\u00ec m\u00f4i tr\u01b0\u1eddng s\u1ea1ch s\u1ebd, g\u00f3p ph\u1ea7n quan tr\u1ecdng v\u00e0o c\u00f4ng t\u00e1c ki\u1ec3m so\u00e1t nhi\u1ec5m khu\u1ea9n trong b\u1ec7nh vi\u1ec7n.<\/p>\n<h3 style=\"text-align: justify;\" data-sourcepos=\"24:1-24:65\">\u0110\u1ed9 B\u1ec1n Cao &amp; Kh\u1ea3 N\u0103ng T\u00f9y Ch\u1ec9nh: Th\u00edch \u1ee8ng M\u1ecdi Kh\u00f4ng Gian<\/h3>\n<p style=\"text-align: justify;\" data-sourcepos=\"26:1-26:421\">R\u00e8m Ch\u1eafn Bu\u1ed3ng Ph\u00f2ng B\u1ec7nh Vi\u1ec7n c\u1ee7a Ch\u0103n Ra Thanh Th\u1ee7y \u0111\u01b0\u1ee3c thi\u1ebft k\u1ebf \u0111\u1ec3 c\u00f3 \u0111\u1ed9 b\u1ec1n v\u01b0\u1ee3t tr\u1ed9i, ch\u1ecbu \u0111\u01b0\u1ee3c \u0111i\u1ec1u ki\u1ec7n s\u1eed d\u1ee5ng li\u00ean t\u1ee5c v\u00e0 quy tr\u00ecnh l\u00e0m s\u1ea1ch th\u01b0\u1eddng xuy\u00ean m\u00e0 kh\u00f4ng b\u1ecb h\u01b0 h\u1ea1i. Ngo\u00e0i ra, ch\u00fang t\u00f4i cung c\u1ea5p c\u00e1c s\u1ea3n ph\u1ea9m r\u00e8m v\u1edbi nhi\u1ec1u k\u00edch th\u01b0\u1edbc v\u00e0 ki\u1ec3u d\u00e1ng kh\u00e1c nhau, d\u1ec5 d\u00e0ng t\u00f9y ch\u1ec9nh \u0111\u1ec3 ph\u00f9 h\u1ee3p v\u1edbi m\u1ecdi b\u1ed1 c\u1ee5c ph\u00f2ng b\u1ec7nh v\u00e0 y\u00eau c\u1ea7u v\u1ec1 th\u1ea9m m\u1ef9, \u0111\u1ea3m b\u1ea3o s\u1ef1 h\u00e0i h\u00f2a v\u00e0 chuy\u00ean nghi\u1ec7p cho t\u1ed5ng th\u1ec3 kh\u00f4ng gian.<\/p>\n<p style=\"text-align: justify;\" data-sourcepos=\"28:1-28:212\">V\u1edbi cam k\u1ebft v\u1ec1 ch\u1ea5t l\u01b0\u1ee3ng, s\u1ef1 am hi\u1ec3u s\u00e2u s\u1eafc v\u1ec1 nhu c\u1ea7u ng\u00e0nh y t\u1ebf, Ch\u0103n Ra Thanh Th\u1ee7y l\u00e0 l\u1ef1a ch\u1ecdn h\u00e0ng \u0111\u1ea7u cho c\u00e1c gi\u1ea3i ph\u00e1p r\u00e8m ch\u1eafn bu\u1ed3ng ph\u00f2ng b\u1ec7nh vi\u1ec7n, mang \u0111\u1ebfn s\u1ef1 an to\u00e0n, v\u1ec7 sinh v\u00e0 ti\u1ec7n nghi t\u1ed1i \u01b0u.<\/p>\n<p style=\"text-align: justify;\" data-sourcepos=\"30:1-30:130\">\u0110\u1ec3 bi\u1ebft th\u00eam th\u00f4ng tin chi ti\u1ebft v\u1ec1 s\u1ea3n ph\u1ea9m v\u00e0 c\u00e1c gi\u1ea3i ph\u00e1p \u0111\u1ed3 v\u1ea3i b\u1ec7nh vi\u1ec7n kh\u00e1c, vui l\u00f2ng truy c\u1eadp trang web c\u1ee7a ch\u00fang t\u00f4i t\u1ea1i:<\/p>\n<ul data-sourcepos=\"32:1-32:99\">\n<li style=\"text-align: justify;\" data-sourcepos=\"32:1-32:99\"><a class=\"ng-star-inserted\" href=\"https:\/\/chanrathanhthuy.com\/du-an\/bao-gia-do-vai-benh-vien-y-te\/\" target=\"_blank\" rel=\"noopener\">B\u00e1o Gi\u00e1 \u0110\u1ed3 V\u1ea3i B\u1ec7nh Vi\u1ec7n Y T\u1ebf<\/a><\/li>\n<\/ul>\n","protected":false},"excerpt":{"rendered":"<div class=\"wrap-product-attributes\">\n<p>&nbsp;<\/p>\n<\/div>\n","protected":false},"featured_media":75677,"comment_status":"open","ping_status":"closed","template":"","meta":{"_acf_changed":false,"inline_featured_image":false},"product_cat":[2074],"product_tag":[],"class_list":{"0":"post-72667","1":"product","2":"type-product","3":"status-publish","4":"has-post-thumbnail","6":"product_cat-benh-vien","8":"first","9":"instock","10":"taxable","11":"shipping-taxable","12":"product-type-variable","13":"rtwpvg-product"},"acf":[],"_links":{"self":[{"href":"https:\/\/chanrathanhthuy.com\/ja\/wp-json\/wp\/v2\/product\/72667","targetHints":{"allow":["GET"]}}],"collection":[{"href":"https:\/\/chanrathanhthuy.com\/ja\/wp-json\/wp\/v2\/product"}],"about":[{"href":"https:\/\/chanrathanhthuy.com\/ja\/wp-json\/wp\/v2\/types\/product"}],"replies":[{"embeddable":true,"href":"https:\/\/chanrathanhthuy.com\/ja\/wp-json\/wp\/v2\/comments?post=72667"}],"wp:featuredmedia":[{"embeddable":true,"href":"https:\/\/chanrathanhthuy.com\/ja\/wp-json\/wp\/v2\/media\/75677"}],"wp:attachment":[{"href":"https:\/\/chanrathanhthuy.com\/ja\/wp-json\/wp\/v2\/media?parent=72667"}],"wp:term":[{"taxonomy":"product_cat","embeddable":true,"href":"https:\/\/chanrathanhthuy.com\/ja\/wp-json\/wp\/v2\/product_cat?post=72667"},{"taxonomy":"product_tag","embeddable":true,"href":"https:\/\/chanrathanhthuy.com\/ja\/wp-json\/wp\/v2\/product_tag?post=72667"}],"curies":[{"name":"wp","href":"https:\/\/api.w.org\/{rel}","templated":true}]}}