{"id":72670,"date":"2025-04-24T04:46:39","date_gmt":"2025-04-24T04:46:39","guid":{"rendered":"https:\/\/chanrathanhthuy.com\/?post_type=product&#038;p=72670"},"modified":"2026-04-13T04:22:04","modified_gmt":"2026-04-13T04:22:04","slug":"khan-cotton-benh-vien","status":"publish","type":"product","link":"https:\/\/chanrathanhthuy.com\/ja\/product\/khan-cotton-benh-vien\/","title":{"rendered":"Kh\u0103n Cotton B\u1ec7nh Vi\u1ec7n"},"content":{"rendered":"<h1 style=\"text-align: justify;\">Kh\u0103n Cotton B\u1ec7nh Vi\u1ec7n: Ti\u00eau Chu\u1ea9n V\u00e0ng Cho V\u1ec7 Sinh V\u00e0 Ch\u0103m S\u00f3c Y T\u1ebf T\u1eeb Ch\u0103n Ra Thanh Th\u1ee7y<\/h1>\n<h2 style=\"text-align: justify;\" data-sourcepos=\"3:1-3:70\">Ch\u0103n Ra Thanh Th\u1ee7y: \u0110\u1ed1i T\u00e1c Tin C\u1eady Cho \u0110\u1ed3 V\u1ea3i B\u1ec7nh Vi\u1ec7n Ch\u1ea5t L\u01b0\u1ee3ng<\/h2>\n<p style=\"text-align: justify;\" data-sourcepos=\"5:1-5:413\">Trong m\u00f4i tr\u01b0\u1eddng y t\u1ebf, v\u1ec7 sinh v\u00e0 s\u1ef1 an to\u00e0n c\u1ee7a b\u1ec7nh nh\u00e2n lu\u00f4n l\u00e0 \u01b0u ti\u00ean h\u00e0ng \u0111\u1ea7u. M\u1ed7i v\u1eadt d\u1ee5ng ti\u1ebfp x\u00fac tr\u1ef1c ti\u1ebfp v\u1edbi ng\u01b0\u1eddi b\u1ec7nh \u0111\u1ec1u ph\u1ea3i \u0111\u1ea1t chu\u1ea9n cao nh\u1ea5t. Ch\u0103n Ra Thanh Th\u1ee7y t\u1ef1 h\u00e0o l\u00e0 nh\u00e0 cung c\u1ea5p h\u00e0ng \u0111\u1ea7u c\u00e1c s\u1ea3n ph\u1ea9m \u0111\u1ed3 v\u1ea3i y t\u1ebf, \u0111\u1eb7c bi\u1ec7t l\u00e0 d\u00f2ng Kh\u0103n Cotton B\u1ec7nh Vi\u1ec7n \u2013 gi\u1ea3i ph\u00e1p ho\u00e0n h\u1ea3o mang \u0111\u1ebfn s\u1ef1 m\u1ec1m m\u1ea1i, th\u1ea5m h\u00fat v\u00e0 an to\u00e0n tuy\u1ec7t \u0111\u1ed1i, g\u00f3p ph\u1ea7n n\u00e2ng cao ch\u1ea5t l\u01b0\u1ee3ng d\u1ecbch v\u1ee5 ch\u0103m s\u00f3c s\u1ee9c kh\u1ecfe.<\/p>\n<figure id=\"attachment_76550\" aria-describedby=\"caption-attachment-76550\" style=\"width: 1490px\" class=\"wp-caption aligncenter\"><a href=\"https:\/\/chanrathanhthuy.com\/wp-content\/uploads\/2024\/04\/BAO-GIA-DO-VAI-BENH-VIEN-Y-TE.jpg\"><img loading=\"lazy\" decoding=\"async\" class=\"size-full wp-image-76550\" src=\"https:\/\/chanrathanhthuy.com\/wp-content\/uploads\/2024\/04\/BAO-GIA-DO-VAI-BENH-VIEN-Y-TE.jpg\" alt=\"B\u00c1O GI\u00c1 \u0110\u1ed2 V\u1ea2I B\u1ec6NH VI\u1ec6N - Y T\u1ebe\" width=\"1500\" height=\"1175\" title=\"\" srcset=\"https:\/\/chanrathanhthuy.com\/wp-content\/uploads\/2024\/04\/BAO-GIA-DO-VAI-BENH-VIEN-Y-TE.jpg 1500w, https:\/\/chanrathanhthuy.com\/wp-content\/uploads\/2024\/04\/BAO-GIA-DO-VAI-BENH-VIEN-Y-TE-300x235.jpg 300w, https:\/\/chanrathanhthuy.com\/wp-content\/uploads\/2024\/04\/BAO-GIA-DO-VAI-BENH-VIEN-Y-TE-1024x802.jpg 1024w, https:\/\/chanrathanhthuy.com\/wp-content\/uploads\/2024\/04\/BAO-GIA-DO-VAI-BENH-VIEN-Y-TE-150x118.jpg 150w, https:\/\/chanrathanhthuy.com\/wp-content\/uploads\/2024\/04\/BAO-GIA-DO-VAI-BENH-VIEN-Y-TE-768x602.jpg 768w, https:\/\/chanrathanhthuy.com\/wp-content\/uploads\/2024\/04\/BAO-GIA-DO-VAI-BENH-VIEN-Y-TE-600x470.jpg 600w\" sizes=\"auto, (max-width: 1500px) 100vw, 1500px\" \/><\/a><figcaption id=\"caption-attachment-76550\" class=\"wp-caption-text\">B\u00c1O GI\u00c1 \u0110\u1ed2 V\u1ea2I B\u1ec6NH VI\u1ec6N &#8211; Y T\u1ebe<\/figcaption><\/figure>\n<h2 style=\"text-align: justify;\" data-sourcepos=\"7:1-7:67\">\u0110\u1eb7c \u0110i\u1ec3m N\u1ed5i B\u1eadt C\u1ee7a Kh\u0103n Cotton B\u1ec7nh Vi\u1ec7n T\u1eeb Ch\u0103n Ra Thanh Th\u1ee7y<\/h2>\n<p style=\"text-align: justify;\" data-sourcepos=\"9:1-9:110\">S\u1ea3n ph\u1ea9m kh\u0103n cotton y t\u1ebf c\u1ee7a ch\u00fang t\u00f4i \u0111\u01b0\u1ee3c thi\u1ebft k\u1ebf \u0111\u1ec3 \u0111\u00e1p \u1ee9ng c\u00e1c y\u00eau c\u1ea7u kh\u1eaft khe nh\u1ea5t c\u1ee7a c\u00e1c c\u01a1 s\u1edf y t\u1ebf.<\/p>\n<h3 style=\"text-align: justify;\" data-sourcepos=\"11:1-11:65\">Ch\u1ea5t Li\u1ec7u 100% Cotton T\u1ef1 Nhi\u00ean: M\u1ec1m M\u1ea1i v\u00e0 Th\u1ea5m H\u00fat V\u01b0\u1ee3t Tr\u1ed9i<\/h3>\n<p style=\"text-align: justify;\" data-sourcepos=\"13:1-13:368\">Kh\u0103n cotton b\u1ec7nh vi\u1ec7n c\u1ee7a Ch\u0103n Ra Thanh Th\u1ee7y \u0111\u01b0\u1ee3c l\u00e0m t\u1eeb 100% cotton t\u1ef1 nhi\u00ean, \u0111\u1ea3m b\u1ea3o \u0111\u1ed9 m\u1ec1m m\u1ea1i t\u1ed1i \u0111a, kh\u00f4ng g\u00e2y k\u00edch \u1ee9ng da, an to\u00e0n tuy\u1ec7t \u0111\u1ed1i cho c\u1ea3 nh\u1eefng b\u1ec7nh nh\u00e2n c\u00f3 l\u00e0n da nh\u1ea1y c\u1ea3m nh\u1ea5t. \u0110\u1eb7c t\u00ednh th\u1ea5m h\u00fat n\u01b0\u1edbc v\u00e0 m\u1ed3 h\u00f4i v\u01b0\u1ee3t tr\u1ed9i c\u1ee7a cotton gi\u00fap gi\u1eef cho da lu\u00f4n kh\u00f4 tho\u00e1ng, s\u1ea1ch s\u1ebd, mang l\u1ea1i c\u1ea3m gi\u00e1c tho\u1ea3i m\u00e1i v\u00e0 d\u1ec5 ch\u1ecbu trong su\u1ed1t qu\u00e1 tr\u00ecnh \u0111i\u1ec1u tr\u1ecb.<\/p>\n<p data-sourcepos=\"13:1-13:368\"><a href=\"https:\/\/chanrathanhthuy.com\/wp-content\/uploads\/2024\/04\/Chat-lieu-vai-cotton-dung-trong-Benh-vien-y-te.png\"><img loading=\"lazy\" decoding=\"async\" class=\"aligncenter size-full wp-image-61669\" src=\"https:\/\/chanrathanhthuy.com\/wp-content\/uploads\/2024\/04\/Chat-lieu-vai-cotton-dung-trong-Benh-vien-y-te.png\" alt=\"Ch\u1ea5t li\u1ec7u v\u1ea3i cotton d\u00f9ng trong B\u1ec7nh vi\u1ec7n y t\u1ebf\" width=\"1500\" height=\"3984\" title=\"\" srcset=\"https:\/\/chanrathanhthuy.com\/wp-content\/uploads\/2024\/04\/Chat-lieu-vai-cotton-dung-trong-Benh-vien-y-te.png 1500w, https:\/\/chanrathanhthuy.com\/wp-content\/uploads\/2024\/04\/Chat-lieu-vai-cotton-dung-trong-Benh-vien-y-te-600x1594.png 600w, https:\/\/chanrathanhthuy.com\/wp-content\/uploads\/2024\/04\/Chat-lieu-vai-cotton-dung-trong-Benh-vien-y-te-113x300.png 113w, https:\/\/chanrathanhthuy.com\/wp-content\/uploads\/2024\/04\/Chat-lieu-vai-cotton-dung-trong-Benh-vien-y-te-386x1024.png 386w, https:\/\/chanrathanhthuy.com\/wp-content\/uploads\/2024\/04\/Chat-lieu-vai-cotton-dung-trong-Benh-vien-y-te-56x150.png 56w, https:\/\/chanrathanhthuy.com\/wp-content\/uploads\/2024\/04\/Chat-lieu-vai-cotton-dung-trong-Benh-vien-y-te-768x2040.png 768w, https:\/\/chanrathanhthuy.com\/wp-content\/uploads\/2024\/04\/Chat-lieu-vai-cotton-dung-trong-Benh-vien-y-te-578x1536.png 578w, https:\/\/chanrathanhthuy.com\/wp-content\/uploads\/2024\/04\/Chat-lieu-vai-cotton-dung-trong-Benh-vien-y-te-771x2048.png 771w\" sizes=\"auto, (max-width: 1500px) 100vw, 1500px\" \/><\/a><\/p>\n<h3 style=\"text-align: justify;\" data-sourcepos=\"15:1-15:65\">\u0110a D\u1ea1ng K\u00edch Th\u01b0\u1edbc v\u00e0 \u0110\u1ed9 B\u1ec1n Cao: Ph\u00f9 H\u1ee3p M\u1ecdi Nhu C\u1ea7u S\u1eed D\u1ee5ng<\/h3>\n<p style=\"text-align: justify;\" data-sourcepos=\"17:1-17:138\">Ch\u0103n Ra Thanh Th\u1ee7y cung c\u1ea5p kh\u0103n cotton y t\u1ebf v\u1edbi nhi\u1ec1u k\u00edch th\u01b0\u1edbc kh\u00e1c nhau, ph\u00f9 h\u1ee3p cho t\u1eebng m\u1ee5c \u0111\u00edch s\u1eed d\u1ee5ng c\u1ee5 th\u1ec3 trong b\u1ec7nh vi\u1ec7n:<\/p>\n<ul style=\"text-align: justify;\" data-sourcepos=\"18:1-21:0\">\n<li data-sourcepos=\"18:1-18:32\">Kh\u0103n m\u1eb7t: 34x34cm (60gram)<\/li>\n<li data-sourcepos=\"19:1-19:60\">Kh\u0103n tay: 34x70cm (120gram-125gram), 40x75cm (160gram)<\/li>\n<li data-sourcepos=\"20:1-21:0\">Kh\u0103n t\u1eafm: 65x130cm (320gram), 70x140cm (500gram)<\/li>\n<\/ul>\n<p style=\"text-align: justify;\" data-sourcepos=\"22:1-22:235\">B\u00ean c\u1ea1nh \u0111\u00f3, s\u1ea3n ph\u1ea9m c\u1ee7a ch\u00fang t\u00f4i n\u1ed5i b\u1eadt v\u1edbi \u0111\u1ed9 b\u1ec1n cao, kh\u1ea3 n\u0103ng ch\u1ecbu \u0111\u01b0\u1ee3c nhi\u1ec1u l\u1ea7n gi\u1eb7t v\u00e0 kh\u1eed tr\u00f9ng \u1edf nhi\u1ec7t \u0111\u1ed9 cao m\u00e0 kh\u00f4ng b\u1ecb x\u00f9 l\u00f4ng hay phai m\u00e0u. \u0110i\u1ec1u n\u00e0y gi\u00fap c\u00e1c c\u01a1 s\u1edf y t\u1ebf ti\u1ebft ki\u1ec7m \u0111\u00e1ng k\u1ec3 chi ph\u00ed thay m\u1edbi v\u00e0 b\u1ea3o tr\u00ec.<\/p>\n<h3 style=\"text-align: justify;\" data-sourcepos=\"24:1-24:63\">\u0110\u1ea3m B\u1ea3o An To\u00e0n &amp; V\u1ec7 Sinh Tuy\u1ec7t \u0110\u1ed1i Cho M\u00f4i Tr\u01b0\u1eddng Y T\u1ebf<\/h3>\n<p style=\"text-align: justify;\" data-sourcepos=\"26:1-26:351\">M\u1ed7i chi\u1ebfc kh\u0103n cotton b\u1ec7nh vi\u1ec7n t\u1eeb Ch\u0103n Ra Thanh Th\u1ee7y \u0111\u1ec1u \u0111\u01b0\u1ee3c s\u1ea3n xu\u1ea5t theo quy tr\u00ecnh nghi\u00eam ng\u1eb7t, tu\u00e2n th\u1ee7 c\u00e1c ti\u00eau chu\u1ea9n y t\u1ebf qu\u1ed1c t\u1ebf v\u00e0 c\u00f3 \u0111\u1ea7y \u0111\u1ee7 gi\u1ea5y t\u1edd ch\u1ee9ng nh\u1eadn ch\u1ea5t l\u01b0\u1ee3ng. Kh\u1ea3 n\u0103ng d\u1ec5 d\u00e0ng v\u1ec7 sinh v\u00e0 nhanh kh\u00f4 gi\u00fap duy tr\u00ec m\u00f4i tr\u01b0\u1eddng v\u00f4 tr\u00f9ng, ng\u0103n ng\u1eeba s\u1ef1 l\u00e2y lan c\u1ee7a vi khu\u1ea9n, \u0111\u1ea3m b\u1ea3o an to\u00e0n t\u1ed1i \u0111a cho b\u1ec7nh nh\u00e2n v\u00e0 nh\u00e2n vi\u00ean y t\u1ebf.<\/p>\n<p style=\"text-align: justify;\" data-sourcepos=\"28:1-28:204\">V\u1edbi nh\u1eefng \u01b0u \u0111i\u1ec3m v\u01b0\u1ee3t tr\u1ed9i v\u1ec1 ch\u1ea5t li\u1ec7u, \u0111\u1ed9 b\u1ec1n v\u00e0 t\u00ednh an to\u00e0n, kh\u0103n cotton b\u1ec7nh vi\u1ec7n c\u1ee7a Ch\u0103n Ra Thanh Th\u1ee7y ch\u00ednh l\u00e0 s\u1ef1 l\u1ef1a ch\u1ecdn h\u00e0ng \u0111\u1ea7u cho c\u00e1c b\u1ec7nh vi\u1ec7n, ph\u00f2ng kh\u00e1m v\u00e0 c\u01a1 s\u1edf y t\u1ebf tr\u00ean to\u00e0n qu\u1ed1c.<\/p>\n<p style=\"text-align: justify;\" data-sourcepos=\"30:1-30:136\">\u0110\u1ec3 t\u00ecm hi\u1ec3u th\u00eam th\u00f4ng tin chi ti\u1ebft ho\u1eb7c y\u00eau c\u1ea7u b\u00e1o gi\u00e1, vui l\u00f2ng li\u00ean h\u1ec7 tr\u1ef1c ti\u1ebfp v\u1edbi Ch\u0103n Ra Thanh Th\u1ee7y ho\u1eb7c tham kh\u1ea3o th\u00eam t\u1ea1i:<\/p>\n<ul data-sourcepos=\"32:1-32:99\">\n<li style=\"text-align: justify;\" data-sourcepos=\"32:1-32:99\"><a class=\"ng-star-inserted\" href=\"https:\/\/chanrathanhthuy.com\/du-an\/bao-gia-do-vai-benh-vien-y-te\/\" target=\"_blank\" rel=\"noopener\">B\u00e1o Gi\u00e1 \u0110\u1ed3 V\u1ea3i B\u1ec7nh Vi\u1ec7n Y T\u1ebf<\/a><\/li>\n<\/ul>\n","protected":false},"excerpt":{"rendered":"<div class=\"wrap-product-attributes\">\n<p>&nbsp;<\/p>\n<\/div>\n","protected":false},"featured_media":75522,"comment_status":"open","ping_status":"closed","template":"","meta":{"_acf_changed":false,"inline_featured_image":false},"product_cat":[2074],"product_tag":[],"class_list":{"0":"post-72670","1":"product","2":"type-product","3":"status-publish","4":"has-post-thumbnail","6":"product_cat-benh-vien","8":"first","9":"instock","10":"taxable","11":"shipping-taxable","12":"purchasable","13":"product-type-variable","14":"rtwpvg-product"},"acf":[],"_links":{"self":[{"href":"https:\/\/chanrathanhthuy.com\/ja\/wp-json\/wp\/v2\/product\/72670","targetHints":{"allow":["GET"]}}],"collection":[{"href":"https:\/\/chanrathanhthuy.com\/ja\/wp-json\/wp\/v2\/product"}],"about":[{"href":"https:\/\/chanrathanhthuy.com\/ja\/wp-json\/wp\/v2\/types\/product"}],"replies":[{"embeddable":true,"href":"https:\/\/chanrathanhthuy.com\/ja\/wp-json\/wp\/v2\/comments?post=72670"}],"wp:featuredmedia":[{"embeddable":true,"href":"https:\/\/chanrathanhthuy.com\/ja\/wp-json\/wp\/v2\/media\/75522"}],"wp:attachment":[{"href":"https:\/\/chanrathanhthuy.com\/ja\/wp-json\/wp\/v2\/media?parent=72670"}],"wp:term":[{"taxonomy":"product_cat","embeddable":true,"href":"https:\/\/chanrathanhthuy.com\/ja\/wp-json\/wp\/v2\/product_cat?post=72670"},{"taxonomy":"product_tag","embeddable":true,"href":"https:\/\/chanrathanhthuy.com\/ja\/wp-json\/wp\/v2\/product_tag?post=72670"}],"curies":[{"name":"wp","href":"https:\/\/api.w.org\/{rel}","templated":true}]}}