{"id":72689,"date":"2025-04-24T06:07:51","date_gmt":"2025-04-24T06:07:51","guid":{"rendered":"https:\/\/chanrathanhthuy.com\/?post_type=product&#038;p=72689"},"modified":"2025-07-10T04:03:12","modified_gmt":"2025-07-10T04:03:12","slug":"ao-goi-trang-soc-chong-nhan-xe-khach-xe-giuong-nam","status":"publish","type":"product","link":"https:\/\/chanrathanhthuy.com\/ja\/product\/ao-goi-trang-soc-chong-nhan-xe-khach-xe-giuong-nam\/","title":{"rendered":"\u00c1o B\u1ecdc Gh\u1ebf Xe Kh\u00e1ch &#8211; Xe Gi\u01b0\u1eddng N\u1eb1m"},"content":{"rendered":"<h2 style=\"text-align: justify;\">\u00c1o B\u1ecdc Gh\u1ebf Xe Kh\u00e1ch &#8211; Xe Gi\u01b0\u1eddng N\u1eb1m: N\u00e2ng T\u1ea7m V\u1ec7 Sinh v\u00e0 Sang Tr\u1ecdng C\u00f9ng Ch\u0103n Ra Thanh Th\u1ee7y<\/h2>\n<p style=\"text-align: justify;\">Tr\u00ean c\u00e1c chuy\u1ebfn xe kh\u00e1ch \u0111\u01b0\u1eddng d\u00e0i hay xe gi\u01b0\u1eddng n\u1eb1m, gh\u1ebf ng\u1ed3i l\u00e0 n\u01a1i h\u00e0nh kh\u00e1ch d\u00e0nh ph\u1ea7n l\u1edbn th\u1eddi gian. Do \u0111\u00f3, s\u1ef1 s\u1ea1ch s\u1ebd, tho\u1ea3i m\u00e1i v\u00e0 t\u00ednh th\u1ea9m m\u1ef9 c\u1ee7a gh\u1ebf \u0111\u00f3ng vai tr\u00f2 then ch\u1ed1t trong vi\u1ec7c t\u1ea1o \u1ea5n t\u01b0\u1ee3ng v\u00e0 gi\u1eef ch\u00e2n kh\u00e1ch h\u00e0ng. \u00c1o b\u1ecdc gh\u1ebf ch\u00ednh l\u00e0 gi\u1ea3i ph\u00e1p t\u1ed1i \u01b0u \u0111\u1ec3 \u0111\u1ea1t \u0111\u01b0\u1ee3c nh\u1eefng ti\u00eau ch\u00ed n\u00e0y. Ch\u0103n Ra Thanh Th\u1ee7y t\u1ef1 h\u00e0o cung c\u1ea5p c\u00e1c s\u1ea3n ph\u1ea9m \u00e1o b\u1ecdc gh\u1ebf chuy\u00ean bi\u1ec7t cho xe kh\u00e1ch v\u00e0 xe gi\u01b0\u1eddng n\u1eb1m, \u0111\u00e1p \u1ee9ng m\u1ecdi y\u00eau c\u1ea7u v\u1ec1 ch\u1ea5t l\u01b0\u1ee3ng, \u0111\u1ed9 b\u1ec1n v\u00e0 t\u00ednh th\u1ea9m m\u1ef9.<\/p>\n<p><a href=\"https:\/\/chanrathanhthuy.com\/wp-content\/uploads\/2024\/08\/Ao-boc-ghe-rem-cua-Chan-ga-goi-xe-khach-xe-giuong-nam-xe-phong-nam.png\"><img loading=\"lazy\" decoding=\"async\" class=\"aligncenter size-full wp-image-64189\" src=\"https:\/\/chanrathanhthuy.com\/wp-content\/uploads\/2024\/08\/Ao-boc-ghe-rem-cua-Chan-ga-goi-xe-khach-xe-giuong-nam-xe-phong-nam.png\" alt=\"\u00c1o b\u1ecdc gh\u1ebf, r\u00e8m c\u1eeda Ch\u0103n ga g\u1ed1i xe kh\u00e1ch, xe gi\u01b0\u1eddng n\u1eb1m, xe ph\u00f2ng n\u1eb1m\" width=\"1500\" height=\"3147\" title=\"\" srcset=\"https:\/\/chanrathanhthuy.com\/wp-content\/uploads\/2024\/08\/Ao-boc-ghe-rem-cua-Chan-ga-goi-xe-khach-xe-giuong-nam-xe-phong-nam.png 1500w, https:\/\/chanrathanhthuy.com\/wp-content\/uploads\/2024\/08\/Ao-boc-ghe-rem-cua-Chan-ga-goi-xe-khach-xe-giuong-nam-xe-phong-nam-600x1259.png 600w, https:\/\/chanrathanhthuy.com\/wp-content\/uploads\/2024\/08\/Ao-boc-ghe-rem-cua-Chan-ga-goi-xe-khach-xe-giuong-nam-xe-phong-nam-143x300.png 143w, https:\/\/chanrathanhthuy.com\/wp-content\/uploads\/2024\/08\/Ao-boc-ghe-rem-cua-Chan-ga-goi-xe-khach-xe-giuong-nam-xe-phong-nam-488x1024.png 488w, https:\/\/chanrathanhthuy.com\/wp-content\/uploads\/2024\/08\/Ao-boc-ghe-rem-cua-Chan-ga-goi-xe-khach-xe-giuong-nam-xe-phong-nam-71x150.png 71w, https:\/\/chanrathanhthuy.com\/wp-content\/uploads\/2024\/08\/Ao-boc-ghe-rem-cua-Chan-ga-goi-xe-khach-xe-giuong-nam-xe-phong-nam-768x1611.png 768w, https:\/\/chanrathanhthuy.com\/wp-content\/uploads\/2024\/08\/Ao-boc-ghe-rem-cua-Chan-ga-goi-xe-khach-xe-giuong-nam-xe-phong-nam-732x1536.png 732w, https:\/\/chanrathanhthuy.com\/wp-content\/uploads\/2024\/08\/Ao-boc-ghe-rem-cua-Chan-ga-goi-xe-khach-xe-giuong-nam-xe-phong-nam-976x2048.png 976w\" sizes=\"auto, (max-width: 1500px) 100vw, 1500px\" \/><\/a><\/p>\n<h3 style=\"text-align: justify;\">V\u00ec Sao \u00c1o B\u1ecdc Gh\u1ebf L\u00e0 Y\u1ebfu T\u1ed1 C\u1ea7n Thi\u1ebft Cho Xe Kh\u00e1ch &#8211; Xe Gi\u01b0\u1eddng N\u1eb1m?<\/h3>\n<p style=\"text-align: justify;\">B\u1ea3o V\u1ec7 Gh\u1ebf G\u1ed1c &amp; K\u00e9o D\u00e0i Tu\u1ed5i Th\u1ecd: \u00c1o b\u1ecdc gh\u1ebf t\u1ea1o m\u1ed9t l\u1edbp ch\u1eafn hi\u1ec7u qu\u1ea3, b\u1ea3o v\u1ec7 gh\u1ebf kh\u1ecfi b\u1ee5i b\u1ea9n, v\u1ebft \u1ed1, tr\u1ea7y x\u01b0\u1edbc v\u00e0 s\u1ef1 m\u00e0i m\u00f2n do s\u1eed d\u1ee5ng th\u01b0\u1eddng xuy\u00ean. \u0110i\u1ec1u n\u00e0y gi\u00fap gi\u1eef g\u00ecn gh\u1ebf g\u1ed1c lu\u00f4n m\u1edbi, k\u00e9o d\u00e0i tu\u1ed5i th\u1ecd v\u00e0 gi\u1ea3m chi ph\u00ed b\u1ea3o tr\u00ec, thay th\u1ebf.<\/p>\n<p style=\"text-align: justify;\">\u0110\u1ea3m B\u1ea3o V\u1ec7 Sinh &amp; D\u1ec5 D\u00e0ng V\u1ec7 Sinh: M\u00f4i tr\u01b0\u1eddng xe kh\u00e1ch c\u1ea7n \u0111\u01b0\u1ee3c v\u1ec7 sinh th\u01b0\u1eddng xuy\u00ean. \u00c1o b\u1ecdc gh\u1ebf d\u1ec5 d\u00e0ng th\u00e1o r\u1eddi \u0111\u1ec3 gi\u1eb7t gi\u0169, l\u00e0m s\u1ea1ch, \u0111\u1ea3m b\u1ea3o b\u1ec1 m\u1eb7t ng\u1ed3i lu\u00f4n s\u1ea1ch s\u1ebd, h\u1ee3p v\u1ec7 sinh cho t\u1eebng l\u01b0\u1ee3t kh\u00e1ch.<\/p>\n<figure id=\"attachment_66481\" aria-describedby=\"caption-attachment-66481\" style=\"width: 1790px\" class=\"wp-caption aligncenter\"><a href=\"https:\/\/chanrathanhthuy.com\/wp-content\/uploads\/2024\/11\/Du-an-Chan-ga-goi-dem-Xe-khach-Xe-giuong-nam-va-Xe-phong-nam-5.png\"><img loading=\"lazy\" decoding=\"async\" class=\"size-full wp-image-66481\" src=\"https:\/\/chanrathanhthuy.com\/wp-content\/uploads\/2024\/11\/Du-an-Chan-ga-goi-dem-Xe-khach-Xe-giuong-nam-va-Xe-phong-nam-5.png\" alt=\"D\u1ef1 \u00e1n Ch\u0103n ga g\u1ed1i \u0111\u1ec7m Xe kh\u00e1ch, Xe gi\u01b0\u1eddng n\u1eb1m v\u00e0 Xe ph\u00f2ng n\u1eb1m\" width=\"1800\" height=\"900\" title=\"\" srcset=\"https:\/\/chanrathanhthuy.com\/wp-content\/uploads\/2024\/11\/Du-an-Chan-ga-goi-dem-Xe-khach-Xe-giuong-nam-va-Xe-phong-nam-5.png 1800w, https:\/\/chanrathanhthuy.com\/wp-content\/uploads\/2024\/11\/Du-an-Chan-ga-goi-dem-Xe-khach-Xe-giuong-nam-va-Xe-phong-nam-5-600x300.png 600w, https:\/\/chanrathanhthuy.com\/wp-content\/uploads\/2024\/11\/Du-an-Chan-ga-goi-dem-Xe-khach-Xe-giuong-nam-va-Xe-phong-nam-5-300x150.png 300w, https:\/\/chanrathanhthuy.com\/wp-content\/uploads\/2024\/11\/Du-an-Chan-ga-goi-dem-Xe-khach-Xe-giuong-nam-va-Xe-phong-nam-5-1024x512.png 1024w, https:\/\/chanrathanhthuy.com\/wp-content\/uploads\/2024\/11\/Du-an-Chan-ga-goi-dem-Xe-khach-Xe-giuong-nam-va-Xe-phong-nam-5-150x75.png 150w, https:\/\/chanrathanhthuy.com\/wp-content\/uploads\/2024\/11\/Du-an-Chan-ga-goi-dem-Xe-khach-Xe-giuong-nam-va-Xe-phong-nam-5-768x384.png 768w, https:\/\/chanrathanhthuy.com\/wp-content\/uploads\/2024\/11\/Du-an-Chan-ga-goi-dem-Xe-khach-Xe-giuong-nam-va-Xe-phong-nam-5-1536x768.png 1536w\" sizes=\"auto, (max-width: 1800px) 100vw, 1800px\" \/><\/a><figcaption id=\"caption-attachment-66481\" class=\"wp-caption-text\">D\u1ef1 \u00e1n Ch\u0103n ga g\u1ed1i \u0111\u1ec7m Xe kh\u00e1ch, Xe gi\u01b0\u1eddng n\u1eb1m v\u00e0 Xe ph\u00f2ng n\u1eb1m<\/figcaption><\/figure>\n<p style=\"text-align: justify;\">T\u0103ng C\u01b0\u1eddng Th\u1ea9m M\u1ef9 &amp; S\u1ef1 Sang Tr\u1ecdng: \u00c1o b\u1ecdc gh\u1ebf v\u1edbi thi\u1ebft k\u1ebf, m\u00e0u s\u1eafc v\u00e0 ch\u1ea5t li\u1ec7u ph\u00f9 h\u1ee3p s\u1ebd l\u00e0m t\u0103ng v\u1ebb \u0111\u1eb9p n\u1ed9i th\u1ea5t c\u1ee7a xe, t\u1ea1o \u0111i\u1ec3m nh\u1ea5n tinh t\u1ebf v\u00e0 th\u1ec3 hi\u1ec7n s\u1ef1 chuy\u00ean nghi\u1ec7p, \u0111\u1eb3ng c\u1ea5p c\u1ee7a nh\u00e0 xe. Vi\u1ec7c \u0111\u1ed3ng b\u1ed9 h\u00f3a \u00e1o b\u1ecdc gh\u1ebf c\u00f2n g\u00f3p ph\u1ea7n x\u00e2y d\u1ef1ng nh\u1eadn di\u1ec7n th\u01b0\u01a1ng hi\u1ec7u m\u1ea1nh m\u1ebd.<\/p>\n<p style=\"text-align: justify;\">T\u1ea1o C\u1ea3m Gi\u00e1c Tho\u1ea3i M\u00e1i: Ch\u1ea5t li\u1ec7u \u00e1o b\u1ecdc gh\u1ebf m\u1ec1m m\u1ea1i, tho\u00e1ng kh\u00ed mang l\u1ea1i c\u1ea3m gi\u00e1c d\u1ec5 ch\u1ecbu cho h\u00e0nh kh\u00e1ch, \u0111\u1eb7c bi\u1ec7t trong nh\u1eefng chuy\u1ebfn \u0111i d\u00e0i, gi\u00fap h\u1ecd th\u01b0 gi\u00e3n v\u00e0 tho\u1ea3i m\u00e1i h\u01a1n.<\/p>\n<p><a href=\"https:\/\/chanrathanhthuy.com\/wp-content\/uploads\/2024\/11\/Du-an-Chan-ga-goi-dem-Xe-khach-Xe-giuong-nam-va-Xe-phong-nam-4.png\"><img loading=\"lazy\" decoding=\"async\" class=\"aligncenter size-full wp-image-66478\" src=\"https:\/\/chanrathanhthuy.com\/wp-content\/uploads\/2024\/11\/Du-an-Chan-ga-goi-dem-Xe-khach-Xe-giuong-nam-va-Xe-phong-nam-4.png\" alt=\"D\u1ef1 \u00e1n Ch\u0103n ga g\u1ed1i \u0111\u1ec7m Xe kh\u00e1ch, Xe gi\u01b0\u1eddng n\u1eb1m v\u00e0 Xe ph\u00f2ng n\u1eb1m\" width=\"1800\" height=\"900\" title=\"\" srcset=\"https:\/\/chanrathanhthuy.com\/wp-content\/uploads\/2024\/11\/Du-an-Chan-ga-goi-dem-Xe-khach-Xe-giuong-nam-va-Xe-phong-nam-4.png 1800w, https:\/\/chanrathanhthuy.com\/wp-content\/uploads\/2024\/11\/Du-an-Chan-ga-goi-dem-Xe-khach-Xe-giuong-nam-va-Xe-phong-nam-4-600x300.png 600w, https:\/\/chanrathanhthuy.com\/wp-content\/uploads\/2024\/11\/Du-an-Chan-ga-goi-dem-Xe-khach-Xe-giuong-nam-va-Xe-phong-nam-4-300x150.png 300w, https:\/\/chanrathanhthuy.com\/wp-content\/uploads\/2024\/11\/Du-an-Chan-ga-goi-dem-Xe-khach-Xe-giuong-nam-va-Xe-phong-nam-4-1024x512.png 1024w, https:\/\/chanrathanhthuy.com\/wp-content\/uploads\/2024\/11\/Du-an-Chan-ga-goi-dem-Xe-khach-Xe-giuong-nam-va-Xe-phong-nam-4-150x75.png 150w, https:\/\/chanrathanhthuy.com\/wp-content\/uploads\/2024\/11\/Du-an-Chan-ga-goi-dem-Xe-khach-Xe-giuong-nam-va-Xe-phong-nam-4-768x384.png 768w, https:\/\/chanrathanhthuy.com\/wp-content\/uploads\/2024\/11\/Du-an-Chan-ga-goi-dem-Xe-khach-Xe-giuong-nam-va-Xe-phong-nam-4-1536x768.png 1536w\" sizes=\"auto, (max-width: 1800px) 100vw, 1800px\" \/><\/a><\/p>\n<h3 style=\"text-align: justify;\">Ch\u0103n Ra Thanh Th\u1ee7y: Gi\u1ea3i Ph\u00e1p \u00c1o B\u1ecdc Gh\u1ebf Ch\u1ea5t L\u01b0\u1ee3ng Cao Cho Xe Kh\u00e1ch &#8211; Xe Gi\u01b0\u1eddng N\u1eb1m<\/h3>\n<p style=\"text-align: justify;\">V\u1edbi h\u01a1n 25 n\u0103m kinh nghi\u1ec7m trong l\u0129nh v\u1ef1c cung c\u1ea5p ch\u0103n ga g\u1ed1i \u0111\u1ec7m cho c\u00e1c d\u1ef1 \u00e1n v\u1eadn t\u1ea3i l\u1edbn, Ch\u0103n Ra Thanh Th\u1ee7y l\u00e0 \u0111\u1ed1i t\u00e1c \u0111\u00e1ng tin c\u1eady, chuy\u00ean nghi\u1ec7p trong vi\u1ec7c mang \u0111\u1ebfn c\u00e1c gi\u1ea3i ph\u00e1p \u00e1o b\u1ecdc gh\u1ebf t\u1ed1i \u01b0u cho xe kh\u00e1ch v\u00e0 xe gi\u01b0\u1eddng n\u1eb1m.<\/p>\n<p style=\"text-align: justify;\">Ch\u00fang t\u00f4i cam k\u1ebft:<\/p>\n<ul style=\"text-align: justify;\">\n<li>Ch\u1ea5t Li\u1ec7u B\u1ec1n B\u1ec9 &amp; D\u1ec5 D\u00e0ng V\u1ec7 Sinh: \u00c1o b\u1ecdc gh\u1ebf c\u1ee7a ch\u00fang t\u00f4i \u0111\u01b0\u1ee3c l\u00e0m t\u1eeb c\u00e1c lo\u1ea1i v\u1ea3i cao c\u1ea5p, c\u00f3 kh\u1ea3 n\u0103ng ch\u1ed1ng b\u00e1m b\u1ea9n t\u1ed1t, b\u1ec1n m\u00e0u v\u00e0 ch\u1ecbu \u0111\u01b0\u1ee3c t\u1ea7n su\u1ea5t gi\u1eb7t gi\u0169 cao m\u00e0 kh\u00f4ng b\u1ecb co r\u00fat hay phai m\u00e0u.<\/li>\n<li>Thi\u1ebft K\u1ebf Ph\u00f9 H\u1ee3p T\u1eebng Lo\u1ea1i Gh\u1ebf: Ch\u00fang t\u00f4i cung c\u1ea5p \u00e1o b\u1ecdc gh\u1ebf v\u1edbi nhi\u1ec1u ki\u1ec3u d\u00e1ng, k\u00edch th\u01b0\u1edbc \u0111\u01b0\u1ee3c may \u0111o chuy\u00ean bi\u1ec7t \u0111\u1ec3 l\u1eafp \u0111\u1eb7t v\u1eeba v\u1eb7n v\u1edbi t\u1eebng lo\u1ea1i gh\u1ebf ng\u1ed3i, gi\u01b0\u1eddng n\u1eb1m tr\u00ean xe kh\u00e1ch v\u00e0 xe gi\u01b0\u1eddng n\u1eb1m, \u0111\u1ea3m b\u1ea3o t\u00ednh th\u1ea9m m\u1ef9 v\u00e0 c\u00f4ng n\u0103ng s\u1eed d\u1ee5ng.<\/li>\n<li>Kh\u1ea3 N\u0103ng Ch\u1ed1ng Tr\u01b0\u1ee3t: B\u1ec1 m\u1eb7t \u00e1o b\u1ecdc gh\u1ebf \u0111\u01b0\u1ee3c thi\u1ebft k\u1ebf \u0111\u1ec3 h\u1ea1n ch\u1ebf tr\u01b0\u1ee3t, gi\u00fap h\u00e0nh kh\u00e1ch lu\u00f4n gi\u1eef \u0111\u01b0\u1ee3c t\u01b0 th\u1ebf tho\u1ea3i m\u00e1i v\u00e0 an to\u00e0n.<\/li>\n<li>Gi\u1ea3i Ph\u00e1p T\u00f9y Ch\u1ec9nh (OEM &amp; ODM): Ch\u0103n Ra Thanh Th\u1ee7y s\u1eb5n s\u00e0ng s\u1ea3n xu\u1ea5t theo y\u00eau c\u1ea7u, cho ph\u00e9p c\u00e1c \u0111\u1ed1i t\u00e1c t\u00f9y ch\u1ec9nh m\u00e0u s\u1eafc, ch\u1ea5t li\u1ec7u v\u00e0 th\u1eadm ch\u00ed th\u00eau, in logo th\u01b0\u01a1ng hi\u1ec7u l\u00ean \u00e1o b\u1ecdc gh\u1ebf, g\u00f3p ph\u1ea7n x\u00e2y d\u1ef1ng h\u00ecnh \u1ea3nh chuy\u00ean nghi\u1ec7p v\u00e0 \u0111\u1ed3ng b\u1ed9.<\/li>\n<li>Tu\u00e2n Th\u1ee7 Ti\u00eau Chu\u1ea9n Ch\u1ea5t L\u01b0\u1ee3ng: T\u1ea5t c\u1ea3 s\u1ea3n ph\u1ea9m \u0111\u1ec1u \u0111\u00e1p \u1ee9ng c\u00e1c ti\u00eau chu\u1ea9n nghi\u00eam ng\u1eb7t v\u1ec1 ch\u1ea5t l\u01b0\u1ee3ng v\u00e0 \u0111\u1ed9 b\u1ec1n, \u0111\u1ea3m b\u1ea3o s\u1ef1 h\u00e0i l\u00f2ng t\u1ed1i \u0111a cho kh\u00e1ch h\u00e0ng.<\/li>\n<\/ul>\n<p style=\"text-align: justify;\">\u0110\u1ea7u t\u01b0 v\u00e0o \u00e1o b\u1ecdc gh\u1ebf ch\u1ea5t l\u01b0\u1ee3ng cao t\u1eeb Ch\u0103n Ra Thanh Th\u1ee7y kh\u00f4ng ch\u1ec9 l\u00e0 c\u00e1ch b\u1ea3o v\u1ec7 t\u00e0i s\u1ea3n m\u00e0 c\u00f2n l\u00e0 n\u00e2ng c\u1ea5p gi\u00e1 tr\u1ecb d\u1ecbch v\u1ee5, th\u1ec3 hi\u1ec7n s\u1ef1 chuy\u00ean nghi\u1ec7p v\u00e0 quan t\u00e2m c\u1ee7a b\u1ea1n \u0111\u1ebfn tr\u1ea3i nghi\u1ec7m c\u1ee7a m\u1ed7i h\u00e0nh kh\u00e1ch.<\/p>\n","protected":false},"excerpt":{"rendered":"<p style=\"text-align: justify;\"><span style=\"color: #ff0000;\"><strong>GI\u00c1 \u01afU \u0110\u00c3I T\u1edaI 50% KHI \u0110\u1eb6T MAY THEO Y\u00caU C\u1ea6U<\/strong><\/span><\/p>\n","protected":false},"featured_media":82808,"comment_status":"open","ping_status":"closed","template":"","meta":{"_acf_changed":false,"inline_featured_image":false},"product_cat":[2116],"product_tag":[],"class_list":{"0":"post-72689","1":"product","2":"type-product","3":"status-publish","4":"has-post-thumbnail","6":"product_cat-xe-khach-xe-giuong-nam","8":"first","9":"instock","10":"purchasable","11":"product-type-variable","12":"rtwpvg-product"},"acf":[],"_links":{"self":[{"href":"https:\/\/chanrathanhthuy.com\/ja\/wp-json\/wp\/v2\/product\/72689","targetHints":{"allow":["GET"]}}],"collection":[{"href":"https:\/\/chanrathanhthuy.com\/ja\/wp-json\/wp\/v2\/product"}],"about":[{"href":"https:\/\/chanrathanhthuy.com\/ja\/wp-json\/wp\/v2\/types\/product"}],"replies":[{"embeddable":true,"href":"https:\/\/chanrathanhthuy.com\/ja\/wp-json\/wp\/v2\/comments?post=72689"}],"wp:featuredmedia":[{"embeddable":true,"href":"https:\/\/chanrathanhthuy.com\/ja\/wp-json\/wp\/v2\/media\/82808"}],"wp:attachment":[{"href":"https:\/\/chanrathanhthuy.com\/ja\/wp-json\/wp\/v2\/media?parent=72689"}],"wp:term":[{"taxonomy":"product_cat","embeddable":true,"href":"https:\/\/chanrathanhthuy.com\/ja\/wp-json\/wp\/v2\/product_cat?post=72689"},{"taxonomy":"product_tag","embeddable":true,"href":"https:\/\/chanrathanhthuy.com\/ja\/wp-json\/wp\/v2\/product_tag?post=72689"}],"curies":[{"name":"wp","href":"https:\/\/api.w.org\/{rel}","templated":true}]}}