{"id":72717,"date":"2025-04-24T06:08:07","date_gmt":"2025-04-24T06:08:07","guid":{"rendered":"https:\/\/chanrathanhthuy.com\/?post_type=product&#038;p=72717"},"modified":"2026-04-16T03:15:00","modified_gmt":"2026-04-16T03:15:00","slug":"chan-men-soc-chan-gon-xe-khach-xe-giuong-nam","status":"publish","type":"product","link":"https:\/\/chanrathanhthuy.com\/ja\/product\/chan-men-soc-chan-gon-xe-khach-xe-giuong-nam\/","title":{"rendered":"Ch\u0103n, M\u1ec1n S\u1ecdc Ch\u1ea7n G\u00f2n Xe Kh\u00e1ch &#8211; Xe Gi\u01b0\u1eddng N\u1eb1m"},"content":{"rendered":"<h2 style=\"text-align: justify;\">Ch\u0103n, M\u1ec1n S\u1ecdc Ch\u1ea7n G\u00f2n Cho Xe Kh\u00e1ch &#8211; Xe Gi\u01b0\u1eddng N\u1eb1m: N\u00e2ng T\u1ea7m Ti\u1ec7n Nghi C\u00f9ng Ch\u0103n Ra Thanh Th\u1ee7y<\/h2>\n<p style=\"text-align: justify;\">Trong ng\u00e0nh v\u1eadn t\u1ea3i h\u00e0nh kh\u00e1ch, \u0111\u1eb7c bi\u1ec7t l\u00e0 tr\u00ean c\u00e1c chuy\u1ebfn xe kh\u00e1ch \u0111\u01b0\u1eddng d\u00e0i hay xe gi\u01b0\u1eddng n\u1eb1m, s\u1ef1 tho\u1ea3i m\u00e1i c\u1ee7a kh\u00e1ch h\u00e0ng trong su\u1ed1t h\u00e0nh tr\u00ecnh l\u00e0 y\u1ebfu t\u1ed1 then ch\u1ed1t quy\u1ebft \u0111\u1ecbnh ch\u1ea5t l\u01b0\u1ee3ng d\u1ecbch v\u1ee5. M\u1ed9t trong nh\u1eefng s\u1ea3n ph\u1ea9m mang l\u1ea1i s\u1ef1 \u1ea5m \u00e1p v\u00e0 ti\u1ec7n nghi kh\u00f4ng th\u1ec3 thi\u1ebfu ch\u00ednh l\u00e0 ch\u0103n, m\u1ec1n s\u1ecdc ch\u1ea7n g\u00f2n. Ch\u0103n Ra Thanh Th\u1ee7y t\u1ef1 h\u00e0o cung c\u1ea5p c\u00e1c gi\u1ea3i ph\u00e1p ch\u0103n, m\u1ec1n s\u1ecdc ch\u1ea7n g\u00f2n chuy\u00ean bi\u1ec7t cho xe kh\u00e1ch v\u00e0 xe gi\u01b0\u1eddng n\u1eb1m, \u0111\u00e1p \u1ee9ng m\u1ecdi ti\u00eau chu\u1ea9n v\u1ec1 ch\u1ea5t l\u01b0\u1ee3ng, \u0111\u1ed9 b\u1ec1n v\u00e0 t\u00ednh th\u1ea9m m\u1ef9.<\/p>\n<p><a href=\"https:\/\/chanrathanhthuy.com\/wp-content\/uploads\/2024\/08\/chan-Chan-ga-goi-xe-khach-xe-giuong-nam-xe-phong-nam.png\"><img loading=\"lazy\" decoding=\"async\" class=\"aligncenter size-full wp-image-64198\" src=\"https:\/\/chanrathanhthuy.com\/wp-content\/uploads\/2024\/08\/chan-Chan-ga-goi-xe-khach-xe-giuong-nam-xe-phong-nam.png\" alt=\"ch\u0103n Ch\u0103n ga g\u1ed1i xe kh\u00e1ch, xe gi\u01b0\u1eddng n\u1eb1m, xe ph\u00f2ng n\u1eb1m\" width=\"1500\" height=\"2393\" title=\"\" srcset=\"https:\/\/chanrathanhthuy.com\/wp-content\/uploads\/2024\/08\/chan-Chan-ga-goi-xe-khach-xe-giuong-nam-xe-phong-nam.png 1500w, https:\/\/chanrathanhthuy.com\/wp-content\/uploads\/2024\/08\/chan-Chan-ga-goi-xe-khach-xe-giuong-nam-xe-phong-nam-600x957.png 600w, https:\/\/chanrathanhthuy.com\/wp-content\/uploads\/2024\/08\/chan-Chan-ga-goi-xe-khach-xe-giuong-nam-xe-phong-nam-188x300.png 188w, https:\/\/chanrathanhthuy.com\/wp-content\/uploads\/2024\/08\/chan-Chan-ga-goi-xe-khach-xe-giuong-nam-xe-phong-nam-642x1024.png 642w, https:\/\/chanrathanhthuy.com\/wp-content\/uploads\/2024\/08\/chan-Chan-ga-goi-xe-khach-xe-giuong-nam-xe-phong-nam-94x150.png 94w, https:\/\/chanrathanhthuy.com\/wp-content\/uploads\/2024\/08\/chan-Chan-ga-goi-xe-khach-xe-giuong-nam-xe-phong-nam-768x1225.png 768w, https:\/\/chanrathanhthuy.com\/wp-content\/uploads\/2024\/08\/chan-Chan-ga-goi-xe-khach-xe-giuong-nam-xe-phong-nam-963x1536.png 963w, https:\/\/chanrathanhthuy.com\/wp-content\/uploads\/2024\/08\/chan-Chan-ga-goi-xe-khach-xe-giuong-nam-xe-phong-nam-1284x2048.png 1284w\" sizes=\"auto, (max-width: 1500px) 100vw, 1500px\" \/><\/a><\/p>\n<h3 style=\"text-align: justify;\">V\u00ec Sao Ch\u0103n, M\u1ec1n S\u1ecdc Ch\u1ea7n G\u00f2n L\u00e0 L\u1ef1a Ch\u1ecdn L\u00fd T\u01b0\u1edfng Cho Xe Kh\u00e1ch &#8211; Xe Gi\u01b0\u1eddng N\u1eb1m?<\/h3>\n<p style=\"text-align: justify;\">Gi\u1eef \u1ea4m T\u1ed1i \u01afu: V\u1edbi l\u1edbp g\u00f2n ch\u1ea7n b\u00ean trong, ch\u0103n m\u1ec1n mang l\u1ea1i s\u1ef1 \u1ea5m \u00e1p c\u1ea7n thi\u1ebft cho h\u00e0nh kh\u00e1ch, \u0111\u1eb7c bi\u1ec7t trong \u0111i\u1ec1u ki\u1ec7n xe c\u00f3 \u0111i\u1ec1u h\u00f2a ho\u1eb7c v\u00e0o ban \u0111\u00eam, gi\u00fap h\u1ecd c\u00f3 gi\u1ea5c ng\u1ee7 ngon v\u00e0 s\u00e2u.<\/p>\n<p style=\"text-align: justify;\">M\u1ec1m M\u1ea1i &amp; Tho\u1ea3i M\u00e1i: Ch\u1ea5t li\u1ec7u v\u1ea3i m\u1ec1m m\u1ea1i k\u1ebft h\u1ee3p c\u00f9ng l\u1edbp g\u00f2n ch\u1ea7n t\u1ea1o c\u1ea3m gi\u00e1c \u00eam \u00e1i, d\u1ec5 ch\u1ecbu khi ti\u1ebfp x\u00fac v\u1edbi da, gi\u00fap h\u00e0nh kh\u00e1ch th\u01b0 gi\u00e3n t\u1ed1i \u0111a trong su\u1ed1t h\u00e0nh tr\u00ecnh.<\/p>\n<p><a href=\"https:\/\/chanrathanhthuy.com\/wp-content\/uploads\/2024\/08\/ga-trai-giuong-Chan-ga-goi-xe-khach-xe-giuong-nam-xe-phong-nam.png\"><img loading=\"lazy\" decoding=\"async\" class=\"aligncenter size-full wp-image-64195\" src=\"https:\/\/chanrathanhthuy.com\/wp-content\/uploads\/2024\/08\/ga-trai-giuong-Chan-ga-goi-xe-khach-xe-giuong-nam-xe-phong-nam.png\" alt=\"ga tr\u1ea3i gi\u01b0\u1eddng Ch\u0103n ga g\u1ed1i xe kh\u00e1ch, xe gi\u01b0\u1eddng n\u1eb1m, xe ph\u00f2ng n\u1eb1m\" width=\"1500\" height=\"1968\" title=\"\" srcset=\"https:\/\/chanrathanhthuy.com\/wp-content\/uploads\/2024\/08\/ga-trai-giuong-Chan-ga-goi-xe-khach-xe-giuong-nam-xe-phong-nam.png 1500w, https:\/\/chanrathanhthuy.com\/wp-content\/uploads\/2024\/08\/ga-trai-giuong-Chan-ga-goi-xe-khach-xe-giuong-nam-xe-phong-nam-600x787.png 600w, https:\/\/chanrathanhthuy.com\/wp-content\/uploads\/2024\/08\/ga-trai-giuong-Chan-ga-goi-xe-khach-xe-giuong-nam-xe-phong-nam-229x300.png 229w, https:\/\/chanrathanhthuy.com\/wp-content\/uploads\/2024\/08\/ga-trai-giuong-Chan-ga-goi-xe-khach-xe-giuong-nam-xe-phong-nam-780x1024.png 780w, https:\/\/chanrathanhthuy.com\/wp-content\/uploads\/2024\/08\/ga-trai-giuong-Chan-ga-goi-xe-khach-xe-giuong-nam-xe-phong-nam-114x150.png 114w, https:\/\/chanrathanhthuy.com\/wp-content\/uploads\/2024\/08\/ga-trai-giuong-Chan-ga-goi-xe-khach-xe-giuong-nam-xe-phong-nam-768x1008.png 768w, https:\/\/chanrathanhthuy.com\/wp-content\/uploads\/2024\/08\/ga-trai-giuong-Chan-ga-goi-xe-khach-xe-giuong-nam-xe-phong-nam-1171x1536.png 1171w\" sizes=\"auto, (max-width: 1500px) 100vw, 1500px\" \/><\/a><\/p>\n<p style=\"text-align: justify;\">B\u1ec1n \u0110\u1eb9p &amp; D\u1ec5 D\u00e0ng V\u1ec7 Sinh: Ch\u0103n, m\u1ec1n s\u1ecdc th\u01b0\u1eddng c\u00f3 \u0111\u1ed9 b\u1ec1n cao, \u00edt b\u00e1m b\u1ea9n v\u00e0 d\u1ec5 d\u00e0ng gi\u1eb7t gi\u0169, ph\u01a1i kh\u00f4. \u0110i\u1ec1u n\u00e0y gi\u00fap c\u00e1c nh\u00e0 xe duy tr\u00ec \u0111\u01b0\u1ee3c s\u1ef1 s\u1ea1ch s\u1ebd, v\u1ec7 sinh cho s\u1ea3n ph\u1ea9m, \u0111\u1ea3m b\u1ea3o s\u1ee9c kh\u1ecfe cho h\u00e0nh kh\u00e1ch v\u00e0 ti\u1ebft ki\u1ec7m chi ph\u00ed b\u1ea3o tr\u00ec.<\/p>\n<p style=\"text-align: justify;\">T\u00ednh Th\u1ea9m M\u1ef9 Cao: H\u1ecda ti\u1ebft s\u1ecdc \u0111\u01a1n gi\u1ea3n nh\u01b0ng tinh t\u1ebf gi\u00fap ch\u0103n m\u1ec1n d\u1ec5 d\u00e0ng h\u00f2a nh\u1eadp v\u1edbi kh\u00f4ng gian n\u1ed9i th\u1ea5t c\u1ee7a xe, t\u1ea1o n\u00ean v\u1ebb \u0111\u1eb9p g\u1ecdn g\u00e0ng, chuy\u00ean nghi\u1ec7p v\u00e0 sang tr\u1ecdng.<\/p>\n<p style=\"text-align: justify;\">T\u1ed1i \u01afu Kh\u00f4ng Gian: V\u1edbi \u0111\u1ed9 d\u00e0y v\u1eeba ph\u1ea3i, ch\u0103n m\u1ec1n c\u00f3 th\u1ec3 d\u1ec5 d\u00e0ng g\u1ea5p g\u1ecdn khi kh\u00f4ng s\u1eed d\u1ee5ng, gi\u00fap t\u1ed1i \u01b0u h\u00f3a kh\u00f4ng gian l\u01b0u tr\u1eef tr\u00ean xe.<\/p>\n<h3 style=\"text-align: justify;\">Ch\u0103n Ra Thanh Th\u1ee7y: \u0110\u1ed1i T\u00e1c Tin C\u1eady Cung C\u1ea5p Ch\u0103n, M\u1ec1n S\u1ecdc Ch\u1ea7n G\u00f2n Cho Xe Kh\u00e1ch &#8211; Xe Gi\u01b0\u1eddng N\u1eb1m<\/h3>\n<p style=\"text-align: justify;\">V\u1edbi h\u01a1n 25 n\u0103m kinh nghi\u1ec7m trong l\u0129nh v\u1ef1c cung c\u1ea5p ch\u0103n ga g\u1ed1i \u0111\u1ec7m cho c\u00e1c d\u1ef1 \u00e1n v\u1eadn t\u1ea3i l\u1edbn, Ch\u0103n Ra Thanh Th\u1ee7y l\u00e0 \u0111\u1ed1i t\u00e1c h\u00e0ng \u0111\u1ea7u, chuy\u00ean nghi\u1ec7p trong vi\u1ec7c mang \u0111\u1ebfn c\u00e1c gi\u1ea3i ph\u00e1p ch\u0103n, m\u1ec1n s\u1ecdc ch\u1ea7n g\u00f2n t\u1ed1i \u01b0u cho xe kh\u00e1ch v\u00e0 xe gi\u01b0\u1eddng n\u1eb1m.<\/p>\n<p style=\"text-align: justify;\">Ch\u00fang t\u00f4i cam k\u1ebft:<\/p>\n<ul style=\"text-align: justify;\">\n<li>Ch\u1ea5t L\u01b0\u1ee3ng V\u01b0\u1ee3t Tr\u1ed9i: Ch\u0103n, m\u1ec1n \u0111\u01b0\u1ee3c s\u1ea3n xu\u1ea5t t\u1eeb nguy\u00ean li\u1ec7u cao c\u1ea5p, \u0111\u1ea3m b\u1ea3o \u0111\u1ed9 b\u1ec1n v\u01b0\u1ee3t tr\u1ed9i, gi\u1eef form d\u00e1ng v\u00e0 m\u00e0u s\u1eafc \u0111\u1eb9p theo th\u1eddi gian.<\/li>\n<li>\u0110\u1ed9 B\u1ec1n &amp; T\u00ednh N\u0103ng V\u01b0\u1ee3t Tr\u1ed9i: \u0110\u01b0\u1ee3c thi\u1ebft k\u1ebf \u0111\u1ec3 ch\u1ecbu \u0111\u01b0\u1ee3c t\u1ea7n su\u1ea5t s\u1eed d\u1ee5ng cao v\u00e0 quy tr\u00ecnh v\u1ec7 sinh c\u00f4ng nghi\u1ec7p, s\u1ea3n ph\u1ea9m c\u1ee7a ch\u00fang t\u00f4i gi\u1eef \u0111\u01b0\u1ee3c ch\u1ea5t l\u01b0\u1ee3ng v\u01b0\u1ee3t tr\u1ed9i, t\u1ed1i \u01b0u h\u00f3a hi\u1ec7u qu\u1ea3 \u0111\u1ea7u t\u01b0 cho doanh nghi\u1ec7p.<\/li>\n<li>Gi\u1ea3i Ph\u00e1p T\u00f9y Ch\u1ec9nh (OEM &amp; ODM): Ch\u0103n Ra Thanh Th\u1ee7y cung c\u1ea5p d\u1ecbch v\u1ee5 s\u1ea3n xu\u1ea5t theo y\u00eau c\u1ea7u, cho ph\u00e9p c\u00e1c \u0111\u1ed1i t\u00e1c t\u00f9y ch\u1ec9nh k\u00edch th\u01b0\u1edbc, \u0111\u1ed9 d\u00e0y, m\u00e0u s\u1eafc v\u00e0 ki\u1ec3u d\u00e1ng h\u1ecda ti\u1ebft s\u1ecdc \u0111\u1ec3 ph\u00f9 h\u1ee3p nh\u1ea5t v\u1edbi nh\u1eadn di\u1ec7n th\u01b0\u01a1ng hi\u1ec7u v\u00e0 kh\u00f4ng gian xe.<\/li>\n<li>Tu\u00e2n Th\u1ee7 Ti\u00eau Chu\u1ea9n V\u1ec7 Sinh &amp; An To\u00e0n: T\u1ea5t c\u1ea3 s\u1ea3n ph\u1ea9m \u0111\u1ec1u \u0111\u00e1p \u1ee9ng c\u00e1c ti\u00eau chu\u1ea9n nghi\u00eam ng\u1eb7t v\u1ec1 v\u1ec7 sinh v\u00e0 an to\u00e0n, mang l\u1ea1i s\u1ef1 an t\u00e2m tuy\u1ec7t \u0111\u1ed1i cho c\u1ea3 h\u00e0nh kh\u00e1ch v\u00e0 nh\u00e0 v\u1eadn h\u00e0nh.<\/li>\n<\/ul>\n<p style=\"text-align: justify;\">\u0110\u1ea7u t\u01b0 v\u00e0o ch\u0103n, m\u1ec1n s\u1ecdc ch\u1ea7n g\u00f2n ch\u1ea5t l\u01b0\u1ee3ng cao t\u1eeb Ch\u0103n Ra Thanh Th\u1ee7y kh\u00f4ng ch\u1ec9 l\u00e0 n\u00e2ng c\u1ea5p ti\u1ec7n nghi m\u00e0 c\u00f2n l\u00e0 c\u00e1ch th\u1ec3 hi\u1ec7n s\u1ef1 chuy\u00ean nghi\u1ec7p, t\u1eadn t\u00e2m c\u1ee7a d\u1ecbch v\u1ee5 v\u1eadn t\u1ea3i, g\u00f3p ph\u1ea7n t\u1ea1o n\u00ean nh\u1eefng chuy\u1ebfn \u0111i tho\u1ea3i m\u00e1i v\u00e0 \u0111\u00e1ng nh\u1edb cho m\u1ecdi h\u00e0nh kh\u00e1ch.<\/p>\n","protected":false},"excerpt":{"rendered":"<div class=\"wrap-product-attributes\">\n<form class=\"variations_form cart wvs-loaded\" action=\"https:\/\/chanrathanhthuy.com\/chan-ga-khach-san\/khach-san-homestay-nha-nghi\/1-1-ao-goi-trang-tron-khach-san-dat-may-theo-yeu-cau\/\" enctype=\"multipart\/form-data\" method=\"post\" data-product_id=\"79859\" data-product_variations=\"false\">\n<div data-product_id=\"79859\" data-threshold_min=\"30\" data-threshold_max=\"100\" data-total=\"49\">\n<div class=\"single_variation_wrap\">\n<div class=\"woocommerce-product-details__short-description\">\n<p style=\"text-align: justify;\"><span style=\"color: #ff0000;\"><strong>GI\u00c1 \u01afU \u0110\u00c3I T\u1edaI 50% KHI \u0110\u1eb6T MAY THEO Y\u00caU C\u1ea6U<\/strong><\/span><\/p>\n<\/div>\n<\/div>\n<\/div>\n<\/form>\n<\/div>\n","protected":false},"featured_media":75483,"comment_status":"open","ping_status":"closed","template":"","meta":{"_acf_changed":false,"inline_featured_image":false},"product_cat":[2116],"product_tag":[],"class_list":{"0":"post-72717","1":"product","2":"type-product","3":"status-publish","4":"has-post-thumbnail","6":"product_cat-xe-khach-xe-giuong-nam","8":"first","9":"instock","10":"purchasable","11":"product-type-variable","12":"rtwpvg-product"},"acf":[],"_links":{"self":[{"href":"https:\/\/chanrathanhthuy.com\/ja\/wp-json\/wp\/v2\/product\/72717","targetHints":{"allow":["GET"]}}],"collection":[{"href":"https:\/\/chanrathanhthuy.com\/ja\/wp-json\/wp\/v2\/product"}],"about":[{"href":"https:\/\/chanrathanhthuy.com\/ja\/wp-json\/wp\/v2\/types\/product"}],"replies":[{"embeddable":true,"href":"https:\/\/chanrathanhthuy.com\/ja\/wp-json\/wp\/v2\/comments?post=72717"}],"wp:featuredmedia":[{"embeddable":true,"href":"https:\/\/chanrathanhthuy.com\/ja\/wp-json\/wp\/v2\/media\/75483"}],"wp:attachment":[{"href":"https:\/\/chanrathanhthuy.com\/ja\/wp-json\/wp\/v2\/media?parent=72717"}],"wp:term":[{"taxonomy":"product_cat","embeddable":true,"href":"https:\/\/chanrathanhthuy.com\/ja\/wp-json\/wp\/v2\/product_cat?post=72717"},{"taxonomy":"product_tag","embeddable":true,"href":"https:\/\/chanrathanhthuy.com\/ja\/wp-json\/wp\/v2\/product_tag?post=72717"}],"curies":[{"name":"wp","href":"https:\/\/api.w.org\/{rel}","templated":true}]}}