{"id":72726,"date":"2025-04-24T06:12:53","date_gmt":"2025-04-24T06:12:53","guid":{"rendered":"https:\/\/chanrathanhthuy.com\/?post_type=product&#038;p=72726"},"modified":"2026-04-14T14:33:22","modified_gmt":"2026-04-14T14:33:22","slug":"nem-bong-ep-gap-tau-hoa-xe-lua-may-bay","status":"publish","type":"product","link":"https:\/\/chanrathanhthuy.com\/ja\/product\/nem-bong-ep-gap-tau-hoa-xe-lua-may-bay\/","title":{"rendered":"N\u1ec7m B\u00f4ng \u00c9p G\u1ea5p T\u00e0u H\u1ecfa, Xe L\u1eeda, M\u00e1y Bay"},"content":{"rendered":"<h2 style=\"text-align: justify;\">N\u1ec7m B\u00f4ng \u00c9p G\u1ea5p Cho T\u00e0u H\u1ecfa, Xe L\u1eeda, M\u00e1y Bay: N\u00e2ng T\u1ea7m Tr\u1ea3i Nghi\u1ec7m Kh\u00e1ch H\u00e0ng C\u00f9ng Ch\u0103n Ra Thanh Th\u1ee7y<\/h2>\n<p style=\"text-align: justify;\">Trong b\u1ed1i c\u1ea3nh ng\u00e0nh v\u1eadn t\u1ea3i h\u00e0nh kh\u00e1ch ng\u00e0y c\u00e0ng ph\u00e1t tri\u1ec3n, t\u1eeb nh\u1eefng chuy\u1ebfn t\u00e0u h\u1ecfa xuy\u00ean su\u1ed1t, h\u00e0nh tr\u00ecnh xe l\u1eeda kh\u00e1m ph\u00e1, \u0111\u1ebfn c\u00e1c chuy\u1ebfn bay \u0111\u01b0\u1eddng d\u00e0i, s\u1ef1 tho\u1ea3i m\u00e1i c\u1ee7a kh\u00e1ch h\u00e0ng \u0111\u00f3ng vai tr\u00f2 then ch\u1ed1t. M\u1ed9t trong nh\u1eefng y\u1ebfu t\u1ed1 quan tr\u1ecdng nh\u1ea5t g\u00f3p ph\u1ea7n t\u1ea1o n\u00ean tr\u1ea3i nghi\u1ec7m ti\u1ec7n nghi ch\u00ednh l\u00e0 ch\u1ea5t l\u01b0\u1ee3ng c\u1ee7a n\u1ec7m. Ch\u0103n Ra Thanh Th\u1ee7y t\u1ef1 h\u00e0o gi\u1edbi thi\u1ec7u gi\u1ea3i ph\u00e1p N\u1ec7m B\u00f4ng \u00c9p G\u1ea5p chuy\u00ean bi\u1ec7t, \u0111\u00e1p \u1ee9ng m\u1ecdi y\u00eau c\u1ea7u kh\u1eaft khe cho t\u00e0u h\u1ecfa, xe l\u1eeda, v\u00e0 m\u00e1y bay.<\/p>\n<p><a href=\"https:\/\/chanrathanhthuy.com\/wp-content\/uploads\/2025\/03\/chan-ga-goi-dem-cho-tau-hoa-xe-lua-va-may-bay.png\"><img loading=\"lazy\" decoding=\"async\" class=\"aligncenter size-full wp-image-70604\" src=\"https:\/\/chanrathanhthuy.com\/wp-content\/uploads\/2025\/03\/chan-ga-goi-dem-cho-tau-hoa-xe-lua-va-may-bay.png\" alt=\"\" width=\"1500\" height=\"999\" title=\"\" srcset=\"https:\/\/chanrathanhthuy.com\/wp-content\/uploads\/2025\/03\/chan-ga-goi-dem-cho-tau-hoa-xe-lua-va-may-bay.png 1500w, https:\/\/chanrathanhthuy.com\/wp-content\/uploads\/2025\/03\/chan-ga-goi-dem-cho-tau-hoa-xe-lua-va-may-bay-300x200.png 300w, https:\/\/chanrathanhthuy.com\/wp-content\/uploads\/2025\/03\/chan-ga-goi-dem-cho-tau-hoa-xe-lua-va-may-bay-1024x682.png 1024w, https:\/\/chanrathanhthuy.com\/wp-content\/uploads\/2025\/03\/chan-ga-goi-dem-cho-tau-hoa-xe-lua-va-may-bay-150x100.png 150w, https:\/\/chanrathanhthuy.com\/wp-content\/uploads\/2025\/03\/chan-ga-goi-dem-cho-tau-hoa-xe-lua-va-may-bay-768x511.png 768w, https:\/\/chanrathanhthuy.com\/wp-content\/uploads\/2025\/03\/chan-ga-goi-dem-cho-tau-hoa-xe-lua-va-may-bay-600x400.png 600w\" sizes=\"auto, (max-width: 1500px) 100vw, 1500px\" \/><\/a><\/p>\n<h3 style=\"text-align: justify;\">V\u00ec Sao N\u1ec7m B\u00f4ng \u00c9p G\u1ea5p L\u00e0 L\u1ef1a Ch\u1ecdn L\u00fd T\u01b0\u1edfng Cho Ng\u00e0nh V\u1eadn T\u1ea3i?<\/h3>\n<p style=\"text-align: justify;\">T\u1ed1i \u01afu Kh\u00f4ng Gian &amp; Ti\u1ec7n L\u1ee3i: Kh\u1ea3 n\u0103ng g\u1ea5p g\u1ecdn l\u00e0 l\u1ee3i th\u1ebf l\u1edbn, gi\u00fap ti\u1ebft ki\u1ec7m di\u1ec7n t\u00edch t\u1ed1i \u0111a khi kh\u00f4ng s\u1eed d\u1ee5ng ho\u1eb7c trong qu\u00e1 tr\u00ecnh b\u1ea3o qu\u1ea3n, v\u1ec7 sinh. \u0110i\u1ec1u n\u00e0y \u0111\u1eb7c bi\u1ec7t quan tr\u1ecdng tr\u00ean c\u00e1c ph\u01b0\u01a1ng ti\u1ec7n c\u00f3 kh\u00f4ng gian gi\u1edbi h\u1ea1n nh\u01b0 khoang t\u00e0u, m\u00e1y bay.<\/p>\n<p style=\"text-align: justify;\">\u0110\u1ed9 B\u1ec1n V\u01b0\u1ee3t Tr\u1ed9i: N\u1ec7m b\u00f4ng \u00e9p c\u00f3 c\u1ea5u tr\u00fac v\u1eefng ch\u1eafc, \u00edt l\u00fan x\u1eb9p theo th\u1eddi gian, \u0111\u1ea3m b\u1ea3o tu\u1ed5i th\u1ecd s\u1eed d\u1ee5ng l\u00e2u d\u00e0i, gi\u00fap c\u00e1c \u0111\u01a1n v\u1ecb v\u1eadn t\u1ea3i ti\u1ebft ki\u1ec7m chi ph\u00ed \u0111\u1ea7u t\u01b0.<\/p>\n<p><a href=\"https:\/\/chanrathanhthuy.com\/wp-content\/uploads\/2025\/03\/Ga-trai-giuong-ga-boc-ga-thang-cho-tau-hoa-xe-lua-va-may-bay.png\"><img loading=\"lazy\" decoding=\"async\" class=\"aligncenter size-full wp-image-70609\" src=\"https:\/\/chanrathanhthuy.com\/wp-content\/uploads\/2025\/03\/Ga-trai-giuong-ga-boc-ga-thang-cho-tau-hoa-xe-lua-va-may-bay.png\" alt=\"\" width=\"1500\" height=\"6537\" title=\"\" srcset=\"https:\/\/chanrathanhthuy.com\/wp-content\/uploads\/2025\/03\/Ga-trai-giuong-ga-boc-ga-thang-cho-tau-hoa-xe-lua-va-may-bay.png 1500w, https:\/\/chanrathanhthuy.com\/wp-content\/uploads\/2025\/03\/Ga-trai-giuong-ga-boc-ga-thang-cho-tau-hoa-xe-lua-va-may-bay-69x300.png 69w, https:\/\/chanrathanhthuy.com\/wp-content\/uploads\/2025\/03\/Ga-trai-giuong-ga-boc-ga-thang-cho-tau-hoa-xe-lua-va-may-bay-235x1024.png 235w, https:\/\/chanrathanhthuy.com\/wp-content\/uploads\/2025\/03\/Ga-trai-giuong-ga-boc-ga-thang-cho-tau-hoa-xe-lua-va-may-bay-768x3347.png 768w, https:\/\/chanrathanhthuy.com\/wp-content\/uploads\/2025\/03\/Ga-trai-giuong-ga-boc-ga-thang-cho-tau-hoa-xe-lua-va-may-bay-470x2048.png 470w, https:\/\/chanrathanhthuy.com\/wp-content\/uploads\/2025\/03\/Ga-trai-giuong-ga-boc-ga-thang-cho-tau-hoa-xe-lua-va-may-bay-600x2615.png 600w\" sizes=\"auto, (max-width: 1500px) 100vw, 1500px\" \/><\/a><\/p>\n<p style=\"text-align: justify;\">H\u1ed7 Tr\u1ee3 T\u1ed1t Cho Gi\u1ea5c Ng\u1ee7: V\u1edbi \u0111\u1ed9 ph\u1eb3ng v\u00e0 \u0111\u1ed9 c\u1ee9ng v\u1eeba ph\u1ea3i, n\u1ec7m b\u00f4ng \u00e9p gi\u00fap n\u00e2ng \u0111\u1ee1 c\u1ed9t s\u1ed1ng hi\u1ec7u qu\u1ea3, mang l\u1ea1i gi\u1ea5c ng\u1ee7 ngon v\u00e0 s\u00e2u, gi\u1ea3m thi\u1ec3u m\u1ec7t m\u1ecfi cho h\u00e0nh kh\u00e1ch trong su\u1ed1t chuy\u1ebfn \u0111i.<\/p>\n<p style=\"text-align: justify;\">Tho\u00e1ng Kh\u00ed &amp; V\u1ec7 Sinh: L\u00f5i b\u00f4ng \u00e9p c\u00f3 kh\u1ea3 n\u0103ng tho\u00e1t \u1ea9m t\u1ed1t, h\u1ea1n ch\u1ebf t\u00edch t\u1ee5 \u1ea9m m\u1ed1c v\u00e0 vi khu\u1ea9n. V\u1ecf n\u1ec7m d\u1ec5 d\u00e0ng th\u00e1o r\u1eddi \u0111\u1ec3 v\u1ec7 sinh, \u0111\u1ea3m b\u1ea3o m\u00f4i tr\u01b0\u1eddng n\u1eb1m ngh\u1ec9 lu\u00f4n s\u1ea1ch s\u1ebd, an to\u00e0n.<\/p>\n<h3 style=\"text-align: justify;\">Ch\u0103n Ra Thanh Th\u1ee7y: \u0110\u1ed1i T\u00e1c Tin C\u1eady Cung C\u1ea5p N\u1ec7m Cho M\u1ecdi Chuy\u1ebfn \u0110i<\/h3>\n<p style=\"text-align: justify;\">V\u1edbi h\u01a1n 25 n\u0103m kinh nghi\u1ec7m trong l\u0129nh v\u1ef1c cung c\u1ea5p ch\u0103n ga g\u1ed1i \u0111\u1ec7m cho c\u00e1c d\u1ef1 \u00e1n l\u1edbn, Ch\u0103n Ra Thanh Th\u1ee7y l\u00e0 \u0111\u1ed1i t\u00e1c h\u00e0ng \u0111\u1ea7u trong vi\u1ec7c mang \u0111\u1ebfn nh\u1eefng gi\u1ea3i ph\u00e1p n\u1ec7m b\u00f4ng \u00e9p g\u1ea5p ch\u1ea5t l\u01b0\u1ee3ng cao cho ng\u00e0nh v\u1eadn t\u1ea3i.<\/p>\n<p style=\"text-align: justify;\">Ch\u00fang t\u00f4i cam k\u1ebft:<\/p>\n<ul style=\"text-align: justify;\">\n<li>Ch\u1ea5t L\u01b0\u1ee3ng V\u01b0\u1ee3t Tr\u1ed9i: N\u1ec7m \u0111\u01b0\u1ee3c s\u1ea3n xu\u1ea5t t\u1eeb nguy\u00ean li\u1ec7u b\u00f4ng \u00e9p cao c\u1ea5p, \u0111\u1ea3m b\u1ea3o \u0111\u1ed9 b\u1ec1n, s\u1ef1 \u00eam \u00e1i v\u00e0 an to\u00e0n tuy\u1ec7t \u0111\u1ed1i cho ng\u01b0\u1eddi s\u1eed d\u1ee5ng.<\/li>\n<li>Gi\u1ea3i Ph\u00e1p T\u00f9y Bi\u1ebfn: Ch\u0103n Ra Thanh Th\u1ee7y cung c\u1ea5p d\u1ecbch v\u1ee5 s\u1ea3n xu\u1ea5t theo y\u00eau c\u1ea7u (OEM &amp; ODM), gi\u00fap c\u00e1c \u0111\u1ed1i t\u00e1c d\u1ec5 d\u00e0ng t\u00f9y ch\u1ec9nh k\u00edch th\u01b0\u1edbc, \u0111\u1ed9 d\u00e0y, v\u00e0 thi\u1ebft k\u1ebf ph\u00f9 h\u1ee3p v\u1edbi t\u1eebng lo\u1ea1i khoang t\u00e0u, xe l\u1eeda, hay cabin m\u00e1y bay.<\/li>\n<li>Tu\u00e2n Th\u1ee7 Ti\u00eau Chu\u1ea9n Nghi\u00eam Ng\u1eb7t: M\u1ecdi s\u1ea3n ph\u1ea9m \u0111\u1ec1u \u0111\u1ea1t c\u00e1c ti\u00eau chu\u1ea9n v\u1ec1 v\u1ec7 sinh, an to\u00e0n ch\u00e1y n\u1ed5 v\u00e0 \u0111\u1ed9 b\u1ec1n, mang l\u1ea1i s\u1ef1 an t\u00e2m tuy\u1ec7t \u0111\u1ed1i cho c\u1ea3 nh\u00e0 v\u1eadn h\u00e0nh v\u00e0 h\u00e0nh kh\u00e1ch.<\/li>\n<\/ul>\n<p style=\"text-align: justify;\">\u0110\u1ea7u t\u01b0 v\u00e0o n\u1ec7m b\u00f4ng \u00e9p g\u1ea5p ch\u1ea5t l\u01b0\u1ee3ng t\u1eeb Ch\u0103n Ra Thanh Th\u1ee7y l\u00e0 c\u00e1ch th\u00f4ng minh \u0111\u1ec3 n\u00e2ng cao s\u1ef1 h\u00e0i l\u00f2ng c\u1ee7a h\u00e0nh kh\u00e1ch, \u0111\u1ed3ng th\u1eddi t\u1ed1i \u01b0u h\u00f3a chi ph\u00ed v\u00e0 hi\u1ec7u qu\u1ea3 v\u1eadn h\u00e0nh cho doanh nghi\u1ec7p c\u1ee7a b\u1ea1n.<\/p>\n","protected":false},"excerpt":{"rendered":"<p style=\"text-align: justify;\"><span style=\"color: #ff0000;\"><strong>GI\u00c1 \u01afU \u0110\u00c3I T\u1edaI 50% KHI \u0110\u1eb6T MAY THEO Y\u00caU C\u1ea6U<\/strong><\/span><\/p>\n","protected":false},"featured_media":75468,"comment_status":"open","ping_status":"closed","template":"","meta":{"_acf_changed":false,"inline_featured_image":false},"product_cat":[2118],"product_tag":[],"class_list":{"0":"post-72726","1":"product","2":"type-product","3":"status-publish","4":"has-post-thumbnail","6":"product_cat-tau-hoa-xe-lua-may-bay","8":"first","9":"instock","10":"taxable","11":"shipping-taxable","12":"purchasable","13":"product-type-variable","14":"rtwpvg-product"},"acf":[],"_links":{"self":[{"href":"https:\/\/chanrathanhthuy.com\/ja\/wp-json\/wp\/v2\/product\/72726","targetHints":{"allow":["GET"]}}],"collection":[{"href":"https:\/\/chanrathanhthuy.com\/ja\/wp-json\/wp\/v2\/product"}],"about":[{"href":"https:\/\/chanrathanhthuy.com\/ja\/wp-json\/wp\/v2\/types\/product"}],"replies":[{"embeddable":true,"href":"https:\/\/chanrathanhthuy.com\/ja\/wp-json\/wp\/v2\/comments?post=72726"}],"wp:featuredmedia":[{"embeddable":true,"href":"https:\/\/chanrathanhthuy.com\/ja\/wp-json\/wp\/v2\/media\/75468"}],"wp:attachment":[{"href":"https:\/\/chanrathanhthuy.com\/ja\/wp-json\/wp\/v2\/media?parent=72726"}],"wp:term":[{"taxonomy":"product_cat","embeddable":true,"href":"https:\/\/chanrathanhthuy.com\/ja\/wp-json\/wp\/v2\/product_cat?post=72726"},{"taxonomy":"product_tag","embeddable":true,"href":"https:\/\/chanrathanhthuy.com\/ja\/wp-json\/wp\/v2\/product_tag?post=72726"}],"curies":[{"name":"wp","href":"https:\/\/api.w.org\/{rel}","templated":true}]}}