{"id":72735,"date":"2025-04-24T06:13:01","date_gmt":"2025-04-24T06:13:01","guid":{"rendered":"https:\/\/chanrathanhthuy.com\/?post_type=product&#038;p=72735"},"modified":"2026-04-14T16:29:17","modified_gmt":"2026-04-14T16:29:17","slug":"ga-boc-trang-tron-chong-nhan-tau-hoa-xe-lua-may-bay","status":"publish","type":"product","link":"https:\/\/chanrathanhthuy.com\/ja\/product\/ga-boc-trang-tron-chong-nhan-tau-hoa-xe-lua-may-bay\/","title":{"rendered":"Ga B\u1ecdc Tr\u1eafng Tr\u01a1n Ch\u1ed1ng Nh\u0103n T\u00e0u H\u1ecfa, Xe L\u1eeda, M\u00e1y Bay"},"content":{"rendered":"<h2 style=\"text-align: justify;\">Ga B\u1ecdc Tr\u1eafng Tr\u01a1n Ch\u1ed1ng Nh\u0103n Thanh Th\u1ee7y: N\u1ec1n T\u1ea3ng Gi\u1ea5c Ng\u1ee7 S\u1ea1ch S\u1ebd Tr\u00ean M\u1ecdi H\u00e0nh Tr\u00ecnh<\/h2>\n<p style=\"text-align: justify;\">Tr\u00ean nh\u1eefng chuy\u1ebfn \u0111i d\u00e0i b\u1eb1ng t\u00e0u h\u1ecfa, xe l\u1eeda, hay m\u00e1y bay, m\u1ed9t chi\u1ebfc ga b\u1ecdc s\u1ea1ch s\u1ebd v\u00e0 ph\u1eb3ng phiu l\u00e0 y\u1ebfu t\u1ed1 then ch\u1ed1t cho gi\u1ea5c ng\u1ee7 tho\u1ea3i m\u00e1i. Ch\u0103n Ra Thanh Th\u1ee7y t\u1ef1 h\u00e0o gi\u1edbi thi\u1ec7u s\u1ea3n ph\u1ea9m Ga B\u1ecdc Tr\u1eafng Tr\u01a1n Ch\u1ed1ng Nh\u0103n T\u00e0u H\u1ecfa, Xe L\u1eeda, M\u00e1y Bay, mang \u0111\u1ebfn gi\u1ea3i ph\u00e1p t\u1ed1i \u01b0u cho v\u1ec7 sinh v\u00e0 ti\u1ec7n nghi tr\u00ean m\u1ecdi n\u1ebbo \u0111\u01b0\u1eddng.<\/p>\n<p><a href=\"https:\/\/chanrathanhthuy.com\/wp-content\/uploads\/2025\/03\/Chan-ga-goi-dem-tau-hoa-xe-lua-may-bay.png\"><img loading=\"lazy\" decoding=\"async\" class=\"aligncenter size-full wp-image-70626\" src=\"https:\/\/chanrathanhthuy.com\/wp-content\/uploads\/2025\/03\/Chan-ga-goi-dem-tau-hoa-xe-lua-may-bay.png\" alt=\"\" width=\"1500\" height=\"1000\" title=\"\" srcset=\"https:\/\/chanrathanhthuy.com\/wp-content\/uploads\/2025\/03\/Chan-ga-goi-dem-tau-hoa-xe-lua-may-bay.png 1500w, https:\/\/chanrathanhthuy.com\/wp-content\/uploads\/2025\/03\/Chan-ga-goi-dem-tau-hoa-xe-lua-may-bay-300x200.png 300w, https:\/\/chanrathanhthuy.com\/wp-content\/uploads\/2025\/03\/Chan-ga-goi-dem-tau-hoa-xe-lua-may-bay-1024x683.png 1024w, https:\/\/chanrathanhthuy.com\/wp-content\/uploads\/2025\/03\/Chan-ga-goi-dem-tau-hoa-xe-lua-may-bay-150x100.png 150w, https:\/\/chanrathanhthuy.com\/wp-content\/uploads\/2025\/03\/Chan-ga-goi-dem-tau-hoa-xe-lua-may-bay-768x512.png 768w, https:\/\/chanrathanhthuy.com\/wp-content\/uploads\/2025\/03\/Chan-ga-goi-dem-tau-hoa-xe-lua-may-bay-600x400.png 600w\" sizes=\"auto, (max-width: 1500px) 100vw, 1500px\" \/><\/a><\/p>\n<h3 style=\"text-align: justify;\">S\u1ea1ch S\u1ebd Tinh Kh\u00f4i, Ph\u1eb3ng Phiu Kh\u00f4ng N\u1ebfp Nh\u0103n<\/h3>\n<p style=\"text-align: justify;\">Ga B\u1ecdc Tr\u1eafng Tr\u01a1n Ch\u1ed1ng Nh\u0103n c\u1ee7a Thanh Th\u1ee7y \u0111\u01b0\u1ee3c l\u00e0m t\u1eeb ch\u1ea5t li\u1ec7u cao c\u1ea5p, kh\u00f4ng ch\u1ec9 mang l\u1ea1i c\u1ea3m gi\u00e1c m\u1ec1m m\u1ea1i, tho\u00e1ng m\u00e1t m\u00e0 c\u00f2n \u0111\u1eb7c bi\u1ec7t ch\u1ed1ng nh\u0103n hi\u1ec7u qu\u1ea3. D\u00f9 b\u1ea1n c\u00f3 di chuy\u1ec3n li\u00ean t\u1ee5c, chi\u1ebfc ga v\u1eabn gi\u1eef \u0111\u01b0\u1ee3c v\u1ebb ngo\u00e0i tinh t\u01b0\u01a1m, s\u1ea1ch s\u1ebd, t\u1ea1o kh\u00f4ng gian ngh\u1ec9 ng\u01a1i l\u00fd t\u01b0\u1edfng. M\u00e0u tr\u1eafng tr\u01a1n kh\u00f4ng ch\u1ec9 d\u1ec5 ph\u1ed1i h\u1ee3p m\u00e0 c\u00f2n th\u1ec3 hi\u1ec7n s\u1ef1 tinh khi\u1ebft, mang l\u1ea1i c\u1ea3m gi\u00e1c an to\u00e0n v\u00e0 d\u1ec5 ch\u1ecbu.<\/p>\n<p><a href=\"https:\/\/chanrathanhthuy.com\/wp-content\/uploads\/2025\/03\/Ga-trai-giuong-ga-boc-ga-thang-cho-tau-hoa-xe-lua-va-may-bay.png\"><img loading=\"lazy\" decoding=\"async\" class=\"aligncenter size-full wp-image-70609\" src=\"https:\/\/chanrathanhthuy.com\/wp-content\/uploads\/2025\/03\/Ga-trai-giuong-ga-boc-ga-thang-cho-tau-hoa-xe-lua-va-may-bay.png\" alt=\"\" width=\"1500\" height=\"6537\" title=\"\" srcset=\"https:\/\/chanrathanhthuy.com\/wp-content\/uploads\/2025\/03\/Ga-trai-giuong-ga-boc-ga-thang-cho-tau-hoa-xe-lua-va-may-bay.png 1500w, https:\/\/chanrathanhthuy.com\/wp-content\/uploads\/2025\/03\/Ga-trai-giuong-ga-boc-ga-thang-cho-tau-hoa-xe-lua-va-may-bay-69x300.png 69w, https:\/\/chanrathanhthuy.com\/wp-content\/uploads\/2025\/03\/Ga-trai-giuong-ga-boc-ga-thang-cho-tau-hoa-xe-lua-va-may-bay-235x1024.png 235w, https:\/\/chanrathanhthuy.com\/wp-content\/uploads\/2025\/03\/Ga-trai-giuong-ga-boc-ga-thang-cho-tau-hoa-xe-lua-va-may-bay-768x3347.png 768w, https:\/\/chanrathanhthuy.com\/wp-content\/uploads\/2025\/03\/Ga-trai-giuong-ga-boc-ga-thang-cho-tau-hoa-xe-lua-va-may-bay-470x2048.png 470w, https:\/\/chanrathanhthuy.com\/wp-content\/uploads\/2025\/03\/Ga-trai-giuong-ga-boc-ga-thang-cho-tau-hoa-xe-lua-va-may-bay-600x2615.png 600w\" sizes=\"auto, (max-width: 1500px) 100vw, 1500px\" \/><\/a><\/p>\n<h3 style=\"text-align: justify;\">D\u1ec5 D\u00e0ng V\u1ec7 Sinh, B\u1ec1n B\u1ec9 C\u00f9ng Th\u1eddi Gian<\/h3>\n<p style=\"text-align: justify;\">S\u1ea3n ph\u1ea9m \u0111\u01b0\u1ee3c thi\u1ebft k\u1ebf \u0111\u1ec3 d\u1ec5 d\u00e0ng th\u00e1o l\u1eafp v\u00e0 v\u1ec7 sinh, \u0111\u1ea3m b\u1ea3o b\u1ea1n lu\u00f4n c\u00f3 m\u1ed9t m\u00f4i tr\u01b0\u1eddng ng\u1ee7 s\u1ea1ch s\u1ebd d\u00f9 \u1edf b\u1ea5t c\u1ee9 \u0111\u00e2u. V\u1edbi \u0111\u1ed9 b\u1ec1n v\u01b0\u1ee3t tr\u1ed9i, Ga B\u1ecdc Tr\u1eafng Tr\u01a1n Ch\u1ed1ng Nh\u0103n c\u1ee7a Thanh Th\u1ee7y l\u00e0 kho\u1ea3n \u0111\u1ea7u t\u01b0 th\u00f4ng minh, gi\u00fap b\u1ea1n t\u1eadn h\u01b0\u1edfng nh\u1eefng chuy\u1ebfn \u0111i d\u00e0i m\u00e0 kh\u00f4ng lo l\u1eafng v\u1ec1 ch\u1ea5t l\u01b0\u1ee3ng gi\u1ea5c ng\u1ee7. H\u00e3y \u0111\u1ec3 Ch\u0103n Ra Thanh Th\u1ee7y \u0111\u1ed3ng h\u00e0nh c\u00f9ng b\u1ea1n tr\u00ean m\u1ecdi h\u00e0nh tr\u00ecnh.<\/p>\n","protected":false},"excerpt":{"rendered":"<p style=\"text-align: justify;\"><span style=\"color: #ff0000;\"><strong>GI\u00c1 \u01afU \u0110\u00c3I T\u1edaI 50% KHI \u0110\u1eb6T MAY THEO Y\u00caU C\u1ea6U<\/strong><\/span><\/p>\n","protected":false},"featured_media":75459,"comment_status":"open","ping_status":"closed","template":"","meta":{"_acf_changed":false,"inline_featured_image":false},"product_cat":[2118],"product_tag":[],"class_list":{"0":"post-72735","1":"product","2":"type-product","3":"status-publish","4":"has-post-thumbnail","6":"product_cat-tau-hoa-xe-lua-may-bay","8":"first","9":"instock","10":"purchasable","11":"product-type-variable","12":"rtwpvg-product"},"acf":[],"_links":{"self":[{"href":"https:\/\/chanrathanhthuy.com\/ja\/wp-json\/wp\/v2\/product\/72735","targetHints":{"allow":["GET"]}}],"collection":[{"href":"https:\/\/chanrathanhthuy.com\/ja\/wp-json\/wp\/v2\/product"}],"about":[{"href":"https:\/\/chanrathanhthuy.com\/ja\/wp-json\/wp\/v2\/types\/product"}],"replies":[{"embeddable":true,"href":"https:\/\/chanrathanhthuy.com\/ja\/wp-json\/wp\/v2\/comments?post=72735"}],"wp:featuredmedia":[{"embeddable":true,"href":"https:\/\/chanrathanhthuy.com\/ja\/wp-json\/wp\/v2\/media\/75459"}],"wp:attachment":[{"href":"https:\/\/chanrathanhthuy.com\/ja\/wp-json\/wp\/v2\/media?parent=72735"}],"wp:term":[{"taxonomy":"product_cat","embeddable":true,"href":"https:\/\/chanrathanhthuy.com\/ja\/wp-json\/wp\/v2\/product_cat?post=72735"},{"taxonomy":"product_tag","embeddable":true,"href":"https:\/\/chanrathanhthuy.com\/ja\/wp-json\/wp\/v2\/product_tag?post=72735"}],"curies":[{"name":"wp","href":"https:\/\/api.w.org\/{rel}","templated":true}]}}