{"id":72748,"date":"2025-04-24T06:13:04","date_gmt":"2025-04-24T06:13:04","guid":{"rendered":"https:\/\/chanrathanhthuy.com\/?post_type=product&#038;p=72748"},"modified":"2026-04-14T14:22:59","modified_gmt":"2026-04-14T14:22:59","slug":"ruot-goi-tau-hoa-xe-lua-may-bay","status":"publish","type":"product","link":"https:\/\/chanrathanhthuy.com\/ja\/product\/ruot-goi-tau-hoa-xe-lua-may-bay\/","title":{"rendered":"Ru\u1ed9t G\u1ed1i T\u00e0u H\u1ecfa, Xe L\u1eeda, M\u00e1y Bay"},"content":{"rendered":"<h2 style=\"text-align: justify;\">Ru\u1ed9t G\u1ed1i T\u00e0u H\u1ecfa, Xe L\u1eeda, M\u00e1y Bay: N\u00e2ng T\u1ea7m Tr\u1ea3i Nghi\u1ec7m Th\u01b0 Gi\u00e3n C\u00f9ng Ch\u0103n Ra Thanh Th\u1ee7y<\/h2>\n<p style=\"text-align: justify;\">Trong m\u1ed7i chuy\u1ebfn \u0111i, d\u00f9 l\u00e0 h\u00e0nh tr\u00ecnh t\u00e0u h\u1ecfa d\u00e0i ng\u00e0y, chuy\u1ebfn xe l\u1eeda kh\u00e1m ph\u00e1 hay chuy\u1ebfn bay \u0111\u01b0\u1eddng d\u00e0i, gi\u1ea5c ng\u1ee7 v\u00e0 s\u1ef1 th\u01b0 gi\u00e3n c\u1ee7a h\u00e0nh kh\u00e1ch lu\u00f4n l\u00e0 y\u1ebfu t\u1ed1 \u0111\u01b0\u1ee3c \u01b0u ti\u00ean h\u00e0ng \u0111\u1ea7u. B\u00ean c\u1ea1nh ch\u0103n v\u00e0 n\u1ec7m, ru\u1ed9t g\u1ed1i ch\u1ea5t l\u01b0\u1ee3ng \u0111\u00f3ng vai tr\u00f2 kh\u00f4ng th\u1ec3 thi\u1ebfu trong vi\u1ec7c mang l\u1ea1i s\u1ef1 tho\u1ea3i m\u00e1i t\u1ed1i \u0111a. Ch\u0103n Ra Thanh Th\u1ee7y t\u1ef1 h\u00e0o l\u00e0 nh\u00e0 cung c\u1ea5p gi\u1ea3i ph\u00e1p ru\u1ed9t g\u1ed1i chuy\u00ean bi\u1ec7t cho t\u00e0u h\u1ecfa, xe l\u1eeda, m\u00e1y bay, \u0111\u00e1p \u1ee9ng m\u1ecdi ti\u00eau chu\u1ea9n kh\u1eaft khe v\u1ec1 ch\u1ea5t l\u01b0\u1ee3ng v\u00e0 \u0111\u1ed9 an to\u00e0n.<\/p>\n<p><a href=\"https:\/\/chanrathanhthuy.com\/wp-content\/uploads\/2025\/03\/chan-ga-goi-dem-cho-tau-hoa-xe-lua-va-may-bay.png\"><img loading=\"lazy\" decoding=\"async\" class=\"aligncenter size-full wp-image-70604\" src=\"https:\/\/chanrathanhthuy.com\/wp-content\/uploads\/2025\/03\/chan-ga-goi-dem-cho-tau-hoa-xe-lua-va-may-bay.png\" alt=\"\" width=\"1500\" height=\"999\" title=\"\" srcset=\"https:\/\/chanrathanhthuy.com\/wp-content\/uploads\/2025\/03\/chan-ga-goi-dem-cho-tau-hoa-xe-lua-va-may-bay.png 1500w, https:\/\/chanrathanhthuy.com\/wp-content\/uploads\/2025\/03\/chan-ga-goi-dem-cho-tau-hoa-xe-lua-va-may-bay-300x200.png 300w, https:\/\/chanrathanhthuy.com\/wp-content\/uploads\/2025\/03\/chan-ga-goi-dem-cho-tau-hoa-xe-lua-va-may-bay-1024x682.png 1024w, https:\/\/chanrathanhthuy.com\/wp-content\/uploads\/2025\/03\/chan-ga-goi-dem-cho-tau-hoa-xe-lua-va-may-bay-150x100.png 150w, https:\/\/chanrathanhthuy.com\/wp-content\/uploads\/2025\/03\/chan-ga-goi-dem-cho-tau-hoa-xe-lua-va-may-bay-768x511.png 768w, https:\/\/chanrathanhthuy.com\/wp-content\/uploads\/2025\/03\/chan-ga-goi-dem-cho-tau-hoa-xe-lua-va-may-bay-600x400.png 600w\" sizes=\"auto, (max-width: 1500px) 100vw, 1500px\" \/><\/a><\/p>\n<h3 style=\"text-align: justify;\">V\u00ec Sao Ru\u1ed9t G\u1ed1i Ch\u1ea5t L\u01b0\u1ee3ng Quan Tr\u1ecdng Cho Ng\u00e0nh V\u1eadn T\u1ea3i?<\/h3>\n<p style=\"text-align: justify;\">N\u00e2ng \u0110\u1ee1 T\u1ed1i \u01afu, Gi\u1ea3m M\u1ecfi C\u1ed5 Vai G\u00e1y: Trong su\u1ed1t h\u00e0nh tr\u00ecnh d\u00e0i, vi\u1ec7c gi\u1eef \u0111\u00fang t\u01b0 th\u1ebf khi ng\u1ee7 ho\u1eb7c ngh\u1ec9 ng\u01a1i l\u00e0 c\u1ef1c k\u1ef3 quan tr\u1ecdng. Ru\u1ed9t g\u1ed1i ch\u1ea5t l\u01b0\u1ee3ng gi\u00fap n\u00e2ng \u0111\u1ee1 \u0111\u1ea7u v\u00e0 c\u1ed5 \u0111\u00fang c\u00e1ch, gi\u1ea3m \u00e1p l\u1ef1c l\u00ean c\u1ed9t s\u1ed1ng, h\u1ea1n ch\u1ebf t\u00ecnh tr\u1ea1ng m\u1ecfi m\u1ec7t hay \u0111au nh\u1ee9c sau chuy\u1ebfn \u0111i.<\/p>\n<p style=\"text-align: justify;\">T\u1ea1o C\u1ea3m Gi\u00e1c Th\u01b0 Gi\u00e3n &amp; An To\u00e0n: S\u1ef1 \u00eam \u00e1i, s\u1ea1ch s\u1ebd c\u1ee7a ru\u1ed9t g\u1ed1i mang l\u1ea1i c\u1ea3m gi\u00e1c d\u1ec5 ch\u1ecbu, gi\u00fap h\u00e0nh kh\u00e1ch th\u01b0 gi\u00e3n v\u00e0 d\u1ec5 d\u00e0ng \u0111i v\u00e0o gi\u1ea5c ng\u1ee7 h\u01a1n. \u0110\u1ed3ng th\u1eddi, ch\u1ea5t li\u1ec7u an to\u00e0n, kh\u00f4ng g\u00e2y k\u00edch \u1ee9ng c\u0169ng l\u00e0 y\u1ebfu t\u1ed1 quan tr\u1ecdng \u0111\u1ec3 \u0111\u1ea3m b\u1ea3o s\u1ee9c kh\u1ecfe ng\u01b0\u1eddi d\u00f9ng.<\/p>\n<p style=\"text-align: justify;\">\u0110\u1ea3m B\u1ea3o V\u1ec7 Sinh &amp; \u0110\u1ed9 B\u1ec1n: M\u00f4i tr\u01b0\u1eddng v\u1eadn t\u1ea3i y\u00eau c\u1ea7u cao v\u1ec1 v\u1ec7 sinh. Ru\u1ed9t g\u1ed1i d\u1ec5 d\u00e0ng v\u1ec7 sinh, c\u00f3 kh\u1ea3 n\u0103ng kh\u00e1ng khu\u1ea9n, c\u00f9ng \u0111\u1ed9 b\u1ec1n cao l\u00e0 y\u1ebfu t\u1ed1 thi\u1ebft y\u1ebfu gi\u00fap duy tr\u00ec ch\u1ea5t l\u01b0\u1ee3ng s\u1ea3n ph\u1ea9m qua nhi\u1ec1u l\u1ea7n s\u1eed d\u1ee5ng v\u00e0 gi\u1eb7t gi\u0169.<\/p>\n<p><a href=\"https:\/\/chanrathanhthuy.com\/wp-content\/uploads\/2025\/03\/Goi-nam-va-Chan-men-cho-tau-hoa-xe-lua-va-may-bay.png\"><img loading=\"lazy\" decoding=\"async\" class=\"aligncenter size-full wp-image-70610\" src=\"https:\/\/chanrathanhthuy.com\/wp-content\/uploads\/2025\/03\/Goi-nam-va-Chan-men-cho-tau-hoa-xe-lua-va-may-bay.png\" alt=\"\" width=\"1500\" height=\"3439\" title=\"\" srcset=\"https:\/\/chanrathanhthuy.com\/wp-content\/uploads\/2025\/03\/Goi-nam-va-Chan-men-cho-tau-hoa-xe-lua-va-may-bay.png 1500w, https:\/\/chanrathanhthuy.com\/wp-content\/uploads\/2025\/03\/Goi-nam-va-Chan-men-cho-tau-hoa-xe-lua-va-may-bay-131x300.png 131w, https:\/\/chanrathanhthuy.com\/wp-content\/uploads\/2025\/03\/Goi-nam-va-Chan-men-cho-tau-hoa-xe-lua-va-may-bay-447x1024.png 447w, https:\/\/chanrathanhthuy.com\/wp-content\/uploads\/2025\/03\/Goi-nam-va-Chan-men-cho-tau-hoa-xe-lua-va-may-bay-65x150.png 65w, https:\/\/chanrathanhthuy.com\/wp-content\/uploads\/2025\/03\/Goi-nam-va-Chan-men-cho-tau-hoa-xe-lua-va-may-bay-768x1761.png 768w, https:\/\/chanrathanhthuy.com\/wp-content\/uploads\/2025\/03\/Goi-nam-va-Chan-men-cho-tau-hoa-xe-lua-va-may-bay-670x1536.png 670w, https:\/\/chanrathanhthuy.com\/wp-content\/uploads\/2025\/03\/Goi-nam-va-Chan-men-cho-tau-hoa-xe-lua-va-may-bay-893x2048.png 893w, https:\/\/chanrathanhthuy.com\/wp-content\/uploads\/2025\/03\/Goi-nam-va-Chan-men-cho-tau-hoa-xe-lua-va-may-bay-600x1376.png 600w\" sizes=\"auto, (max-width: 1500px) 100vw, 1500px\" \/><\/a><\/p>\n<h3 style=\"text-align: justify;\">Ch\u0103n Ra Thanh Th\u1ee7y: Gi\u1ea3i Ph\u00e1p Ru\u1ed9t G\u1ed1i H\u00e0ng \u0110\u1ea7u Cho T\u00e0u H\u1ecfa, Xe L\u1eeda, M\u00e1y Bay<\/h3>\n<p style=\"text-align: justify;\">V\u1edbi h\u01a1n 25 n\u0103m kinh nghi\u1ec7m trong l\u0129nh v\u1ef1c cung c\u1ea5p ch\u0103n ga g\u1ed1i \u0111\u1ec7m cho c\u00e1c d\u1ef1 \u00e1n v\u1eadn t\u1ea3i l\u1edbn, Ch\u0103n Ra Thanh Th\u1ee7y hi\u1ec3u r\u00f5 nh\u1eefng y\u00eau c\u1ea7u \u0111\u1eb7c th\u00f9 c\u1ee7a ng\u00e0nh. Ch\u00fang t\u00f4i mang \u0111\u1ebfn c\u00e1c lo\u1ea1i ru\u1ed9t g\u1ed1i v\u1edbi \u0111a d\u1ea1ng ch\u1ea5t li\u1ec7u v\u00e0 k\u00edch th\u01b0\u1edbc, \u0111\u01b0\u1ee3c thi\u1ebft k\u1ebf t\u1ed1i \u01b0u cho khoang t\u00e0u, gi\u01b0\u1eddng n\u1eb1m xe l\u1eeda hay gh\u1ebf m\u00e1y bay.<\/p>\n<ul style=\"text-align: justify;\">\n<li>Ch\u1ea5t Li\u1ec7u Cao C\u1ea5p &amp; An To\u00e0n: Ru\u1ed9t g\u1ed1i c\u1ee7a ch\u00fang t\u00f4i \u0111\u01b0\u1ee3c l\u00e0m t\u1eeb c\u00e1c lo\u1ea1i s\u1ee3i cao c\u1ea5p, c\u00f3 \u0111\u1ed9 \u0111\u00e0n h\u1ed3i t\u1ed1t, gi\u1eef form d\u00e1ng l\u00e2u, v\u00e0 \u0111\u1eb7c bi\u1ec7t an to\u00e0n cho s\u1ee9c kh\u1ecfe, kh\u00f4ng g\u00e2y d\u1ecb \u1ee9ng.<\/li>\n<li>\u0110\u1ed9 B\u1ec1n V\u01b0\u1ee3t Tr\u1ed9i: V\u1edbi t\u1ea7n su\u1ea5t s\u1eed d\u1ee5ng v\u00e0 v\u1ec7 sinh cao, ru\u1ed9t g\u1ed1i t\u1eeb Ch\u0103n Ra Thanh Th\u1ee7y \u0111\u01b0\u1ee3c thi\u1ebft k\u1ebf \u0111\u1ec3 ch\u1ecbu \u0111\u01b0\u1ee3c s\u1ef1 m\u00e0i m\u00f2n, gi\u1eef \u0111\u01b0\u1ee3c \u0111\u1ed9 ph\u1ed3ng v\u00e0 \u00eam \u00e1i qua th\u1eddi gian, t\u1ed1i \u01b0u h\u00f3a chi ph\u00ed \u0111\u1ea7u t\u01b0 cho doanh nghi\u1ec7p.<\/li>\n<li>Gi\u1ea3i Ph\u00e1p T\u00f9y Ch\u1ec9nh: Ch\u00fang t\u00f4i cung c\u1ea5p d\u1ecbch v\u1ee5 s\u1ea3n xu\u1ea5t theo y\u00eau c\u1ea7u (OEM &amp; ODM), cho ph\u00e9p c\u00e1c \u0111\u1ed1i t\u00e1c t\u00f9y ch\u1ec9nh k\u00edch th\u01b0\u1edbc, \u0111\u1ed9 c\u1ee9ng\/m\u1ec1m v\u00e0 th\u1eadm ch\u00ed th\u00eau logo l\u00ean v\u1ecf g\u1ed1i, t\u1ea1o n\u00ean s\u1ef1 \u0111\u1ed3ng b\u1ed9 v\u00e0 chuy\u00ean nghi\u1ec7p cho th\u01b0\u01a1ng hi\u1ec7u c\u1ee7a b\u1ea1n.<\/li>\n<li>Tu\u00e2n Th\u1ee7 Ti\u00eau Chu\u1ea9n V\u1ec7 Sinh: T\u1ea5t c\u1ea3 s\u1ea3n ph\u1ea9m \u0111\u1ec1u tu\u00e2n th\u1ee7 c\u00e1c ti\u00eau chu\u1ea9n nghi\u00eam ng\u1eb7t v\u1ec1 v\u1ec7 sinh v\u00e0 an to\u00e0n, \u0111\u1ea3m b\u1ea3o s\u1ef1 an t\u00e2m tuy\u1ec7t \u0111\u1ed1i cho c\u1ea3 h\u00e0nh kh\u00e1ch v\u00e0 nh\u00e0 v\u1eadn h\u00e0nh.<\/li>\n<\/ul>\n<p style=\"text-align: justify;\">\u0110\u1ea7u t\u01b0 v\u00e0o ru\u1ed9t g\u1ed1i ch\u1ea5t l\u01b0\u1ee3ng t\u1eeb Ch\u0103n Ra Thanh Th\u1ee7y l\u00e0 c\u00e1ch th\u00f4ng minh \u0111\u1ec3 n\u00e2ng cao s\u1ef1 h\u00e0i l\u00f2ng v\u00e0 tr\u1ea3i nghi\u1ec7m c\u1ee7a h\u00e0nh kh\u00e1ch, g\u00f3p ph\u1ea7n x\u00e2y d\u1ef1ng h\u00ecnh \u1ea3nh chuy\u00ean nghi\u1ec7p cho d\u1ecbch v\u1ee5 v\u1eadn t\u1ea3i c\u1ee7a b\u1ea1n.<\/p>\n","protected":false},"excerpt":{"rendered":"<p style=\"text-align: justify;\"><span style=\"color: #ff0000;\"><strong>GI\u00c1 \u01afU \u0110\u00c3I T\u1edaI 50% KHI \u0110\u1eb6T MAY THEO Y\u00caU C\u1ea6U<\/strong><\/span><\/p>\n","protected":false},"featured_media":75471,"comment_status":"open","ping_status":"closed","template":"","meta":{"_acf_changed":false,"inline_featured_image":false},"product_cat":[2118],"product_tag":[],"class_list":{"0":"post-72748","1":"product","2":"type-product","3":"status-publish","4":"has-post-thumbnail","6":"product_cat-tau-hoa-xe-lua-may-bay","8":"first","9":"instock","10":"purchasable","11":"product-type-variable","12":"rtwpvg-product"},"acf":[],"_links":{"self":[{"href":"https:\/\/chanrathanhthuy.com\/ja\/wp-json\/wp\/v2\/product\/72748","targetHints":{"allow":["GET"]}}],"collection":[{"href":"https:\/\/chanrathanhthuy.com\/ja\/wp-json\/wp\/v2\/product"}],"about":[{"href":"https:\/\/chanrathanhthuy.com\/ja\/wp-json\/wp\/v2\/types\/product"}],"replies":[{"embeddable":true,"href":"https:\/\/chanrathanhthuy.com\/ja\/wp-json\/wp\/v2\/comments?post=72748"}],"wp:featuredmedia":[{"embeddable":true,"href":"https:\/\/chanrathanhthuy.com\/ja\/wp-json\/wp\/v2\/media\/75471"}],"wp:attachment":[{"href":"https:\/\/chanrathanhthuy.com\/ja\/wp-json\/wp\/v2\/media?parent=72748"}],"wp:term":[{"taxonomy":"product_cat","embeddable":true,"href":"https:\/\/chanrathanhthuy.com\/ja\/wp-json\/wp\/v2\/product_cat?post=72748"},{"taxonomy":"product_tag","embeddable":true,"href":"https:\/\/chanrathanhthuy.com\/ja\/wp-json\/wp\/v2\/product_tag?post=72748"}],"curies":[{"name":"wp","href":"https:\/\/api.w.org\/{rel}","templated":true}]}}