{"id":72756,"date":"2025-04-24T06:13:08","date_gmt":"2025-04-24T06:13:08","guid":{"rendered":"https:\/\/chanrathanhthuy.com\/?post_type=product&#038;p=72756"},"modified":"2026-04-14T14:03:34","modified_gmt":"2026-04-14T14:03:34","slug":"tham-chan-tau-hoa-xe-lua-may-bay","status":"publish","type":"product","link":"https:\/\/chanrathanhthuy.com\/ja\/product\/tham-chan-tau-hoa-xe-lua-may-bay\/","title":{"rendered":"Th\u1ea3m Ch\u00e2n T\u00e0u H\u1ecfa, Xe L\u1eeda, M\u00e1y Bay"},"content":{"rendered":"<h2 style=\"text-align: justify;\">Th\u1ea3m Ch\u00e2n T\u00e0u H\u1ecfa, Xe L\u1eeda, M\u00e1y Bay: N\u00e2ng T\u1ea7m Ti\u1ec7n Nghi v\u00e0 V\u1ec7 Sinh C\u00f9ng Ch\u0103n Ra Thanh Th\u1ee7y<\/h2>\n<p style=\"text-align: justify;\">Trong m\u1ecdi h\u00e0nh tr\u00ecnh, t\u1eeb nh\u1eefng chuy\u1ebfn t\u00e0u h\u1ecfa xuy\u00ean su\u1ed1t, h\u00e0nh tr\u00ecnh xe l\u1eeda kh\u00e1m ph\u00e1, \u0111\u1ebfn c\u00e1c chuy\u1ebfn bay qu\u1ed1c t\u1ebf, s\u1ef1 s\u1ea1ch s\u1ebd v\u00e0 ti\u1ec7n nghi lu\u00f4n l\u00e0 \u01b0u ti\u00ean h\u00e0ng \u0111\u1ea7u. M\u1ed9t chi ti\u1ebft nh\u1ecf nh\u01b0ng l\u1ea1i \u0111\u00f3ng vai tr\u00f2 quan tr\u1ecdng trong vi\u1ec7c duy tr\u00ec v\u1ec7 sinh v\u00e0 t\u0103ng c\u01b0\u1eddng s\u1ef1 tho\u1ea3i m\u00e1i cho h\u00e0nh kh\u00e1ch ch\u00ednh l\u00e0 th\u1ea3m ch\u00e2n. Ch\u0103n Ra Thanh Th\u1ee7y t\u1ef1 h\u00e0o cung c\u1ea5p c\u00e1c gi\u1ea3i ph\u00e1p th\u1ea3m ch\u00e2n chuy\u00ean bi\u1ec7t cho t\u00e0u h\u1ecfa, xe l\u1eeda, v\u00e0 m\u00e1y bay, \u0111\u00e1p \u1ee9ng m\u1ecdi ti\u00eau chu\u1ea9n kh\u1eaft khe nh\u1ea5t.<\/p>\n<p><a href=\"https:\/\/chanrathanhthuy.com\/wp-content\/uploads\/2025\/03\/khan-cotton-tham-cotton-khan-tay-khan-mat-khan-tam-dep-long-cho-tau-hoa-xe-lua-va-may-bay.png\"><img loading=\"lazy\" decoding=\"async\" class=\"aligncenter size-full wp-image-70612\" src=\"https:\/\/chanrathanhthuy.com\/wp-content\/uploads\/2025\/03\/khan-cotton-tham-cotton-khan-tay-khan-mat-khan-tam-dep-long-cho-tau-hoa-xe-lua-va-may-bay.png\" alt=\"\" width=\"1500\" height=\"4307\" title=\"\" srcset=\"https:\/\/chanrathanhthuy.com\/wp-content\/uploads\/2025\/03\/khan-cotton-tham-cotton-khan-tay-khan-mat-khan-tam-dep-long-cho-tau-hoa-xe-lua-va-may-bay.png 1500w, https:\/\/chanrathanhthuy.com\/wp-content\/uploads\/2025\/03\/khan-cotton-tham-cotton-khan-tay-khan-mat-khan-tam-dep-long-cho-tau-hoa-xe-lua-va-may-bay-104x300.png 104w, https:\/\/chanrathanhthuy.com\/wp-content\/uploads\/2025\/03\/khan-cotton-tham-cotton-khan-tay-khan-mat-khan-tam-dep-long-cho-tau-hoa-xe-lua-va-may-bay-357x1024.png 357w, https:\/\/chanrathanhthuy.com\/wp-content\/uploads\/2025\/03\/khan-cotton-tham-cotton-khan-tay-khan-mat-khan-tam-dep-long-cho-tau-hoa-xe-lua-va-may-bay-52x150.png 52w, https:\/\/chanrathanhthuy.com\/wp-content\/uploads\/2025\/03\/khan-cotton-tham-cotton-khan-tay-khan-mat-khan-tam-dep-long-cho-tau-hoa-xe-lua-va-may-bay-768x2205.png 768w, https:\/\/chanrathanhthuy.com\/wp-content\/uploads\/2025\/03\/khan-cotton-tham-cotton-khan-tay-khan-mat-khan-tam-dep-long-cho-tau-hoa-xe-lua-va-may-bay-535x1536.png 535w, https:\/\/chanrathanhthuy.com\/wp-content\/uploads\/2025\/03\/khan-cotton-tham-cotton-khan-tay-khan-mat-khan-tam-dep-long-cho-tau-hoa-xe-lua-va-may-bay-713x2048.png 713w, https:\/\/chanrathanhthuy.com\/wp-content\/uploads\/2025\/03\/khan-cotton-tham-cotton-khan-tay-khan-mat-khan-tam-dep-long-cho-tau-hoa-xe-lua-va-may-bay-600x1723.png 600w\" sizes=\"auto, (max-width: 1500px) 100vw, 1500px\" \/><\/a><\/p>\n<h3 style=\"text-align: justify;\">V\u00ec Sao Th\u1ea3m Ch\u00e2n L\u00e0 Y\u1ebfu T\u1ed1 Kh\u00f4ng Th\u1ec3 Thi\u1ebfu Tr\u00ean Ph\u01b0\u01a1ng Ti\u1ec7n V\u1eadn T\u1ea3i?<\/h3>\n<p style=\"text-align: justify;\">Gi\u1eef V\u1ec7 Sinh Hi\u1ec7u Qu\u1ea3: Th\u1ea3m ch\u00e2n gi\u00fap gi\u1eef l\u1ea1i b\u1ee5i b\u1ea9n, n\u01b0\u1edbc v\u00e0 c\u00e1c m\u1ea3nh v\u1ee5n t\u1eeb gi\u00e0y d\u00e9p c\u1ee7a h\u00e0nh kh\u00e1ch, ng\u0103n ch\u1eb7n ch\u00fang lan ra s\u00e0n cabin, khoang t\u00e0u. \u0110i\u1ec1u n\u00e0y gi\u00fap duy tr\u00ec kh\u00f4ng gian s\u1ea1ch s\u1ebd, g\u1ecdn g\u00e0ng trong su\u1ed1t h\u00e0nh tr\u00ecnh.<\/p>\n<p style=\"text-align: justify;\">Ch\u1ed1ng Tr\u01b0\u1ee3t &amp; An To\u00e0n: V\u1edbi b\u1ec1 m\u1eb7t ch\u1ed1ng tr\u01b0\u1ee3t, th\u1ea3m ch\u00e2n g\u00f3p ph\u1ea7n gi\u1ea3m thi\u1ec3u nguy c\u01a1 tr\u01b0\u1ee3t ng\u00e3 cho h\u00e0nh kh\u00e1ch, \u0111\u1eb7c bi\u1ec7t khi s\u00e0n \u01b0\u1edbt ho\u1eb7c trong \u0111i\u1ec1u ki\u1ec7n di chuy\u1ec3n kh\u00f4ng \u1ed5n \u0111\u1ecbnh.<\/p>\n<p style=\"text-align: justify;\">T\u0103ng C\u01b0\u1eddng S\u1ef1 Tho\u1ea3i M\u00e1i: C\u1ea3m gi\u00e1c \u00eam \u00e1i khi \u0111\u1eb7t ch\u00e2n l\u00ean th\u1ea3m gi\u00fap t\u0103ng th\u00eam s\u1ef1 d\u1ec5 ch\u1ecbu v\u00e0 th\u01b0 gi\u00e3n cho h\u00e0nh kh\u00e1ch, \u0111\u1eb7c bi\u1ec7t trong nh\u1eefng chuy\u1ebfn \u0111i d\u00e0i.<\/p>\n<p style=\"text-align: justify;\">D\u1ec5 D\u00e0ng V\u1ec7 Sinh &amp; B\u1ea3o Tr\u00ec: Th\u1ea3m ch\u00e2n \u0111\u01b0\u1ee3c thi\u1ebft k\u1ebf \u0111\u1ec3 d\u1ec5 d\u00e0ng th\u00e1o r\u1eddi, l\u00e0m s\u1ea1ch v\u00e0 thay th\u1ebf, gi\u00fap c\u00e1c \u0111\u01a1n v\u1ecb v\u1eadn t\u1ea3i ti\u1ebft ki\u1ec7m th\u1eddi gian v\u00e0 c\u00f4ng s\u1ee9c trong c\u00f4ng t\u00e1c v\u1ec7 sinh h\u00e0ng ng\u00e0y.<\/p>\n<p style=\"text-align: justify;\">N\u00e2ng Cao Th\u1ea9m M\u1ef9: M\u1ed9t chi\u1ebfc th\u1ea3m ch\u00e2n s\u1ea1ch s\u1ebd, ph\u00f9 h\u1ee3p c\u00f2n g\u00f3p ph\u1ea7n t\u1ea1o n\u00ean v\u1ebb \u0111\u1eb9p chuy\u00ean nghi\u1ec7p v\u00e0 sang tr\u1ecdng cho kh\u00f4ng gian b\u00ean trong ph\u01b0\u01a1ng ti\u1ec7n.<\/p>\n<p><a href=\"https:\/\/chanrathanhthuy.com\/wp-content\/uploads\/2025\/03\/chan-ga-goi-dem-cho-tau-hoa-xe-lua-va-may-bay.png\"><img loading=\"lazy\" decoding=\"async\" class=\"aligncenter size-full wp-image-70604\" src=\"https:\/\/chanrathanhthuy.com\/wp-content\/uploads\/2025\/03\/chan-ga-goi-dem-cho-tau-hoa-xe-lua-va-may-bay.png\" alt=\"\" width=\"1500\" height=\"999\" title=\"\" srcset=\"https:\/\/chanrathanhthuy.com\/wp-content\/uploads\/2025\/03\/chan-ga-goi-dem-cho-tau-hoa-xe-lua-va-may-bay.png 1500w, https:\/\/chanrathanhthuy.com\/wp-content\/uploads\/2025\/03\/chan-ga-goi-dem-cho-tau-hoa-xe-lua-va-may-bay-300x200.png 300w, https:\/\/chanrathanhthuy.com\/wp-content\/uploads\/2025\/03\/chan-ga-goi-dem-cho-tau-hoa-xe-lua-va-may-bay-1024x682.png 1024w, https:\/\/chanrathanhthuy.com\/wp-content\/uploads\/2025\/03\/chan-ga-goi-dem-cho-tau-hoa-xe-lua-va-may-bay-150x100.png 150w, https:\/\/chanrathanhthuy.com\/wp-content\/uploads\/2025\/03\/chan-ga-goi-dem-cho-tau-hoa-xe-lua-va-may-bay-768x511.png 768w, https:\/\/chanrathanhthuy.com\/wp-content\/uploads\/2025\/03\/chan-ga-goi-dem-cho-tau-hoa-xe-lua-va-may-bay-600x400.png 600w\" sizes=\"auto, (max-width: 1500px) 100vw, 1500px\" \/><\/a><\/p>\n<h3 style=\"text-align: justify;\">Ch\u0103n Ra Thanh Th\u1ee7y: Gi\u1ea3i Ph\u00e1p Th\u1ea3m Ch\u00e2n Ch\u1ea5t L\u01b0\u1ee3ng Cao Cho M\u1ecdi Chuy\u1ebfn \u0110i<\/h3>\n<p style=\"text-align: justify;\">V\u1edbi h\u01a1n 25 n\u0103m kinh nghi\u1ec7m trong l\u0129nh v\u1ef1c cung c\u1ea5p ch\u0103n ga g\u1ed1i \u0111\u1ec7m cho c\u00e1c d\u1ef1 \u00e1n v\u1eadn t\u1ea3i l\u1edbn, Ch\u0103n Ra Thanh Th\u1ee7y l\u00e0 \u0111\u1ed1i t\u00e1c \u0111\u00e1ng tin c\u1eady, chuy\u00ean nghi\u1ec7p trong vi\u1ec7c mang \u0111\u1ebfn c\u00e1c gi\u1ea3i ph\u00e1p th\u1ea3m ch\u00e2n t\u1ed1i \u01b0u cho ng\u00e0nh v\u1eadn t\u1ea3i.<\/p>\n<p style=\"text-align: justify;\">Ch\u00fang t\u00f4i cam k\u1ebft:<\/p>\n<ul style=\"text-align: justify;\">\n<li>Ch\u1ea5t Li\u1ec7u B\u1ec1n B\u1ec9 &amp; An To\u00e0n: Th\u1ea3m ch\u00e2n \u0111\u01b0\u1ee3c s\u1ea3n xu\u1ea5t t\u1eeb c\u00e1c lo\u1ea1i s\u1ee3i cotton cao c\u1ea5p ho\u1eb7c v\u1eadt li\u1ec7u chuy\u00ean d\u1ee5ng kh\u00e1c, \u0111\u1ea3m b\u1ea3o \u0111\u1ed9 b\u1ec1n v\u01b0\u1ee3t tr\u1ed9i, kh\u1ea3 n\u0103ng th\u1ea5m h\u00fat t\u1ed1t v\u00e0 an to\u00e0n cho ng\u01b0\u1eddi s\u1eed d\u1ee5ng.<\/li>\n<li>Thi\u1ebft K\u1ebf Chuy\u00ean Bi\u1ec7t: Ch\u00fang t\u00f4i cung c\u1ea5p th\u1ea3m ch\u00e2n v\u1edbi nhi\u1ec1u k\u00edch th\u01b0\u1edbc, ki\u1ec3u d\u00e1ng ph\u00f9 h\u1ee3p v\u1edbi t\u1eebng khu v\u1ef1c trong t\u00e0u h\u1ecfa, xe l\u1eeda, m\u00e1y bay, t\u1eeb l\u1ed1i \u0111i, khu v\u1ef1c c\u1eeda \u0111\u1ebfn nh\u00e0 v\u1ec7 sinh.<\/li>\n<li>Kh\u1ea3 N\u0103ng Ch\u1ed1ng Tr\u01b0\u1ee3t T\u1ed1i \u01afu: B\u1ec1 m\u1eb7t v\u00e0 \u0111\u1ebf th\u1ea3m \u0111\u01b0\u1ee3c thi\u1ebft k\u1ebf \u0111\u1eb7c bi\u1ec7t \u0111\u1ec3 t\u0103ng c\u01b0\u1eddng \u0111\u1ed9 b\u00e1m, \u0111\u1ea3m b\u1ea3o an to\u00e0n t\u1ed1i \u0111a cho h\u00e0nh kh\u00e1ch trong m\u1ecdi \u0111i\u1ec1u ki\u1ec7n.<\/li>\n<li>Gi\u1ea3i Ph\u00e1p T\u00f9y Ch\u1ec9nh (OEM &amp; ODM): Ch\u0103n Ra Thanh Th\u1ee7y s\u1eb5n s\u00e0ng s\u1ea3n xu\u1ea5t theo y\u00eau c\u1ea7u, cho ph\u00e9p c\u00e1c \u0111\u1ed1i t\u00e1c t\u00f9y ch\u1ec9nh m\u00e0u s\u1eafc, k\u00edch th\u01b0\u1edbc v\u00e0 th\u00eau logo th\u01b0\u01a1ng hi\u1ec7u l\u00ean th\u1ea3m, g\u00f3p ph\u1ea7n x\u00e2y d\u1ef1ng h\u00ecnh \u1ea3nh chuy\u00ean nghi\u1ec7p v\u00e0 \u0111\u1ed3ng b\u1ed9.<\/li>\n<li>Tu\u00e2n Th\u1ee7 Ti\u00eau Chu\u1ea9n V\u1ec7 Sinh: T\u1ea5t c\u1ea3 s\u1ea3n ph\u1ea9m \u0111\u1ec1u \u0111\u00e1p \u1ee9ng c\u00e1c ti\u00eau chu\u1ea9n nghi\u00eam ng\u1eb7t v\u1ec1 v\u1ec7 sinh v\u00e0 an to\u00e0n, d\u1ec5 d\u00e0ng l\u00e0m s\u1ea1ch, ph\u00f9 h\u1ee3p v\u1edbi t\u1ea7n su\u1ea5t s\u1eed d\u1ee5ng cao trong ng\u00e0nh v\u1eadn t\u1ea3i.<\/li>\n<\/ul>\n<p style=\"text-align: justify;\">\u0110\u1ea7u t\u01b0 v\u00e0o th\u1ea3m ch\u00e2n ch\u1ea5t l\u01b0\u1ee3ng t\u1eeb Ch\u0103n Ra Thanh Th\u1ee7y l\u00e0 b\u01b0\u1edbc \u0111i th\u00f4ng minh \u0111\u1ec3 n\u00e2ng cao ti\u00eau chu\u1ea9n v\u1ec7 sinh, an to\u00e0n v\u00e0 s\u1ef1 h\u00e0i l\u00f2ng c\u1ee7a h\u00e0nh kh\u00e1ch, \u0111\u1ed3ng th\u1eddi t\u1ed1i \u01b0u h\u00f3a hi\u1ec7u qu\u1ea3 v\u1eadn h\u00e0nh cho doanh nghi\u1ec7p b\u1ea1n.<\/p>\n","protected":false},"excerpt":{"rendered":"<p style=\"text-align: justify;\"><span style=\"color: #ff0000;\"><strong>GI\u00c1 \u01afU \u0110\u00c3I T\u1edaI 50% KHI \u0110\u1eb6T MAY THEO Y\u00caU C\u1ea6U<\/strong><\/span><\/p>\n","protected":false},"featured_media":75477,"comment_status":"open","ping_status":"closed","template":"","meta":{"_acf_changed":false,"inline_featured_image":false},"product_cat":[2118],"product_tag":[],"class_list":{"0":"post-72756","1":"product","2":"type-product","3":"status-publish","4":"has-post-thumbnail","6":"product_cat-tau-hoa-xe-lua-may-bay","8":"first","9":"instock","10":"purchasable","11":"product-type-variable","12":"rtwpvg-product"},"acf":[],"_links":{"self":[{"href":"https:\/\/chanrathanhthuy.com\/ja\/wp-json\/wp\/v2\/product\/72756","targetHints":{"allow":["GET"]}}],"collection":[{"href":"https:\/\/chanrathanhthuy.com\/ja\/wp-json\/wp\/v2\/product"}],"about":[{"href":"https:\/\/chanrathanhthuy.com\/ja\/wp-json\/wp\/v2\/types\/product"}],"replies":[{"embeddable":true,"href":"https:\/\/chanrathanhthuy.com\/ja\/wp-json\/wp\/v2\/comments?post=72756"}],"wp:featuredmedia":[{"embeddable":true,"href":"https:\/\/chanrathanhthuy.com\/ja\/wp-json\/wp\/v2\/media\/75477"}],"wp:attachment":[{"href":"https:\/\/chanrathanhthuy.com\/ja\/wp-json\/wp\/v2\/media?parent=72756"}],"wp:term":[{"taxonomy":"product_cat","embeddable":true,"href":"https:\/\/chanrathanhthuy.com\/ja\/wp-json\/wp\/v2\/product_cat?post=72756"},{"taxonomy":"product_tag","embeddable":true,"href":"https:\/\/chanrathanhthuy.com\/ja\/wp-json\/wp\/v2\/product_tag?post=72756"}],"curies":[{"name":"wp","href":"https:\/\/api.w.org\/{rel}","templated":true}]}}