{"id":72759,"date":"2025-04-24T06:13:11","date_gmt":"2025-04-24T06:13:11","guid":{"rendered":"https:\/\/chanrathanhthuy.com\/?post_type=product&#038;p=72759"},"modified":"2026-04-14T15:41:56","modified_gmt":"2026-04-14T15:41:56","slug":"ao-goi-trang-soc-chong-nhan-tau-hoa-xe-lua-may-bay","status":"publish","type":"product","link":"https:\/\/chanrathanhthuy.com\/ja\/product\/ao-goi-trang-soc-chong-nhan-tau-hoa-xe-lua-may-bay\/","title":{"rendered":"\u00c1o G\u1ed1i Tr\u1eafng S\u1ecdc Ch\u1ed1ng Nh\u0103n T\u00e0u H\u1ecfa, Xe L\u1eeda, M\u00e1y Bay"},"content":{"rendered":"<h1 style=\"text-align: justify;\">\u00c1o G\u1ed1i Tr\u1eafng S\u1ecdc Ch\u1ed1ng Nh\u0103n: N\u00e2ng T\u1ea7m Gi\u1ea5c Ng\u1ee7 Tr\u00ean M\u1ecdi H\u00e0nh Tr\u00ecnh C\u00f9ng Thanh Th\u1ee7y<\/h1>\n<p style=\"text-align: justify;\">Du l\u1ecbch b\u1eb1ng t\u00e0u h\u1ecfa, xe l\u1eeda, hay m\u00e1y bay lu\u00f4n mang \u0111\u1ebfn nh\u1eefng tr\u1ea3i nghi\u1ec7m th\u00fa v\u1ecb, nh\u01b0ng kh\u00f4ng ph\u1ea3i l\u00fac n\u00e0o c\u0169ng tho\u1ea3i m\u00e1i, \u0111\u1eb7c bi\u1ec7t l\u00e0 khi b\u1ea1n c\u1ea7n m\u1ed9t gi\u1ea5c ng\u1ee7 tr\u1ecdn v\u1eb9n. Hi\u1ec3u \u0111\u01b0\u1ee3c \u0111i\u1ec1u \u0111\u00f3, Ch\u0103n Ra Thanh Th\u1ee7y t\u1ef1 h\u00e0o gi\u1edbi thi\u1ec7u s\u1ea3n ph\u1ea9m \u00c1o G\u1ed1i Tr\u1eafng S\u1ecdc Ch\u1ed1ng Nh\u0103n, gi\u1ea3i ph\u00e1p ho\u00e0n h\u1ea3o mang l\u1ea1i s\u1ef1 \u00eam \u00e1i v\u00e0 ti\u1ec7n l\u1ee3i t\u1ed1i \u0111a cho m\u1ecdi chuy\u1ebfn \u0111i c\u1ee7a b\u1ea1n.<\/p>\n<p><a href=\"https:\/\/chanrathanhthuy.com\/wp-content\/uploads\/2025\/03\/chan-ga-goi-dem-cho-tau-hoa-xe-lua-va-may-bay.png\"><img loading=\"lazy\" decoding=\"async\" class=\"aligncenter size-full wp-image-70604\" src=\"https:\/\/chanrathanhthuy.com\/wp-content\/uploads\/2025\/03\/chan-ga-goi-dem-cho-tau-hoa-xe-lua-va-may-bay.png\" alt=\"\" width=\"1500\" height=\"999\" title=\"\" srcset=\"https:\/\/chanrathanhthuy.com\/wp-content\/uploads\/2025\/03\/chan-ga-goi-dem-cho-tau-hoa-xe-lua-va-may-bay.png 1500w, https:\/\/chanrathanhthuy.com\/wp-content\/uploads\/2025\/03\/chan-ga-goi-dem-cho-tau-hoa-xe-lua-va-may-bay-300x200.png 300w, https:\/\/chanrathanhthuy.com\/wp-content\/uploads\/2025\/03\/chan-ga-goi-dem-cho-tau-hoa-xe-lua-va-may-bay-1024x682.png 1024w, https:\/\/chanrathanhthuy.com\/wp-content\/uploads\/2025\/03\/chan-ga-goi-dem-cho-tau-hoa-xe-lua-va-may-bay-150x100.png 150w, https:\/\/chanrathanhthuy.com\/wp-content\/uploads\/2025\/03\/chan-ga-goi-dem-cho-tau-hoa-xe-lua-va-may-bay-768x511.png 768w, https:\/\/chanrathanhthuy.com\/wp-content\/uploads\/2025\/03\/chan-ga-goi-dem-cho-tau-hoa-xe-lua-va-may-bay-600x400.png 600w\" sizes=\"auto, (max-width: 1500px) 100vw, 1500px\" \/><\/a><\/p>\n<h2 style=\"text-align: justify;\">Ch\u1ea5t Li\u1ec7u Cao C\u1ea5p &#8211; Tho\u1ea3i M\u00e1i T\u1ed1i \u01afu Cho M\u1ecdi H\u00e0nh Tr\u00ecnh<\/h2>\n<p style=\"text-align: justify;\">\u00c1o G\u1ed1i Tr\u1eafng S\u1ecdc Ch\u1ed1ng Nh\u0103n c\u1ee7a Thanh Th\u1ee7y \u0111\u01b0\u1ee3c l\u00e0m t\u1eeb ch\u1ea5t li\u1ec7u v\u1ea3i cao c\u1ea5p, m\u1ec1m m\u1ea1i v\u00e0 \u0111\u1eb7c bi\u1ec7t c\u00f3 kh\u1ea3 n\u0103ng ch\u1ed1ng nh\u0103n v\u01b0\u1ee3t tr\u1ed9i. D\u00f9 b\u1ea1n g\u1eadp g\u1ecdn \u0111\u1ec3 mang theo, hay s\u1eed d\u1ee5ng li\u00ean t\u1ee5c tr\u00ean nh\u1eefng chuy\u1ebfn \u0111i d\u00e0i, chi\u1ebfc \u00e1o g\u1ed1i v\u1eabn gi\u1eef \u0111\u01b0\u1ee3c phom d\u00e1ng ph\u1eb3ng phiu, kh\u00f4ng b\u1ecb nh\u00e0u n\u00e1t, \u0111\u1ea3m b\u1ea3o t\u00ednh th\u1ea9m m\u1ef9 v\u00e0 s\u1ef1 tho\u1ea3i m\u00e1i t\u1ed1i \u0111a. Kh\u1ea3 n\u0103ng tho\u00e1ng kh\u00ed c\u1ee7a v\u1ea3i c\u0169ng gi\u00fap b\u1ea1n kh\u00f4ng c\u1ea3m th\u1ea5y b\u00ed b\u00e1ch, n\u00f3ng b\u1ee9c, mang l\u1ea1i gi\u1ea5c ng\u1ee7 s\u00e2u v\u00e0 d\u1ec5 ch\u1ecbu d\u00f9 l\u00e0 tr\u00ean t\u00e0u h\u1ecfa rung l\u1eafc, xe l\u1eeda \u00eam \u00e1i hay m\u00e1y bay t\u1ed1c \u0111\u1ed9 cao.<\/p>\n<p><a href=\"https:\/\/chanrathanhthuy.com\/wp-content\/uploads\/2025\/03\/Goi-nam-va-Chan-men-cho-tau-hoa-xe-lua-va-may-bay.png\"><img loading=\"lazy\" decoding=\"async\" class=\"aligncenter size-full wp-image-70610\" src=\"https:\/\/chanrathanhthuy.com\/wp-content\/uploads\/2025\/03\/Goi-nam-va-Chan-men-cho-tau-hoa-xe-lua-va-may-bay.png\" alt=\"\" width=\"1500\" height=\"3439\" title=\"\" srcset=\"https:\/\/chanrathanhthuy.com\/wp-content\/uploads\/2025\/03\/Goi-nam-va-Chan-men-cho-tau-hoa-xe-lua-va-may-bay.png 1500w, https:\/\/chanrathanhthuy.com\/wp-content\/uploads\/2025\/03\/Goi-nam-va-Chan-men-cho-tau-hoa-xe-lua-va-may-bay-131x300.png 131w, https:\/\/chanrathanhthuy.com\/wp-content\/uploads\/2025\/03\/Goi-nam-va-Chan-men-cho-tau-hoa-xe-lua-va-may-bay-447x1024.png 447w, https:\/\/chanrathanhthuy.com\/wp-content\/uploads\/2025\/03\/Goi-nam-va-Chan-men-cho-tau-hoa-xe-lua-va-may-bay-65x150.png 65w, https:\/\/chanrathanhthuy.com\/wp-content\/uploads\/2025\/03\/Goi-nam-va-Chan-men-cho-tau-hoa-xe-lua-va-may-bay-768x1761.png 768w, https:\/\/chanrathanhthuy.com\/wp-content\/uploads\/2025\/03\/Goi-nam-va-Chan-men-cho-tau-hoa-xe-lua-va-may-bay-670x1536.png 670w, https:\/\/chanrathanhthuy.com\/wp-content\/uploads\/2025\/03\/Goi-nam-va-Chan-men-cho-tau-hoa-xe-lua-va-may-bay-893x2048.png 893w, https:\/\/chanrathanhthuy.com\/wp-content\/uploads\/2025\/03\/Goi-nam-va-Chan-men-cho-tau-hoa-xe-lua-va-may-bay-600x1376.png 600w\" sizes=\"auto, (max-width: 1500px) 100vw, 1500px\" \/><\/a><\/p>\n<h3 style=\"text-align: justify;\">Thi\u1ebft K\u1ebf Tinh T\u1ebf &#8211; D\u1ec5 D\u00e0ng V\u1ec7 Sinh<\/h3>\n<p style=\"text-align: justify;\">V\u1edbi gam m\u00e0u tr\u1eafng tinh kh\u00f4i k\u1ebft h\u1ee3p h\u1ecda ti\u1ebft s\u1ecdc nh\u1eb9 nh\u00e0ng, \u00e1o g\u1ed1i Thanh Th\u1ee7y kh\u00f4ng ch\u1ec9 mang l\u1ea1i c\u1ea3m gi\u00e1c s\u1ea1ch s\u1ebd, sang tr\u1ecdng m\u00e0 c\u00f2n d\u1ec5 d\u00e0ng ph\u1ed1i h\u1ee3p v\u1edbi m\u1ecdi kh\u00f4ng gian n\u1ed9i th\u1ea5t, t\u1eeb khoang t\u00e0u \u0111\u1ebfn gh\u1ebf m\u00e1y bay. \u0110\u1eb7c bi\u1ec7t, s\u1ea3n ph\u1ea9m r\u1ea5t d\u1ec5 th\u00e1o r\u1eddi v\u00e0 v\u1ec7 sinh, gi\u00fap b\u1ea1n lu\u00f4n c\u00f3 m\u1ed9t chi\u1ebfc g\u1ed1i s\u1ea1ch s\u1ebd, th\u01a1m tho cho m\u1ecdi chuy\u1ebfn \u0111i. \u0110i\u1ec1u n\u00e0y \u0111\u1eb7c bi\u1ec7t quan tr\u1ecdng khi b\u1ea1n \u01b0u ti\u00ean v\u1ec7 sinh c\u00e1 nh\u00e2n tr\u00ean c\u00e1c ph\u01b0\u01a1ng ti\u1ec7n c\u00f4ng c\u1ed9ng.<\/p>\n<h3 style=\"text-align: justify;\">\u00c1o G\u1ed1i Ch\u1ed1ng Nh\u0103n: Ng\u01b0\u1eddi B\u1ea1n \u0110\u1ed3ng H\u00e0nh L\u00fd T\u01b0\u1edfng C\u1ee7a M\u1ecdi T\u00edn \u0110\u1ed3 Du L\u1ecbch<\/h3>\n<p style=\"text-align: justify;\">\u0110\u1eebng \u0111\u1ec3 nh\u1eefng chi\u1ebfc g\u1ed1i k\u00e9m ch\u1ea5t l\u01b0\u1ee3ng l\u00e0m \u1ea3nh h\u01b0\u1edfng \u0111\u1ebfn gi\u1ea5c ng\u1ee7 v\u00e0 tr\u1ea3i nghi\u1ec7m c\u1ee7a b\u1ea1n tr\u00ean m\u1ed7i chuy\u1ebfn \u0111i. \u00c1o G\u1ed1i Tr\u1eafng S\u1ecdc Ch\u1ed1ng Nh\u0103n T\u00e0u H\u1ecfa, Xe L\u1eeda, M\u00e1y Bay t\u1eeb Ch\u0103n Ra Thanh Th\u1ee7y ch\u00ednh l\u00e0 kho\u1ea3n \u0111\u1ea7u t\u01b0 th\u00f4ng minh cho s\u1ee9c kh\u1ecfe v\u00e0 s\u1ef1 ti\u1ec7n nghi c\u1ee7a b\u1ea1n. H\u00e3y \u0111\u1ec3 s\u1ea3n ph\u1ea9m n\u00e0y tr\u1edf th\u00e0nh ng\u01b0\u1eddi b\u1ea1n \u0111\u1ed3ng h\u00e0nh kh\u00f4ng th\u1ec3 thi\u1ebfu, gi\u00fap b\u1ea1n lu\u00f4n s\u1eb5n s\u00e0ng cho nh\u1eefng h\u00e0nh tr\u00ecnh d\u00e0i, t\u00e1i t\u1ea1o n\u0103ng l\u01b0\u1ee3ng v\u00e0 t\u1eadn h\u01b0\u1edfng tr\u1ecdn v\u1eb9n t\u1eebng kho\u1ea3nh kh\u1eafc.<\/p>\n","protected":false},"excerpt":{"rendered":"<p><span style=\"color: #ff0000;\"><strong>GI\u00c1 \u01afU \u0110\u00c3I T\u1edaI 50% KHI \u0110\u1eb6T MAY THEO Y\u00caU C\u1ea6U<\/strong><\/span><\/p>\n","protected":false},"featured_media":75453,"comment_status":"open","ping_status":"closed","template":"","meta":{"_acf_changed":false,"inline_featured_image":false},"product_cat":[2118],"product_tag":[],"class_list":{"0":"post-72759","1":"product","2":"type-product","3":"status-publish","4":"has-post-thumbnail","6":"product_cat-tau-hoa-xe-lua-may-bay","8":"first","9":"instock","10":"purchasable","11":"product-type-variable","12":"rtwpvg-product"},"acf":[],"_links":{"self":[{"href":"https:\/\/chanrathanhthuy.com\/ja\/wp-json\/wp\/v2\/product\/72759","targetHints":{"allow":["GET"]}}],"collection":[{"href":"https:\/\/chanrathanhthuy.com\/ja\/wp-json\/wp\/v2\/product"}],"about":[{"href":"https:\/\/chanrathanhthuy.com\/ja\/wp-json\/wp\/v2\/types\/product"}],"replies":[{"embeddable":true,"href":"https:\/\/chanrathanhthuy.com\/ja\/wp-json\/wp\/v2\/comments?post=72759"}],"wp:featuredmedia":[{"embeddable":true,"href":"https:\/\/chanrathanhthuy.com\/ja\/wp-json\/wp\/v2\/media\/75453"}],"wp:attachment":[{"href":"https:\/\/chanrathanhthuy.com\/ja\/wp-json\/wp\/v2\/media?parent=72759"}],"wp:term":[{"taxonomy":"product_cat","embeddable":true,"href":"https:\/\/chanrathanhthuy.com\/ja\/wp-json\/wp\/v2\/product_cat?post=72759"},{"taxonomy":"product_tag","embeddable":true,"href":"https:\/\/chanrathanhthuy.com\/ja\/wp-json\/wp\/v2\/product_tag?post=72759"}],"curies":[{"name":"wp","href":"https:\/\/api.w.org\/{rel}","templated":true}]}}