{"id":72765,"date":"2025-04-24T06:13:17","date_gmt":"2025-04-24T06:13:17","guid":{"rendered":"https:\/\/chanrathanhthuy.com\/?post_type=product&#038;p=72765"},"modified":"2026-04-14T17:12:42","modified_gmt":"2026-04-14T17:12:42","slug":"ga-thang-trang-tron-chong-nhan-tau-hoa-xe-lua-may-bay","status":"publish","type":"product","link":"https:\/\/chanrathanhthuy.com\/ja\/product\/ga-thang-trang-tron-chong-nhan-tau-hoa-xe-lua-may-bay\/","title":{"rendered":"Ga Th\u1eb3ng Tr\u1eafng Tr\u01a1n Ch\u1ed1ng Nh\u0103n T\u00e0u H\u1ecfa, Xe L\u1eeda, M\u00e1y Bay"},"content":{"rendered":"<h2 style=\"text-align: justify;\">Ga Th\u1eb3ng Tr\u1eafng Tr\u01a1n Ch\u1ed1ng Nh\u0103n Thanh Th\u1ee7y: Gi\u1ea5c Ng\u1ee7 Ho\u00e0n H\u1ea3o Tr\u00ean M\u1ecdi Chuy\u1ebfn \u0110i<\/h2>\n<p style=\"text-align: justify;\">Khi di chuy\u1ec3n b\u1eb1ng t\u00e0u h\u1ecfa, xe l\u1eeda hay m\u00e1y bay, s\u1ef1 s\u1ea1ch s\u1ebd v\u00e0 tho\u1ea3i m\u00e1i l\u00e0 \u01b0u ti\u00ean h\u00e0ng \u0111\u1ea7u. Ch\u0103n Ra Thanh Th\u1ee7y h\u00e2n h\u1ea1nh gi\u1edbi thi\u1ec7u Ga Th\u1eb3ng Tr\u1eafng Tr\u01a1n Ch\u1ed1ng Nh\u0103n T\u00e0u H\u1ecfa, Xe L\u1eeda, M\u00e1y Bay \u2013 gi\u1ea3i ph\u00e1p t\u1ed1i \u01b0u mang \u0111\u1ebfn s\u1ef1 ti\u1ec7n l\u1ee3i v\u00e0 n\u00e2ng t\u1ea7m tr\u1ea3i nghi\u1ec7m ngh\u1ec9 ng\u01a1i c\u1ee7a b\u1ea1n.<\/p>\n<p><a href=\"https:\/\/chanrathanhthuy.com\/wp-content\/uploads\/2025\/03\/Ga-trai-giuong-ga-boc-ga-thang-cho-tau-hoa-xe-lua-va-may-bay.png\"><img loading=\"lazy\" decoding=\"async\" class=\"aligncenter size-full wp-image-70609\" src=\"https:\/\/chanrathanhthuy.com\/wp-content\/uploads\/2025\/03\/Ga-trai-giuong-ga-boc-ga-thang-cho-tau-hoa-xe-lua-va-may-bay.png\" alt=\"\" width=\"1500\" height=\"6537\" title=\"\" srcset=\"https:\/\/chanrathanhthuy.com\/wp-content\/uploads\/2025\/03\/Ga-trai-giuong-ga-boc-ga-thang-cho-tau-hoa-xe-lua-va-may-bay.png 1500w, https:\/\/chanrathanhthuy.com\/wp-content\/uploads\/2025\/03\/Ga-trai-giuong-ga-boc-ga-thang-cho-tau-hoa-xe-lua-va-may-bay-69x300.png 69w, https:\/\/chanrathanhthuy.com\/wp-content\/uploads\/2025\/03\/Ga-trai-giuong-ga-boc-ga-thang-cho-tau-hoa-xe-lua-va-may-bay-235x1024.png 235w, https:\/\/chanrathanhthuy.com\/wp-content\/uploads\/2025\/03\/Ga-trai-giuong-ga-boc-ga-thang-cho-tau-hoa-xe-lua-va-may-bay-768x3347.png 768w, https:\/\/chanrathanhthuy.com\/wp-content\/uploads\/2025\/03\/Ga-trai-giuong-ga-boc-ga-thang-cho-tau-hoa-xe-lua-va-may-bay-470x2048.png 470w, https:\/\/chanrathanhthuy.com\/wp-content\/uploads\/2025\/03\/Ga-trai-giuong-ga-boc-ga-thang-cho-tau-hoa-xe-lua-va-may-bay-600x2615.png 600w\" sizes=\"auto, (max-width: 1500px) 100vw, 1500px\" \/><\/a><\/p>\n<h3 style=\"text-align: justify;\">V\u1ebb \u0110\u1eb9p Tinh Kh\u00f4i, Ph\u1eb3ng Phiu B\u1ec1n L\u00e2u<\/h3>\n<p style=\"text-align: justify;\">Ga Th\u1eb3ng Tr\u1eafng Tr\u01a1n Ch\u1ed1ng Nh\u0103n c\u1ee7a Thanh Th\u1ee7y \u0111\u01b0\u1ee3c l\u00e0m t\u1eeb ch\u1ea5t li\u1ec7u cao c\u1ea5p, m\u1ec1m m\u1ea1i v\u00e0 \u0111\u1eb7c bi\u1ec7t c\u00f3 kh\u1ea3 n\u0103ng ch\u1ed1ng nh\u0103n v\u01b0\u1ee3t tr\u1ed9i. D\u00f9 trong kh\u00f4ng gian h\u1ea1n ch\u1ebf c\u1ee7a ph\u01b0\u01a1ng ti\u1ec7n di chuy\u1ec3n, chi\u1ebfc ga v\u1eabn gi\u1eef \u0111\u01b0\u1ee3c v\u1ebb ph\u1eb3ng phiu, tinh t\u01b0\u01a1m. S\u1eafc tr\u1eafng tinh kh\u00f4i kh\u00f4ng ch\u1ec9 mang l\u1ea1i c\u1ea3m gi\u00e1c s\u1ea1ch s\u1ebd tuy\u1ec7t \u0111\u1ed1i m\u00e0 c\u00f2n d\u1ec5 d\u00e0ng h\u00e0i h\u00f2a v\u1edbi m\u1ecdi kh\u00f4ng gian, t\u1ea1o s\u1ef1 th\u01b0 th\u00e1i cho h\u00e0nh kh\u00e1ch.<\/p>\n<h3 style=\"text-align: justify;\">Ti\u1ec7n L\u1ee3i V\u1ec7 Sinh, B\u1ec1n B\u1ec9 V\u1edbi Th\u1eddi Gian<\/h3>\n<p style=\"text-align: justify;\">S\u1ea3n ph\u1ea9m c\u1ee7a Thanh Th\u1ee7y \u0111\u01b0\u1ee3c thi\u1ebft k\u1ebf \u0111\u1ec3 d\u1ec5 d\u00e0ng th\u00e1o r\u1eddi v\u00e0 v\u1ec7 sinh, \u0111\u1ea3m b\u1ea3o ti\u00eau chu\u1ea9n v\u1ec7 sinh cao nh\u1ea5t cho m\u1ed7i chuy\u1ebfn \u0111i. V\u1edbi \u0111\u1ed9 b\u1ec1n v\u01b0\u1ee3t tr\u1ed9i, Ga Th\u1eb3ng Tr\u1eafng Tr\u01a1n Ch\u1ed1ng Nh\u0103n l\u00e0 l\u1ef1a ch\u1ecdn kinh t\u1ebf v\u00e0 hi\u1ec7u qu\u1ea3, gi\u00fap b\u1ea1n an t\u00e2m t\u1eadn h\u01b0\u1edfng gi\u1ea5c ng\u1ee7 s\u00e2u v\u00e0 tr\u1ecdn v\u1eb9n. H\u00e3y \u0111\u1ec3 Ch\u0103n Ra Thanh Th\u1ee7y \u0111\u1ed3ng h\u00e0nh c\u00f9ng b\u1ea1n, mang \u0111\u1ebfn s\u1ef1 ti\u1ec7n nghi v\u00e0 tho\u1ea3i m\u00e1i tr\u00ean m\u1ecdi h\u00e0nh tr\u00ecnh d\u00e0i.<\/p>\n","protected":false},"excerpt":{"rendered":"<p><span style=\"color: #ff0000;\"><strong>GI\u00c1 \u01afU \u0110\u00c3I T\u1edaI 50% KHI \u0110\u1eb6T MAY THEO Y\u00caU C\u1ea6U<\/strong><\/span><\/p>\n","protected":false},"featured_media":75462,"comment_status":"open","ping_status":"closed","template":"","meta":{"_acf_changed":false,"inline_featured_image":false},"product_cat":[2118],"product_tag":[],"class_list":{"0":"post-72765","1":"product","2":"type-product","3":"status-publish","4":"has-post-thumbnail","6":"product_cat-tau-hoa-xe-lua-may-bay","8":"first","9":"instock","10":"purchasable","11":"product-type-variable","12":"rtwpvg-product"},"acf":[],"_links":{"self":[{"href":"https:\/\/chanrathanhthuy.com\/ja\/wp-json\/wp\/v2\/product\/72765","targetHints":{"allow":["GET"]}}],"collection":[{"href":"https:\/\/chanrathanhthuy.com\/ja\/wp-json\/wp\/v2\/product"}],"about":[{"href":"https:\/\/chanrathanhthuy.com\/ja\/wp-json\/wp\/v2\/types\/product"}],"replies":[{"embeddable":true,"href":"https:\/\/chanrathanhthuy.com\/ja\/wp-json\/wp\/v2\/comments?post=72765"}],"wp:featuredmedia":[{"embeddable":true,"href":"https:\/\/chanrathanhthuy.com\/ja\/wp-json\/wp\/v2\/media\/75462"}],"wp:attachment":[{"href":"https:\/\/chanrathanhthuy.com\/ja\/wp-json\/wp\/v2\/media?parent=72765"}],"wp:term":[{"taxonomy":"product_cat","embeddable":true,"href":"https:\/\/chanrathanhthuy.com\/ja\/wp-json\/wp\/v2\/product_cat?post=72765"},{"taxonomy":"product_tag","embeddable":true,"href":"https:\/\/chanrathanhthuy.com\/ja\/wp-json\/wp\/v2\/product_tag?post=72765"}],"curies":[{"name":"wp","href":"https:\/\/api.w.org\/{rel}","templated":true}]}}