{"id":72782,"date":"2025-04-24T06:20:43","date_gmt":"2025-04-24T06:20:43","guid":{"rendered":"https:\/\/chanrathanhthuy.com\/?post_type=product&#038;p=72782"},"modified":"2026-04-15T06:49:05","modified_gmt":"2026-04-15T06:49:05","slug":"khan-lau-cong-nghiep","status":"publish","type":"product","link":"https:\/\/chanrathanhthuy.com\/ja\/product\/khan-lau-cong-nghiep\/","title":{"rendered":"Kh\u0103n Lau C\u00f4ng Nghi\u1ec7p"},"content":{"rendered":"<h1 style=\"text-align: justify;\">Kh\u0103n Lau Khu C\u00f4ng Nghi\u1ec7p: N\u00e2ng T\u1ea7m V\u1ec7 Sinh v\u00e0 Chuy\u00ean Nghi\u1ec7p v\u1edbi Ch\u0103n Ra Thanh Th\u1ee7y<\/h1>\n<p style=\"text-align: justify;\">Trong m\u00f4i tr\u01b0\u1eddng khu c\u00f4ng nghi\u1ec7p hi\u1ec7n \u0111\u1ea1i, vi\u1ec7c duy tr\u00ec v\u1ec7 sinh v\u00e0 an to\u00e0n l\u00e0 y\u1ebfu t\u1ed1 t\u1ed1i quan tr\u1ecdng. T\u1eeb nh\u00e0 x\u01b0\u1edfng s\u1ea3n xu\u1ea5t \u0111\u1ebfn v\u0103n ph\u00f2ng, khu v\u1ef1c ngh\u1ec9 ng\u01a1i hay nh\u00e0 \u0103n, m\u1ed7i chi ti\u1ebft \u0111\u1ec1u \u1ea3nh h\u01b0\u1edfng \u0111\u1ebfn hi\u1ec7u su\u1ea5t l\u00e0m vi\u1ec7c v\u00e0 s\u1ee9c kh\u1ecfe c\u1ee7a nh\u00e2n s\u1ef1. Trong s\u1ed1 \u0111\u00f3, kh\u0103n lau c\u00f4ng nghi\u1ec7p \u0111\u00f3ng vai tr\u00f2 thi\u1ebft y\u1ebfu, kh\u00f4ng ch\u1ec9 ph\u1ee5c v\u1ee5 m\u1ee5c \u0111\u00edch v\u1ec7 sinh m\u00e0 c\u00f2n g\u00f3p ph\u1ea7n x\u00e2y d\u1ef1ng h\u00ecnh \u1ea3nh chuy\u00ean nghi\u1ec7p, s\u1ea1ch s\u1ebd cho to\u00e0n b\u1ed9 khu v\u1ef1c.<\/p>\n<p><a href=\"https:\/\/chanrathanhthuy.com\/wp-content\/uploads\/2025\/03\/khan-cotton-tham-chan-cotton-khach-san-1-scaled-3.jpg\"><img loading=\"lazy\" decoding=\"async\" class=\"aligncenter size-full wp-image-70035\" src=\"https:\/\/chanrathanhthuy.com\/wp-content\/uploads\/2025\/03\/khan-cotton-tham-chan-cotton-khach-san-1-scaled-3.jpg\" alt=\"\" width=\"1334\" height=\"2560\" title=\"\" srcset=\"https:\/\/chanrathanhthuy.com\/wp-content\/uploads\/2025\/03\/khan-cotton-tham-chan-cotton-khach-san-1-scaled-3.jpg 1334w, https:\/\/chanrathanhthuy.com\/wp-content\/uploads\/2025\/03\/khan-cotton-tham-chan-cotton-khach-san-1-scaled-3-156x300.jpg 156w, https:\/\/chanrathanhthuy.com\/wp-content\/uploads\/2025\/03\/khan-cotton-tham-chan-cotton-khach-san-1-scaled-3-534x1024.jpg 534w, https:\/\/chanrathanhthuy.com\/wp-content\/uploads\/2025\/03\/khan-cotton-tham-chan-cotton-khach-san-1-scaled-3-78x150.jpg 78w, https:\/\/chanrathanhthuy.com\/wp-content\/uploads\/2025\/03\/khan-cotton-tham-chan-cotton-khach-san-1-scaled-3-768x1474.jpg 768w, https:\/\/chanrathanhthuy.com\/wp-content\/uploads\/2025\/03\/khan-cotton-tham-chan-cotton-khach-san-1-scaled-3-800x1536.jpg 800w, https:\/\/chanrathanhthuy.com\/wp-content\/uploads\/2025\/03\/khan-cotton-tham-chan-cotton-khach-san-1-scaled-3-1067x2048.jpg 1067w, https:\/\/chanrathanhthuy.com\/wp-content\/uploads\/2025\/03\/khan-cotton-tham-chan-cotton-khach-san-1-scaled-3-600x1151.jpg 600w\" sizes=\"auto, (max-width: 1334px) 100vw, 1334px\" \/><\/a><\/p>\n<h2 style=\"text-align: justify;\">T\u1ea1i Sao Kh\u0103n Lau Ch\u1ea5t L\u01b0\u1ee3ng L\u1ea1i Quan Tr\u1ecdng Trong Khu C\u00f4ng Nghi\u1ec7p?<\/h2>\n<p style=\"text-align: justify;\">Kh\u0103n lau t\u01b0\u1edfng ch\u1eebng l\u00e0 v\u1eadt d\u1ee5ng nh\u1ecf b\u00e9, nh\u01b0ng l\u1ea1i mang \u0111\u1ebfn nh\u1eefng l\u1ee3i \u00edch to l\u1edbn khi \u0111\u01b0\u1ee3c l\u1ef1a ch\u1ecdn \u0111\u00fang c\u00e1ch:<\/p>\n<ul style=\"text-align: justify;\">\n<li>\u0110\u1ea3m b\u1ea3o v\u1ec7 sinh t\u1ed1i \u01b0u: Kh\u0103n lau chuy\u00ean d\u1ee5ng gi\u00fap lo\u1ea1i b\u1ecf b\u1ee5i b\u1ea9n, d\u1ea7u m\u1ee1, h\u00f3a ch\u1ea5t v\u00e0 c\u00e1c ch\u1ea5t b\u1ea9n kh\u00e1c m\u1ed9t c\u00e1ch hi\u1ec7u qu\u1ea3, gi\u1eef cho m\u00e1y m\u00f3c, b\u1ec1 m\u1eb7t l\u00e0m vi\u1ec7c v\u00e0 c\u00e1c khu v\u1ef1c chung lu\u00f4n s\u1ea1ch s\u1ebd, an to\u00e0n.<\/li>\n<li>N\u00e2ng cao an to\u00e0n lao \u0111\u1ed9ng: Vi\u1ec7c duy tr\u00ec m\u00f4i tr\u01b0\u1eddng s\u1ea1ch s\u1ebd gi\u00fap gi\u1ea3m thi\u1ec3u nguy c\u01a1 tr\u01b0\u1ee3t ng\u00e3 do d\u1ea7u m\u1ee1, h\u00f3a ch\u1ea5t, ho\u1eb7c c\u00e1c tai n\u1ea1n li\u00ean quan \u0111\u1ebfn v\u1ec7 sinh k\u00e9m.<\/li>\n<li>Ti\u1ebft ki\u1ec7m chi ph\u00ed v\u00e0 th\u1eddi gian: Kh\u0103n lau ch\u1ea5t l\u01b0\u1ee3ng cao c\u00f3 \u0111\u1ed9 b\u1ec1n t\u1ed1t, kh\u1ea3 n\u0103ng th\u1ea5m h\u00fat v\u01b0\u1ee3t tr\u1ed9i v\u00e0 d\u1ec5 d\u00e0ng gi\u1eb7t s\u1ea1ch, t\u00e1i s\u1eed d\u1ee5ng nhi\u1ec1u l\u1ea7n. \u0110i\u1ec1u n\u00e0y gi\u00fap t\u1ed1i \u01b0u h\u00f3a chi ph\u00ed v\u00e0 th\u1eddi gian cho c\u00f4ng t\u00e1c v\u1ec7 sinh.<\/li>\n<li>T\u1ea1o d\u1ef1ng h\u00ecnh \u1ea3nh chuy\u00ean nghi\u1ec7p: M\u1ed9t khu c\u00f4ng nghi\u1ec7p s\u1ea1ch s\u1ebd, g\u1ecdn g\u00e0ng th\u1ec3 hi\u1ec7n s\u1ef1 chuy\u00ean nghi\u1ec7p v\u00e0 quan t\u00e2m \u0111\u1ebfn m\u00f4i tr\u01b0\u1eddng l\u00e0m vi\u1ec7c, g\u00f3p ph\u1ea7n n\u00e2ng cao uy t\u00edn v\u00e0 t\u1ea1o \u1ea5n t\u01b0\u1ee3ng t\u1ed1t v\u1edbi \u0111\u1ed1i t\u00e1c, kh\u00e1ch h\u00e0ng.<\/li>\n<\/ul>\n<h3 style=\"text-align: justify;\">Ch\u0103n Ra Thanh Th\u1ee7y: Gi\u1ea3i Ph\u00e1p Kh\u0103n Lau C\u00f4ng Nghi\u1ec7p \u0110\u00e1ng Tin C\u1eady<\/h3>\n<p style=\"text-align: justify;\">Khi t\u00ecm ki\u1ebfm \u0111\u1ed1i t\u00e1c cung c\u1ea5p kh\u0103n lau cho khu c\u00f4ng nghi\u1ec7p, Ch\u0103n Ra Thanh Th\u1ee7y l\u00e0 c\u00e1i t\u00ean b\u1ea1n ho\u00e0n to\u00e0n c\u00f3 th\u1ec3 tin t\u01b0\u1edfng. V\u1edbi kinh nghi\u1ec7m l\u00e2u n\u0103m trong l\u0129nh v\u1ef1c cung c\u1ea5p \u0111\u1ed3 v\u1ea3i cho kh\u00e1ch s\u1ea1n, resort v\u00e0 c\u00e1c d\u1ef1 \u00e1n quy m\u00f4 l\u1edbn (tham kh\u1ea3o th\u00eam t\u1ea1i <a class=\"ng-star-inserted\" href=\"https:\/\/chanrathanhthuy.com\/du-an\/do-vai-khach-san\/\" target=\"_blank\" rel=\"noopener\">\u0110\u1ed3 V\u1ea3i Kh\u00e1ch S\u1ea1n Ch\u0103n Ra Thanh Th\u1ee7y<\/a>), ch\u00fang t\u00f4i hi\u1ec3u r\u00f5 t\u1ea7m quan tr\u1ecdng c\u1ee7a ch\u1ea5t l\u01b0\u1ee3ng, \u0111\u1ed9 b\u1ec1n v\u00e0 kh\u1ea3 n\u0103ng \u0111\u00e1p \u1ee9ng nhu c\u1ea7u s\u1eed d\u1ee5ng c\u01b0\u1eddng \u0111\u1ed9 cao.<\/p>\n<p style=\"text-align: justify;\">Ch\u0103n Ra Thanh Th\u1ee7y cung c\u1ea5p \u0111a d\u1ea1ng c\u00e1c lo\u1ea1i kh\u0103n lau c\u00f4ng nghi\u1ec7p v\u1edbi ch\u1ea5t li\u1ec7u b\u1ec1n b\u1ec9, kh\u1ea3 n\u0103ng th\u1ea5m h\u00fat t\u1ed1t v\u00e0 d\u1ec5 d\u00e0ng v\u1ec7 sinh, ph\u00f9 h\u1ee3p v\u1edbi nhi\u1ec1u m\u1ee5c \u0111\u00edch s\u1eed d\u1ee5ng kh\u00e1c nhau trong khu c\u00f4ng nghi\u1ec7p. Ch\u00fang t\u00f4i cam k\u1ebft mang \u0111\u1ebfn nh\u1eefng s\u1ea3n ph\u1ea9m ch\u1ea5t l\u01b0\u1ee3ng cao, gi\u00fap b\u1ea1n duy tr\u00ec m\u1ed9t m\u00f4i tr\u01b0\u1eddng l\u00e0m vi\u1ec7c s\u1ea1ch s\u1ebd, an to\u00e0n v\u00e0 chuy\u00ean nghi\u1ec7p.<\/p>\n","protected":false},"excerpt":{"rendered":"<div class=\"wrap-product-attributes\">\n<form class=\"variations_form cart wvs-loaded\" action=\"https:\/\/chanrathanhthuy.com\/chan-ga-khach-san\/khach-san-homestay-nha-nghi\/ga-thang-trang-tron-chong-nhan-khach-san-dat-may-theo-yeu-cau\/\" enctype=\"multipart\/form-data\" method=\"post\" data-product_id=\"69183\" data-product_variations=\"false\">\n<div data-product_id=\"69183\" data-threshold_min=\"30\" data-threshold_max=\"100\" data-total=\"36\">\n<div class=\"single_variation_wrap\">\n<div class=\"woocommerce-product-details__short-description\">\n<p style=\"text-align: justify;\"><span style=\"color: #ff0000;\"><strong>GI\u00c1 \u01afU \u0110\u00c3I T\u1edaI 50% KHI \u0110\u1eb6T MAY THEO Y\u00caU C\u1ea6U<\/strong><\/span><\/p>\n<\/div>\n<\/div>\n<\/div>\n<\/form>\n<\/div>\n","protected":false},"featured_media":75438,"comment_status":"open","ping_status":"closed","template":"","meta":{"_acf_changed":false,"inline_featured_image":false},"product_cat":[2117],"product_tag":[],"class_list":{"0":"post-72782","1":"product","2":"type-product","3":"status-publish","4":"has-post-thumbnail","6":"product_cat-khu-cong-nghiep","8":"first","9":"instock","10":"taxable","11":"shipping-taxable","12":"purchasable","13":"product-type-variable","14":"rtwpvg-product"},"acf":[],"_links":{"self":[{"href":"https:\/\/chanrathanhthuy.com\/ja\/wp-json\/wp\/v2\/product\/72782","targetHints":{"allow":["GET"]}}],"collection":[{"href":"https:\/\/chanrathanhthuy.com\/ja\/wp-json\/wp\/v2\/product"}],"about":[{"href":"https:\/\/chanrathanhthuy.com\/ja\/wp-json\/wp\/v2\/types\/product"}],"replies":[{"embeddable":true,"href":"https:\/\/chanrathanhthuy.com\/ja\/wp-json\/wp\/v2\/comments?post=72782"}],"wp:featuredmedia":[{"embeddable":true,"href":"https:\/\/chanrathanhthuy.com\/ja\/wp-json\/wp\/v2\/media\/75438"}],"wp:attachment":[{"href":"https:\/\/chanrathanhthuy.com\/ja\/wp-json\/wp\/v2\/media?parent=72782"}],"wp:term":[{"taxonomy":"product_cat","embeddable":true,"href":"https:\/\/chanrathanhthuy.com\/ja\/wp-json\/wp\/v2\/product_cat?post=72782"},{"taxonomy":"product_tag","embeddable":true,"href":"https:\/\/chanrathanhthuy.com\/ja\/wp-json\/wp\/v2\/product_tag?post=72782"}],"curies":[{"name":"wp","href":"https:\/\/api.w.org\/{rel}","templated":true}]}}