{"id":72788,"date":"2025-04-24T06:23:16","date_gmt":"2025-04-24T06:23:16","guid":{"rendered":"https:\/\/chanrathanhthuy.com\/?post_type=product&#038;p=72788"},"modified":"2026-04-15T06:46:44","modified_gmt":"2026-04-15T06:46:44","slug":"tham-chan-khu-cong-nghiep","status":"publish","type":"product","link":"https:\/\/chanrathanhthuy.com\/ja\/product\/tham-chan-khu-cong-nghiep\/","title":{"rendered":"Th\u1ea3m Ch\u00e2n Khu C\u00f4ng Nghi\u1ec7p"},"content":{"rendered":"<h1 style=\"text-align: justify;\">Th\u1ea3m Ch\u00e2n Khu C\u00f4ng Nghi\u1ec7p: \u0110\u1ea3m B\u1ea3o An To\u00e0n v\u00e0 V\u1ec7 Sinh C\u00f9ng Ch\u0103n Ra Thanh Th\u1ee7y<\/h1>\n<p style=\"text-align: justify;\">Trong m\u00f4i tr\u01b0\u1eddng khu c\u00f4ng nghi\u1ec7p nh\u1ed9n nh\u1ecbp, n\u01a1i ho\u1ea1t \u0111\u1ed9ng s\u1ea3n xu\u1ea5t di\u1ec5n ra li\u00ean t\u1ee5c, vi\u1ec7c duy tr\u00ec an to\u00e0n v\u00e0 v\u1ec7 sinh l\u00e0 y\u1ebfu t\u1ed1 c\u1ed1t l\u00f5i. M\u1ed9t v\u1eadt d\u1ee5ng t\u01b0\u1edfng ch\u1eebng nh\u1ecf b\u00e9 nh\u01b0 th\u1ea3m ch\u00e2n l\u1ea1i \u0111\u00f3ng vai tr\u00f2 c\u1ef1c k\u1ef3 quan tr\u1ecdng trong vi\u1ec7c gi\u1eef s\u1ea1ch kh\u00f4ng gian, gi\u1ea3m thi\u1ec3u tr\u01a1n tr\u01b0\u1ee3t v\u00e0 t\u1ea1o \u1ea5n t\u01b0\u1ee3ng chuy\u00ean nghi\u1ec7p. L\u1ef1a ch\u1ecdn th\u1ea3m ch\u00e2n ch\u1ea5t l\u01b0\u1ee3ng cao, b\u1ec1n b\u1ec9 l\u00e0 kho\u1ea3n \u0111\u1ea7u t\u01b0 c\u1ea7n thi\u1ebft cho m\u1ecdi doanh nghi\u1ec7p trong khu c\u00f4ng nghi\u1ec7p.<\/p>\n<p><a href=\"https:\/\/chanrathanhthuy.com\/wp-content\/uploads\/2025\/03\/khan-cotton-tham-chan-cotton-khach-san-1-scaled-3.jpg\"><img loading=\"lazy\" decoding=\"async\" class=\"aligncenter size-full wp-image-70035\" src=\"https:\/\/chanrathanhthuy.com\/wp-content\/uploads\/2025\/03\/khan-cotton-tham-chan-cotton-khach-san-1-scaled-3.jpg\" alt=\"\" width=\"1334\" height=\"2560\" title=\"\" srcset=\"https:\/\/chanrathanhthuy.com\/wp-content\/uploads\/2025\/03\/khan-cotton-tham-chan-cotton-khach-san-1-scaled-3.jpg 1334w, https:\/\/chanrathanhthuy.com\/wp-content\/uploads\/2025\/03\/khan-cotton-tham-chan-cotton-khach-san-1-scaled-3-156x300.jpg 156w, https:\/\/chanrathanhthuy.com\/wp-content\/uploads\/2025\/03\/khan-cotton-tham-chan-cotton-khach-san-1-scaled-3-534x1024.jpg 534w, https:\/\/chanrathanhthuy.com\/wp-content\/uploads\/2025\/03\/khan-cotton-tham-chan-cotton-khach-san-1-scaled-3-78x150.jpg 78w, https:\/\/chanrathanhthuy.com\/wp-content\/uploads\/2025\/03\/khan-cotton-tham-chan-cotton-khach-san-1-scaled-3-768x1474.jpg 768w, https:\/\/chanrathanhthuy.com\/wp-content\/uploads\/2025\/03\/khan-cotton-tham-chan-cotton-khach-san-1-scaled-3-800x1536.jpg 800w, https:\/\/chanrathanhthuy.com\/wp-content\/uploads\/2025\/03\/khan-cotton-tham-chan-cotton-khach-san-1-scaled-3-1067x2048.jpg 1067w, https:\/\/chanrathanhthuy.com\/wp-content\/uploads\/2025\/03\/khan-cotton-tham-chan-cotton-khach-san-1-scaled-3-600x1151.jpg 600w\" sizes=\"auto, (max-width: 1334px) 100vw, 1334px\" \/><\/a><\/p>\n<h2 style=\"text-align: justify;\">T\u1ea1i Sao Th\u1ea3m Ch\u00e2n Ch\u1ea5t L\u01b0\u1ee3ng L\u00e0 C\u1ea7n Thi\u1ebft Trong Khu C\u00f4ng Nghi\u1ec7p?<\/h2>\n<p style=\"text-align: justify;\">Th\u1ea3m ch\u00e2n chuy\u00ean d\u1ee5ng cho khu c\u00f4ng nghi\u1ec7p mang l\u1ea1i nhi\u1ec1u l\u1ee3i \u00edch thi\u1ebft th\u1ef1c, v\u01b0\u1ee3t xa vai tr\u00f2 th\u00f4ng th\u01b0\u1eddng:<\/p>\n<ul style=\"text-align: justify;\">\n<li>Gi\u1eef V\u1ec7 Sinh Hi\u1ec7u Qu\u1ea3: Th\u1ea3m ch\u00e2n gi\u00fap gi\u1eef l\u1ea1i b\u1ee5i b\u1ea9n, b\u00f9n \u0111\u1ea5t, d\u1ea7u m\u1ee1 v\u00e0 c\u00e1c lo\u1ea1i ch\u1ea5t b\u1ea9n kh\u00e1c t\u1eeb gi\u00e0y d\u00e9p, b\u00e1nh xe tr\u01b0\u1edbc khi ch\u00fang lan v\u00e0o khu v\u1ef1c l\u00e0m vi\u1ec7c, v\u0103n ph\u00f2ng hay nh\u00e0 x\u01b0\u1edfng. \u0110i\u1ec1u n\u00e0y g\u00f3p ph\u1ea7n \u0111\u00e1ng k\u1ec3 v\u00e0o vi\u1ec7c duy tr\u00ec m\u00f4i tr\u01b0\u1eddng s\u1ea1ch s\u1ebd, gi\u1ea3m t\u1ea7n su\u1ea5t v\u1ec7 sinh t\u1ed5ng th\u1ec3.<\/li>\n<li>\u0110\u1ea3m B\u1ea3o An To\u00e0n Lao \u0110\u1ed9ng: B\u1ec1 m\u1eb7t th\u1ea3m ch\u1ed1ng tr\u01b0\u1ee3t hi\u1ec7u qu\u1ea3, \u0111\u1eb7c bi\u1ec7t quan tr\u1ecdng \u1edf nh\u1eefng khu v\u1ef1c th\u01b0\u1eddng xuy\u00ean c\u00f3 n\u01b0\u1edbc, d\u1ea7u ho\u1eb7c h\u00f3a ch\u1ea5t. Th\u1ea3m ch\u00e2n ch\u1ea5t l\u01b0\u1ee3ng gi\u00fap gi\u1ea3m nguy c\u01a1 t\u00e9 ng\u00e3, tr\u01b0\u1ee3t ch\u00e2n, b\u1ea3o v\u1ec7 an to\u00e0n cho ng\u01b0\u1eddi lao \u0111\u1ed9ng.<\/li>\n<li>\u0110\u1ed9 B\u1ec1n Cao v\u00e0 Ch\u1ecbu L\u1ef1c T\u1ed1t: Kh\u00e1c v\u1edbi th\u1ea3m th\u00f4ng th\u01b0\u1eddng, th\u1ea3m ch\u00e2n c\u00f4ng nghi\u1ec7p \u0111\u01b0\u1ee3c thi\u1ebft k\u1ebf \u0111\u1ec3 ch\u1ecbu \u0111\u01b0\u1ee3c l\u01b0u l\u01b0\u1ee3ng \u0111i l\u1ea1i l\u1edbn, tr\u1ecdng l\u01b0\u1ee3ng n\u1eb7ng v\u00e0 \u0111i\u1ec1u ki\u1ec7n m\u00f4i tr\u01b0\u1eddng kh\u1eafc nghi\u1ec7t. Ch\u00fang c\u00f3 kh\u1ea3 n\u0103ng ch\u1ed1ng m\u00e0i m\u00f2n, kh\u00f4ng b\u1ecb bi\u1ebfn d\u1ea1ng hay phai m\u00e0u nhanh ch\u00f3ng.<\/li>\n<li>T\u0103ng T\u00ednh Chuy\u00ean Nghi\u1ec7p: M\u1ed9t t\u1ea5m th\u1ea3m ch\u00e2n s\u1ea1ch s\u1ebd, \u0111\u01b0\u1ee3c \u0111\u1eb7t \u0111\u00fang v\u1ecb tr\u00ed c\u0169ng g\u00f3p ph\u1ea7n t\u1ea1o n\u00ean v\u1ebb ngo\u00e0i g\u1ecdn g\u00e0ng, chuy\u00ean nghi\u1ec7p cho l\u1ed1i v\u00e0o hay c\u00e1c khu v\u1ef1c quan tr\u1ecdng, th\u1ec3 hi\u1ec7n s\u1ef1 quan t\u00e2m c\u1ee7a doanh nghi\u1ec7p \u0111\u1ebfn t\u1eebng chi ti\u1ebft.<\/li>\n<\/ul>\n<h3 style=\"text-align: justify;\">Ch\u0103n Ra Thanh Th\u1ee7y: Gi\u1ea3i Ph\u00e1p Th\u1ea3m Ch\u00e2n B\u1ec1n B\u1ec9 Cho M\u00f4i Tr\u01b0\u1eddng C\u00f4ng Nghi\u1ec7p<\/h3>\n<p style=\"text-align: justify;\">Khi t\u00ecm ki\u1ebfm \u0111\u1ed1i t\u00e1c cung c\u1ea5p th\u1ea3m ch\u00e2n cho c\u00e1c d\u1ef1 \u00e1n khu c\u00f4ng nghi\u1ec7p, Ch\u0103n Ra Thanh Th\u1ee7y l\u00e0 th\u01b0\u01a1ng hi\u1ec7u \u0111\u00e1ng tin c\u1eady. D\u00f9 n\u1ed5i ti\u1ebfng v\u1edbi c\u00e1c s\u1ea3n ph\u1ea9m ch\u0103n ga g\u1ed1i \u0111\u1ec7m cho kh\u00e1ch s\u1ea1n v\u00e0 resort, Ch\u0103n Ra Thanh Th\u1ee7y c\u0169ng c\u00f3 kinh nghi\u1ec7m chuy\u00ean s\u00e2u trong vi\u1ec7c cung c\u1ea5p c\u00e1c gi\u1ea3i ph\u00e1p d\u1ec7t may ch\u1ea5t l\u01b0\u1ee3ng cao, b\u1ec1n b\u1ec9 cho c\u00e1c d\u1ef1 \u00e1n quy m\u00f4 l\u1edbn, bao g\u1ed3m c\u1ea3 khu c\u00f4ng nghi\u1ec7p.<\/p>\n<p style=\"text-align: justify;\">Ch\u00fang t\u00f4i hi\u1ec3u r\u00f5 y\u00eau c\u1ea7u v\u1ec1 \u0111\u1ed9 b\u1ec1n, kh\u1ea3 n\u0103ng ch\u1ed1ng tr\u01b0\u1ee3t v\u00e0 d\u1ec5 v\u1ec7 sinh c\u1ee7a th\u1ea3m ch\u00e2n trong m\u00f4i tr\u01b0\u1eddng c\u00f4ng nghi\u1ec7p. Ch\u0103n Ra Thanh Th\u1ee7y cung c\u1ea5p c\u00e1c lo\u1ea1i th\u1ea3m ch\u00e2n \u0111\u01b0\u1ee3c s\u1ea3n xu\u1ea5t t\u1eeb v\u1eadt li\u1ec7u cao c\u1ea5p, c\u00f3 kh\u1ea3 n\u0103ng b\u00e1m d\u00ednh t\u1ed1t, ch\u1ed1ng tr\u01b0\u1ee3t v\u00e0 d\u1ec5 d\u00e0ng l\u00e0m s\u1ea1ch. V\u1edbi cam k\u1ebft v\u1ec1 ch\u1ea5t l\u01b0\u1ee3ng v\u00e0 d\u1ecbch v\u1ee5 t\u1eadn t\u00e2m, Ch\u0103n Ra Thanh Th\u1ee7y s\u1ebd gi\u00fap b\u1ea1n ki\u1ebfn t\u1ea1o kh\u00f4ng gian l\u00e0m vi\u1ec7c an to\u00e0n, s\u1ea1ch s\u1ebd v\u00e0 chuy\u00ean nghi\u1ec7p.<\/p>\n","protected":false},"excerpt":{"rendered":"<div class=\"wrap-product-attributes\">\n<p>&nbsp;<\/p>\n<\/div>\n","protected":false},"featured_media":75450,"comment_status":"open","ping_status":"closed","template":"","meta":{"_acf_changed":false,"inline_featured_image":false},"product_cat":[2117],"product_tag":[],"class_list":{"0":"post-72788","1":"product","2":"type-product","3":"status-publish","4":"has-post-thumbnail","6":"product_cat-khu-cong-nghiep","8":"first","9":"instock","10":"taxable","11":"shipping-taxable","12":"purchasable","13":"product-type-variable","14":"rtwpvg-product"},"acf":[],"_links":{"self":[{"href":"https:\/\/chanrathanhthuy.com\/ja\/wp-json\/wp\/v2\/product\/72788","targetHints":{"allow":["GET"]}}],"collection":[{"href":"https:\/\/chanrathanhthuy.com\/ja\/wp-json\/wp\/v2\/product"}],"about":[{"href":"https:\/\/chanrathanhthuy.com\/ja\/wp-json\/wp\/v2\/types\/product"}],"replies":[{"embeddable":true,"href":"https:\/\/chanrathanhthuy.com\/ja\/wp-json\/wp\/v2\/comments?post=72788"}],"wp:featuredmedia":[{"embeddable":true,"href":"https:\/\/chanrathanhthuy.com\/ja\/wp-json\/wp\/v2\/media\/75450"}],"wp:attachment":[{"href":"https:\/\/chanrathanhthuy.com\/ja\/wp-json\/wp\/v2\/media?parent=72788"}],"wp:term":[{"taxonomy":"product_cat","embeddable":true,"href":"https:\/\/chanrathanhthuy.com\/ja\/wp-json\/wp\/v2\/product_cat?post=72788"},{"taxonomy":"product_tag","embeddable":true,"href":"https:\/\/chanrathanhthuy.com\/ja\/wp-json\/wp\/v2\/product_tag?post=72788"}],"curies":[{"name":"wp","href":"https:\/\/api.w.org\/{rel}","templated":true}]}}