{"id":72789,"date":"2025-04-24T06:23:33","date_gmt":"2025-04-24T06:23:33","guid":{"rendered":"https:\/\/chanrathanhthuy.com\/?post_type=product&#038;p=72789"},"modified":"2025-07-10T08:10:49","modified_gmt":"2025-07-10T08:10:49","slug":"rem-cua-khu-cong-nghiep","status":"publish","type":"product","link":"https:\/\/chanrathanhthuy.com\/ja\/product\/rem-cua-khu-cong-nghiep\/","title":{"rendered":"R\u00e8m C\u1eeda Khu C\u00f4ng Nghi\u1ec7p"},"content":{"rendered":"<h1 style=\"text-align: justify;\">R\u00e8m C\u1eeda Khu C\u00f4ng Nghi\u1ec7p: N\u00e2ng Cao Hi\u1ec7u Qu\u1ea3 v\u00e0 Th\u1ea9m M\u1ef9 C\u00f9ng Ch\u0103n Ra Thanh Th\u1ee7y<\/h1>\n<p style=\"text-align: justify;\">Trong m\u00f4i tr\u01b0\u1eddng khu c\u00f4ng nghi\u1ec7p n\u0103ng \u0111\u1ed9ng, vi\u1ec7c t\u1ed1i \u01b0u h\u00f3a m\u1ecdi kh\u00f4ng gian t\u1eeb nh\u00e0 x\u01b0\u1edfng s\u1ea3n xu\u1ea5t \u0111\u1ebfn v\u0103n ph\u00f2ng v\u00e0 khu v\u1ef1c ngh\u1ec9 ng\u01a1i l\u00e0 y\u1ebfu t\u1ed1 then ch\u1ed1t. R\u00e8m c\u1eeda khu c\u00f4ng nghi\u1ec7p kh\u00f4ng ch\u1ec9 l\u00e0 m\u1ed9t v\u1eadt d\u1ee5ng trang tr\u00ed m\u00e0 c\u00f2n \u0111\u00f3ng vai tr\u00f2 quan tr\u1ecdng trong vi\u1ec7c ki\u1ec3m so\u00e1t \u00e1nh s\u00e1ng, nhi\u1ec7t \u0111\u1ed9, gi\u1ea3m ti\u1ebfng \u1ed3n, v\u00e0 b\u1ea3o v\u1ec7 kh\u00f4ng gian kh\u1ecfi b\u1ee5i b\u1ea9n, g\u00f3p ph\u1ea7n n\u00e2ng cao hi\u1ec7u qu\u1ea3 l\u00e0m vi\u1ec7c v\u00e0 t\u1ea1o d\u1ef1ng h\u00ecnh \u1ea3nh chuy\u00ean nghi\u1ec7p.<\/p>\n<p><a href=\"https:\/\/chanrathanhthuy.com\/wp-content\/uploads\/2025\/04\/Mau-sac-cua-rem-cua-va-bo-chan-ga-goi-anh-huong-den-cam-giac-trai-nghiem.png\"><img loading=\"lazy\" decoding=\"async\" class=\"aligncenter size-full wp-image-71739\" src=\"https:\/\/chanrathanhthuy.com\/wp-content\/uploads\/2025\/04\/Mau-sac-cua-rem-cua-va-bo-chan-ga-goi-anh-huong-den-cam-giac-trai-nghiem.png\" alt=\"M\u00e0u s\u1eafc c\u1ee7a r\u00e8m c\u1eeda v\u00e0 b\u1ed9 ch\u0103n ga g\u1ed1i \u1ea3nh h\u01b0\u1edfng \u0111\u1ebfn c\u1ea3m gi\u00e1c tr\u1ea3i nghi\u1ec7m\" width=\"1500\" height=\"1000\" title=\"\" srcset=\"https:\/\/chanrathanhthuy.com\/wp-content\/uploads\/2025\/04\/Mau-sac-cua-rem-cua-va-bo-chan-ga-goi-anh-huong-den-cam-giac-trai-nghiem.png 1500w, https:\/\/chanrathanhthuy.com\/wp-content\/uploads\/2025\/04\/Mau-sac-cua-rem-cua-va-bo-chan-ga-goi-anh-huong-den-cam-giac-trai-nghiem-300x200.png 300w, https:\/\/chanrathanhthuy.com\/wp-content\/uploads\/2025\/04\/Mau-sac-cua-rem-cua-va-bo-chan-ga-goi-anh-huong-den-cam-giac-trai-nghiem-1024x683.png 1024w, https:\/\/chanrathanhthuy.com\/wp-content\/uploads\/2025\/04\/Mau-sac-cua-rem-cua-va-bo-chan-ga-goi-anh-huong-den-cam-giac-trai-nghiem-150x100.png 150w, https:\/\/chanrathanhthuy.com\/wp-content\/uploads\/2025\/04\/Mau-sac-cua-rem-cua-va-bo-chan-ga-goi-anh-huong-den-cam-giac-trai-nghiem-768x512.png 768w, https:\/\/chanrathanhthuy.com\/wp-content\/uploads\/2025\/04\/Mau-sac-cua-rem-cua-va-bo-chan-ga-goi-anh-huong-den-cam-giac-trai-nghiem-600x400.png 600w\" sizes=\"auto, (max-width: 1500px) 100vw, 1500px\" \/><\/a><\/p>\n<h2 style=\"text-align: justify;\">L\u1ee3i \u00cdch V\u01b0\u1ee3t Tr\u1ed9i C\u1ee7a R\u00e8m C\u1eeda Chuy\u00ean D\u1ee5ng Trong Khu C\u00f4ng Nghi\u1ec7p<\/h2>\n<p style=\"text-align: justify;\">Vi\u1ec7c l\u1ef1a ch\u1ecdn v\u00e0 l\u1eafp \u0111\u1eb7t r\u00e8m c\u1eeda ph\u00f9 h\u1ee3p mang l\u1ea1i nhi\u1ec1u l\u1ee3i \u00edch thi\u1ebft th\u1ef1c cho c\u00e1c doanh nghi\u1ec7p trong khu c\u00f4ng nghi\u1ec7p:<\/p>\n<ul style=\"text-align: justify;\">\n<li>Ki\u1ec3m So\u00e1t \u00c1nh S\u00e1ng v\u00e0 Nhi\u1ec7t \u0110\u1ed9: R\u00e8m c\u1eeda gi\u00fap \u0111i\u1ec1u ch\u1ec9nh l\u01b0\u1ee3ng \u00e1nh s\u00e1ng t\u1ef1 nhi\u00ean \u0111i v\u00e0o kh\u00f4ng gian, gi\u1ea3m ch\u00f3i, b\u1ea3o v\u1ec7 m\u1eaft ng\u01b0\u1eddi lao \u0111\u1ed9ng v\u00e0 thi\u1ebft b\u1ecb. \u0110\u1ed3ng th\u1eddi, ch\u00fang c\u00f2n c\u00f3 kh\u1ea3 n\u0103ng c\u00e1ch nhi\u1ec7t, gi\u1eef \u1ea5m v\u00e0o m\u00f9a l\u1ea1nh v\u00e0 l\u00e0m m\u00e1t v\u00e0o m\u00f9a n\u00f3ng, gi\u00fap ti\u1ebft ki\u1ec7m n\u0103ng l\u01b0\u1ee3ng cho h\u1ec7 th\u1ed1ng \u0111i\u1ec1u h\u00f2a.<\/li>\n<li>H\u1ea1n Ch\u1ebf B\u1ee5i B\u1ea9n v\u00e0 Ti\u1ebfng \u1ed2n: \u0110\u1eb7c th\u00f9 khu c\u00f4ng nghi\u1ec7p th\u01b0\u1eddng c\u00f3 nhi\u1ec1u b\u1ee5i b\u1ea9n v\u00e0 ti\u1ebfng \u1ed3n. R\u00e8m c\u1eeda ch\u1ea5t l\u01b0\u1ee3ng cao c\u00f3 th\u1ec3 t\u1ea1o ra m\u1ed9t l\u1edbp ch\u1eafn hi\u1ec7u qu\u1ea3, gi\u1ea3m thi\u1ec3u s\u1ef1 x\u00e2m nh\u1eadp c\u1ee7a b\u1ee5i v\u00e0 ti\u1ebfng \u1ed3n t\u1eeb b\u00ean ngo\u00e0i, t\u1ea1o m\u00f4i tr\u01b0\u1eddng l\u00e0m vi\u1ec7c v\u00e0 ngh\u1ec9 ng\u01a1i y\u00ean t\u0129nh, s\u1ea1ch s\u1ebd h\u01a1n.<\/li>\n<li>T\u0103ng C\u01b0\u1eddng Quy\u1ec1n Ri\u00eang T\u01b0 v\u00e0 An Ninh: R\u00e8m c\u1eeda cung c\u1ea5p s\u1ef1 ri\u00eang t\u01b0 c\u1ea7n thi\u1ebft cho c\u00e1c khu v\u1ef1c v\u0103n ph\u00f2ng, ph\u00f2ng h\u1ecdp, ho\u1eb7c khu v\u1ef1c ngh\u1ec9 ng\u01a1i c\u1ee7a nh\u00e2n vi\u00ean, \u0111\u1ed3ng th\u1eddi g\u00f3p ph\u1ea7n b\u1ea3o v\u1ec7 t\u00e0i s\u1ea3n v\u00e0 th\u00f4ng tin quan tr\u1ecdng.<\/li>\n<li>N\u00e2ng Cao Th\u1ea9m M\u1ef9 v\u00e0 Chuy\u00ean Nghi\u1ec7p: M\u1ed9t h\u1ec7 th\u1ed1ng r\u00e8m c\u1eeda \u0111\u01b0\u1ee3c thi\u1ebft k\u1ebf v\u00e0 l\u1eafp \u0111\u1eb7t h\u1ee3p l\u00fd s\u1ebd g\u00f3p ph\u1ea7n t\u1ea1o n\u00ean v\u1ebb \u0111\u1eb9p hi\u1ec7n \u0111\u1ea1i, chuy\u00ean nghi\u1ec7p cho t\u1ed5ng th\u1ec3 ki\u1ebfn tr\u00fac c\u1ee7a khu c\u00f4ng nghi\u1ec7p, th\u1ec3 hi\u1ec7n s\u1ef1 quan t\u00e2m \u0111\u1ebfn m\u00f4i tr\u01b0\u1eddng l\u00e0m vi\u1ec7c.<\/li>\n<\/ul>\n<p><a href=\"https:\/\/chanrathanhthuy.com\/wp-content\/uploads\/2024\/01\/Grey-White-Minimal-Class-Schedule-10.png\"><img loading=\"lazy\" decoding=\"async\" class=\"aligncenter size-full wp-image-60393\" src=\"https:\/\/chanrathanhthuy.com\/wp-content\/uploads\/2024\/01\/Grey-White-Minimal-Class-Schedule-10.png\" alt=\"R\u00e8m c\u1eeda v\u00e0 nh\u1eefng v\u1eadt d\u1ee5ng trang tr\u00ed ph\u00f2ng ng\u1ee7\" width=\"2000\" height=\"1414\" title=\"\" srcset=\"https:\/\/chanrathanhthuy.com\/wp-content\/uploads\/2024\/01\/Grey-White-Minimal-Class-Schedule-10.png 2000w, https:\/\/chanrathanhthuy.com\/wp-content\/uploads\/2024\/01\/Grey-White-Minimal-Class-Schedule-10-600x424.png 600w, https:\/\/chanrathanhthuy.com\/wp-content\/uploads\/2024\/01\/Grey-White-Minimal-Class-Schedule-10-300x212.png 300w, https:\/\/chanrathanhthuy.com\/wp-content\/uploads\/2024\/01\/Grey-White-Minimal-Class-Schedule-10-1024x724.png 1024w, https:\/\/chanrathanhthuy.com\/wp-content\/uploads\/2024\/01\/Grey-White-Minimal-Class-Schedule-10-150x106.png 150w, https:\/\/chanrathanhthuy.com\/wp-content\/uploads\/2024\/01\/Grey-White-Minimal-Class-Schedule-10-768x543.png 768w, https:\/\/chanrathanhthuy.com\/wp-content\/uploads\/2024\/01\/Grey-White-Minimal-Class-Schedule-10-1536x1086.png 1536w\" sizes=\"auto, (max-width: 2000px) 100vw, 2000px\" \/><\/a><\/p>\n<h3 style=\"text-align: justify;\">Ch\u0103n Ra Thanh Th\u1ee7y: Gi\u1ea3i Ph\u00e1p R\u00e8m C\u1eeda B\u1ec1n V\u1eefng Cho M\u00f4i Tr\u01b0\u1eddng C\u00f4ng Nghi\u1ec7p<\/h3>\n<p style=\"text-align: justify;\">Khi t\u00ecm ki\u1ebfm \u0111\u1ed1i t\u00e1c cung c\u1ea5p gi\u1ea3i ph\u00e1p r\u00e8m c\u1eeda cho c\u00e1c d\u1ef1 \u00e1n khu c\u00f4ng nghi\u1ec7p, Ch\u0103n Ra Thanh Th\u1ee7y l\u00e0 c\u00e1i t\u00ean b\u1ea1n ho\u00e0n to\u00e0n c\u00f3 th\u1ec3 tin t\u01b0\u1edfng. D\u00f9 n\u1ed5i ti\u1ebfng v\u1edbi c\u00e1c s\u1ea3n ph\u1ea9m ch\u0103n ga g\u1ed1i \u0111\u1ec7m cho kh\u00e1ch s\u1ea1n v\u00e0 resort cao c\u1ea5p, Ch\u0103n Ra Thanh Th\u1ee7y c\u0169ng c\u00f3 kinh nghi\u1ec7m chuy\u00ean s\u00e2u trong vi\u1ec7c cung c\u1ea5p c\u00e1c gi\u1ea3i ph\u00e1p d\u1ec7t may cho c\u00e1c d\u1ef1 \u00e1n quy m\u00f4 l\u1edbn, bao g\u1ed3m c\u1ea3 khu c\u00f4ng nghi\u1ec7p.<\/p>\n<p style=\"text-align: justify;\">Ch\u00fang t\u00f4i hi\u1ec3u r\u1eb1ng m\u00f4i tr\u01b0\u1eddng c\u00f4ng nghi\u1ec7p \u0111\u00f2i h\u1ecfi nh\u1eefng s\u1ea3n ph\u1ea9m c\u00f3 \u0111\u1ed9 b\u1ec1n cao, d\u1ec5 b\u1ea3o tr\u00ec v\u00e0 c\u00f3 kh\u1ea3 n\u0103ng t\u00f9y ch\u1ec9nh linh ho\u1ea1t. Ch\u0103n Ra Thanh Th\u1ee7y cung c\u1ea5p c\u00e1c lo\u1ea1i v\u1ea3i ch\u1ea5t l\u01b0\u1ee3ng cao, t\u1eeb 100% cotton \u0111\u1ebfn CVC v\u00e0 c\u00e1c lo\u1ea1i v\u1eadt li\u1ec7u b\u1ec1n b\u1ec9 kh\u00e1c, c\u00f3 th\u1ec3 t\u00f9y ch\u1ec9nh v\u1ec1 m\u00e0u s\u1eafc, ki\u1ec3u d\u00e1ng v\u00e0 k\u00edch th\u01b0\u1edbc \u0111\u1ec3 ph\u00f9 h\u1ee3p v\u1edbi t\u1eebng y\u00eau c\u1ea7u c\u1ee5 th\u1ec3 c\u1ee7a doanh nghi\u1ec7p b\u1ea1n. V\u1edbi s\u1ef1 cam k\u1ebft v\u1ec1 ch\u1ea5t l\u01b0\u1ee3ng v\u00e0 d\u1ecbch v\u1ee5 t\u1eadn t\u00e2m, Ch\u0103n Ra Thanh Th\u1ee7y s\u1ebd gi\u00fap b\u1ea1n ki\u1ebfn t\u1ea1o kh\u00f4ng gian c\u00f4ng nghi\u1ec7p kh\u00f4ng ch\u1ec9 ti\u1ec7n nghi m\u00e0 c\u00f2n \u0111\u1eb3ng c\u1ea5p v\u00e0 b\u1ec1n v\u1eefng.<\/p>\n","protected":false},"excerpt":{"rendered":"<p>R\u00e8m C\u1eeda Khu C\u00f4ng Nghi\u1ec7p: N\u00e2ng Cao Hi\u1ec7u Qu\u1ea3 v\u00e0 Th\u1ea9m M\u1ef9 C\u00f9ng Ch\u0103n Ra Thanh Th\u1ee7y Trong m\u00f4i tr\u01b0\u1eddng khu c\u00f4ng nghi\u1ec7p &#8230; <a title=\"R\u00e8m C\u1eeda Khu C\u00f4ng Nghi\u1ec7p\" class=\"read-more\" href=\"https:\/\/chanrathanhthuy.com\/ja\/product\/rem-cua-khu-cong-nghiep\/\" aria-label=\"More on R\u00e8m C\u1eeda Khu C\u00f4ng Nghi\u1ec7p\">Read more<\/a><\/p>\n","protected":false},"featured_media":75689,"comment_status":"open","ping_status":"closed","template":"","meta":{"_acf_changed":false,"inline_featured_image":false},"product_cat":[2117],"product_tag":[],"class_list":{"0":"post-72789","1":"product","2":"type-product","3":"status-publish","4":"has-post-thumbnail","6":"product_cat-khu-cong-nghiep","8":"first","9":"instock","10":"taxable","11":"shipping-taxable","12":"purchasable","13":"product-type-variable","14":"rtwpvg-product"},"acf":[],"_links":{"self":[{"href":"https:\/\/chanrathanhthuy.com\/ja\/wp-json\/wp\/v2\/product\/72789","targetHints":{"allow":["GET"]}}],"collection":[{"href":"https:\/\/chanrathanhthuy.com\/ja\/wp-json\/wp\/v2\/product"}],"about":[{"href":"https:\/\/chanrathanhthuy.com\/ja\/wp-json\/wp\/v2\/types\/product"}],"replies":[{"embeddable":true,"href":"https:\/\/chanrathanhthuy.com\/ja\/wp-json\/wp\/v2\/comments?post=72789"}],"wp:featuredmedia":[{"embeddable":true,"href":"https:\/\/chanrathanhthuy.com\/ja\/wp-json\/wp\/v2\/media\/75689"}],"wp:attachment":[{"href":"https:\/\/chanrathanhthuy.com\/ja\/wp-json\/wp\/v2\/media?parent=72789"}],"wp:term":[{"taxonomy":"product_cat","embeddable":true,"href":"https:\/\/chanrathanhthuy.com\/ja\/wp-json\/wp\/v2\/product_cat?post=72789"},{"taxonomy":"product_tag","embeddable":true,"href":"https:\/\/chanrathanhthuy.com\/ja\/wp-json\/wp\/v2\/product_tag?post=72789"}],"curies":[{"name":"wp","href":"https:\/\/api.w.org\/{rel}","templated":true}]}}