{"id":72798,"date":"2025-04-24T06:24:24","date_gmt":"2025-04-24T06:24:24","guid":{"rendered":"https:\/\/chanrathanhthuy.com\/?post_type=product&#038;p=72798"},"modified":"2026-04-15T17:26:56","modified_gmt":"2026-04-15T17:26:56","slug":"ga-boc-trang-tron-chong-nhan-khu-cong-nghiep","status":"publish","type":"product","link":"https:\/\/chanrathanhthuy.com\/ja\/product\/ga-boc-trang-tron-chong-nhan-khu-cong-nghiep\/","title":{"rendered":"Ga B\u1ecdc Tr\u1eafng Tr\u01a1n Ch\u1ed1ng Nh\u0103n Khu C\u00f4ng Nghi\u1ec7p"},"content":{"rendered":"<h1 style=\"text-align: justify;\">Ga B\u1ecdc Tr\u1eafng Tr\u01a1n Ch\u1ed1ng Nh\u0103n Khu C\u00f4ng Nghi\u1ec7p: S\u1ef1 L\u1ef1a Ch\u1ecdn T\u1ed1i \u01afu Cho Ti\u1ec7n Nghi v\u00e0 Hi\u1ec7u Qu\u1ea3<\/h1>\n<p style=\"text-align: justify;\">Trong b\u1ed1i c\u1ea3nh c\u00e1c khu c\u00f4ng nghi\u1ec7p ng\u00e0y c\u00e0ng ph\u00e1t tri\u1ec3n, vi\u1ec7c t\u1ed1i \u01b0u h\u00f3a m\u1ecdi kh\u00f4ng gian, t\u1eeb v\u0103n ph\u00f2ng \u0111\u1ebfn khu v\u1ef1c ngh\u1ec9 ng\u01a1i cho c\u00e1n b\u1ed9 c\u00f4ng nh\u00e2n vi\u00ean, chuy\u00ean gia hay \u0111\u1ed1i t\u00e1c, l\u00e0 v\u00f4 c\u00f9ng quan tr\u1ecdng. Ga B\u1ecdc Tr\u1eafng Tr\u01a1n Ch\u1ed1ng Nh\u0103n n\u1ed5i b\u1eadt nh\u01b0 m\u1ed9t gi\u1ea3i ph\u00e1p l\u00fd t\u01b0\u1edfng, k\u1ebft h\u1ee3p h\u00e0i h\u00f2a gi\u1eefa y\u1ebfu t\u1ed1 th\u1ea9m m\u1ef9, ti\u1ec7n l\u1ee3i v\u00e0 \u0111\u1ed9 b\u1ec1n cao, ph\u00f9 h\u1ee3p v\u1edbi \u0111\u1eb7c th\u00f9 s\u1eed d\u1ee5ng t\u1ea1i c\u00e1c khu c\u00f4ng nghi\u1ec7p.<\/p>\n<p><a href=\"https:\/\/chanrathanhthuy.com\/wp-content\/uploads\/2023\/03\/Ga-boc-ga-thang-khach-san.jpg\"><img loading=\"lazy\" decoding=\"async\" class=\"aligncenter size-full wp-image-80022\" src=\"https:\/\/chanrathanhthuy.com\/wp-content\/uploads\/2023\/03\/Ga-boc-ga-thang-khach-san.jpg\" alt=\"\" width=\"1500\" height=\"1682\" title=\"\" srcset=\"https:\/\/chanrathanhthuy.com\/wp-content\/uploads\/2023\/03\/Ga-boc-ga-thang-khach-san.jpg 1500w, https:\/\/chanrathanhthuy.com\/wp-content\/uploads\/2023\/03\/Ga-boc-ga-thang-khach-san-268x300.jpg 268w, https:\/\/chanrathanhthuy.com\/wp-content\/uploads\/2023\/03\/Ga-boc-ga-thang-khach-san-913x1024.jpg 913w, https:\/\/chanrathanhthuy.com\/wp-content\/uploads\/2023\/03\/Ga-boc-ga-thang-khach-san-134x150.jpg 134w, https:\/\/chanrathanhthuy.com\/wp-content\/uploads\/2023\/03\/Ga-boc-ga-thang-khach-san-768x861.jpg 768w, https:\/\/chanrathanhthuy.com\/wp-content\/uploads\/2023\/03\/Ga-boc-ga-thang-khach-san-1370x1536.jpg 1370w, https:\/\/chanrathanhthuy.com\/wp-content\/uploads\/2023\/03\/Ga-boc-ga-thang-khach-san-600x673.jpg 600w\" sizes=\"auto, (max-width: 1500px) 100vw, 1500px\" \/><\/a><\/p>\n<h2 style=\"text-align: justify;\">L\u1ee3i \u00cdch V\u01b0\u1ee3t Tr\u1ed9i C\u1ee7a Ga B\u1ecdc Tr\u1eafng Tr\u01a1n Ch\u1ed1ng Nh\u0103n<\/h2>\n<p style=\"text-align: justify;\">Ga b\u1ecdc m\u00e0u tr\u1eafng tr\u01a1n kh\u00f4ng ch\u1ec9 mang l\u1ea1i v\u1ebb \u0111\u1eb9p tinh t\u1ebf m\u00e0 c\u00f2n s\u1edf h\u1eefu nhi\u1ec1u \u01b0u \u0111i\u1ec3m v\u01b0\u1ee3t tr\u1ed9i, \u0111\u1eb7c bi\u1ec7t th\u00edch h\u1ee3p cho m\u00f4i tr\u01b0\u1eddng khu c\u00f4ng nghi\u1ec7p:<\/p>\n<ul style=\"text-align: justify;\">\n<li>T\u00ednh Th\u1ea9m M\u1ef9 v\u00e0 S\u1ea1ch S\u1ebd: M\u00e0u tr\u1eafng tinh khi\u1ebft t\u1ea1o c\u1ea3m gi\u00e1c g\u1ecdn g\u00e0ng, thanh l\u1ecbch v\u00e0 s\u1ea1ch s\u1ebd, g\u00f3p ph\u1ea7n n\u00e2ng cao h\u00ecnh \u1ea3nh chuy\u00ean nghi\u1ec7p c\u1ee7a kh\u00f4ng gian. \u0110\u00e2y l\u00e0 y\u1ebfu t\u1ed1 quan tr\u1ecdng gi\u00fap duy tr\u00ec m\u1ed9t m\u00f4i tr\u01b0\u1eddng s\u1ed1ng v\u00e0 l\u00e0m vi\u1ec7c ng\u0103n n\u1eafp, t\u1ea1o \u1ea5n t\u01b0\u1ee3ng t\u1ed1t.<\/li>\n<li>Kh\u1ea3 N\u0103ng Ch\u1ed1ng Nh\u0103n Hi\u1ec7u Qu\u1ea3: Nh\u1edd c\u00f4ng ngh\u1ec7 d\u1ec7t v\u00e0 x\u1eed l\u00fd v\u1ea3i ti\u00ean ti\u1ebfn, ga b\u1ecdc gi\u1ea3m thi\u1ec3u \u0111\u00e1ng k\u1ec3 t\u00ecnh tr\u1ea1ng nh\u0103n nh\u00fam sau khi gi\u1eb7t ho\u1eb7c trong qu\u00e1 tr\u00ecnh s\u1eed d\u1ee5ng. \u0110i\u1ec1u n\u00e0y gi\u00fap ti\u1ebft ki\u1ec7m th\u1eddi gian v\u00e0 c\u00f4ng s\u1ee9c l\u00e0 \u1ee7i, \u0111\u1ed3ng th\u1eddi \u0111\u1ea3m b\u1ea3o ga lu\u00f4n ph\u1eb3ng phiu, t\u01b0\u01a1m t\u1ea5t.<\/li>\n<li>\u0110\u1ed9 B\u1ec1n Cao: \u0110\u01b0\u1ee3c s\u1ea3n xu\u1ea5t t\u1eeb c\u00e1c lo\u1ea1i v\u1ea3i ch\u1ea5t l\u01b0\u1ee3ng, ga b\u1ecdc ch\u1ed1ng nh\u0103n c\u00f3 kh\u1ea3 n\u0103ng ch\u1ecbu \u0111\u1ef1ng t\u1ea7n su\u1ea5t gi\u1eb7t gi\u0169 v\u00e0 c\u01b0\u1eddng \u0111\u1ed9 s\u1eed d\u1ee5ng cao, \u0111\u1ea3m b\u1ea3o tu\u1ed5i th\u1ecd s\u1ea3n ph\u1ea9m l\u00e2u d\u00e0i, ph\u00f9 h\u1ee3p v\u1edbi nhu c\u1ea7u s\u1eed d\u1ee5ng li\u00ean t\u1ee5c t\u1ea1i c\u00e1c khu t\u1eadp th\u1ec3, nh\u00e0 \u1edf chuy\u00ean gia trong khu c\u00f4ng nghi\u1ec7p.<\/li>\n<li>D\u1ec5 D\u00e0ng V\u1ec7 Sinh v\u00e0 B\u1ea3o Qu\u1ea3n: B\u1ec1 m\u1eb7t v\u1ea3i tr\u01a1n m\u1ecbn, \u00edt b\u00e1m b\u1ee5i b\u1ea9n, gi\u00fap vi\u1ec7c v\u1ec7 sinh tr\u1edf n\u00ean \u0111\u01a1n gi\u1ea3n v\u00e0 nhanh ch\u00f3ng. \u0110i\u1ec1u n\u00e0y \u0111\u1eb7c bi\u1ec7t quan tr\u1ecdng \u0111\u1ec3 duy tr\u00ec ti\u00eau chu\u1ea9n v\u1ec7 sinh v\u00e0 ti\u1ebft ki\u1ec7m chi ph\u00ed b\u1ea3o tr\u00ec.<\/li>\n<\/ul>\n<h3 style=\"text-align: justify;\">Ch\u0103n Ra Thanh Th\u1ee7y: \u0110\u1ed1i T\u00e1c Tin C\u1eady Cung C\u1ea5p Ga B\u1ecdc Ch\u1ea5t L\u01b0\u1ee3ng<\/h3>\n<p style=\"text-align: justify;\">Khi t\u00ecm ki\u1ebfm gi\u1ea3i ph\u00e1p \u0111\u1ed3 v\u1ea3i cho c\u00e1c d\u1ef1 \u00e1n khu c\u00f4ng nghi\u1ec7p, Ch\u0103n Ra Thanh Th\u1ee7y l\u00e0 m\u1ed9t th\u01b0\u01a1ng hi\u1ec7u uy t\u00edn h\u00e0ng \u0111\u1ea7u. V\u1edbi kinh nghi\u1ec7m l\u00e2u n\u0103m trong vi\u1ec7c cung c\u1ea5p ch\u0103n ga g\u1ed1i \u0111\u1ec7m cho c\u00e1c kh\u00e1ch s\u1ea1n, resort v\u00e0 khu ngh\u1ec9 d\u01b0\u1ee1ng (tham kh\u1ea3o th\u00eam t\u1ea1i <a class=\"ng-star-inserted\" href=\"https:\/\/chanrathanhthuy.com\/du-an\/do-vai-khach-san\/\" target=\"_blank\" rel=\"noopener\">\u0110\u1ed3 V\u1ea3i Kh\u00e1ch S\u1ea1n Ch\u0103n Ra Thanh Th\u1ee7y<\/a>), ch\u00fang t\u00f4i cam k\u1ebft mang \u0111\u1ebfn nh\u1eefng s\u1ea3n ph\u1ea9m ch\u1ea5t l\u01b0\u1ee3ng cao, b\u1ec1n \u0111\u1eb9p v\u00e0 \u0111\u00e1p \u1ee9ng c\u00e1c ti\u00eau chu\u1ea9n kh\u1eaft khe nh\u1ea5t.<\/p>\n<p style=\"text-align: justify;\">C\u00e1c s\u1ea3n ph\u1ea9m ga b\u1ecdc c\u1ee7a Ch\u0103n Ra Thanh Th\u1ee7y, bao g\u1ed3m c\u1ea3 ga b\u1ecdc tr\u1eafng tr\u01a1n ch\u1ed1ng nh\u0103n, \u0111\u01b0\u1ee3c s\u1ea3n xu\u1ea5t t\u1eeb ch\u1ea5t li\u1ec7u v\u1ea3i cao c\u1ea5p nh\u01b0 100% cotton ho\u1eb7c CVC. \u0110i\u1ec1u n\u00e0y kh\u00f4ng ch\u1ec9 \u0111\u1ea3m b\u1ea3o s\u1ef1 tho\u1ea3i m\u00e1i t\u1ed1i \u0111a cho ng\u01b0\u1eddi s\u1eed d\u1ee5ng m\u00e0 c\u00f2n k\u00e9o d\u00e0i tu\u1ed5i th\u1ecd s\u1ea3n ph\u1ea9m, t\u1ed1i \u01b0u h\u00f3a hi\u1ec7u qu\u1ea3 \u0111\u1ea7u t\u01b0 cho doanh nghi\u1ec7p c\u1ee7a b\u1ea1n.<\/p>\n","protected":false},"excerpt":{"rendered":"<div class=\"wrap-product-attributes\">\n<form class=\"variations_form cart wvs-loaded\" action=\"https:\/\/chanrathanhthuy.com\/chan-ga-khach-san\/khach-san-homestay-nha-nghi\/ga-boc-trang-tron-khach-san\/\" enctype=\"multipart\/form-data\" method=\"post\" data-product_id=\"69213\" data-product_variations=\"false\">\n<div data-product_id=\"69213\" data-threshold_min=\"30\" data-threshold_max=\"100\" data-total=\"84\">\n<div class=\"single_variation_wrap\">\n<div class=\"woocommerce-product-details__short-description\">\n<p style=\"text-align: justify;\"><span style=\"color: #ff0000;\"><strong>GI\u00c1 \u01afU \u0110\u00c3I T\u1edaI 50% KHI \u0110\u1eb6T MAY THEO Y\u00caU C\u1ea6U<\/strong><\/span><\/p>\n<\/div>\n<\/div>\n<\/div>\n<\/form>\n<\/div>\n","protected":false},"featured_media":75432,"comment_status":"open","ping_status":"closed","template":"","meta":{"_acf_changed":false,"inline_featured_image":false},"product_cat":[2117],"product_tag":[],"class_list":{"0":"post-72798","1":"product","2":"type-product","3":"status-publish","4":"has-post-thumbnail","6":"product_cat-khu-cong-nghiep","8":"first","9":"instock","10":"purchasable","11":"product-type-variable","12":"rtwpvg-product"},"acf":[],"_links":{"self":[{"href":"https:\/\/chanrathanhthuy.com\/ja\/wp-json\/wp\/v2\/product\/72798","targetHints":{"allow":["GET"]}}],"collection":[{"href":"https:\/\/chanrathanhthuy.com\/ja\/wp-json\/wp\/v2\/product"}],"about":[{"href":"https:\/\/chanrathanhthuy.com\/ja\/wp-json\/wp\/v2\/types\/product"}],"replies":[{"embeddable":true,"href":"https:\/\/chanrathanhthuy.com\/ja\/wp-json\/wp\/v2\/comments?post=72798"}],"wp:featuredmedia":[{"embeddable":true,"href":"https:\/\/chanrathanhthuy.com\/ja\/wp-json\/wp\/v2\/media\/75432"}],"wp:attachment":[{"href":"https:\/\/chanrathanhthuy.com\/ja\/wp-json\/wp\/v2\/media?parent=72798"}],"wp:term":[{"taxonomy":"product_cat","embeddable":true,"href":"https:\/\/chanrathanhthuy.com\/ja\/wp-json\/wp\/v2\/product_cat?post=72798"},{"taxonomy":"product_tag","embeddable":true,"href":"https:\/\/chanrathanhthuy.com\/ja\/wp-json\/wp\/v2\/product_tag?post=72798"}],"curies":[{"name":"wp","href":"https:\/\/api.w.org\/{rel}","templated":true}]}}