{"id":77058,"date":"2025-05-16T08:14:10","date_gmt":"2025-05-16T08:14:10","guid":{"rendered":"https:\/\/chanrathanhthuy.com\/?post_type=product&#038;p=77058"},"modified":"2026-03-25T03:08:05","modified_gmt":"2026-03-25T03:08:05","slug":"ruot-goi-nam-thanh-thuy-thanh-thuy","status":"publish","type":"product","link":"https:\/\/chanrathanhthuy.com\/ja\/product\/ruot-goi-nam-thanh-thuy-thanh-thuy\/","title":{"rendered":"Ru\u1ed9t g\u1ed1i n\u1eb1m Thanh Th\u1ee7y &#8211; THANH TH\u1ee6Y"},"content":{"rendered":"<p>TH\u00d4NG S\u1ed0 K\u0128 THU\u1eacT<\/p>\n<ul>\n<li>Ch\u1ea5t li\u1ec7u: Ru\u1ed9t g\u1ed1i n\u1eb1m Thanh Th\u1ee7y \u0111\u01b0\u1ee3c l\u00e0m t\u1eeb c\u00e1c s\u1ee3i nh\u00e2n t\u1ea1o \u0111\u01b0\u1ee3c x\u1eed l\u00fd v\u00f4 tr\u00f9ng, kh\u00e1ng khu\u1ea9n, \u0111\u1eb7c bi\u1ec7t l\u00e0 kh\u00f4ng g\u00e2y m\u00f9i nh\u01b0 g\u1ed1i 100% l\u00f4ng v\u0169 t\u1ef1 nhi\u00ean, kh\u00f4ng k\u00edch \u1ee9ng da n\u00ean nh\u1eefng ng\u01b0\u1eddi m\u1eabn c\u1ea3m c\u00f3 th\u1ec3 d\u1ec5 d\u00e0ng s\u1eed d\u1ee5ng<\/li>\n<li>\u0110\u1eb7c t\u00ednh: gi\u1eef v\u00e0 t\u1ea3n nhi\u1ec7t t\u1ed1t; g\u1ed1i l\u00f4ng v\u0169 nh\u00e2n t\u1ea1o mang l\u1ea1i c\u1ea3m gi\u00e1c m\u00e1t m\u1ebb d\u1ec5 ch\u1ecbu v\u00e0o m\u00f9a h\u00e8, \u1ea5m \u00e1p v\u00e0o m\u00f9a \u0111\u00f4ng. V\u1ecf g\u1ed1i: \u0111\u01b0\u1ee3c l\u00e0m t\u1eeb ch\u1ea5t li\u1ec7u 100% cotton, c\u00f3 kh\u1ea3 n\u0103ng tho\u00e1ng kh\u00ed, h\u00fat \u1ea9m cao, t\u1ea1o c\u1ea3m gi\u00e1c tho\u00e1ng m\u00e1t, ph\u00f9 h\u1ee3p v\u1edbi kh\u00ed h\u1eadu t\u1ea1i Vi\u1ec7t Nam<\/li>\n<li>K\u00edch th\u01b0\u1edbc: 40*60cm, 50*70cm<\/li>\n<\/ul>\n<p>H\u01af\u1edaNG D\u1eaaN S\u1eec D\u1ee4NG V\u00c0 B\u1ea2O QU\u1ea2N RU\u1ed8T G\u1ed0I B\u00d4NG THANH TH\u1ee6Y<\/p>\n<p>\u0110\u1ec3 \u0111\u1ea3m b\u1ea3o s\u1eed d\u1ee5ng th\u00edch h\u1ee3p v\u00e0 l\u00e2u n\u0103m, qu\u00fd kh\u00e1ch c\u00f3 th\u1ec3 l\u00e0m theo c\u00e1c b\u01b0\u1edbc sau:<\/p>\n<ul>\n<li>\u0110\u1ecbnh k\u1ef3 c\u1ea7n ph\u1ee7i, gi\u0169 ru\u1ed9t g\u1ed1i b\u00f4ng l\u00f4ng v\u0169. Th\u1ec9nh tho\u1ea3ng n\u00ean ph\u01a1i ngo\u00e0i tr\u1eddi ho\u1eb7c m\u1edf c\u1eeda s\u1ed5 trong v\u00e0i gi\u1edd \u0111\u1ec3 bay h\u1ebft h\u01a1i \u1ea9m<\/li>\n<li>V\u1ed7 \u0111\u1eadp tr\u01b0\u1edbc khi \u0111i ng\u1ee7 \u0111\u1ec3 ru\u1ed9t \u0111\u01b0\u1ee3c l\u01b0u th\u00f4ng kh\u00f4ng kh\u00ed v\u00e0 m\u1ec1m x\u1ed1p h\u01a1n<\/li>\n<li>N\u1ebfu l\u00f4ng v\u0169 nh\u1ed3i trong ru\u1ed9t b\u1ecb x\u00f4 d\u1ed3n l\u1ea1i m\u1ed9t ch\u1ed7, d\u00e0n tr\u1ea3i l\u1ea1i \u0111\u01a1n gi\u1ea3n b\u1eb1ng c\u00e1ch tr\u1ea3i ru\u1ed9t tr\u00ean m\u1ed9t m\u1eb7t ph\u1eb3ng v\u00e0 v\u1ed7 \u0111\u1ea9y l\u00f4ng v\u0169 \u0111\u1ebfn ch\u1ed7 b\u1ecb tr\u1ed1ng b\u1eb1ng tay<\/li>\n<li>Khi kh\u00f4ng s\u1eed d\u1ee5ng: C\u1ea5t gi\u1eef c\u1ea9n th\u1eadn \u1edf n\u01a1i kh\u00f4 tho\u00e1ng; n\u00ean c\u1ea5t trong t\u00fai v\u1ea3i hay t\u00fai tho\u00e1ng kh\u00ed<\/li>\n<li>Khi l\u1ea5y s\u1ea3n ph\u1ea9m ra kh\u1ecfi t\u00fai \u0111\u1ef1ng, c\u1ea7n gi\u0169 \u0111\u1eadp l\u1ea1i v\u00e0 ph\u01a1i v\u00e0i gi\u1edd \u0111\u1ec3 cho ru\u1ed9t g\u1ed1i ph\u1ed3ng x\u1ed1p tr\u1edf l\u1ea1i<\/li>\n<\/ul>\n","protected":false},"excerpt":{"rendered":"<p>TH\u00d4NG S\u1ed0 K\u0128 THU\u1eacT Ch\u1ea5t li\u1ec7u: Ru\u1ed9t g\u1ed1i n\u1eb1m Thanh Th\u1ee7y \u0111\u01b0\u1ee3c l\u00e0m t\u1eeb c\u00e1c s\u1ee3i nh\u00e2n t\u1ea1o \u0111\u01b0\u1ee3c x\u1eed l\u00fd v\u00f4 tr\u00f9ng, kh\u00e1ng k &#8230; <a title=\"Ru\u1ed9t g\u1ed1i n\u1eb1m Thanh Th\u1ee7y &#8211; THANH TH\u1ee6Y\" class=\"read-more\" href=\"https:\/\/chanrathanhthuy.com\/ja\/product\/ruot-goi-nam-thanh-thuy-thanh-thuy\/\" aria-label=\"More on Ru\u1ed9t g\u1ed1i n\u1eb1m Thanh Th\u1ee7y &#8211; THANH TH\u1ee6Y\">Read more<\/a><\/p>\n","protected":false},"featured_media":89313,"comment_status":"open","ping_status":"closed","template":"","meta":{"_acf_changed":false,"inline_featured_image":false},"product_cat":[1960,1933],"product_tag":[],"class_list":{"0":"post-77058","1":"product","2":"type-product","3":"status-publish","4":"has-post-thumbnail","6":"product_cat-chan-ga-gia-dinh","7":"product_cat-ruot-goi-phu-kien-khac","8":"pa_phan-loai-ruot-nam-ruot-goi-thanh-thuy","9":"pa_phan-loai-ruot-nam-ruot-mau-ngau-nhien","11":"first","12":"instock","13":"taxable","14":"shipping-taxable","15":"purchasable","16":"product-type-variable","17":"rtwpvg-product"},"acf":[],"_links":{"self":[{"href":"https:\/\/chanrathanhthuy.com\/ja\/wp-json\/wp\/v2\/product\/77058","targetHints":{"allow":["GET"]}}],"collection":[{"href":"https:\/\/chanrathanhthuy.com\/ja\/wp-json\/wp\/v2\/product"}],"about":[{"href":"https:\/\/chanrathanhthuy.com\/ja\/wp-json\/wp\/v2\/types\/product"}],"replies":[{"embeddable":true,"href":"https:\/\/chanrathanhthuy.com\/ja\/wp-json\/wp\/v2\/comments?post=77058"}],"wp:featuredmedia":[{"embeddable":true,"href":"https:\/\/chanrathanhthuy.com\/ja\/wp-json\/wp\/v2\/media\/89313"}],"wp:attachment":[{"href":"https:\/\/chanrathanhthuy.com\/ja\/wp-json\/wp\/v2\/media?parent=77058"}],"wp:term":[{"taxonomy":"product_cat","embeddable":true,"href":"https:\/\/chanrathanhthuy.com\/ja\/wp-json\/wp\/v2\/product_cat?post=77058"},{"taxonomy":"product_tag","embeddable":true,"href":"https:\/\/chanrathanhthuy.com\/ja\/wp-json\/wp\/v2\/product_tag?post=77058"}],"curies":[{"name":"wp","href":"https:\/\/api.w.org\/{rel}","templated":true}]}}