{"id":77126,"date":"2025-05-17T02:14:10","date_gmt":"2025-05-17T02:14:10","guid":{"rendered":"https:\/\/chanrathanhthuy.com\/?post_type=product&#038;p=77126"},"modified":"2025-07-04T06:58:43","modified_gmt":"2025-07-04T06:58:43","slug":"goi-cao-su-dan-hoi-khang-khuan-chong-dau-moi-co-vai-gay-thanh-thuy","status":"publish","type":"product","link":"https:\/\/chanrathanhthuy.com\/ja\/product\/goi-cao-su-dan-hoi-khang-khuan-chong-dau-moi-co-vai-gay-thanh-thuy\/","title":{"rendered":"G\u1ed1i Cao Su \u0110\u00e0n H\u1ed3i, Kh\u00e1ng Khu\u1ea9n, Ch\u1ed1ng \u0110au M\u1ecfi C\u1ed5 Vai G\u00e1y &#8211; THANH THUY"},"content":{"rendered":"<p>M\u00d4 T\u1ea2 S\u1ea2N PH\u1ea8M<\/p>\n<ul>\n<li>G\u1ed1i cao su \u0111\u01b0\u1ee3c l\u00e0m t\u1eeb cao su non t\u1ef1 nhi\u00ean \u0111\u00e0n h\u1ed3i, mang \u0111\u1ebfn c\u1ea3m gi\u00e1c \u00eam \u00e1i, th\u00f4ng tho\u00e1ng, h\u1ed7 tr\u1ee3 n\u00e2ng \u0111\u1ee1 c\u1ed5 v\u00e0 \u0111\u1ea7u m\u1ed9t c\u00e1ch t\u1ed1i \u01b0u. V\u1edbi thi\u1ebft k\u1ebf th\u00f4ng minh, g\u1ed1i gi\u00fap gi\u1ea3m \u0111au m\u1ecfi c\u1ed5 vai g\u00e1y, c\u1ea3i thi\u1ec7n ch\u1ea5t l\u01b0\u1ee3ng gi\u1ea5c ng\u1ee7, mang l\u1ea1i cho b\u1ea1n nh\u1eefng gi\u1ea5c ng\u1ee7 s\u00e2u v\u00e0 ngon gi\u1ea5c.<\/li>\n<\/ul>\n<p>\u0110\u1eb6C \u0110I\u1ec2M N\u1ed4I B\u1eacT:<\/p>\n<ul>\n<li>Ch\u1ea5t li\u1ec7u cao c\u1ea5p: G\u1ed1i \u0111\u01b0\u1ee3c l\u00e0m t\u1eeb cao su t\u1ef1 nhi\u00ean, \u0111\u1ea3m b\u1ea3o \u0111\u1ed9 b\u1ec1n cao, \u0111\u00e0n h\u1ed3i t\u1ed1t v\u00e0 an to\u00e0n cho s\u1ee9c kh\u1ecfe.<\/li>\n<li>H\u1ed7 tr\u1ee3 c\u1ed9t s\u1ed1ng c\u1ed5: Thi\u1ebft k\u1ebf th\u00f4ng minh gi\u00fap n\u00e2ng \u0111\u1ee1 c\u1ed9t s\u1ed1ng c\u1ed5 \u1edf t\u01b0 th\u1ebf t\u1ef1 nhi\u00ean, gi\u1ea3m \u0111au m\u1ecfi v\u00e0 c\u0103ng th\u1eb3ng.<\/li>\n<li>Th\u1edf tho\u00e1ng, kh\u00f4ng g\u00e2y b\u00ed b\u1ee9c: L\u1ed7 th\u00f4ng h\u01a1i nh\u1ecf li ti tr\u00ean b\u1ec1 m\u1eb7t g\u1ed1i gi\u00fap kh\u00f4ng kh\u00ed l\u01b0u th\u00f4ng t\u1ed1t, mang l\u1ea1i c\u1ea3m gi\u00e1c m\u00e1t m\u1ebb v\u00e0 d\u1ec5 ch\u1ecbu.<\/li>\n<li>V\u1ec7 sinh d\u1ec5 d\u00e0ng: B\u1ec1 m\u1eb7t g\u1ed1i tr\u01a1n nh\u1eb5n, d\u1ec5 d\u00e0ng v\u1ec7 sinh b\u1eb1ng kh\u0103n \u1ea9m ho\u1eb7c m\u00e1y gi\u1eb7t.<\/li>\n<li>Tu\u1ed5i th\u1ecd cao: V\u1edbi ch\u1ea5t li\u1ec7u cao c\u1ea5p v\u00e0 c\u00f4ng ngh\u1ec7 s\u1ea3n xu\u1ea5t hi\u1ec7n \u0111\u1ea1i, g\u1ed1i cao su non Thanh Th\u1ee7y c\u00f3 tu\u1ed5i th\u1ecd r\u1ea5t cao.<\/li>\n<li>S\u1ea3n ph\u1ea9m \u0111\u01b0\u1ee3c s\u1ea3n xu\u1ea5t tr\u00ean d\u00e2y chuy\u1ec1n c\u00f4ng ngh\u1ec7 hi\u1ec7n \u0111\u1ea1i, \u0111\u1ea3m b\u1ea3o ch\u1ea5t l\u01b0\u1ee3ng v\u00e0 an to\u00e0n cho ng\u01b0\u1eddi s\u1eed d\u1ee5ng.<\/li>\n<\/ul>\n<p>H\u01af\u1edaNG D\u1eaaN S\u1eec D\u1ee4NG V\u00c0 B\u1ea2O QU\u1ea2N:<\/p>\n<ul>\n<li>Tr\u00e1nh \u00e1nh n\u1eafng tr\u1ef1c ti\u1ebfp: Ti\u1ebfp x\u00fac v\u1edbi \u00e1nh n\u1eafng m\u1eb7t tr\u1eddi trong th\u1eddi gian d\u00e0i c\u00f3 th\u1ec3 l\u00e0m gi\u1ea3m tu\u1ed5i th\u1ecd c\u1ee7a g\u1ed1i v\u00e0 l\u00e0m bi\u1ebfn d\u1ea1ng ch\u1ea5t li\u1ec7u cao su.<\/li>\n<li>Tr\u00e1nh n\u01a1i \u1ea9m \u01b0\u1edbt: \u0110\u1ed9 \u1ea9m cao s\u1ebd l\u00e0m m\u1ed1c v\u00e0 g\u00e2y m\u00f9i h\u00f4i cho g\u1ed1i. N\u00ean ph\u01a1i g\u1ed1i \u1edf n\u01a1i kh\u00f4 r\u00e1o, tho\u00e1ng m\u00e1t.<\/li>\n<li>Kh\u00f4ng gi\u1eb7t g\u1ed1i b\u1eb1ng m\u00e1y gi\u1eb7t: Vi\u1ec7c gi\u1eb7t g\u1ed1i b\u1eb1ng m\u00e1y gi\u1eb7t c\u00f3 th\u1ec3 l\u00e0m h\u1ecfng c\u1ea5u tr\u00fac c\u1ee7a g\u1ed1i.<\/li>\n<li>Lau ch\u00f9i b\u1eb1ng kh\u0103n \u1ea9m: D\u00f9ng kh\u0103n \u1ea9m v\u1eaft kh\u00f4 \u0111\u1ec3 lau s\u1ea1ch c\u00e1c v\u1ebft b\u1ea9n.<\/li>\n<li>Ph\u01a1i kh\u00f4: Sau khi v\u1ec7 sinh, ph\u01a1i g\u1ed1i \u1edf n\u01a1i tho\u00e1ng m\u00e1t, tr\u00e1nh \u00e1nh n\u1eafng tr\u1ef1c ti\u1ebfp.<\/li>\n<\/ul>\n<p>#goicaosu #goicaosunon #goicap #gonsungon #suckhoe #giacngu #noithat #dodungngungon #goithoangmat #goidanhoi #goichongdaumoi #goihotrocotsong #goituthiennhien #goicapcap #goichobe #goichobau #lamdep #giacuongsuckhoe #cuocsongkhoemanh #giacngu #memmai #thamhut #thoangmat<\/p>\n","protected":false},"excerpt":{"rendered":"<p>M\u00d4 T\u1ea2 S\u1ea2N PH\u1ea8M G\u1ed1i cao su \u0111\u01b0\u1ee3c l\u00e0m t\u1eeb cao su non t\u1ef1 nhi\u00ean \u0111\u00e0n h\u1ed3i, mang \u0111\u1ebfn c\u1ea3m gi\u00e1c \u00eam \u00e1i, th\u00f4ng tho\u00e1ng, h\u1ed7 t &#8230; <a title=\"G\u1ed1i Cao Su \u0110\u00e0n H\u1ed3i, Kh\u00e1ng Khu\u1ea9n, Ch\u1ed1ng \u0110au M\u1ecfi C\u1ed5 Vai G\u00e1y &#8211; THANH THUY\" class=\"read-more\" href=\"https:\/\/chanrathanhthuy.com\/ja\/product\/goi-cao-su-dan-hoi-khang-khuan-chong-dau-moi-co-vai-gay-thanh-thuy\/\" aria-label=\"More on G\u1ed1i Cao Su \u0110\u00e0n H\u1ed3i, Kh\u00e1ng Khu\u1ea9n, Ch\u1ed1ng \u0110au M\u1ecfi C\u1ed5 Vai G\u00e1y &#8211; THANH THUY\">Read more<\/a><\/p>\n","protected":false},"featured_media":78455,"comment_status":"open","ping_status":"closed","template":"","meta":{"_acf_changed":false,"inline_featured_image":false},"product_cat":[1933,1960],"product_tag":[],"class_list":{"0":"post-77126","1":"product","2":"type-product","3":"status-publish","4":"has-post-thumbnail","6":"product_cat-ruot-goi-phu-kien-khac","7":"product_cat-chan-ga-gia-dinh","9":"first","10":"instock","11":"taxable","12":"shipping-taxable","13":"purchasable","14":"product-type-variable","15":"rtwpvg-product"},"acf":[],"_links":{"self":[{"href":"https:\/\/chanrathanhthuy.com\/ja\/wp-json\/wp\/v2\/product\/77126","targetHints":{"allow":["GET"]}}],"collection":[{"href":"https:\/\/chanrathanhthuy.com\/ja\/wp-json\/wp\/v2\/product"}],"about":[{"href":"https:\/\/chanrathanhthuy.com\/ja\/wp-json\/wp\/v2\/types\/product"}],"replies":[{"embeddable":true,"href":"https:\/\/chanrathanhthuy.com\/ja\/wp-json\/wp\/v2\/comments?post=77126"}],"wp:featuredmedia":[{"embeddable":true,"href":"https:\/\/chanrathanhthuy.com\/ja\/wp-json\/wp\/v2\/media\/78455"}],"wp:attachment":[{"href":"https:\/\/chanrathanhthuy.com\/ja\/wp-json\/wp\/v2\/media?parent=77126"}],"wp:term":[{"taxonomy":"product_cat","embeddable":true,"href":"https:\/\/chanrathanhthuy.com\/ja\/wp-json\/wp\/v2\/product_cat?post=77126"},{"taxonomy":"product_tag","embeddable":true,"href":"https:\/\/chanrathanhthuy.com\/ja\/wp-json\/wp\/v2\/product_tag?post=77126"}],"curies":[{"name":"wp","href":"https:\/\/api.w.org\/{rel}","templated":true}]}}