{"id":77630,"date":"2025-05-19T08:10:18","date_gmt":"2025-05-19T08:10:18","guid":{"rendered":"https:\/\/chanrathanhthuy.com\/?post_type=product&#038;p=77630"},"modified":"2025-11-05T08:53:38","modified_gmt":"2025-11-05T08:53:38","slug":"chan-chan-bong-cao-cap-lua-chevery-modal-tencel-modal-mau-thoang-mat-thanh-thuy","status":"publish","type":"product","link":"https:\/\/chanrathanhthuy.com\/ja\/product\/chan-chan-bong-cao-cap-lua-chevery-modal-tencel-modal-mau-thoang-mat-thanh-thuy\/","title":{"rendered":"Ch\u0103n ch\u1ea7n b\u00f4ng cao c\u1ea5p &#8211; L\u1ee5a Chevery Modal (Tencel Modal) M\u00e0u &#8211; tho\u00e1ng m\u00e1t &#8211; THANH THUY"},"content":{"rendered":"<h5>Ch\u0103n ch\u1ea7n b\u00f4ng cao c\u1ea5p &#8211; L\u1ee5a Chevery Modal (Tencel Modal) M\u00e0u &#8211; tho\u00e1ng m\u00e1t &#8211; THANH THUY<\/h5>\n<h5>TH\u00d4NG S\u1ed0 K\u0128 THU\u1eacT<\/h5>\n<ul>\n<li>S\u1ea3n ph\u1ea9m: Ch\u0103n ch\u1ea7n b\u00f4ng L\u1ee5a Chevery Modal<\/li>\n<li>M\u00e0u: Tr\u01a1n<\/li>\n<li>Th\u00e0nh ph\u1ea7n: L\u1ee5a Chevery Modal<\/li>\n<li>K\u00edch th\u01b0\u1edbc: 2mx2m2<\/li>\n<\/ul>\n<h5>\u01afU \u0110I\u1ec2M V\u01af\u1ee2T TR\u1ed8I B\u1ed8 RA L\u1ee4A CHEVERY MODAL M\u00c0U<\/h5>\n<ul>\n<li>\u0110\u1ed9 b\u1ec1n cao, kh\u00f3 x\u00f9 l\u00f4ng, kh\u00f4ng phai m\u00e0u<\/li>\n<li>Th\u1ea5m h\u00fat m\u1ed3 h\u00f4i, h\u00fat \u1ea9m, th\u1ea5m m\u1ed3 h\u00f4i, gi\u1ea3m nhi\u1ec7t, mang l\u1ea1i s\u1ef1 tho\u1ea3i m\u00e1i cho ng\u01b0\u1eddi n\u1eb1m<\/li>\n<li>An to\u00e0n v\u1edbi l\u00e0n da nh\u1ea1y c\u1ea3m \u2013 ng\u01b0\u1eddi d\u1ecb \u1ee9ng b\u1ee5i v\u1ea3i<\/li>\n<li>Tho\u00e1ng m\u00e1t \u2013 m\u1ec1m m\u1ecbn<\/li>\n<li>Gi\u1eb7t nhanh kh\u00f4<\/li>\n<\/ul>\n<p>\u0110\u00f4i khi b\u1ea1n c\u1ea3m th\u1ea5y nh\u00e0m ch\u00e1n v\u1edbi nh\u1eefng b\u1ed9 ch\u0103n ga g\u1ed1i nhi\u1ec1u m\u00e0u s\u1eafc v\u00e0 mu\u1ed1n t\u00ecm \u0111\u1ebfn m\u1ed9t b\u1ed9 ch\u0103n ga g\u1ed1i th\u1eadt \u0111\u01a1n gi\u1ea3n. Th\u00ec ch\u1eafc h\u1eb3n r\u1eb1ng b\u1ed9 drap g\u1ed1i n\u00e0y s\u1ebd l\u00e0 l\u1ef1a ch\u1ecdn ph\u00f9 h\u1ee3p d\u00e0nh cho b\u1ea1n. S\u1ef1 ti\u1ebft ch\u1ebf h\u1ecda ti\u1ebft v\u1eabn kh\u00f4ng l\u00e0m gi\u1ea3m s\u1ef1 tinh t\u1ebf c\u1ee7a c\u00e1c b\u1ed9 ga. S\u1ea3n ph\u1ea9m \u0111\u01b0\u1ee3c thi\u1ebft k\u1ebf theo phong c\u00e1ch hi\u1ec7n \u0111\u1ea1i, n\u0103ng \u0111\u1ed9ng v\u00e0 m\u1edbi m\u1ebb.<\/p>\n<h5>H\u01af\u1edaNG D\u1eaaN S\u1eec D\u1ee4NG V\u00c0 B\u1ea2O QU\u1ea2N B\u1ed8 RA L\u1ee4A CHEVERY MODAL M\u00c0U<\/h5>\n<ul>\n<li>Kh\u00f4ng cho n\u01b0\u1edbc t\u1ea9y tr\u1ef1c ti\u1ebfp l\u00ean s\u1ea3n ph\u1ea9m ch\u0103n ga th\u00eau ch\u00e2n\/ch\u0103n ga th\u00eau hoa khi gi\u1eb7t<\/li>\n<li>Gi\u1eb7t b\u1eb1ng tay: H\u00f2a n\u01b0\u1edbc x\u00e0 ph\u00f2ng lo\u00e3ng, ng\u00e2m kho\u1ea3ng 20 r\u1ed3i v\u00f2 nh\u1eb9 v\u00e0 x\u1ea3 n\u01b0\u1edbc<\/li>\n<li>N\u1ebfu gi\u1eb7t b\u1eb1ng m\u00e1y gi\u1eb7t: N\u00ean cho s\u1ea3n ph\u1ea9m v\u00e0o t\u00fai gi\u1eb7t chuy\u00ean d\u1ee5ng. L\u1ef1a ch\u1ecdn ch\u1ebf \u0111\u1ed9 gi\u1eb7t nh\u1eb9<\/li>\n<li>H\u1ea1n ch\u1ebf s\u1eed d\u1ee5ng nhi\u1ec1u h\u00f3a ch\u1ea5t ho\u1eb7c ch\u1ea5t t\u1ea9y r\u1eeda khi gi\u1eb7t<\/li>\n<li>Ph\u1ea3i ph\u01a1i s\u1ea3n ph\u1ea9m trong r\u00e2m, c\u00f3 gi\u00f3 nh\u1eb9<\/li>\n<li>Kh\u00f4ng ph\u01a1i s\u1ea3n ph\u1ea9m d\u01b0\u1edbi \u00e1nh n\u1eafng m\u1eb7t tr\u1eddi tr\u1ef1c ti\u1ebfp; d\u00f9ng c\u00e1c thi\u1ebft b\u1ecb \u0111\u1ec3 s\u1ea5y kh\u00f4, kh\u00f4ng l\u00e0 (\u1ee7i) s\u1ea3n ph\u1ea9m<\/li>\n<li>B\u1ea3o qu\u1ea3n s\u1ea3n ph\u1ea9m trong t\u00fai chuy\u00ean d\u1ee5ng \u1edf n\u01a1i kh\u00f4 r\u00e1o, tho\u00e1ng kh\u00ed<\/li>\n<\/ul>\n<h5>L\u01afU \u00dd:<\/h5>\n<ul>\n<li>H\u00ecnh \u1ea3nh th\u1eadt do THANHTHUY ch\u1ee5p, s\u1ebd c\u00f3 s\u1ef1 ch\u00eanh l\u1ec7ch 3%-5% v\u1ec1 m\u00e0u s\u1eafc, \u00e1nh s\u00e1ng c\u0169ng nh\u01b0 c\u00e1c y\u00eau t\u1ed1 kh\u00e1c.<\/li>\n<\/ul>\n","protected":false},"excerpt":{"rendered":"<p>Ch\u0103n ch\u1ea7n b\u00f4ng cao c\u1ea5p &#8211; L\u1ee5a Chevery Modal (Tencel Modal) M\u00e0u &#8211; tho\u00e1ng m\u00e1t &#8211; THANH THUY TH\u00d4N &#8230; <a title=\"Ch\u0103n ch\u1ea7n b\u00f4ng cao c\u1ea5p &#8211; L\u1ee5a Chevery Modal (Tencel Modal) M\u00e0u &#8211; tho\u00e1ng m\u00e1t &#8211; THANH THUY\" class=\"read-more\" href=\"https:\/\/chanrathanhthuy.com\/ja\/product\/chan-chan-bong-cao-cap-lua-chevery-modal-tencel-modal-mau-thoang-mat-thanh-thuy\/\" aria-label=\"More on Ch\u0103n ch\u1ea7n b\u00f4ng cao c\u1ea5p &#8211; L\u1ee5a Chevery Modal (Tencel Modal) M\u00e0u &#8211; tho\u00e1ng m\u00e1t &#8211; THANH THUY\">Read more<\/a><\/p>\n","protected":false},"featured_media":88806,"comment_status":"open","ping_status":"closed","template":"","meta":{"_acf_changed":false,"inline_featured_image":false},"product_cat":[1960,2063,2173],"product_tag":[],"class_list":{"0":"post-77630","1":"product","2":"type-product","3":"status-publish","4":"has-post-thumbnail","6":"product_cat-chan-ga-gia-dinh","7":"product_cat-chan-ga-goi-lua","8":"product_cat-chevery-modal","10":"first","11":"instock","12":"taxable","13":"shipping-taxable","14":"purchasable","15":"product-type-variable","16":"has-default-attributes","17":"rtwpvg-product"},"acf":[],"_links":{"self":[{"href":"https:\/\/chanrathanhthuy.com\/ja\/wp-json\/wp\/v2\/product\/77630","targetHints":{"allow":["GET"]}}],"collection":[{"href":"https:\/\/chanrathanhthuy.com\/ja\/wp-json\/wp\/v2\/product"}],"about":[{"href":"https:\/\/chanrathanhthuy.com\/ja\/wp-json\/wp\/v2\/types\/product"}],"replies":[{"embeddable":true,"href":"https:\/\/chanrathanhthuy.com\/ja\/wp-json\/wp\/v2\/comments?post=77630"}],"wp:featuredmedia":[{"embeddable":true,"href":"https:\/\/chanrathanhthuy.com\/ja\/wp-json\/wp\/v2\/media\/88806"}],"wp:attachment":[{"href":"https:\/\/chanrathanhthuy.com\/ja\/wp-json\/wp\/v2\/media?parent=77630"}],"wp:term":[{"taxonomy":"product_cat","embeddable":true,"href":"https:\/\/chanrathanhthuy.com\/ja\/wp-json\/wp\/v2\/product_cat?post=77630"},{"taxonomy":"product_tag","embeddable":true,"href":"https:\/\/chanrathanhthuy.com\/ja\/wp-json\/wp\/v2\/product_tag?post=77630"}],"curies":[{"name":"wp","href":"https:\/\/api.w.org\/{rel}","templated":true}]}}