{"id":77807,"date":"2025-05-20T03:10:49","date_gmt":"2025-05-20T03:10:49","guid":{"rendered":"https:\/\/chanrathanhthuy.com\/?post_type=product&#038;p=77807"},"modified":"2025-11-05T09:23:46","modified_gmt":"2025-11-05T09:23:46","slug":"chan-chan-bong-100-cotton-satin-mem-mai-thoang-mat-thanh-thuy-2","status":"publish","type":"product","link":"https:\/\/chanrathanhthuy.com\/ja\/product\/chan-chan-bong-100-cotton-satin-mem-mai-thoang-mat-thanh-thuy-2\/","title":{"rendered":"Ch\u0103n Ch\u1ea7n B\u00f4ng &#8211; 100% Cotton Satin &#8211; m\u1ec1m m\u1ea1i, tho\u00e1ng m\u00e1t &#8211; THANH THUY"},"content":{"rendered":"<h5>TH\u00d4NG S\u1ed0 K\u0128 THU\u1eacT<\/h5>\n<ul>\n<li>S\u1ea3n ph\u1ea9m: Ch\u0103n ch\u1ea7n b\u00f4ng Cotton Satin<\/li>\n<li>Th\u00e0nh ph\u1ea7n: Cotton Satin<\/li>\n<li>K\u00edch th\u01b0\u1edbc: 1m8x2m, 2mx2m2<\/li>\n<\/ul>\n<p>V\u1ea3i cotton satin l\u00e0 v\u1ea3i s\u1ee3i cotton \u0111\u01b0\u1ee3c d\u1ec7t theo ki\u1ec3u d\u1ec7t c\u1ee7a satin n\u00ean t\u1ea1o th\u00eam \u0111\u1ed9 \u00e1nh v\u00e0 tr\u01a1n m\u00e1t cho s\u1ea3n ph\u1ea9m v\u00ec v\u1ea3i d\u1ec7t \u00e1p d\u1ee5ng k\u1ef9 thu\u1eadt d\u1ec7t v\u00e2n \u0111o\u1ea1n t\u1ea1o \u00edt s\u1ef1 \u0111an k\u1ebft gi\u1eefa s\u1ee3i ngang v\u00e0 s\u1ee3i d\u1ecdc (satin-weave). Qua k\u1ef9 thu\u1eadt d\u1ec7t \u0111\u00f3, v\u1ea3i c\u00f3 b\u1ec1 m\u1eb7t l\u00e1ng v\u00e0 b\u00f3ng \u1edf m\u1eb7t tr\u00ean v\u00e0 th\u00f4 m\u1edd \u1edf m\u1eb7t d\u01b0\u1edbi.<\/p>\n<h5>\u01afU \u0110I\u1ec2M V\u01af\u1ee2T TR\u1ed8I B\u1ed8 CH\u0102N GA COTTON SATIN<\/h5>\n<ul>\n<li>M\u1ec1m m\u1ea1i, m\u1ecbn m\u00e1t, c\u00f3 \u0111\u1ed9 b\u00f3ng nh\u1eb9 \u1edf m\u1eb7t v\u1ea3i<\/li>\n<li>Kh\u1ea3 n\u0103ng th\u1ea5m h\u00fat m\u1ed3 h\u00f4i t\u1ed1t v\u00e0 tho\u00e1ng kh\u00ed<\/li>\n<li>\u0110\u1ed9 b\u1ec1n cao<\/li>\n<\/ul>\n<h5>H\u01af\u1edaNG D\u1eaaN S\u1eec D\u1ee4NG V\u00c0 B\u1ea2O QU\u1ea2N CH\u0102N RA G\u1ed0I COTTON<\/h5>\n<ul>\n<li>\u0110\u1ec3 s\u1ea3n ph\u1ea9m s\u1eed d\u1ee5ng \u0111\u01b0\u1ee3c l\u00e2u v\u00e0 b\u1ec1n m\u00e0u, b\u1ea1n h\u00e3y l\u01b0u gi\u1eef c\u00e1c th\u00f4ng tin sau \u0111\u1ec3 b\u1ea3o qu\u1ea3n v\u00e0 v\u1ec7 sinh ch\u0103n ga g\u1ed1i n\u1ec7m:<\/li>\n<li>Ph\u00e2n lo\u1ea1i v\u1ea3i theo m\u00e0u s\u00e1ng hay m\u00e0u t\u1ed1i. Tr\u00e1nh gi\u1eb7t chung v\u1edbi nhau<\/li>\n<li>H\u1ea1n ch\u1ebf s\u1eed d\u1ee5ng c\u00e1c ch\u1ea5t t\u1ea9y, n\u00ean x\u1ea3 b\u1eb1ng n\u01b0\u1edbc l\u1ea1nh<\/li>\n<li>\u0110\u1ec3 n\u01b0\u1edbc trong m\u00e1y gi\u1eb7t \u0111\u1ea7y tr\u01b0\u1edbc khi cho b\u1ed9t gi\u1eb7t v\u00e0o<\/li>\n<li>V\u1ec7 sinh ch\u0103n ga g\u1ed1i \u0111\u1ecbnh k\u1ef3<\/li>\n<li>L\u00e0 (\u1ee7i) khi ga c\u00f2n h\u01a1i \u1ea9m. L\u00e0 \u1edf m\u1eb7t tr\u00e1i nh\u1eb1m tr\u00e1nh \u1ea3nh h\u01b0\u1edfng c\u00e1c \u0111\u01b0\u1eddng th\u00eau \u1edf m\u1eb7t tr\u00ean. Ch\u00fa \u00fd \u0111\u1ebfn c\u00e1c tem h\u01b0\u1edbng d\u1eabn l\u00e0, \u1ee7i c\u00f3 \u0111i k\u00e8m v\u1edbi ga \u0111\u1ec3 c\u00f3 th\u1ec3 \u0111i\u1ec1u ch\u1ec9nh nhi\u1ec7t \u0111\u1ed9 t\u1ed1t nh\u1ea5t. \u0110\u1eb7c bi\u1ec7t l\u01b0u \u00fd KH\u00d4NG l\u00e0 v\u1edbi v\u1ea3i b\u00f4ng&#8230;<\/li>\n<\/ul>\n<h5>L\u01afU \u00dd:<\/h5>\n<ul>\n<li>H\u00ecnh \u1ea3nh th\u1eadt do THANHTHUY ch\u1ee5p, s\u1ebd c\u00f3 s\u1ef1 ch\u00eanh l\u1ec7ch 3%-5% v\u1ec1 m\u00e0u s\u1eafc, \u00e1nh s\u00e1ng c\u0169ng nh\u01b0 c\u00e1c y\u00eau t\u1ed1 kh\u00e1c<\/li>\n<\/ul>\n","protected":false},"excerpt":{"rendered":"<p>TH\u00d4NG S\u1ed0 K\u0128 THU\u1eacT S\u1ea3n ph\u1ea9m: Ch\u0103n ch\u1ea7n b\u00f4ng Cotton Satin Th\u00e0nh ph\u1ea7n: Cotton Satin K\u00edch th\u01b0\u1edbc: 1m8x2m, 2mx2m2 V\u1ea3 &#8230; <a title=\"Ch\u0103n Ch\u1ea7n B\u00f4ng &#8211; 100% Cotton Satin &#8211; m\u1ec1m m\u1ea1i, tho\u00e1ng m\u00e1t &#8211; THANH THUY\" class=\"read-more\" href=\"https:\/\/chanrathanhthuy.com\/ja\/product\/chan-chan-bong-100-cotton-satin-mem-mai-thoang-mat-thanh-thuy-2\/\" aria-label=\"More on Ch\u0103n Ch\u1ea7n B\u00f4ng &#8211; 100% Cotton Satin &#8211; m\u1ec1m m\u1ea1i, tho\u00e1ng m\u00e1t &#8211; THANH THUY\">Read more<\/a><\/p>\n","protected":false},"featured_media":88851,"comment_status":"open","ping_status":"closed","template":"","meta":{"_acf_changed":false,"inline_featured_image":false},"product_cat":[1960,1932,1971],"product_tag":[],"class_list":{"0":"post-77807","1":"product","2":"type-product","3":"status-publish","4":"has-post-thumbnail","6":"product_cat-chan-ga-gia-dinh","7":"product_cat-chan-ga-goi-cotton","8":"product_cat-cotton-satin","10":"first","11":"instock","12":"taxable","13":"shipping-taxable","14":"purchasable","15":"product-type-variable","16":"rtwpvg-product"},"acf":[],"_links":{"self":[{"href":"https:\/\/chanrathanhthuy.com\/ja\/wp-json\/wp\/v2\/product\/77807","targetHints":{"allow":["GET"]}}],"collection":[{"href":"https:\/\/chanrathanhthuy.com\/ja\/wp-json\/wp\/v2\/product"}],"about":[{"href":"https:\/\/chanrathanhthuy.com\/ja\/wp-json\/wp\/v2\/types\/product"}],"replies":[{"embeddable":true,"href":"https:\/\/chanrathanhthuy.com\/ja\/wp-json\/wp\/v2\/comments?post=77807"}],"wp:featuredmedia":[{"embeddable":true,"href":"https:\/\/chanrathanhthuy.com\/ja\/wp-json\/wp\/v2\/media\/88851"}],"wp:attachment":[{"href":"https:\/\/chanrathanhthuy.com\/ja\/wp-json\/wp\/v2\/media?parent=77807"}],"wp:term":[{"taxonomy":"product_cat","embeddable":true,"href":"https:\/\/chanrathanhthuy.com\/ja\/wp-json\/wp\/v2\/product_cat?post=77807"},{"taxonomy":"product_tag","embeddable":true,"href":"https:\/\/chanrathanhthuy.com\/ja\/wp-json\/wp\/v2\/product_tag?post=77807"}],"curies":[{"name":"wp","href":"https:\/\/api.w.org\/{rel}","templated":true}]}}