{"id":79099,"date":"2025-05-23T02:35:41","date_gmt":"2025-05-23T02:35:41","guid":{"rendered":"https:\/\/chanrathanhthuy.com\/?post_type=product&#038;p=79099"},"modified":"2025-11-24T03:22:58","modified_gmt":"2025-11-24T03:22:58","slug":"bo-chan-ga-goi-chan-bong-5-mon-lua-modal-hoa-la-mem-mai-thoang-mat","status":"publish","type":"product","link":"https:\/\/chanrathanhthuy.com\/ja\/product\/bo-chan-ga-goi-chan-bong-5-mon-lua-modal-hoa-la-mem-mai-thoang-mat\/","title":{"rendered":"B\u1ed9 Ch\u0103n Ga G\u1ed1i Ch\u1ea7n B\u00f4ng 5 m\u00f3n &#8211; L\u1ee5a Modal &#8211; m\u1ec1m m\u1ea1i, tho\u00e1ng m\u00e1t"},"content":{"rendered":"<p>TH\u00d4NG S\u1ed0 K\u0128 THU\u1eacT &#8211; B\u1ed9 Ch\u0103n Ga G\u1ed1i Ch\u1ea7n B\u00f4ng 5 m\u00f3n &#8211; L\u1ee5a Modal<\/p>\n<ul>\n<li>T\u00ean s\u1ea3n ph\u1ea9m: L\u1ee5a Modal<\/li>\n<li>Ch\u1ea5t li\u1ec7u: L\u1ee5a Modal<\/li>\n<li>K\u00edch th\u01b0\u1edbc: 160&#215;200, 180&#215;200<\/li>\n<\/ul>\n<p>B\u1ed9 s\u1ea3n ph\u1ea9m bao g\u1ed3m:<\/p>\n<ul>\n<li>1 ga b\u1ecdc (chun) ch\u1ea7n b\u00f4ng<\/li>\n<li>2 v\u1ecf g\u1ed1i n\u1eb1m 50x70cm<\/li>\n<li>1 v\u1ecf g\u1ed1i \u00f4m 35x100cm<\/li>\n<li>1 ch\u0103n (m\u1ec1n) ch\u1ea7n g\u00f2n 200&#215;220<\/li>\n<\/ul>\n<p>Modal l\u00e0 lo\u1ea1i v\u1ea3i t\u01a1 nh\u00e2n t\u1ea1o \u0111\u01b0\u1ee3c l\u00e0m t\u1eeb ngu\u1ed3n cellulose t\u00e1i ch\u1ebf t\u1eeb c\u00e1c lo\u1ea1i c\u00e2y s\u1ed3i. Do v\u1eady, s\u1ee3i modal kh\u00f4ng ph\u1ea3i l\u00e0m t\u1eeb thi\u00ean nhi\u00ean, s\u1ea3n ph\u1ea9m c\u00f3 qua quy tr\u00ecnh x\u1eed l\u00fd kh\u00e1c nhau \u0111\u1ec3 t\u1ea1o th\u00e0nh. Nh\u01b0ng s\u1ee3i v\u1ea3i v\u1eabn \u0111\u1ea3m b\u1ea3o ti\u00eau ch\u00ed an to\u00e0n v\u00e0 th\u00e2n thi\u1ec7n v\u1edbi ng\u01b0\u1eddi d\u00f9ng. \u1ee8ng d\u1ee5ng nhi\u1ec1u trong l\u0129nh v\u1ef1c may m\u1eb7c, \u0111\u1eb7c bi\u1ec7t l\u00e0 ch\u0103n ga g\u1ed1i \u0111\u1ec7m.<\/p>\n<p>Ch\u0103n ga g\u1ed1i Modal l\u00e0 d\u00f2ng s\u1ea3n ph\u1ea9m do c\u00f4ng ty ch\u0103n ga g\u1ed1i \u0111\u1ec7m THANH THUY s\u1ea3n xu\u1ea5t. D\u00f2ng s\u1ea3n ph\u1ea9m ch\u0103n ga g\u1ed1i c\u00f3 nhi\u1ec1u m\u1eabu m\u00e3 m\u1edbi, \u0111a d\u1ea1ng c\u00e1c gam m\u00e0u v\u00e0 h\u1ecda ti\u1ebft nh\u1eb9 nh\u00e0ng, tinh t\u1ebf gi\u00fap ng\u01b0\u1eddi d\u00f9ng d\u1ec5 d\u00e0ng tham kh\u1ea3o l\u1ef1a ch\u1ecdn cho m\u00ecnh b\u1ed9 ch\u0103n ga ph\u00f9 h\u1ee3p. Mang \u0111\u1ebfn c\u1ea3m gi\u00e1c d\u1ec5 ch\u1ecbu, nh\u1eb9 nh\u00e0ng v\u00e0 \u00eam \u00e1i khi ngh\u1ec9 ng\u01a1i v\u00e0 th\u01b0 gi\u00e3n.<\/p>\n<h5>\u01afU \u0110I\u1ec2M C\u1ee6A D\u00d2NG V\u1ea2I L\u1ee4A MODAL<\/h5>\n<ul>\n<li>Ch\u1ed1ng co r\u00fat, b\u1ec1n m\u00e0u<\/li>\n<li>T\u00ednh ch\u1ea5t tho\u00e1ng kh\u00ed, m\u1ec1m m\u1ecbn, \u0111\u1ed9 th\u1ea5m h\u00fat cao<\/li>\n<li>Kh\u00f4ng g\u00e2y k\u00edch \u1ee9ng da<\/li>\n<li>Th\u00e2n thi\u1ec7n v\u1edbi m\u00f4i tr\u01b0\u1eddng, d\u1ec5 ph\u00e2n h\u1ee7y<\/li>\n<li>\u0110\u1ed9 b\u1ec1n cao h\u01a1n c\u00e1c lo\u1ea1i v\u1ea3i kh\u00e1c<\/li>\n<\/ul>\n<h5>H\u01af\u1edaNG D\u1eaaN S\u1eec D\u1ee4NG V\u00c0 B\u1ea2O QU\u1ea2N CH\u0102N RA G\u1ed0I L\u1ee4A MODAL<\/h5>\n<ul>\n<li>\u0110\u1ec3 \u0111\u1ea3m b\u1ea3o \u0111\u01b0\u1ee3c \u0111\u1ed9 b\u1ec1n v\u00e0 k\u00e9o d\u00e0i tu\u1ed5i th\u1ecd c\u1ee7a s\u1ea3n ph\u1ea9m, b\u1ea1n c\u1ea7n l\u01b0u \u00fd m\u1ed9t s\u1ed1 m\u1eb9o sau \u0111\u00e2y \u0111\u1ec3 b\u1ea3o qu\u1ea3n v\u00e0 v\u1ec7 sinh ch\u0103n drap g\u1ed1i b\u1eb1ng ch\u1ea5t li\u1ec7u Kh\u00f4ng d\u00f9ng h\u00f3a ch\u1ea5t t\u1ea9y r\u1eeda, n\u00ean d\u00f9ng c\u00e1c lo\u1ea1i x\u00e0 ph\u00f2ng trung t\u00ednh<\/li>\n<li>Gi\u1eb7t nh\u1eb9 nh\u00e0ng, v\u00e0 n\u00ean d\u00f9ng n\u01b0\u1edbc l\u1ea1nh trong l\u1ea7n gi\u1eb7t \u0111\u1ea7u ti\u00ean<\/li>\n<li>Kh\u00f4ng n\u00ean d\u00f9ng b\u00e0n ch\u1ea3i ch\u00e0 m\u1ea1nh l\u00ean b\u1ec1 m\u1eb7t v\u1ea3i<\/li>\n<li>T\u1ed1t nh\u1ea5t l\u00e0 kh\u00f4ng n\u00ean d\u00f9ng m\u00e1y gi\u1eb7t ho\u1eb7c m\u00e1y s\u1ea5y l\u00e0m kh\u00f4 v\u1ea3i.<\/li>\n<\/ul>\n","protected":false},"excerpt":{"rendered":"<p>TH\u00d4NG S\u1ed0 K\u0128 THU\u1eacT &#8211; B\u1ed9 Ch\u0103n Ga G\u1ed1i Ch\u1ea7n B\u00f4ng 5 m\u00f3n &#8211; L\u1ee5a Modal T\u00ean s\u1ea3n ph\u1ea9m: L\u1ee5a Modal Ch\u1ea5t li\u1ec7u:  &#8230; <a title=\"B\u1ed9 Ch\u0103n Ga G\u1ed1i Ch\u1ea7n B\u00f4ng 5 m\u00f3n &#8211; L\u1ee5a Modal &#8211; m\u1ec1m m\u1ea1i, tho\u00e1ng m\u00e1t\" class=\"read-more\" href=\"https:\/\/chanrathanhthuy.com\/ja\/product\/bo-chan-ga-goi-chan-bong-5-mon-lua-modal-hoa-la-mem-mai-thoang-mat\/\" aria-label=\"More on B\u1ed9 Ch\u0103n Ga G\u1ed1i Ch\u1ea7n B\u00f4ng 5 m\u00f3n &#8211; L\u1ee5a Modal &#8211; m\u1ec1m m\u1ea1i, tho\u00e1ng m\u00e1t\">Read more<\/a><\/p>\n","protected":false},"featured_media":89056,"comment_status":"open","ping_status":"closed","template":"","meta":{"_acf_changed":false,"inline_featured_image":false},"product_cat":[1960,2493,2063,2174],"product_tag":[],"class_list":{"0":"post-79099","1":"product","2":"type-product","3":"status-publish","4":"has-post-thumbnail","6":"product_cat-chan-ga-gia-dinh","7":"product_cat-tat-ca-2","8":"product_cat-chan-ga-goi-lua","9":"product_cat-modal","11":"first","12":"instock","13":"taxable","14":"shipping-taxable","15":"purchasable","16":"product-type-variable","17":"rtwpvg-product"},"acf":[],"_links":{"self":[{"href":"https:\/\/chanrathanhthuy.com\/ja\/wp-json\/wp\/v2\/product\/79099","targetHints":{"allow":["GET"]}}],"collection":[{"href":"https:\/\/chanrathanhthuy.com\/ja\/wp-json\/wp\/v2\/product"}],"about":[{"href":"https:\/\/chanrathanhthuy.com\/ja\/wp-json\/wp\/v2\/types\/product"}],"replies":[{"embeddable":true,"href":"https:\/\/chanrathanhthuy.com\/ja\/wp-json\/wp\/v2\/comments?post=79099"}],"wp:featuredmedia":[{"embeddable":true,"href":"https:\/\/chanrathanhthuy.com\/ja\/wp-json\/wp\/v2\/media\/89056"}],"wp:attachment":[{"href":"https:\/\/chanrathanhthuy.com\/ja\/wp-json\/wp\/v2\/media?parent=79099"}],"wp:term":[{"taxonomy":"product_cat","embeddable":true,"href":"https:\/\/chanrathanhthuy.com\/ja\/wp-json\/wp\/v2\/product_cat?post=79099"},{"taxonomy":"product_tag","embeddable":true,"href":"https:\/\/chanrathanhthuy.com\/ja\/wp-json\/wp\/v2\/product_tag?post=79099"}],"curies":[{"name":"wp","href":"https:\/\/api.w.org\/{rel}","templated":true}]}}