{"id":79196,"date":"2025-05-23T03:54:01","date_gmt":"2025-05-23T03:54:01","guid":{"rendered":"https:\/\/chanrathanhthuy.com\/?post_type=product&#038;p=79196"},"modified":"2026-03-10T15:41:56","modified_gmt":"2026-03-10T15:41:56","slug":"vo-goi-om-lua-to-tam-tencel-60s-cao-cap-mem-mai-thoang-mat-thanh-thuy","status":"publish","type":"product","link":"https:\/\/chanrathanhthuy.com\/ja\/product\/vo-goi-om-lua-to-tam-tencel-60s-cao-cap-mem-mai-thoang-mat-thanh-thuy\/","title":{"rendered":"V\u1ecf G\u1ed1i \u00d4m L\u1ee5a T\u01a1 T\u1eb1m (Tencel 60s) cao c\u1ea5p &#8211; m\u1ec1m m\u1ea1i, tho\u00e1ng m\u00e1t &#8211; THANH THUY"},"content":{"rendered":"<h5>V\u1ece G\u1ed0I \u00d4M:\u00a0 L\u1ee4A T\u01a0 T\u1eb0M (TENCEL 60S)<\/h5>\n<ul>\n<li>K\u00edch th\u01b0\u1edbc: 35&#215;100 cm<\/li>\n<li>T\u00ednh n\u0103ng: Tho\u00e1ng m\u00e1t, m\u1ec1m m\u1ecbn, th\u1ea5m h\u00fat m\u1ed3 h\u00f4i, si\u00eau \u1ea5m, si\u1ec1u m\u1ec1m m\u1ecbn<\/li>\n<li>S\u1ea3n xu\u1ea5t t\u1ea1i Vi\u1ec7t Nam<\/li>\n<\/ul>\n<h5>CHI TI\u1ebeT N\u1ed4I B\u1eacT C\u1ee6A V\u1ece G\u1ed0I:<\/h5>\n<ul>\n<li>V\u1ecf \u00e1o g\u1ed1i \u00f4m: \u0110\u01b0\u1ee3c may tai b\u00e8o 2 \u0111\u1ea7u nh\u1eb1m t\u1ea1o \u0111i\u1ec3m nh\u1ea5n v\u00e0 gi\u00fap s\u1ea3n ph\u1ea9m tr\u1edf n\u00ean \u0111\u1eb7c bi\u1ec7t<\/li>\n<li>D\u00e2y kh\u00f3a k\u00e9o ti\u1ec7n l\u1ee3i v\u00e0 c\u00f3 \u0111\u1ed9 b\u1ec1n cao, \u0111\u1ea3m b\u1ea3o kh\u00f4ng b\u1ecb tr\u01b0\u1ee3t ho\u1eb7c bung ra trong qu\u00e1 tr\u00ecnh s\u1eed d\u1ee5ng s\u1ea3n ph\u1ea9m Ch\u0103n Ga G\u1ed1i<\/li>\n<\/ul>\n<h5>T\u00ccM HI\u1ec2U V\u1ec0 CH\u1ea4T LI\u1ec6U\u00a0S\u1ea2N PH\u1ea8M<\/h5>\n<ul>\n<li>S\u1ea3n ph\u1ea9m ch\u0103n ga g\u1ed1i t\u01a1 t\u1eb1m c\u1ee7a THANH THUY l\u00e0 ch\u1ea5t li\u1ec7u t\u01a1 t\u1eb1m nh\u00e2n t\u1ea1o (v\u1ea3i cotton l\u1ee5a). V\u1ea3i cotton l\u1ee5a l\u00e0 s\u1ef1 k\u1ebft h\u1ee3p c\u1ee7a s\u1ee3i cotton v\u00e0 s\u1ee3i t\u01a1 t\u1eb1m. Do v\u1eady s\u1ea3n ph\u1ea9m ch\u0103n ga g\u1ed1i t\u01a1 t\u1eb1m c\u00f3 \u0111\u1ea7y \u0111\u1ee7 \u01b0u \u0111i\u1ec3m c\u1ee7a v\u1ea3i cotton v\u00e0 v\u1ea3i t\u01a1 t\u1eb1m k\u1ebft h\u1ee3p, mang \u0111\u1ebfn gi\u1ea5c ng\u1ee7 \u00eam \u00e1i v\u00e0 ngon gi\u1ea5c.<\/li>\n<\/ul>\n<h5>\u01afU \u0110I\u1ec2M C\u1ee6A D\u00d2NG V\u1ea2I L\u1ee4A T\u01a0 T\u1eb0M<\/h5>\n<ul>\n<li>M\u1ec1m m\u1ea1i ,b\u00f3ng m\u1ecbn, v\u00e0 r\u1ee7 nh\u1eb9.<\/li>\n<li>C\u00f3 \u0111\u00e0n h\u1ed3i t\u1ed1t, tho\u00e1ng m\u00e1t.<\/li>\n<li>C\u00e1ch nhi\u1ec7t, c\u00e1ch \u0111i\u1ec7n t\u1ed1t<\/li>\n<li>H\u00fat \u1ea9m t\u1ed1t, tho\u00e1ng m\u00e1t<\/li>\n<\/ul>\n<h5>H\u01af\u1edaNG D\u1eaaN S\u1eec D\u1ee4NG V\u00c0 B\u1ea2O QU\u1ea2N CH\u0102N RA G\u1ed0I<\/h5>\n<ul>\n<li>\u0110\u1ec3 \u0111\u1ea3m b\u1ea3o \u0111\u01b0\u1ee3c \u0111\u1ed9 b\u1ec1n v\u00e0 k\u00e9o d\u00e0i tu\u1ed5i th\u1ecd c\u1ee7a s\u1ea3n ph\u1ea9m, b\u1ea1n c\u1ea7n l\u01b0u \u00fd m\u1ed9t s\u1ed1 m\u1eb9o sau \u0111\u00e2y \u0111\u1ec3 b\u1ea3o qu\u1ea3n v\u00e0 v\u1ec7 sinh ch\u0103n drap g\u1ed1i b\u1eb1ng ch\u1ea5t li\u1ec7u Kh\u00f4ng d\u00f9ng h\u00f3a ch\u1ea5t t\u1ea9y r\u1eeda, n\u00ean d\u00f9ng c\u00e1c lo\u1ea1i x\u00e0 ph\u00f2ng trung t\u00ednh<\/li>\n<li>Gi\u1eb7t nh\u1eb9 nh\u00e0ng, v\u00e0 n\u00ean d\u00f9ng n\u01b0\u1edbc l\u1ea1nh trong l\u1ea7n gi\u1eb7t \u0111\u1ea7u ti\u00ean<\/li>\n<li>Kh\u00f4ng n\u00ean d\u00f9ng b\u00e0n ch\u1ea3i ch\u00e0 m\u1ea1nh l\u00ean b\u1ec1 m\u1eb7t v\u1ea3i<\/li>\n<li>T\u1ed1t nh\u1ea5t l\u00e0 kh\u00f4ng n\u00ean d\u00f9ng m\u00e1y gi\u1eb7t ho\u1eb7c m\u00e1y s\u1ea5y l\u00e0m kh\u00f4 v\u1ea3i.<\/li>\n<\/ul>\n<h5>L\u01afU \u00dd:<\/h5>\n<ul>\n<li>H\u00ecnh \u1ea3nh th\u1eadt do THANHTHUY ch\u1ee5p, s\u1ebd c\u00f3 s\u1ef1 ch\u00eanh l\u1ec7ch 3%-5% v\u1ec1 m\u00e0u s\u1eafc, \u00e1nh s\u00e1ng c\u0169ng nh\u01b0 c\u00e1c y\u00eau t\u1ed1 kh\u00e1c<\/li>\n<\/ul>\n","protected":false},"excerpt":{"rendered":"<p>V\u1ece G\u1ed0I \u00d4M:\u00a0 L\u1ee4A T\u01a0 T\u1eb0M (TENCEL 60S) K\u00edch th\u01b0\u1edbc: 35&#215;100 cm T\u00ednh n\u0103ng: Tho\u00e1ng m\u00e1t, m\u1ec1m m\u1ecbn, th\u1ea5m h\u00fat m\u1ed3 h\u00f4i &#8230; <a title=\"V\u1ecf G\u1ed1i \u00d4m L\u1ee5a T\u01a1 T\u1eb1m (Tencel 60s) cao c\u1ea5p &#8211; m\u1ec1m m\u1ea1i, tho\u00e1ng m\u00e1t &#8211; THANH THUY\" class=\"read-more\" href=\"https:\/\/chanrathanhthuy.com\/ja\/product\/vo-goi-om-lua-to-tam-tencel-60s-cao-cap-mem-mai-thoang-mat-thanh-thuy\/\" aria-label=\"More on V\u1ecf G\u1ed1i \u00d4m L\u1ee5a T\u01a1 T\u1eb1m (Tencel 60s) cao c\u1ea5p &#8211; m\u1ec1m m\u1ea1i, tho\u00e1ng m\u00e1t &#8211; THANH THUY\">Read more<\/a><\/p>\n","protected":false},"featured_media":88857,"comment_status":"open","ping_status":"closed","template":"","meta":{"_acf_changed":false,"inline_featured_image":false},"product_cat":[1960,2063,2175],"product_tag":[],"class_list":{"0":"post-79196","1":"product","2":"type-product","3":"status-publish","4":"has-post-thumbnail","6":"product_cat-chan-ga-gia-dinh","7":"product_cat-chan-ga-goi-lua","8":"product_cat-to-tam","10":"first","11":"instock","12":"taxable","13":"shipping-taxable","14":"purchasable","15":"product-type-variable","16":"rtwpvg-product"},"acf":[],"_links":{"self":[{"href":"https:\/\/chanrathanhthuy.com\/ja\/wp-json\/wp\/v2\/product\/79196","targetHints":{"allow":["GET"]}}],"collection":[{"href":"https:\/\/chanrathanhthuy.com\/ja\/wp-json\/wp\/v2\/product"}],"about":[{"href":"https:\/\/chanrathanhthuy.com\/ja\/wp-json\/wp\/v2\/types\/product"}],"replies":[{"embeddable":true,"href":"https:\/\/chanrathanhthuy.com\/ja\/wp-json\/wp\/v2\/comments?post=79196"}],"wp:featuredmedia":[{"embeddable":true,"href":"https:\/\/chanrathanhthuy.com\/ja\/wp-json\/wp\/v2\/media\/88857"}],"wp:attachment":[{"href":"https:\/\/chanrathanhthuy.com\/ja\/wp-json\/wp\/v2\/media?parent=79196"}],"wp:term":[{"taxonomy":"product_cat","embeddable":true,"href":"https:\/\/chanrathanhthuy.com\/ja\/wp-json\/wp\/v2\/product_cat?post=79196"},{"taxonomy":"product_tag","embeddable":true,"href":"https:\/\/chanrathanhthuy.com\/ja\/wp-json\/wp\/v2\/product_tag?post=79196"}],"curies":[{"name":"wp","href":"https:\/\/api.w.org\/{rel}","templated":true}]}}