{"id":79351,"date":"2025-05-23T06:53:28","date_gmt":"2025-05-23T06:53:28","guid":{"rendered":"https:\/\/chanrathanhthuy.com\/?post_type=product&#038;p=79351"},"modified":"2025-07-04T06:10:56","modified_gmt":"2025-07-04T06:10:56","slug":"bo-chan-ga-goi-phu-beo-lua-to-tam-100-tencel-60s-mem-mai","status":"publish","type":"product","link":"https:\/\/chanrathanhthuy.com\/ja\/product\/bo-chan-ga-goi-phu-beo-lua-to-tam-100-tencel-60s-mem-mai\/","title":{"rendered":"B\u1ed9 Ch\u0103n Ga G\u1ed1i Ph\u1ee7 B\u00e8o &#8211; L\u1ee5a T\u01a1 T\u1eb1m (100% Tencel 60s) m\u1ec1m m\u1ea1i"},"content":{"rendered":"<h5>TH\u00d4NG S\u1ed0 K\u0128 THU\u1eacT &#8211; B\u1ed9 Ch\u0103n Ga G\u1ed1i Ph\u1ee7 B\u00e8o &#8211; L\u1ee5a T\u01a1 T\u1eb1m (100% Tencel 60s)<\/h5>\n<ul>\n<li>T\u00ean s\u1ea3n ph\u1ea9m: B\u1ed9 Ch\u0103n Ga Ph\u1ee7 B\u00e8o<\/li>\n<li>Ch\u1ea5t li\u1ec7u: L\u1ee5a T\u01a1 T\u1eb1m<\/li>\n<li>K\u00edch th\u01b0\u1edbc: 160&#215;200, 180&#215;200<\/li>\n<\/ul>\n<p>B\u1ed9 Ch\u0103n ga g\u1ed1i Ph\u1ee7 B\u00e8o g\u1ed3m:<\/p>\n<ul>\n<li>1 ga ph\u1ee7 b\u00e8o<\/li>\n<li>2 v\u1ecf g\u1ed1i n\u1eb1m 50x70cm<\/li>\n<li>1 v\u1ecf g\u1ed1i \u00f4m 35x100cm<\/li>\n<li>1 ch\u0103n (m\u1ec1n) ch\u1ea7n g\u00f2n 200&#215;220<\/li>\n<li>1 v\u1ecf trang tr\u00ed 45x45cm<\/li>\n<\/ul>\n<h5>T\u00ccM HI\u1ec2U V\u1ec0 CH\u1ea4T LI\u1ec6U\u00a0S\u1ea2N PH\u1ea8M<\/h5>\n<ul>\n<li>L\u1ee5a t\u01a1 t\u1eb1m mang \u0111\u1eb7c t\u00ednh si\u00eau nh\u1eb9, m\u1ec1m m\u1ecfng, \u00f3ng \u00e1nh, c\u00f3 t\u00ednh c\u00e1ch \u0111i\u1ec7n r\u1ea5t t\u1ed1t v\u00e0 c\u00f3 th\u1ec3 s\u1eed d\u1ee5ng trong m\u1ecdi \u0111i\u1ec1u ki\u1ec7n kh\u00ed h\u1eadu, nh\u01b0ng t\u1ed1t nh\u1ea5t l\u00e0 v\u00e0o m\u00f9a thu. L\u1ee5a th\u01b0\u1eddng \u0111\u01b0\u1ee3c ch\u1ecdn \u0111\u1ec3 s\u1ea3n ph\u1ea9m c\u00e1c s\u1ea3n ph\u1ea9m ch\u0103n ga g\u1ed1i cao c\u1ea5p b\u1edfi t\u00ednh \u0111\u00e0n h\u1ed3i, tho\u00e1ng m\u00e1t &amp; m\u1ecfng nh\u1eb9.<\/li>\n<li>S\u1ea3n ph\u1ea9m ch\u0103n ga g\u1ed1i t\u01a1 t\u1eb1m c\u1ee7a THANH THUY l\u00e0 ch\u1ea5t li\u1ec7u t\u01a1 t\u1eb1m nh\u00e2n t\u1ea1o (v\u1ea3i cotton l\u1ee5a). V\u1ea3i cotton l\u1ee5a l\u00e0 s\u1ef1 k\u1ebft h\u1ee3p c\u1ee7a s\u1ee3i cotton v\u00e0 s\u1ee3i t\u01a1 t\u1eb1m. Do v\u1eady s\u1ea3n ph\u1ea9m ch\u0103n ga g\u1ed1i t\u01a1 t\u1eb1m c\u00f3 \u0111\u1ea7y \u0111\u1ee7 \u01b0u \u0111i\u1ec3m c\u1ee7a v\u1ea3i cotton v\u00e0 v\u1ea3i t\u01a1 t\u1eb1m k\u1ebft h\u1ee3p, mang \u0111\u1ebfn gi\u1ea5c ng\u1ee7 \u00eam \u00e1i v\u00e0 ngon gi\u1ea5c.<\/li>\n<\/ul>\n<h5>\u01afU \u0110I\u1ec2M V\u01af\u1ee2T TR\u1ed8I C\u1ee6A B\u1ecc CH\u0102N GA T\u01a0 T\u1eb0M:<\/h5>\n<ul>\n<li>M\u1ec1m m\u1ea1i ,b\u00f3ng m\u1ecbn, v\u00e0 r\u1ee7 nh\u1eb9.<\/li>\n<li>C\u00f3 \u0111\u00e0n h\u1ed3i t\u1ed1t, tho\u00e1ng m\u00e1t.<\/li>\n<li>C\u00e1ch nhi\u1ec7t, c\u00e1ch \u0111i\u1ec7n t\u1ed1t<\/li>\n<li>H\u00fat \u1ea9m t\u1ed1t, tho\u00e1ng m\u00e1t<\/li>\n<\/ul>\n<h5>H\u01af\u1edaNG D\u1eaaN S\u1eec D\u1ee4NG V\u00c0 B\u1ea2O QU\u1ea2N CH\u0102N RA G\u1ed0I<\/h5>\n<ul>\n<li>\u0110\u1ec3 \u0111\u1ea3m b\u1ea3o \u0111\u01b0\u1ee3c \u0111\u1ed9 b\u1ec1n v\u00e0 k\u00e9o d\u00e0i tu\u1ed5i th\u1ecd c\u1ee7a s\u1ea3n ph\u1ea9m, b\u1ea1n c\u1ea7n l\u01b0u \u00fd m\u1ed9t s\u1ed1 m\u1eb9o sau \u0111\u00e2y \u0111\u1ec3 b\u1ea3o qu\u1ea3n v\u00e0 v\u1ec7 sinh ch\u0103n drap g\u1ed1i b\u1eb1ng ch\u1ea5t li\u1ec7u Kh\u00f4ng d\u00f9ng h\u00f3a ch\u1ea5t t\u1ea9y r\u1eeda, n\u00ean d\u00f9ng c\u00e1c lo\u1ea1i x\u00e0 ph\u00f2ng trung t\u00ednh<\/li>\n<li>Gi\u1eb7t nh\u1eb9 nh\u00e0ng, v\u00e0 n\u00ean d\u00f9ng n\u01b0\u1edbc l\u1ea1nh trong l\u1ea7n gi\u1eb7t \u0111\u1ea7u ti\u00ean<\/li>\n<li>Kh\u00f4ng n\u00ean d\u00f9ng b\u00e0n ch\u1ea3i ch\u00e0 m\u1ea1nh l\u00ean b\u1ec1 m\u1eb7t v\u1ea3i<\/li>\n<li>T\u1ed1t nh\u1ea5t l\u00e0 kh\u00f4ng n\u00ean d\u00f9ng m\u00e1y gi\u1eb7t ho\u1eb7c m\u00e1y s\u1ea5y l\u00e0m kh\u00f4 v\u1ea3i.<\/li>\n<\/ul>\n<h5>L\u01afU \u00dd:<\/h5>\n<ul>\n<li>H\u00ecnh \u1ea3nh th\u1eadt do THANHTHUY ch\u1ee5p, s\u1ebd c\u00f3 s\u1ef1 ch\u00eanh l\u1ec7ch 3%-5% v\u1ec1 m\u00e0u s\u1eafc, \u00e1nh s\u00e1ng c\u0169ng nh\u01b0 c\u00e1c y\u00eau t\u1ed1 kh\u00e1c<\/li>\n<\/ul>\n","protected":false},"excerpt":{"rendered":"<p>TH\u00d4NG S\u1ed0 K\u0128 THU\u1eacT &#8211; B\u1ed9 Ch\u0103n Ga G\u1ed1i Ph\u1ee7 B\u00e8o &#8211; L\u1ee5a T\u01a1 T\u1eb1m (100% Tencel 60s) T\u00ean s\u1ea3n ph\u1ea9m: B\u1ed9 Ch\u0103n Ga &#8230; <a title=\"B\u1ed9 Ch\u0103n Ga G\u1ed1i Ph\u1ee7 B\u00e8o &#8211; L\u1ee5a T\u01a1 T\u1eb1m (100% Tencel 60s) m\u1ec1m m\u1ea1i\" class=\"read-more\" href=\"https:\/\/chanrathanhthuy.com\/ja\/product\/bo-chan-ga-goi-phu-beo-lua-to-tam-100-tencel-60s-mem-mai\/\" aria-label=\"More on B\u1ed9 Ch\u0103n Ga G\u1ed1i Ph\u1ee7 B\u00e8o &#8211; L\u1ee5a T\u01a1 T\u1eb1m (100% Tencel 60s) m\u1ec1m m\u1ea1i\">Read more<\/a><\/p>\n","protected":false},"featured_media":79549,"comment_status":"open","ping_status":"closed","template":"","meta":{"_acf_changed":false,"inline_featured_image":false},"product_cat":[1960,2063,2175],"product_tag":[],"class_list":{"0":"post-79351","1":"product","2":"type-product","3":"status-publish","4":"has-post-thumbnail","6":"product_cat-chan-ga-gia-dinh","7":"product_cat-chan-ga-goi-lua","8":"product_cat-to-tam","10":"first","11":"instock","12":"taxable","13":"shipping-taxable","14":"purchasable","15":"product-type-variable","16":"has-default-attributes","17":"rtwpvg-product"},"acf":[],"_links":{"self":[{"href":"https:\/\/chanrathanhthuy.com\/ja\/wp-json\/wp\/v2\/product\/79351","targetHints":{"allow":["GET"]}}],"collection":[{"href":"https:\/\/chanrathanhthuy.com\/ja\/wp-json\/wp\/v2\/product"}],"about":[{"href":"https:\/\/chanrathanhthuy.com\/ja\/wp-json\/wp\/v2\/types\/product"}],"replies":[{"embeddable":true,"href":"https:\/\/chanrathanhthuy.com\/ja\/wp-json\/wp\/v2\/comments?post=79351"}],"wp:featuredmedia":[{"embeddable":true,"href":"https:\/\/chanrathanhthuy.com\/ja\/wp-json\/wp\/v2\/media\/79549"}],"wp:attachment":[{"href":"https:\/\/chanrathanhthuy.com\/ja\/wp-json\/wp\/v2\/media?parent=79351"}],"wp:term":[{"taxonomy":"product_cat","embeddable":true,"href":"https:\/\/chanrathanhthuy.com\/ja\/wp-json\/wp\/v2\/product_cat?post=79351"},{"taxonomy":"product_tag","embeddable":true,"href":"https:\/\/chanrathanhthuy.com\/ja\/wp-json\/wp\/v2\/product_tag?post=79351"}],"curies":[{"name":"wp","href":"https:\/\/api.w.org\/{rel}","templated":true}]}}