{"id":79859,"date":"2025-05-30T03:46:28","date_gmt":"2025-05-30T03:46:28","guid":{"rendered":"https:\/\/chanrathanhthuy.com\/?post_type=product&#038;p=79859"},"modified":"2026-04-07T01:12:12","modified_gmt":"2026-04-07T01:12:12","slug":"1-1-ao-goi-trang-tron-khach-san","status":"publish","type":"product","link":"https:\/\/chanrathanhthuy.com\/ja\/product\/1-1-ao-goi-trang-tron-khach-san\/","title":{"rendered":"1.1. \u00c1o G\u1ed1i Tr\u1eafng Tr\u01a1n Kh\u00e1ch S\u1ea1n"},"content":{"rendered":"<h2 style=\"text-align: justify;\" data-sourcepos=\"5:1-5:86\">\u00c1o G\u1ed1i Kh\u00e1ch S\u1ea1n Cao C\u1ea5p &#8211; Gi\u1ea3i Ph\u00e1p Ch\u0103n Ga G\u1ed1i \u0110\u1ec7m Ho\u00e0n H\u1ea3o t\u1eeb Ch\u0103n Ra Thanh Th\u1ee7y<\/h2>\n<p style=\"text-align: justify;\" data-sourcepos=\"7:1-7:288\">\u0110\u1ec3 mang \u0111\u1ebfn tr\u1ea3i nghi\u1ec7m l\u01b0u tr\u00fa \u0111\u1eb3ng c\u1ea5p, \u00e1o g\u1ed1i kh\u00e1ch s\u1ea1n \u0111\u00f3ng vai tr\u00f2 kh\u00f4ng th\u1ec3 thi\u1ebfu trong b\u1ed9 ch\u0103n ga g\u1ed1i \u0111\u1ec7m ch\u1ea5t l\u01b0\u1ee3ng. T\u1ea1i Ch\u0103n Ra Thanh Th\u1ee7y, ch\u00fang t\u00f4i t\u1ef1 h\u00e0o gi\u1edbi thi\u1ec7u s\u1ea3n ph\u1ea9m \u00e1o g\u1ed1i tr\u1eafng tr\u01a1n chuy\u00ean bi\u1ec7t, \u0111\u01b0\u1ee3c thi\u1ebft k\u1ebf t\u1ed1i \u01b0u cho c\u00e1c kh\u00e1ch s\u1ea1n, resort v\u00e0 homestay.<\/p>\n<p data-sourcepos=\"7:1-7:288\"><a href=\"https:\/\/chanrathanhthuy.com\/wp-content\/uploads\/2025\/05\/Vo-goi-khach-san-scaled.jpg\"><img loading=\"lazy\" decoding=\"async\" class=\"aligncenter size-full wp-image-80006\" src=\"https:\/\/chanrathanhthuy.com\/wp-content\/uploads\/2025\/05\/Vo-goi-khach-san-scaled.jpg\" alt=\"\" width=\"1378\" height=\"2560\" title=\"\" srcset=\"https:\/\/chanrathanhthuy.com\/wp-content\/uploads\/2025\/05\/Vo-goi-khach-san-scaled.jpg 1378w, https:\/\/chanrathanhthuy.com\/wp-content\/uploads\/2025\/05\/Vo-goi-khach-san-161x300.jpg 161w, https:\/\/chanrathanhthuy.com\/wp-content\/uploads\/2025\/05\/Vo-goi-khach-san-551x1024.jpg 551w, https:\/\/chanrathanhthuy.com\/wp-content\/uploads\/2025\/05\/Vo-goi-khach-san-81x150.jpg 81w, https:\/\/chanrathanhthuy.com\/wp-content\/uploads\/2025\/05\/Vo-goi-khach-san-768x1427.jpg 768w, https:\/\/chanrathanhthuy.com\/wp-content\/uploads\/2025\/05\/Vo-goi-khach-san-827x1536.jpg 827w, https:\/\/chanrathanhthuy.com\/wp-content\/uploads\/2025\/05\/Vo-goi-khach-san-1102x2048.jpg 1102w, https:\/\/chanrathanhthuy.com\/wp-content\/uploads\/2025\/05\/Vo-goi-khach-san-600x1115.jpg 600w\" sizes=\"auto, (max-width: 1378px) 100vw, 1378px\" \/><\/a> <a href=\"https:\/\/chanrathanhthuy.com\/wp-content\/uploads\/2025\/05\/Ruot-goi-khach-san.jpg\"><img loading=\"lazy\" decoding=\"async\" class=\"aligncenter size-full wp-image-80009\" src=\"https:\/\/chanrathanhthuy.com\/wp-content\/uploads\/2025\/05\/Ruot-goi-khach-san.jpg\" alt=\"\" width=\"1500\" height=\"2370\" title=\"\" srcset=\"https:\/\/chanrathanhthuy.com\/wp-content\/uploads\/2025\/05\/Ruot-goi-khach-san.jpg 1500w, https:\/\/chanrathanhthuy.com\/wp-content\/uploads\/2025\/05\/Ruot-goi-khach-san-190x300.jpg 190w, https:\/\/chanrathanhthuy.com\/wp-content\/uploads\/2025\/05\/Ruot-goi-khach-san-648x1024.jpg 648w, https:\/\/chanrathanhthuy.com\/wp-content\/uploads\/2025\/05\/Ruot-goi-khach-san-95x150.jpg 95w, https:\/\/chanrathanhthuy.com\/wp-content\/uploads\/2025\/05\/Ruot-goi-khach-san-768x1213.jpg 768w, https:\/\/chanrathanhthuy.com\/wp-content\/uploads\/2025\/05\/Ruot-goi-khach-san-972x1536.jpg 972w, https:\/\/chanrathanhthuy.com\/wp-content\/uploads\/2025\/05\/Ruot-goi-khach-san-1296x2048.jpg 1296w, https:\/\/chanrathanhthuy.com\/wp-content\/uploads\/2025\/05\/Ruot-goi-khach-san-600x948.jpg 600w\" sizes=\"auto, (max-width: 1500px) 100vw, 1500px\" \/><\/a><\/p>\n<h3 style=\"text-align: justify;\" data-sourcepos=\"9:1-9:64\">\u0110\u1eb7c \u0111i\u1ec3m n\u1ed5i b\u1eadt c\u1ee7a \u00c1o g\u1ed1i tr\u1eafng tr\u01a1n kh\u00e1ch s\u1ea1n Thanh Th\u1ee7y:<\/h3>\n<p style=\"text-align: justify;\" data-sourcepos=\"11:1-11:266\">\u00c1o g\u1ed1i may ch\u1ed3m c\u1ee7a Ch\u0103n Ra Thanh Th\u1ee7y \u0111\u01b0\u1ee3c thi\u1ebft k\u1ebf \u0111\u01a1n gi\u1ea3n nh\u01b0ng tinh t\u1ebf, kh\u00f4ng l\u00f3t g\u00f2n, kh\u00f4ng d\u00e2y k\u00e9o v\u00e0 kh\u00f4ng ch\u1eb7n vi\u1ec1n, \u0111\u1ea3m b\u1ea3o s\u1ef1 ti\u1ec7n l\u1ee3i trong s\u1eed d\u1ee5ng v\u00e0 v\u1ec7 sinh. Ch\u00fang t\u00f4i s\u1eed d\u1ee5ng c\u00e1c ch\u1ea5t li\u1ec7u v\u1ea3i cao c\u1ea5p v\u1edbi m\u1eadt \u0111\u1ed9 s\u1ee3i \u0111a d\u1ea1ng \u0111\u1ec3 \u0111\u00e1p \u1ee9ng m\u1ecdi y\u00eau c\u1ea7u:<\/p>\n<ul style=\"text-align: justify;\" data-sourcepos=\"13:1-16:0\">\n<li data-sourcepos=\"13:1-13:158\">V\u1ea3i CVC (50% Cotton, 50% Polyester): N\u1ed5i b\u1eadt v\u1edbi kh\u1ea3 n\u0103ng ch\u1ed1ng nh\u0103n v\u01b0\u1ee3t tr\u1ed9i, gi\u00fap \u00e1o g\u1ed1i lu\u00f4n ph\u1eb3ng phiu, t\u1ea1o v\u1ebb sang tr\u1ecdng cho kh\u00f4ng gian ph\u00f2ng.<\/li>\n<li data-sourcepos=\"14:1-14:158\">V\u1ea3i Cotton S\u1ecdc T300 (60% Cotton, 40% Polyester): S\u1ef1 k\u1ebft h\u1ee3p ho\u00e0n h\u1ea3o gi\u1eefa cotton v\u00e0 polyester mang l\u1ea1i \u0111\u1ed9 b\u1ec1n cao c\u00f9ng kh\u1ea3 n\u0103ng ch\u1ed1ng nh\u0103n hi\u1ec7u qu\u1ea3.<\/li>\n<li data-sourcepos=\"15:1-16:0\">V\u1ea3i Cotton S\u1ecdc T300 (100% Cotton): D\u00e0nh cho nh\u1eefng kh\u00e1ch s\u1ea1n \u0111\u1ec1 cao s\u1ef1 m\u1ec1m m\u1ea1i v\u00e0 tho\u00e1ng m\u00e1t. Ch\u1ea5t li\u1ec7u 100% Cotton kh\u00f4ng ch\u1ec9 mang l\u1ea1i c\u1ea3m gi\u00e1c d\u1ec5 ch\u1ecbu t\u1ed1i \u0111a m\u00e0 c\u00f2n \u0111\u1ea3m b\u1ea3o th\u1eddi gian s\u1eed d\u1ee5ng l\u00e2u d\u00e0i, b\u1ec1n \u0111\u1eb9p theo th\u1eddi gian.<\/li>\n<\/ul>\n<h3 style=\"text-align: justify;\" data-sourcepos=\"17:1-17:81\">\u01afu \u0111i\u1ec3m v\u01b0\u1ee3t tr\u1ed9i c\u1ee7a \u00c1o g\u1ed1i kh\u00e1ch s\u1ea1n v\u00e0 Ch\u0103n ga g\u1ed1i \u0111\u1ec7m Ch\u0103n Ra Thanh Th\u1ee7y:<\/h3>\n<p style=\"text-align: justify;\" data-sourcepos=\"19:1-19:123\">Ch\u0103n Ra Thanh Th\u1ee7y cam k\u1ebft mang \u0111\u1ebfn nh\u1eefng s\u1ea3n ph\u1ea9m ch\u0103n ga g\u1ed1i \u0111\u1ec7m ch\u1ea5t l\u01b0\u1ee3ng v\u01b0\u1ee3t tr\u1ed9i v\u1edbi c\u00e1c t\u00ednh n\u0103ng \u0111\u1eb7c bi\u1ec7t:<\/p>\n<ul style=\"text-align: justify;\" data-sourcepos=\"21:1-26:0\">\n<li data-sourcepos=\"21:1-21:159\">Ch\u1ea5t li\u1ec7u m\u1ec1m m\u1ea1i v\u00e0 b\u1ec1n b\u1ec9: \u0110\u01b0\u1ee3c s\u1ea3n xu\u1ea5t chuy\u00ean bi\u1ec7t cho kh\u0103n tr\u1ea3i gi\u01b0\u1eddng kh\u00e1ch s\u1ea1n m\u00e0u tr\u1eafng, \u0111\u1ea3m b\u1ea3o \u0111\u1ed9 b\u1ec1n cao v\u00e0 gi\u1eef form t\u1ed1t sau nhi\u1ec1u l\u1ea7n gi\u1eb7t.<\/li>\n<li data-sourcepos=\"22:1-22:171\">Ti\u00eau chu\u1ea9n ch\u1ea5t l\u01b0\u1ee3ng nghi\u00eam ng\u1eb7t: M\u1eadt \u0111\u1ed9 s\u1ee3i, tr\u1ecdng l\u01b0\u1ee3ng v\u00e0 c\u1ea5u tr\u00fac v\u1ea3i \u0111\u1ea1t ti\u00eau chu\u1ea9n 100% y\u00eau c\u1ea7u c\u1ee7a kh\u00e1ch h\u00e0ng, \u0111\u1ea3m b\u1ea3o s\u1ef1 \u0111\u1ed3ng nh\u1ea5t v\u00e0 ch\u1ea5t l\u01b0\u1ee3ng s\u1ea3n ph\u1ea9m.<\/li>\n<li data-sourcepos=\"23:1-23:144\">An to\u00e0n v\u00e0 th\u00e2n thi\u1ec7n m\u00f4i tr\u01b0\u1eddng: V\u1eadt li\u1ec7u t\u1ea9y v\u00e0 nhu\u1ed9m \u0111\u01b0\u1ee3c ki\u1ec3m \u0111\u1ecbnh kh\u00f4ng ch\u1ee9a AZO, an to\u00e0n cho s\u1ee9c kh\u1ecfe ng\u01b0\u1eddi s\u1eed d\u1ee5ng v\u00e0 m\u00f4i tr\u01b0\u1eddng.<\/li>\n<li data-sourcepos=\"24:1-24:145\">H\u1ea1n ch\u1ebf co r\u00fat t\u1ed1i \u0111a: S\u1ea3n ph\u1ea9m c\u00f3 \u0111\u1ed9 co r\u00fat trong v\u00f2ng 3% sau 3 l\u1ea7n gi\u1eb7t \u1edf 40 \u0111\u1ed9 v\u00e0 s\u1ea5y kh\u00f4, gi\u1eef nguy\u00ean k\u00edch th\u01b0\u1edbc v\u00e0 h\u00ecnh d\u00e1ng ban \u0111\u1ea7u.<\/li>\n<li data-sourcepos=\"25:1-26:0\">Ki\u1ec3m so\u00e1t ch\u1ea5t l\u01b0\u1ee3ng t\u1eeb g\u1ed1c: V\u1edbi x\u01b0\u1edfng k\u00e9o s\u1ee3i v\u00e0 d\u1ec7t v\u1ea3i ri\u00eang, Ch\u0103n Ra Thanh Th\u1ee7y \u0111\u1ea3m b\u1ea3o ki\u1ec3m so\u00e1t ch\u1ea5t l\u01b0\u1ee3ng t\u1eeb kh\u00e2u nguy\u00ean li\u1ec7u th\u00f4 (b\u00f4ng) \u0111\u1ebfn th\u00e0nh ph\u1ea9m, t\u1ed1i \u01b0u th\u1eddi gian giao h\u00e0ng v\u00e0 ch\u1ea5t l\u01b0\u1ee3ng s\u1ea3n ph\u1ea9m.<\/li>\n<\/ul>\n<p style=\"text-align: justify;\" data-sourcepos=\"27:1-27:161\">L\u1ef1a ch\u1ecdn \u00e1o g\u1ed1i kh\u00e1ch s\u1ea1n v\u00e0 ch\u0103n ga g\u1ed1i \u0111\u1ec7m t\u1eeb Ch\u0103n Ra Thanh Th\u1ee7y l\u00e0 l\u1ef1a ch\u1ecdn th\u00f4ng minh cho s\u1ef1 chuy\u00ean nghi\u1ec7p v\u00e0 \u0111\u1eb3ng c\u1ea5p c\u1ee7a c\u01a1 s\u1edf l\u01b0u tr\u00fa c\u1ee7a b\u1ea1n.<\/p>\n","protected":false},"excerpt":{"rendered":"<p><span style=\"color: #ff0000;\"><strong>GI\u00c1 \u01afU \u0110\u00c3I T\u1edaI 50% KHI \u0110\u1eb6T MAY THEO Y\u00caU C\u1ea6U<\/strong><\/span><\/p>\n","protected":false},"featured_media":79863,"comment_status":"open","ping_status":"closed","template":"","meta":{"_acf_changed":false,"inline_featured_image":false},"product_cat":[2073,2647],"product_tag":[],"class_list":{"0":"post-79859","1":"product","2":"type-product","3":"status-publish","4":"has-post-thumbnail","6":"product_cat-khach-san-homestay-nha-nghi","7":"product_cat-trang-tron","9":"first","10":"instock","11":"purchasable","12":"product-type-variable","13":"rtwpvg-product"},"acf":[],"_links":{"self":[{"href":"https:\/\/chanrathanhthuy.com\/ja\/wp-json\/wp\/v2\/product\/79859","targetHints":{"allow":["GET"]}}],"collection":[{"href":"https:\/\/chanrathanhthuy.com\/ja\/wp-json\/wp\/v2\/product"}],"about":[{"href":"https:\/\/chanrathanhthuy.com\/ja\/wp-json\/wp\/v2\/types\/product"}],"replies":[{"embeddable":true,"href":"https:\/\/chanrathanhthuy.com\/ja\/wp-json\/wp\/v2\/comments?post=79859"}],"wp:featuredmedia":[{"embeddable":true,"href":"https:\/\/chanrathanhthuy.com\/ja\/wp-json\/wp\/v2\/media\/79863"}],"wp:attachment":[{"href":"https:\/\/chanrathanhthuy.com\/ja\/wp-json\/wp\/v2\/media?parent=79859"}],"wp:term":[{"taxonomy":"product_cat","embeddable":true,"href":"https:\/\/chanrathanhthuy.com\/ja\/wp-json\/wp\/v2\/product_cat?post=79859"},{"taxonomy":"product_tag","embeddable":true,"href":"https:\/\/chanrathanhthuy.com\/ja\/wp-json\/wp\/v2\/product_tag?post=79859"}],"curies":[{"name":"wp","href":"https:\/\/api.w.org\/{rel}","templated":true}]}}