{"id":81497,"date":"2025-06-12T01:38:55","date_gmt":"2025-06-12T01:38:55","guid":{"rendered":"https:\/\/chanrathanhthuy.com\/?post_type=product&#038;p=81497"},"modified":"2026-04-13T06:52:31","modified_gmt":"2026-04-13T06:52:31","slug":"khan-cotton-spa-tham-my-vien-quan-massage","status":"publish","type":"product","link":"https:\/\/chanrathanhthuy.com\/ja\/product\/khan-cotton-spa-tham-my-vien-quan-massage\/","title":{"rendered":"Kh\u0103n Cotton Spa, Th\u1ea9m M\u1ef9 Vi\u1ec7n, Qu\u00e1n Massage"},"content":{"rendered":"<h1 style=\"text-align: justify;\" data-sourcepos=\"1:1-1:79\">Kh\u0103n Cotton Spa, Th\u1ea9m M\u1ef9 Vi\u1ec7n, Qu\u00e1n Massage \u2013 N\u00e2ng T\u1ea7m Tr\u1ea3i Nghi\u1ec7m Kh\u00e1ch H\u00e0ng<\/h1>\n<h2 style=\"text-align: justify;\" data-sourcepos=\"3:1-3:93\">Ch\u0103n Ra Thanh Th\u1ee7y: S\u1ef1 L\u1ef1a Ch\u1ecdn Ho\u00e0n H\u1ea3o Cho Kh\u0103n Cotton Spa, Th\u1ea9m M\u1ef9 Vi\u1ec7n v\u00e0 Qu\u00e1n Massage<\/h2>\n<p data-sourcepos=\"5:1-5:456\"><a href=\"https:\/\/chanrathanhthuy.com\/wp-content\/uploads\/2024\/07\/Khan-cottonchan-ga-goi-Spa-Tham-My-Vien-Quan-Massage.png\"><img loading=\"lazy\" decoding=\"async\" class=\"aligncenter size-full wp-image-63364\" src=\"https:\/\/chanrathanhthuy.com\/wp-content\/uploads\/2024\/07\/Khan-cottonchan-ga-goi-Spa-Tham-My-Vien-Quan-Massage.png\" alt=\"Kh\u0103n cotton ch\u0103n ga g\u1ed1i Spa, Th\u1ea9m M\u1ef9 Vi\u1ec7n, Qu\u00e1n Massage\" width=\"1500\" height=\"3600\" title=\"\" srcset=\"https:\/\/chanrathanhthuy.com\/wp-content\/uploads\/2024\/07\/Khan-cottonchan-ga-goi-Spa-Tham-My-Vien-Quan-Massage.png 1500w, https:\/\/chanrathanhthuy.com\/wp-content\/uploads\/2024\/07\/Khan-cottonchan-ga-goi-Spa-Tham-My-Vien-Quan-Massage-600x1440.png 600w, https:\/\/chanrathanhthuy.com\/wp-content\/uploads\/2024\/07\/Khan-cottonchan-ga-goi-Spa-Tham-My-Vien-Quan-Massage-125x300.png 125w, https:\/\/chanrathanhthuy.com\/wp-content\/uploads\/2024\/07\/Khan-cottonchan-ga-goi-Spa-Tham-My-Vien-Quan-Massage-427x1024.png 427w, https:\/\/chanrathanhthuy.com\/wp-content\/uploads\/2024\/07\/Khan-cottonchan-ga-goi-Spa-Tham-My-Vien-Quan-Massage-63x150.png 63w, https:\/\/chanrathanhthuy.com\/wp-content\/uploads\/2024\/07\/Khan-cottonchan-ga-goi-Spa-Tham-My-Vien-Quan-Massage-768x1843.png 768w, https:\/\/chanrathanhthuy.com\/wp-content\/uploads\/2024\/07\/Khan-cottonchan-ga-goi-Spa-Tham-My-Vien-Quan-Massage-640x1536.png 640w, https:\/\/chanrathanhthuy.com\/wp-content\/uploads\/2024\/07\/Khan-cottonchan-ga-goi-Spa-Tham-My-Vien-Quan-Massage-853x2048.png 853w\" sizes=\"auto, (max-width: 1500px) 100vw, 1500px\" \/><\/a><\/p>\n<p style=\"text-align: justify;\" data-sourcepos=\"5:1-5:456\">Trong ng\u00e0nh d\u1ecbch v\u1ee5 spa, th\u1ea9m m\u1ef9 vi\u1ec7n v\u00e0 massage, kh\u0103n cotton \u0111\u00f3ng vai tr\u00f2 then ch\u1ed1t trong vi\u1ec7c mang l\u1ea1i s\u1ef1 tho\u1ea3i m\u00e1i v\u00e0 th\u01b0 gi\u00e3n t\u1ed1i \u0111a cho kh\u00e1ch h\u00e0ng. Ch\u0103n Ra Thanh Th\u1ee7y t\u1ef1 h\u00e0o cung c\u1ea5p c\u00e1c lo\u1ea1i kh\u0103n cotton chuy\u00ean d\u1ee5ng, \u0111\u01b0\u1ee3c s\u1ea3n xu\u1ea5t t\u1eeb ch\u1ea5t li\u1ec7u t\u1ef1 nhi\u00ean, m\u1ec1m m\u1ea1i v\u00e0 c\u00f3 kh\u1ea3 n\u0103ng th\u1ea5m h\u00fat v\u01b0\u1ee3t tr\u1ed9i. Ch\u00fang t\u00f4i cam k\u1ebft mang \u0111\u1ebfn nh\u1eefng s\u1ea3n ph\u1ea9m kh\u00f4ng ch\u1ec9 n\u00e2ng cao ch\u1ea5t l\u01b0\u1ee3ng d\u1ecbch v\u1ee5 m\u00e0 c\u00f2n g\u00f3p ph\u1ea7n t\u1ea1o n\u00ean \u1ea5n t\u01b0\u1ee3ng chuy\u00ean nghi\u1ec7p cho kh\u00f4ng gian c\u1ee7a b\u1ea1n.<\/p>\n<p data-sourcepos=\"5:1-5:456\"><a href=\"https:\/\/chanrathanhthuy.com\/wp-content\/uploads\/2024\/07\/THEU-LOGO-LEN-KHAN-THEO-YEU-CAU-CHO-SPA-THAM-MY-VIEN-VA-QUAN-MASSAGE.png\"><img loading=\"lazy\" decoding=\"async\" class=\"aligncenter size-full wp-image-64584\" src=\"https:\/\/chanrathanhthuy.com\/wp-content\/uploads\/2024\/07\/THEU-LOGO-LEN-KHAN-THEO-YEU-CAU-CHO-SPA-THAM-MY-VIEN-VA-QUAN-MASSAGE.png\" alt=\"TH\u00caU LOGO L\u00caN KH\u0102N THEO Y\u00caU C\u1ea6U CHO SPA, TH\u1ea8M M\u1ef8 VI\u00caN V\u00c0 QU\u00c1N MASSAGE\" width=\"1500\" height=\"1600\" title=\"\" srcset=\"https:\/\/chanrathanhthuy.com\/wp-content\/uploads\/2024\/07\/THEU-LOGO-LEN-KHAN-THEO-YEU-CAU-CHO-SPA-THAM-MY-VIEN-VA-QUAN-MASSAGE.png 1500w, https:\/\/chanrathanhthuy.com\/wp-content\/uploads\/2024\/07\/THEU-LOGO-LEN-KHAN-THEO-YEU-CAU-CHO-SPA-THAM-MY-VIEN-VA-QUAN-MASSAGE-600x640.png 600w, https:\/\/chanrathanhthuy.com\/wp-content\/uploads\/2024\/07\/THEU-LOGO-LEN-KHAN-THEO-YEU-CAU-CHO-SPA-THAM-MY-VIEN-VA-QUAN-MASSAGE-281x300.png 281w, https:\/\/chanrathanhthuy.com\/wp-content\/uploads\/2024\/07\/THEU-LOGO-LEN-KHAN-THEO-YEU-CAU-CHO-SPA-THAM-MY-VIEN-VA-QUAN-MASSAGE-960x1024.png 960w, https:\/\/chanrathanhthuy.com\/wp-content\/uploads\/2024\/07\/THEU-LOGO-LEN-KHAN-THEO-YEU-CAU-CHO-SPA-THAM-MY-VIEN-VA-QUAN-MASSAGE-141x150.png 141w, https:\/\/chanrathanhthuy.com\/wp-content\/uploads\/2024\/07\/THEU-LOGO-LEN-KHAN-THEO-YEU-CAU-CHO-SPA-THAM-MY-VIEN-VA-QUAN-MASSAGE-768x819.png 768w, https:\/\/chanrathanhthuy.com\/wp-content\/uploads\/2024\/07\/THEU-LOGO-LEN-KHAN-THEO-YEU-CAU-CHO-SPA-THAM-MY-VIEN-VA-QUAN-MASSAGE-1440x1536.png 1440w\" sizes=\"auto, (max-width: 1500px) 100vw, 1500px\" \/><\/a><\/p>\n<h3 style=\"text-align: justify;\" data-sourcepos=\"7:1-7:58\">C\u00e1c Lo\u1ea1i Kh\u0103n Cotton Chuy\u00ean D\u1ee5ng T\u1eeb Ch\u0103n Ra Thanh Th\u1ee7y<\/h3>\n<p style=\"text-align: justify;\" data-sourcepos=\"9:1-9:139\">\u0110\u1ec3 \u0111\u00e1p \u1ee9ng \u0111a d\u1ea1ng nhu c\u1ea7u c\u1ee7a c\u00e1c c\u01a1 s\u1edf kinh doanh, Ch\u0103n Ra Thanh Th\u1ee7y cung c\u1ea5p \u0111\u1ea7y \u0111\u1ee7 c\u00e1c lo\u1ea1i kh\u0103n cotton v\u1edbi c\u00f4ng d\u1ee5ng chuy\u00ean bi\u1ec7t:<\/p>\n<ul style=\"text-align: justify;\" data-sourcepos=\"11:1-17:0\">\n<li data-sourcepos=\"11:1-11:51\">Kh\u0103n m\u1eb7t cotton: M\u1ec1m m\u1ea1i, d\u1ecbu nh\u1eb9 cho l\u00e0n da.<\/li>\n<li data-sourcepos=\"12:1-12:48\">Kh\u0103n tay cotton: Ti\u1ec7n l\u1ee3i, th\u1ea5m h\u00fat nhanh.<\/li>\n<li data-sourcepos=\"13:1-13:80\">Kh\u0103n t\u1eafm cotton: K\u00edch th\u01b0\u1edbc l\u1edbn, mang l\u1ea1i c\u1ea3m gi\u00e1c tho\u1ea3i m\u00e1i sau tr\u1ecb li\u1ec7u.<\/li>\n<li data-sourcepos=\"14:1-14:54\">Th\u1ea3m ch\u00e2n cotton: Gi\u1eef v\u1ec7 sinh, ch\u1ed1ng tr\u01a1n tr\u01b0\u1ee3t.<\/li>\n<li data-sourcepos=\"15:1-15:58\">Kh\u0103n lau t\u00f3c kh\u00f4 cotton: Th\u1ea5m h\u00fat nhanh, b\u1ea3o v\u1ec7 t\u00f3c.<\/li>\n<li data-sourcepos=\"16:1-17:0\">Kh\u0103n qu\u1ea5n kem cotton: Chuy\u00ean d\u1ee5ng cho c\u00e1c li\u1ec7u tr\u00ecnh ch\u0103m s\u00f3c.<\/li>\n<\/ul>\n<p><a href=\"https:\/\/chanrathanhthuy.com\/wp-content\/uploads\/2024\/07\/Khan-trang-khan-mau-cotton-spa-tham-my-vien-va-quan-massage-1.png\"><img loading=\"lazy\" decoding=\"async\" class=\"aligncenter size-full wp-image-64568\" src=\"https:\/\/chanrathanhthuy.com\/wp-content\/uploads\/2024\/07\/Khan-trang-khan-mau-cotton-spa-tham-my-vien-va-quan-massage-1.png\" alt=\"Kh\u0103n tr\u1eafng, kh\u0103n m\u00e0u cotton spa, th\u1ea9m m\u1ef9 vi\u1ec7n v\u00e0 qu\u00e1n massage\" width=\"1500\" height=\"1011\" title=\"\" srcset=\"https:\/\/chanrathanhthuy.com\/wp-content\/uploads\/2024\/07\/Khan-trang-khan-mau-cotton-spa-tham-my-vien-va-quan-massage-1.png 1500w, https:\/\/chanrathanhthuy.com\/wp-content\/uploads\/2024\/07\/Khan-trang-khan-mau-cotton-spa-tham-my-vien-va-quan-massage-1-600x404.png 600w, https:\/\/chanrathanhthuy.com\/wp-content\/uploads\/2024\/07\/Khan-trang-khan-mau-cotton-spa-tham-my-vien-va-quan-massage-1-300x202.png 300w, https:\/\/chanrathanhthuy.com\/wp-content\/uploads\/2024\/07\/Khan-trang-khan-mau-cotton-spa-tham-my-vien-va-quan-massage-1-1024x690.png 1024w, https:\/\/chanrathanhthuy.com\/wp-content\/uploads\/2024\/07\/Khan-trang-khan-mau-cotton-spa-tham-my-vien-va-quan-massage-1-150x101.png 150w, https:\/\/chanrathanhthuy.com\/wp-content\/uploads\/2024\/07\/Khan-trang-khan-mau-cotton-spa-tham-my-vien-va-quan-massage-1-768x518.png 768w\" sizes=\"auto, (max-width: 1500px) 100vw, 1500px\" \/><\/a> <a href=\"https:\/\/chanrathanhthuy.com\/wp-content\/uploads\/2024\/07\/Khan-trai-giuong-spa-tham-my-vien-quan-massage.png\"><img loading=\"lazy\" decoding=\"async\" class=\"aligncenter size-full wp-image-64587\" src=\"https:\/\/chanrathanhthuy.com\/wp-content\/uploads\/2024\/07\/Khan-trai-giuong-spa-tham-my-vien-quan-massage.png\" alt=\"Kh\u0103n tr\u1ea3i gi\u01b0\u1eddng spa, th\u1ea9m m\u1ef9 vi\u1ec7n qu\u00e1n massage\" width=\"1500\" height=\"1011\" title=\"\" srcset=\"https:\/\/chanrathanhthuy.com\/wp-content\/uploads\/2024\/07\/Khan-trai-giuong-spa-tham-my-vien-quan-massage.png 1500w, https:\/\/chanrathanhthuy.com\/wp-content\/uploads\/2024\/07\/Khan-trai-giuong-spa-tham-my-vien-quan-massage-600x404.png 600w, https:\/\/chanrathanhthuy.com\/wp-content\/uploads\/2024\/07\/Khan-trai-giuong-spa-tham-my-vien-quan-massage-300x202.png 300w, https:\/\/chanrathanhthuy.com\/wp-content\/uploads\/2024\/07\/Khan-trai-giuong-spa-tham-my-vien-quan-massage-1024x690.png 1024w, https:\/\/chanrathanhthuy.com\/wp-content\/uploads\/2024\/07\/Khan-trai-giuong-spa-tham-my-vien-quan-massage-150x101.png 150w, https:\/\/chanrathanhthuy.com\/wp-content\/uploads\/2024\/07\/Khan-trai-giuong-spa-tham-my-vien-quan-massage-768x518.png 768w\" sizes=\"auto, (max-width: 1500px) 100vw, 1500px\" \/><\/a> <a href=\"https:\/\/chanrathanhthuy.com\/wp-content\/uploads\/2024\/07\/Khan-la-nail-spa-tham-my-vien-va-quan-massage-3.png\"><img loading=\"lazy\" decoding=\"async\" class=\"aligncenter size-full wp-image-64581\" src=\"https:\/\/chanrathanhthuy.com\/wp-content\/uploads\/2024\/07\/Khan-la-nail-spa-tham-my-vien-va-quan-massage-3.png\" alt=\"Kh\u0103n l\u00e0 nail spa, th\u1ea9m m\u1ef9 vi\u1ec7n v\u00e0 qu\u00e1n massage\" width=\"1500\" height=\"1011\" title=\"\" srcset=\"https:\/\/chanrathanhthuy.com\/wp-content\/uploads\/2024\/07\/Khan-la-nail-spa-tham-my-vien-va-quan-massage-3.png 1500w, https:\/\/chanrathanhthuy.com\/wp-content\/uploads\/2024\/07\/Khan-la-nail-spa-tham-my-vien-va-quan-massage-3-600x404.png 600w, https:\/\/chanrathanhthuy.com\/wp-content\/uploads\/2024\/07\/Khan-la-nail-spa-tham-my-vien-va-quan-massage-3-300x202.png 300w, https:\/\/chanrathanhthuy.com\/wp-content\/uploads\/2024\/07\/Khan-la-nail-spa-tham-my-vien-va-quan-massage-3-1024x690.png 1024w, https:\/\/chanrathanhthuy.com\/wp-content\/uploads\/2024\/07\/Khan-la-nail-spa-tham-my-vien-va-quan-massage-3-150x101.png 150w, https:\/\/chanrathanhthuy.com\/wp-content\/uploads\/2024\/07\/Khan-la-nail-spa-tham-my-vien-va-quan-massage-3-768x518.png 768w\" sizes=\"auto, (max-width: 1500px) 100vw, 1500px\" \/><\/a> <a href=\"https:\/\/chanrathanhthuy.com\/wp-content\/uploads\/2024\/07\/Khan-quan-deu-cotton-spa-tham-my-vien-quan-massage-2.png\"><img loading=\"lazy\" decoding=\"async\" class=\"aligncenter size-full wp-image-64574\" src=\"https:\/\/chanrathanhthuy.com\/wp-content\/uploads\/2024\/07\/Khan-quan-deu-cotton-spa-tham-my-vien-quan-massage-2.png\" alt=\"Kh\u0103n qu\u1ea5n \u0111\u1ec1u cotton spa, th\u1ea9m m\u1ef9 vi\u1ec7n, qu\u00e1n massage\" width=\"1500\" height=\"1011\" title=\"\" srcset=\"https:\/\/chanrathanhthuy.com\/wp-content\/uploads\/2024\/07\/Khan-quan-deu-cotton-spa-tham-my-vien-quan-massage-2.png 1500w, https:\/\/chanrathanhthuy.com\/wp-content\/uploads\/2024\/07\/Khan-quan-deu-cotton-spa-tham-my-vien-quan-massage-2-600x404.png 600w, https:\/\/chanrathanhthuy.com\/wp-content\/uploads\/2024\/07\/Khan-quan-deu-cotton-spa-tham-my-vien-quan-massage-2-300x202.png 300w, https:\/\/chanrathanhthuy.com\/wp-content\/uploads\/2024\/07\/Khan-quan-deu-cotton-spa-tham-my-vien-quan-massage-2-1024x690.png 1024w, https:\/\/chanrathanhthuy.com\/wp-content\/uploads\/2024\/07\/Khan-quan-deu-cotton-spa-tham-my-vien-quan-massage-2-150x101.png 150w, https:\/\/chanrathanhthuy.com\/wp-content\/uploads\/2024\/07\/Khan-quan-deu-cotton-spa-tham-my-vien-quan-massage-2-768x518.png 768w\" sizes=\"auto, (max-width: 1500px) 100vw, 1500px\" \/><\/a><\/p>\n<p style=\"text-align: justify;\" data-sourcepos=\"18:1-18:287\">M\u1ed7i s\u1ea3n ph\u1ea9m kh\u0103n cotton c\u1ee7a Ch\u0103n Ra Thanh Th\u1ee7y \u0111\u1ec1u \u0111\u01b0\u1ee3c tuy\u1ec3n ch\u1ecdn k\u1ef9 l\u01b0\u1ee1ng v\u1ec1 ch\u1ea5t li\u1ec7u v\u00e0 quy tr\u00ecnh s\u1ea3n xu\u1ea5t, \u0111\u1ea3m b\u1ea3o \u0111\u1ed9 b\u1ec1n cao, gi\u1eef m\u00e0u s\u1eafc v\u00e0 \u0111\u1ed9 m\u1ec1m m\u1ea1i sau nhi\u1ec1u l\u1ea7n gi\u1eb7t. H\u00e3y \u0111\u1ec3 kh\u0103n cotton c\u1ee7a ch\u00fang t\u00f4i gi\u00fap b\u1ea1n t\u1ea1o n\u00ean tr\u1ea3i nghi\u1ec7m th\u01b0 gi\u00e3n v\u00e0 tho\u1ea3i m\u00e1i nh\u1ea5t cho kh\u00e1ch h\u00e0ng.<\/p>\n","protected":false},"excerpt":{"rendered":"<p><span style=\"color: #ff0000;\"><strong>GI\u00c1 \u01afU \u0110\u00c3I T\u1edaI 50% KHI \u0110\u1eb6T MAY THEO Y\u00caU C\u1ea6U<\/strong><\/span><\/p>\n","protected":false},"featured_media":81946,"comment_status":"open","ping_status":"closed","template":"","meta":{"_acf_changed":false,"inline_featured_image":false},"product_cat":[2076,1987],"product_tag":[],"class_list":{"0":"post-81497","1":"product","2":"type-product","3":"status-publish","4":"has-post-thumbnail","6":"product_cat-spa","7":"product_cat-chan-ga-khach-san","9":"first","10":"instock","11":"purchasable","12":"product-type-variable","13":"rtwpvg-product"},"acf":[],"_links":{"self":[{"href":"https:\/\/chanrathanhthuy.com\/ja\/wp-json\/wp\/v2\/product\/81497","targetHints":{"allow":["GET"]}}],"collection":[{"href":"https:\/\/chanrathanhthuy.com\/ja\/wp-json\/wp\/v2\/product"}],"about":[{"href":"https:\/\/chanrathanhthuy.com\/ja\/wp-json\/wp\/v2\/types\/product"}],"replies":[{"embeddable":true,"href":"https:\/\/chanrathanhthuy.com\/ja\/wp-json\/wp\/v2\/comments?post=81497"}],"wp:featuredmedia":[{"embeddable":true,"href":"https:\/\/chanrathanhthuy.com\/ja\/wp-json\/wp\/v2\/media\/81946"}],"wp:attachment":[{"href":"https:\/\/chanrathanhthuy.com\/ja\/wp-json\/wp\/v2\/media?parent=81497"}],"wp:term":[{"taxonomy":"product_cat","embeddable":true,"href":"https:\/\/chanrathanhthuy.com\/ja\/wp-json\/wp\/v2\/product_cat?post=81497"},{"taxonomy":"product_tag","embeddable":true,"href":"https:\/\/chanrathanhthuy.com\/ja\/wp-json\/wp\/v2\/product_tag?post=81497"}],"curies":[{"name":"wp","href":"https:\/\/api.w.org\/{rel}","templated":true}]}}