{"id":81567,"date":"2025-06-12T06:50:52","date_gmt":"2025-06-12T06:50:52","guid":{"rendered":"https:\/\/chanrathanhthuy.com\/?post_type=product&#038;p=81567"},"modified":"2025-07-10T03:36:39","modified_gmt":"2025-07-10T03:36:39","slug":"rem-cua-nha-hang-tiec-cuoi","status":"publish","type":"product","link":"https:\/\/chanrathanhthuy.com\/ja\/product\/rem-cua-nha-hang-tiec-cuoi\/","title":{"rendered":"R\u00e8m C\u1eeda Nh\u00e0 H\u00e0ng"},"content":{"rendered":"<h1 style=\"text-align: justify;\" data-sourcepos=\"3:1-3:72\">R\u00e8m C\u1eeda Nh\u00e0 H\u00e0ng &#8211; Ti\u1ec7c C\u01b0\u1edbi: N\u00e2ng T\u1ea7m Kh\u00f4ng Gian, Ghi D\u1ea5u Kho\u1ea3nh Kh\u1eafc<\/h1>\n<p style=\"text-align: justify;\" data-sourcepos=\"7:1-7:466\">Trong ng\u00e0nh d\u1ecbch v\u1ee5 \u0103n u\u1ed1ng v\u00e0 t\u1ed5 ch\u1ee9c s\u1ef1 ki\u1ec7n, thi\u1ebft k\u1ebf kh\u00f4ng gian \u0111\u00f3ng vai tr\u00f2 c\u1ef1c k\u1ef3 quan tr\u1ecdng, quy\u1ebft \u0111\u1ecbnh \u1ea5n t\u01b0\u1ee3ng \u0111\u1ea7u ti\u00ean v\u00e0 c\u1ea3m x\u00fac c\u1ee7a kh\u00e1ch h\u00e0ng. \u0110\u1eb7c bi\u1ec7t, t\u1ea1i c\u00e1c nh\u00e0 h\u00e0ng sang tr\u1ecdng hay \u0111\u1ecba \u0111i\u1ec3m t\u1ed5 ch\u1ee9c ti\u1ec7c c\u01b0\u1edbi, m\u1ecdi chi ti\u1ebft \u0111\u1ec1u c\u1ea7n \u0111\u01b0\u1ee3c ch\u0103m ch\u00fat t\u1ec9 m\u1ec9 \u0111\u1ec3 t\u1ea1o n\u00ean m\u1ed9t t\u1ed5ng th\u1ec3 ho\u00e0n h\u1ea3o. Trong \u0111\u00f3, r\u00e8m c\u1eeda kh\u00f4ng ch\u1ec9 \u0111\u01a1n thu\u1ea7n l\u00e0 v\u1eadt che ch\u1eafn m\u00e0 c\u00f2n l\u00e0 m\u1ed9t y\u1ebfu t\u1ed1 then ch\u1ed1t, g\u00f3p ph\u1ea7n \u0111\u1ecbnh h\u00ecnh phong c\u00e1ch v\u00e0 t\u1ea1o \u0111i\u1ec3m nh\u1ea5n cho kh\u00f4ng gian.<\/p>\n<p data-sourcepos=\"7:1-7:466\"><a href=\"https:\/\/chanrathanhthuy.com\/wp-content\/uploads\/2025\/06\/rem-cua-nha-hang-tiec-cuoi-5.png\"><img loading=\"lazy\" decoding=\"async\" class=\"aligncenter size-full wp-image-82024\" src=\"https:\/\/chanrathanhthuy.com\/wp-content\/uploads\/2025\/06\/rem-cua-nha-hang-tiec-cuoi-5.png\" alt=\"\" width=\"1200\" height=\"800\" title=\"\" srcset=\"https:\/\/chanrathanhthuy.com\/wp-content\/uploads\/2025\/06\/rem-cua-nha-hang-tiec-cuoi-5.png 1200w, https:\/\/chanrathanhthuy.com\/wp-content\/uploads\/2025\/06\/rem-cua-nha-hang-tiec-cuoi-5-300x200.png 300w, https:\/\/chanrathanhthuy.com\/wp-content\/uploads\/2025\/06\/rem-cua-nha-hang-tiec-cuoi-5-1024x683.png 1024w, https:\/\/chanrathanhthuy.com\/wp-content\/uploads\/2025\/06\/rem-cua-nha-hang-tiec-cuoi-5-150x100.png 150w, https:\/\/chanrathanhthuy.com\/wp-content\/uploads\/2025\/06\/rem-cua-nha-hang-tiec-cuoi-5-768x512.png 768w, https:\/\/chanrathanhthuy.com\/wp-content\/uploads\/2025\/06\/rem-cua-nha-hang-tiec-cuoi-5-600x400.png 600w\" sizes=\"auto, (max-width: 1200px) 100vw, 1200px\" \/><\/a><\/p>\n<h2 style=\"text-align: justify;\" data-sourcepos=\"9:1-9:77\">Ch\u0103n Ra Thanh Th\u1ee7y: Gi\u1ea3i Ph\u00e1p R\u00e8m C\u1eeda \u0110\u1ed9c \u0110\u00e1o Cho Nh\u00e0 H\u00e0ng &amp; Ti\u1ec7c C\u01b0\u1edbi<\/h2>\n<p style=\"text-align: justify;\" data-sourcepos=\"11:1-11:436\">V\u1edbi nhi\u1ec1u n\u0103m kinh nghi\u1ec7m trong l\u0129nh v\u1ef1c n\u1ed9i th\u1ea5t v\u00e0 trang tr\u00ed, Ch\u0103n Ra Thanh Th\u1ee7y t\u1ef1 h\u00e0o mang \u0111\u1ebfn nh\u1eefng b\u1ed9 r\u00e8m c\u1eeda nh\u00e0 h\u00e0ng v\u00e0 r\u00e8m c\u1eeda ti\u1ec7c c\u01b0\u1edbi ch\u1ea5t l\u01b0\u1ee3ng cao, \u0111a d\u1ea1ng v\u1ec1 m\u1eabu m\u00e3 v\u00e0 ch\u1ea5t li\u1ec7u, \u0111\u00e1p \u1ee9ng m\u1ecdi y\u00eau c\u1ea7u v\u1ec1 th\u1ea9m m\u1ef9 v\u00e0 c\u00f4ng n\u0103ng. Ch\u00fang t\u00f4i hi\u1ec3u r\u1eb1ng m\u1ed7i kh\u00f4ng gian \u0111\u1ec1u c\u00f3 nh\u1eefng \u0111\u1eb7c tr\u01b0ng ri\u00eang, v\u00ec v\u1eady, c\u00e1c s\u1ea3n ph\u1ea9m r\u00e8m c\u1eeda c\u1ee7a Ch\u0103n Ra Thanh Th\u1ee7y lu\u00f4n \u0111\u01b0\u1ee3c thi\u1ebft k\u1ebf v\u00e0 s\u1ea3n xu\u1ea5t t\u1ec9 m\u1ec9, \u0111\u1ea3m b\u1ea3o s\u1ef1 h\u00e0i h\u00f2a v\u00e0 \u0111\u1ed9c \u0111\u00e1o.<\/p>\n<p data-sourcepos=\"11:1-11:436\"><a href=\"https:\/\/chanrathanhthuy.com\/wp-content\/uploads\/2025\/06\/rem-cua-nha-hang-tiec-cuoi-1.png\"><img loading=\"lazy\" decoding=\"async\" class=\"aligncenter size-full wp-image-82027\" src=\"https:\/\/chanrathanhthuy.com\/wp-content\/uploads\/2025\/06\/rem-cua-nha-hang-tiec-cuoi-1.png\" alt=\"\" width=\"1200\" height=\"800\" title=\"\" srcset=\"https:\/\/chanrathanhthuy.com\/wp-content\/uploads\/2025\/06\/rem-cua-nha-hang-tiec-cuoi-1.png 1200w, https:\/\/chanrathanhthuy.com\/wp-content\/uploads\/2025\/06\/rem-cua-nha-hang-tiec-cuoi-1-300x200.png 300w, https:\/\/chanrathanhthuy.com\/wp-content\/uploads\/2025\/06\/rem-cua-nha-hang-tiec-cuoi-1-1024x683.png 1024w, https:\/\/chanrathanhthuy.com\/wp-content\/uploads\/2025\/06\/rem-cua-nha-hang-tiec-cuoi-1-150x100.png 150w, https:\/\/chanrathanhthuy.com\/wp-content\/uploads\/2025\/06\/rem-cua-nha-hang-tiec-cuoi-1-768x512.png 768w, https:\/\/chanrathanhthuy.com\/wp-content\/uploads\/2025\/06\/rem-cua-nha-hang-tiec-cuoi-1-600x400.png 600w\" sizes=\"auto, (max-width: 1200px) 100vw, 1200px\" \/><\/a><\/p>\n<h3 style=\"text-align: justify;\" data-sourcepos=\"13:1-13:64\">T\u1ea1i Sao R\u00e8m C\u1eeda Quan Tr\u1ecdng \u0110\u1ed1i V\u1edbi Nh\u00e0 H\u00e0ng &amp; Ti\u1ec7c C\u01b0\u1edbi?<\/h3>\n<ul style=\"text-align: justify;\" data-sourcepos=\"15:1-20:0\">\n<li data-sourcepos=\"15:1-15:207\">T\u1ea1o Kh\u00f4ng Gian Ri\u00eang T\u01b0 v\u00e0 \u1ea4m C\u00fang: R\u00e8m c\u1eeda gi\u00fap \u0111i\u1ec1u ch\u1ec9nh \u00e1nh s\u00e1ng, t\u1ea1o ra m\u1ed9t kh\u00f4ng gian ri\u00eang t\u01b0, \u1ea5m c\u00fang v\u00e0 l\u00e3ng m\u1ea1n, \u0111\u1eb7c bi\u1ec7t quan tr\u1ecdng trong c\u00e1c ti\u1ec7c c\u01b0\u1edbi l\u00e3ng m\u1ea1n hay b\u1eefa t\u1ed1i th\u00e2n m\u1eadt.<\/li>\n<li data-sourcepos=\"16:1-16:209\">Ki\u1ec3m So\u00e1t \u00c1nh S\u00e1ng T\u1ef1 Nhi\u00ean: V\u1edbi r\u00e8m c\u1eeda cao c\u1ea5p, b\u1ea1n c\u00f3 th\u1ec3 d\u1ec5 d\u00e0ng \u0111i\u1ec1u ch\u1ec9nh l\u01b0\u1ee3ng \u00e1nh s\u00e1ng t\u1ef1 nhi\u00ean v\u00e0o ph\u00f2ng, t\u1ea1o ra b\u1ea7u kh\u00f4ng kh\u00ed ph\u00f9 h\u1ee3p v\u1edbi t\u1eebng th\u1eddi \u0111i\u1ec3m trong ng\u00e0y ho\u1eb7c t\u1eebng s\u1ef1 ki\u1ec7n c\u1ee5 th\u1ec3.<\/li>\n<li data-sourcepos=\"17:1-17:258\">T\u0103ng C\u01b0\u1eddng Th\u1ea9m M\u1ef9 v\u00e0 Phong C\u00e1ch: R\u00e8m c\u1eeda \u0111\u1eb9p l\u00e0 \u0111i\u1ec3m nh\u1ea5n trang tr\u00ed \u1ea5n t\u01b0\u1ee3ng, gi\u00fap n\u00e2ng t\u1ea7m v\u1ebb \u0111\u1eb9p t\u1ed5ng th\u1ec3 c\u1ee7a nh\u00e0 h\u00e0ng ho\u1eb7c s\u1ea3nh ti\u1ec7c c\u01b0\u1edbi. T\u1eeb r\u00e8m v\u1ea3i sang tr\u1ecdng \u0111\u1ebfn r\u00e8m voan bay b\u1ed5ng, m\u1ed7i lo\u1ea1i r\u00e8m \u0111\u1ec1u mang \u0111\u1ebfn m\u1ed9t phong c\u00e1ch ri\u00eang bi\u1ec7t.<\/li>\n<li data-sourcepos=\"18:1-18:159\">C\u1ea3i Thi\u1ec7n \u00c2m H\u1ecdc: M\u1ed9t s\u1ed1 lo\u1ea1i r\u00e8m d\u00e0y c\u00f3 kh\u1ea3 n\u0103ng h\u1ea5p th\u1ee5 \u00e2m thanh, gi\u00fap gi\u1ea3m ti\u1ebfng \u1ed3n, t\u1ea1o ra m\u1ed9t kh\u00f4ng gian y\u00ean t\u0129nh v\u00e0 d\u1ec5 ch\u1ecbu h\u01a1n cho kh\u00e1ch h\u00e0ng.<\/li>\n<li data-sourcepos=\"19:1-20:0\">Che Khuy\u1ebft \u0110i\u1ec3m Ki\u1ebfn Tr\u00fac: R\u00e8m c\u1eeda c\u00f3 th\u1ec3 \u0111\u01b0\u1ee3c s\u1eed d\u1ee5ng \u0111\u1ec3 che \u0111i nh\u1eefng khuy\u1ebft \u0111i\u1ec3m kh\u00f4ng mong mu\u1ed1n trong ki\u1ebfn tr\u00fac, \u0111\u1ed3ng th\u1eddi l\u00e0m n\u1ed5i b\u1eadt nh\u1eefng \u0111\u01b0\u1eddng n\u00e9t \u0111\u1eb9p c\u1ee7a kh\u00f4ng gian.<\/li>\n<\/ul>\n<p><a href=\"https:\/\/chanrathanhthuy.com\/wp-content\/uploads\/2025\/06\/rem-cua-nha-hang-tiec-cuoi-4.png\"><img loading=\"lazy\" decoding=\"async\" class=\"aligncenter size-full wp-image-82021\" src=\"https:\/\/chanrathanhthuy.com\/wp-content\/uploads\/2025\/06\/rem-cua-nha-hang-tiec-cuoi-4.png\" alt=\"\" width=\"1200\" height=\"800\" title=\"\" srcset=\"https:\/\/chanrathanhthuy.com\/wp-content\/uploads\/2025\/06\/rem-cua-nha-hang-tiec-cuoi-4.png 1200w, https:\/\/chanrathanhthuy.com\/wp-content\/uploads\/2025\/06\/rem-cua-nha-hang-tiec-cuoi-4-300x200.png 300w, https:\/\/chanrathanhthuy.com\/wp-content\/uploads\/2025\/06\/rem-cua-nha-hang-tiec-cuoi-4-1024x683.png 1024w, https:\/\/chanrathanhthuy.com\/wp-content\/uploads\/2025\/06\/rem-cua-nha-hang-tiec-cuoi-4-150x100.png 150w, https:\/\/chanrathanhthuy.com\/wp-content\/uploads\/2025\/06\/rem-cua-nha-hang-tiec-cuoi-4-768x512.png 768w, https:\/\/chanrathanhthuy.com\/wp-content\/uploads\/2025\/06\/rem-cua-nha-hang-tiec-cuoi-4-600x400.png 600w\" sizes=\"auto, (max-width: 1200px) 100vw, 1200px\" \/><\/a><\/p>\n<h3 style=\"text-align: justify;\" data-sourcepos=\"21:1-21:80\">C\u00e1c Lo\u1ea1i R\u00e8m C\u1eeda Ph\u00f9 H\u1ee3p Cho Nh\u00e0 H\u00e0ng &amp; Ti\u1ec7c C\u01b0\u1edbi T\u1ea1i Ch\u0103n Ra Thanh Th\u1ee7y<\/h3>\n<p style=\"text-align: justify;\" data-sourcepos=\"23:1-23:104\">Ch\u0103n Ra Thanh Th\u1ee7y cung c\u1ea5p \u0111a d\u1ea1ng c\u00e1c lo\u1ea1i r\u00e8m c\u1eeda chuy\u00ean d\u1ee5ng cho nh\u00e0 h\u00e0ng v\u00e0 ti\u1ec7c c\u01b0\u1edbi, bao g\u1ed3m:<\/p>\n<ul style=\"text-align: justify;\" data-sourcepos=\"25:1-29:0\">\n<li data-sourcepos=\"25:1-25:228\">R\u00e8m V\u1ea3i: \u0110\u00e2y l\u00e0 l\u1ef1a ch\u1ecdn ph\u1ed5 bi\u1ebfn nh\u1ea5t, v\u1edbi s\u1ef1 \u0111a d\u1ea1ng v\u1ec1 ch\u1ea5t li\u1ec7u (nh\u01b0 v\u1ea3i voan, v\u1ea3i l\u1ee5a, v\u1ea3i g\u1ea5m, v\u1ea3i b\u1ed1), m\u00e0u s\u1eafc v\u00e0 hoa v\u0103n. R\u00e8m v\u1ea3i hai l\u1edbp th\u01b0\u1eddng \u0111\u01b0\u1ee3c \u01b0u ti\u00ean \u0111\u1ec3 k\u1ebft h\u1ee3p gi\u1eefa kh\u1ea3 n\u0103ng ch\u1eafn s\u00e1ng v\u00e0 trang tr\u00ed.<\/li>\n<li data-sourcepos=\"26:1-26:205\">R\u00e8m Voan: V\u1edbi ch\u1ea5t li\u1ec7u m\u1ecfng nh\u1eb9, r\u00e8m voan t\u1ea1o c\u1ea3m gi\u00e1c m\u1ec1m m\u1ea1i, bay b\u1ed5ng v\u00e0 l\u00e3ng m\u1ea1n, r\u1ea5t ph\u00f9 h\u1ee3p cho kh\u00f4ng gian ti\u1ec7c c\u01b0\u1edbi. Ch\u00fang th\u01b0\u1eddng \u0111\u01b0\u1ee3c d\u00f9ng l\u00e0m l\u1edbp trong \u0111\u1ec3 t\u1ea1o hi\u1ec7u \u1ee9ng \u00e1nh s\u00e1ng d\u1ecbu nh\u1eb9.<\/li>\n<li data-sourcepos=\"27:1-27:129\">R\u00e8m Roman: Mang phong c\u00e1ch hi\u1ec7n \u0111\u1ea1i v\u00e0 g\u1ecdn g\u00e0ng, r\u00e8m Roman ph\u00f9 h\u1ee3p v\u1edbi nh\u1eefng kh\u00f4ng gian c\u1ea7n s\u1ef1 tinh t\u1ebf v\u00e0 kh\u00f4ng qu\u00e1 c\u1ea7u k\u1ef3.<\/li>\n<li data-sourcepos=\"28:1-29:0\">R\u00e8m Cu\u1ed1n: L\u00fd t\u01b0\u1edfng cho nh\u1eefng khu v\u1ef1c c\u1ea7n s\u1ef1 ti\u1ec7n l\u1ee3i v\u00e0 kh\u1ea3 n\u0103ng ch\u1eafn s\u00e1ng tuy\u1ec7t \u0111\u1ed1i, \u0111\u1eb7c bi\u1ec7t l\u00e0 c\u00e1c khu v\u1ef1c c\u00f3 c\u1eeda k\u00ednh l\u1edbn.<\/li>\n<\/ul>\n<p><a href=\"https:\/\/chanrathanhthuy.com\/wp-content\/uploads\/2025\/06\/rem-cua-nha-hang-tiec-cuoi-3.png\"><img loading=\"lazy\" decoding=\"async\" class=\"aligncenter size-full wp-image-82018\" src=\"https:\/\/chanrathanhthuy.com\/wp-content\/uploads\/2025\/06\/rem-cua-nha-hang-tiec-cuoi-3.png\" alt=\"\" width=\"1200\" height=\"800\" title=\"\" srcset=\"https:\/\/chanrathanhthuy.com\/wp-content\/uploads\/2025\/06\/rem-cua-nha-hang-tiec-cuoi-3.png 1200w, https:\/\/chanrathanhthuy.com\/wp-content\/uploads\/2025\/06\/rem-cua-nha-hang-tiec-cuoi-3-300x200.png 300w, https:\/\/chanrathanhthuy.com\/wp-content\/uploads\/2025\/06\/rem-cua-nha-hang-tiec-cuoi-3-1024x683.png 1024w, https:\/\/chanrathanhthuy.com\/wp-content\/uploads\/2025\/06\/rem-cua-nha-hang-tiec-cuoi-3-150x100.png 150w, https:\/\/chanrathanhthuy.com\/wp-content\/uploads\/2025\/06\/rem-cua-nha-hang-tiec-cuoi-3-768x512.png 768w, https:\/\/chanrathanhthuy.com\/wp-content\/uploads\/2025\/06\/rem-cua-nha-hang-tiec-cuoi-3-600x400.png 600w\" sizes=\"auto, (max-width: 1200px) 100vw, 1200px\" \/><\/a><\/p>\n<h3 style=\"text-align: justify;\" data-sourcepos=\"30:1-30:59\">L\u1ef1a Ch\u1ecdn R\u00e8m C\u1eeda Chu\u1ea9n SEO Cho Nh\u00e0 H\u00e0ng &amp; Ti\u1ec7c C\u01b0\u1edbi<\/h3>\n<p style=\"text-align: justify;\" data-sourcepos=\"32:1-32:90\">\u0110\u1ec3 l\u1ef1a ch\u1ecdn r\u00e8m c\u1eeda t\u1ed1i \u01b0u cho nh\u00e0 h\u00e0ng v\u00e0 ti\u1ec7c c\u01b0\u1edbi, b\u1ea1n c\u1ea7n c\u00e2n nh\u1eafc c\u00e1c y\u1ebfu t\u1ed1 sau:<\/p>\n<ul style=\"text-align: justify;\" data-sourcepos=\"34:1-38:0\">\n<li data-sourcepos=\"34:1-34:224\">Phong C\u00e1ch Thi\u1ebft K\u1ebf: R\u00e8m c\u1eeda ph\u1ea3i h\u00e0i h\u00f2a v\u1edbi t\u1ed5ng th\u1ec3 ki\u1ebfn tr\u00fac v\u00e0 n\u1ed9i th\u1ea5t c\u1ee7a nh\u00e0 h\u00e0ng ho\u1eb7c s\u1ea3nh ti\u1ec7c. B\u1ea1n c\u00f3 th\u1ec3 t\u00ecm ki\u1ebfm c\u00e1c t\u1eeb kh\u00f3a nh\u01b0 &#8220;r\u00e8m c\u1eeda nh\u00e0 h\u00e0ng phong c\u00e1ch hi\u1ec7n \u0111\u1ea1i&#8221;, &#8220;r\u00e8m c\u1eeda ti\u1ec7c c\u01b0\u1edbi c\u1ed5 \u0111i\u1ec3n&#8221;.<\/li>\n<li data-sourcepos=\"35:1-35:174\">M\u00e0u S\u1eafc v\u00e0 H\u1ecda Ti\u1ebft: Ch\u1ecdn m\u00e0u s\u1eafc ph\u00f9 h\u1ee3p v\u1edbi t\u00f4ng m\u00e0u ch\u1ee7 \u0111\u1ea1o c\u1ee7a kh\u00f4ng gian. C\u00e1c t\u1eeb kh\u00f3a nh\u01b0 &#8220;r\u00e8m c\u1eeda m\u00e0u kem nh\u00e0 h\u00e0ng&#8221;, &#8220;r\u00e8m c\u01b0\u1edbi m\u00e0u pastel&#8221; c\u00f3 th\u1ec3 h\u1eefu \u00edch.<\/li>\n<li data-sourcepos=\"36:1-36:181\">Ch\u1ea5t Li\u1ec7u: \u01afu ti\u00ean c\u00e1c ch\u1ea5t li\u1ec7u b\u1ec1n \u0111\u1eb9p, d\u1ec5 v\u1ec7 sinh v\u00e0 c\u00f3 kh\u1ea3 n\u0103ng ch\u1ed1ng b\u00e1m b\u1ea9n. Tham kh\u1ea3o c\u00e1c t\u1eeb kh\u00f3a nh\u01b0 &#8220;r\u00e8m v\u1ea3i polyester cao c\u1ea5p&#8221;, &#8220;r\u00e8m ch\u1ed1ng b\u00e1m b\u1ea9n nh\u00e0 h\u00e0ng&#8221;.<\/li>\n<li data-sourcepos=\"37:1-38:0\">K\u00edch Th\u01b0\u1edbc v\u00e0 Ki\u1ec3u D\u00e1ng: \u0110o \u0111\u1ea1c k\u1ef9 l\u01b0\u1ee1ng \u0111\u1ec3 \u0111\u1ea3m b\u1ea3o r\u00e8m c\u1eeda v\u1eeba v\u1eb7n v\u00e0 ph\u00f9 h\u1ee3p v\u1edbi khung c\u1eeda.<\/li>\n<\/ul>\n<p style=\"text-align: justify;\" data-sourcepos=\"39:1-39:268\">Ch\u0103n Ra Thanh Th\u1ee7y cam k\u1ebft mang \u0111\u1ebfn nh\u1eefng s\u1ea3n ph\u1ea9m r\u00e8m c\u1eeda ch\u1ea5t l\u01b0\u1ee3ng cao, \u0111\u01b0\u1ee3c thi\u1ebft k\u1ebf ri\u00eang bi\u1ec7t \u0111\u1ec3 t\u1ea1o n\u00ean s\u1ef1 kh\u00e1c bi\u1ec7t cho kh\u00f4ng gian c\u1ee7a b\u1ea1n. H\u00e3y li\u00ean h\u1ec7 v\u1edbi ch\u00fang t\u00f4i ngay h\u00f4m nay \u0111\u1ec3 nh\u1eadn \u0111\u01b0\u1ee3c s\u1ef1 t\u01b0 v\u1ea5n chuy\u00ean nghi\u1ec7p v\u00e0 bi\u1ebfn \u00fd t\u01b0\u1edfng c\u1ee7a b\u1ea1n th\u00e0nh hi\u1ec7n th\u1ef1c<\/p>\n","protected":false},"excerpt":{"rendered":"<p>R\u00e8m C\u1eeda Nh\u00e0 H\u00e0ng &#8211; Ti\u1ec7c C\u01b0\u1edbi: N\u00e2ng T\u1ea7m Kh\u00f4ng Gian, Ghi D\u1ea5u Kho\u1ea3nh Kh\u1eafc Trong ng\u00e0nh d\u1ecbch v\u1ee5 \u0103n u\u1ed1ng v\u00e0 t\u1ed5 &#8230; <a title=\"R\u00e8m C\u1eeda Nh\u00e0 H\u00e0ng\" class=\"read-more\" href=\"https:\/\/chanrathanhthuy.com\/ja\/product\/rem-cua-nha-hang-tiec-cuoi\/\" aria-label=\"More on R\u00e8m C\u1eeda Nh\u00e0 H\u00e0ng\">Read more<\/a><\/p>\n","protected":false},"featured_media":81968,"comment_status":"open","ping_status":"closed","template":"","meta":{"_acf_changed":false,"inline_featured_image":false},"product_cat":[2077],"product_tag":[],"class_list":{"0":"post-81567","1":"product","2":"type-product","3":"status-publish","4":"has-post-thumbnail","6":"product_cat-nha-hang","8":"first","9":"instock","10":"taxable","11":"shipping-taxable","12":"purchasable","13":"product-type-variable","14":"rtwpvg-product"},"acf":[],"_links":{"self":[{"href":"https:\/\/chanrathanhthuy.com\/ja\/wp-json\/wp\/v2\/product\/81567","targetHints":{"allow":["GET"]}}],"collection":[{"href":"https:\/\/chanrathanhthuy.com\/ja\/wp-json\/wp\/v2\/product"}],"about":[{"href":"https:\/\/chanrathanhthuy.com\/ja\/wp-json\/wp\/v2\/types\/product"}],"replies":[{"embeddable":true,"href":"https:\/\/chanrathanhthuy.com\/ja\/wp-json\/wp\/v2\/comments?post=81567"}],"wp:featuredmedia":[{"embeddable":true,"href":"https:\/\/chanrathanhthuy.com\/ja\/wp-json\/wp\/v2\/media\/81968"}],"wp:attachment":[{"href":"https:\/\/chanrathanhthuy.com\/ja\/wp-json\/wp\/v2\/media?parent=81567"}],"wp:term":[{"taxonomy":"product_cat","embeddable":true,"href":"https:\/\/chanrathanhthuy.com\/ja\/wp-json\/wp\/v2\/product_cat?post=81567"},{"taxonomy":"product_tag","embeddable":true,"href":"https:\/\/chanrathanhthuy.com\/ja\/wp-json\/wp\/v2\/product_tag?post=81567"}],"curies":[{"name":"wp","href":"https:\/\/api.w.org\/{rel}","templated":true}]}}