{"id":82770,"date":"2025-06-26T09:10:59","date_gmt":"2025-06-26T09:10:59","guid":{"rendered":"https:\/\/chanrathanhthuy.com\/?post_type=product&#038;p=82770"},"modified":"2025-11-05T08:33:34","modified_gmt":"2025-11-05T08:33:34","slug":"vo-goi-nam-chevery-hoa-tiet-size-50x70-cm-khong-lot-gon-microfiber-thanh-thuy","status":"publish","type":"product","link":"https:\/\/chanrathanhthuy.com\/ja\/product\/vo-goi-nam-chevery-hoa-tiet-size-50x70-cm-khong-lot-gon-microfiber-thanh-thuy\/","title":{"rendered":"V\u1ecf G\u1ed1i N\u1eb1m Chevery H\u1ecda Ti\u1ebft Size 50&#215;70 cm (Kh\u00f4ng l\u00f3t g\u00f2n) &#8211; Microfiber"},"content":{"rendered":"<h5>V\u1ecf G\u1ed1i N\u1eb1m Chevery H\u1ecda Ti\u1ebft Size 50&#215;70 cm (Kh\u00f4ng l\u00f3t g\u00f2n) &#8211; Microfiber<\/h5>\n<ul>\n<li>Th\u00e0nh ph\u1ea7n: Microfiber<\/li>\n<li>K\u00edch th\u01b0\u1edbc: 50&#215;70 cm<\/li>\n<li>Quy c\u00e1ch: Kh\u00f4ng l\u00f3t g\u00f2n<\/li>\n<\/ul>\n<h5>CHI TI\u1ebeT N\u1ed4I B\u1eacT C\u1ee6A V\u1ece G\u1ed0I:<\/h5>\n<ul>\n<li>V\u1ecf \u00e1o g\u1ed1i n\u1eb1m: Vi\u1ec1n \u00e1o \u0111\u1ed1i \u0111\u01b0\u1ee3c may 2 l\u1edbp, nh\u1eb1m t\u1ea1o \u0111i\u1ec3m nh\u1ea5n v\u00e0 gi\u00fap s\u1ea3n ph\u1ea9m tr\u1edf n\u00ean \u0111\u1eb7c bi\u1ec7t<\/li>\n<li>D\u00e2y kh\u00f3a k\u00e9o ti\u1ec7n l\u1ee3i v\u00e0 c\u00f3 \u0111\u1ed9 b\u1ec1n cao, \u0111\u1ea3m b\u1ea3o kh\u00f4ng b\u1ecb tr\u01b0\u1ee3t ho\u1eb7c bung ra trong qu\u00e1 tr\u00ecnh s\u1eed d\u1ee5ng s\u1ea3n ph\u1ea9m Ch\u0103n Ga G\u1ed1i<\/li>\n<\/ul>\n<h5>\u01afU \u0110I\u1ec2M:<\/h5>\n<ul>\n<li>Tho\u1ea3i m\u00e1i: Mang \u0111\u1ebfn c\u1ea3m gi\u00e1c m\u1ec1m m\u1ea1i, tho\u00e1ng m\u00e1t, gi\u00fap b\u1ea1n c\u00f3 gi\u1ea5c ng\u1ee7 s\u00e2u v\u00e0 ngon h\u01a1n.<\/li>\n<li>B\u1ec1n \u0111\u1eb9p: M\u00e0u s\u1eafc b\u1ec1n m\u00e0u, kh\u00f4ng phai, d\u1ec5 d\u00e0ng gi\u1eb7t \u1ee7i v\u00e0 b\u1ea3o qu\u1ea3n.<\/li>\n<li>\u0110a n\u0103ng: Ph\u00f9 h\u1ee3p v\u1edbi m\u1ecdi m\u00f9a v\u00e0 m\u1ecdi lo\u1ea1i th\u1eddi ti\u1ebft.<\/li>\n<li>Gi\u00e1 c\u1ea3 h\u1ee3p l\u00fd: S\u1ea3n ph\u1ea9m ch\u1ea5t l\u01b0\u1ee3ng cao v\u1edbi gi\u00e1 c\u1ea3 c\u1ea1nh tranh.<\/li>\n<\/ul>\n<h5>H\u01af\u1edaNG D\u1eaaN S\u1eec D\u1ee4NG V\u00c0 B\u1ea2O QU\u1ea2N:<\/h5>\n<ul>\n<li>Kh\u00f4ng gi\u1eb7t chung s\u1ea3n ph\u1ea9m v\u1edbi c\u00e1c lo\u1ea1i v\u1ea3i kh\u00e1c, \u0111\u1eb7c bi\u1ec7t l\u00e0 c\u00e1c lo\u1ea1i v\u1ea3i b\u1ec1 m\u1eb7t c\u1ee9ng, c\u00f3 d\u00e2y k\u00e9o d\u1ea1ng l\u1edbn ho\u1eb7c c\u00f3 th\u00e0nh ph\u1ea7n polyester, c\u00f3 th\u1ec3 l\u00e0m h\u1ecfng b\u1ec1 m\u1eb7t v\u1ea3i v\u00e0 l\u00e0m s\u1ea3n ph\u1ea9m b\u1ecb x\u00f9 l\u00f4ng.<\/li>\n<li>Kh\u00f4ng s\u1eed d\u1ee5ng thu\u1ed1c t\u1ea9y ho\u1eb7c c\u00e1c lo\u1ea1i n\u01b0\u1edbc gi\u1eb7t c\u00f3 ch\u1ee9a th\u00e0nh ph\u1ea7n thu\u1ed1c t\u1ea9y.<\/li>\n<li>Kh\u00f4ng s\u1ea5y s\u1ea3n ph\u1ea9m \u1edf m\u1ee9c nhi\u1ec7t \u0111\u1ed9 qu\u00e1 cao ho\u1eb7c ph\u01a1i tr\u1ef1c ti\u1ebfp d\u01b0\u1edbi \u00e1nh n\u1eafng g\u1eaft<\/li>\n<li>B\u1ea3o qu\u1ea3n s\u1ea3n ph\u1ea9m \u1edf n\u01a1i kh\u00f4 r\u00e1o, tho\u00e1ng m\u00e1t, tr\u00e1nh \u00e1nh s\u00e1ng tr\u1ef1c ti\u1ebfp c\u1ee7a m\u1eb7t tr\u1eddi.<\/li>\n<\/ul>\n<h5>\u00a0L\u01afU \u00dd:<\/h5>\n<ul>\n<li>H\u00ecnh \u1ea3nh th\u1eadt do THANHTHUY ch\u1ee5p, s\u1ebd c\u00f3 s\u1ef1 ch\u00eanh l\u1ec7ch 3%-5% v\u1ec1 m\u00e0u s\u1eafc, \u00e1nh s\u00e1ng c\u0169ng nh\u01b0 c\u00e1c y\u00eau t\u1ed1 kh\u00e1c.<\/li>\n<li>H\u00ecnh \u1ea3nh m\u00f4 t\u1ea3 v\u1ecf ch\u0103n\/v\u1ecf g\u1ed1i \u0111\u00e3 \u0111\u01b0\u1ee3c l\u1ed3ng ru\u1ed9t, th\u1ef1c t\u1ebf ch\u01b0a c\u00f3. Qu\u00fd kh\u00e1ch c\u00f3 th\u1ec3 mua th\u00eam ru\u1ed9t ch\u0103n\/ru\u1ed9t g\u1ed1i \u1edf m\u1ee5c \u201cMua k\u00e8m deal s\u1ed1c\u201d \u0111\u1ec3 \u0111\u01b0\u1ee3c m\u1ee9c gi\u00e1 \u01b0u \u0111\u00e3i nh\u1ea5t<\/li>\n<\/ul>\n<p>#bochanga #bogagoi #gagiuong #gagoi #ruotgoi #goidau #chan #ga #goi #cotton #tici #poly #vogoi #baogoi #loigoi #ruot #bochun #drap #ranem #ga #men #pastel #changagoidem #microfiber #chevery #thanhthuy #giuongngu #giacngu #memmai #thamhut #thoangmat #cotton #tici<\/p>\n","protected":false},"excerpt":{"rendered":"<p>V\u1ecf G\u1ed1i N\u1eb1m Chevery H\u1ecda Ti\u1ebft Size 50&#215;70 cm (Kh\u00f4ng l\u00f3t g\u00f2n) &#8211; Microfiber Th\u00e0nh ph\u1ea7n: Microfiber K\u00edch  &#8230; <a title=\"V\u1ecf G\u1ed1i N\u1eb1m Chevery H\u1ecda Ti\u1ebft Size 50&#215;70 cm (Kh\u00f4ng l\u00f3t g\u00f2n) &#8211; Microfiber\" class=\"read-more\" href=\"https:\/\/chanrathanhthuy.com\/ja\/product\/vo-goi-nam-chevery-hoa-tiet-size-50x70-cm-khong-lot-gon-microfiber-thanh-thuy\/\" aria-label=\"More on V\u1ecf G\u1ed1i N\u1eb1m Chevery H\u1ecda Ti\u1ebft Size 50&#215;70 cm (Kh\u00f4ng l\u00f3t g\u00f2n) &#8211; Microfiber\">Read more<\/a><\/p>\n","protected":false},"featured_media":88763,"comment_status":"open","ping_status":"closed","template":"","meta":{"_acf_changed":false,"inline_featured_image":false},"product_cat":[1960,1931,2172],"product_tag":[],"class_list":{"0":"post-82770","1":"product","2":"type-product","3":"status-publish","4":"has-post-thumbnail","6":"product_cat-chan-ga-gia-dinh","7":"product_cat-chan-ga-goi-microfiber","8":"product_cat-chevery-microfiber-hoa-tiet","10":"first","11":"instock","12":"taxable","13":"shipping-taxable","14":"purchasable","15":"product-type-variable","16":"rtwpvg-product"},"acf":[],"_links":{"self":[{"href":"https:\/\/chanrathanhthuy.com\/ja\/wp-json\/wp\/v2\/product\/82770","targetHints":{"allow":["GET"]}}],"collection":[{"href":"https:\/\/chanrathanhthuy.com\/ja\/wp-json\/wp\/v2\/product"}],"about":[{"href":"https:\/\/chanrathanhthuy.com\/ja\/wp-json\/wp\/v2\/types\/product"}],"replies":[{"embeddable":true,"href":"https:\/\/chanrathanhthuy.com\/ja\/wp-json\/wp\/v2\/comments?post=82770"}],"wp:featuredmedia":[{"embeddable":true,"href":"https:\/\/chanrathanhthuy.com\/ja\/wp-json\/wp\/v2\/media\/88763"}],"wp:attachment":[{"href":"https:\/\/chanrathanhthuy.com\/ja\/wp-json\/wp\/v2\/media?parent=82770"}],"wp:term":[{"taxonomy":"product_cat","embeddable":true,"href":"https:\/\/chanrathanhthuy.com\/ja\/wp-json\/wp\/v2\/product_cat?post=82770"},{"taxonomy":"product_tag","embeddable":true,"href":"https:\/\/chanrathanhthuy.com\/ja\/wp-json\/wp\/v2\/product_tag?post=82770"}],"curies":[{"name":"wp","href":"https:\/\/api.w.org\/{rel}","templated":true}]}}