{"id":83386,"date":"2025-07-02T09:32:41","date_gmt":"2025-07-02T09:32:41","guid":{"rendered":"https:\/\/chanrathanhthuy.com\/?post_type=product&#038;p=83386"},"modified":"2025-11-28T09:29:05","modified_gmt":"2025-11-28T09:29:05","slug":"bo-chan-ga-goi-6-mon-100-cotton-theu-flower","status":"publish","type":"product","link":"https:\/\/chanrathanhthuy.com\/ja\/product\/bo-chan-ga-goi-6-mon-100-cotton-theu-flower\/","title":{"rendered":"B\u1ed9 Ch\u0103n Ga G\u1ed1i 6 m\u00f3n &#8211; 100% Cotton Th\u00eau Flower"},"content":{"rendered":"<h5>TH\u00d4NG S\u1ed0 K\u0128 THU\u1eacT<\/h5>\n<ul>\n<li>T\u00ean s\u1ea3n ph\u1ea9m: Cotton Th\u00eau Flower<\/li>\n<li>Ch\u1ea5t li\u1ec7u: 100% Cotton<\/li>\n<li>M\u00e0u s\u1eafc: \u0110a m\u00e0u s\u1eafc<\/li>\n<li>K\u00edch th\u01b0\u1edbc: 160&#215;200, 180&#215;200<\/li>\n<\/ul>\n<p>B\u1ed9 s\u1ea3n ph\u1ea9m bao g\u1ed3m:<\/p>\n<ul>\n<li>1 ga b\u1ecdc (chun)<\/li>\n<li>2 v\u1ecf g\u1ed1i n\u1eb1m 50x70cm<\/li>\n<li>1 v\u1ecf g\u1ed1i trang tr\u00ed vu\u00f4ng 45x45cm<\/li>\n<li>1 v\u1ecf g\u1ed1i \u00f4m 35x100cm<\/li>\n<li>1 ch\u0103n (m\u1ec1n) ch\u1ea7n g\u00f2n 180&#215;200 ho\u1eb7c 200&#215;220 (Tr\u1ecdn B\u1ed9)<\/li>\n<\/ul>\n<p>Cotton Th\u00eau Flower l\u00e0 s\u1ea3n ph\u1ea9m Ch\u0103n Ga G\u1ed1i \u0111\u01b0\u1ee3c s\u1ea3n xu\u1ea5t t\u1eeb lo\u1ea1i v\u1ea3i cotton truy\u1ec1n th\u1ed1ng v\u00e0 d\u1ec7t h\u1ecda ti\u1ebft hoa l\u00ean b\u1ec1 m\u1eb7t v\u1ea3i. \u0110\u01b0\u1eddng n\u00e9t th\u00eau tinh t\u1ebf, t\u1ec9 m\u1ec9 v\u00e0 mang t\u00ednh th\u1ea9m m\u1ef9 cao t\u1ea1o \u0111i\u1ec3m nh\u1ea5n cho b\u1ed9 drap gi\u01b0\u1eddng, v\u00e0 mang \u0111\u1ebfn v\u1ebb \u0111\u1eb9p sang tr\u1ecdng v\u00e0 thanh l\u1ecbch cho nhi\u1ec1u kh\u00f4ng gian ph\u00f2ng ng\u1ee7 hi\u1ec7n \u0111\u1ea1i v\u00e0 \u0111\u01a1n gi\u1ea3n.<\/p>\n<h5>\u01afU \u0110I\u1ec2M V\u01af\u1ee2T TR\u1ed8I B\u1ed8 CH\u0102N GA TH\u00caU FLOWER<\/h5>\n<ul>\n<li>Tho\u1ea3i m\u00e1i: Ch\u1ea5t li\u1ec7u Th\u00eau flower mang \u0111\u1ebfn c\u1ea3m gi\u00e1c m\u1ec1m m\u1ea1i, tho\u00e1ng m\u00e1t, gi\u00fap b\u1ea1n c\u00f3 gi\u1ea5c ng\u1ee7 s\u00e2u v\u00e0 ngon h\u01a1n.<\/li>\n<li>B\u1ec1n \u0111\u1eb9p: M\u00e0u s\u1eafc b\u1ec1n m\u00e0u, kh\u00f4ng phai, d\u1ec5 d\u00e0ng gi\u1eb7t \u1ee7i v\u00e0 b\u1ea3o qu\u1ea3n.<\/li>\n<li>\u0110a n\u0103ng: Ph\u00f9 h\u1ee3p v\u1edbi m\u1ecdi m\u00f9a v\u00e0 m\u1ecdi lo\u1ea1i th\u1eddi ti\u1ebft.<\/li>\n<li>Gi\u00e1 c\u1ea3 h\u1ee3p l\u00fd: S\u1ea3n ph\u1ea9m ch\u1ea5t l\u01b0\u1ee3ng cao v\u1edbi gi\u00e1 c\u1ea3 c\u1ea1nh tranh.<\/li>\n<\/ul>\n<h5>H\u01af\u1edaNG D\u1eaaN S\u1eec D\u1ee4NG V\u00c0 B\u1ea2O QU\u1ea2N CH\u0102N GA TH\u00caU<\/h5>\n<ul>\n<li>Kh\u00f4ng gi\u1eb7t chung s\u1ea3n ph\u1ea9m v\u1edbi c\u00e1c lo\u1ea1i v\u1ea3i kh\u00e1c, \u0111\u1eb7c bi\u1ec7t l\u00e0 c\u00e1c lo\u1ea1i v\u1ea3i b\u1ec1 m\u1eb7t c\u1ee9ng, c\u00f3 d\u00e2y k\u00e9o d\u1ea1ng l\u1edbn ho\u1eb7c c\u00f3 th\u00e0nh ph\u1ea7n polyester, c\u00f3 th\u1ec3 l\u00e0m h\u1ecfng b\u1ec1 m\u1eb7t v\u1ea3i v\u00e0 l\u00e0m s\u1ea3n ph\u1ea9m b\u1ecb x\u00f9 l\u00f4ng.<\/li>\n<li>Kh\u00f4ng s\u1eed d\u1ee5ng thu\u1ed1c t\u1ea9y ho\u1eb7c c\u00e1c lo\u1ea1i n\u01b0\u1edbc gi\u1eb7t c\u00f3 ch\u1ee9a th\u00e0nh ph\u1ea7n thu\u1ed1c t\u1ea9y.<\/li>\n<li>Kh\u00f4ng s\u1ea5y s\u1ea3n ph\u1ea9m \u1edf m\u1ee9c nhi\u1ec7t \u0111\u1ed9 qu\u00e1 cao ho\u1eb7c ph\u01a1i tr\u1ef1c ti\u1ebfp d\u01b0\u1edbi \u00e1nh n\u1eafng g\u1eaft<\/li>\n<li>B\u1ea3o qu\u1ea3n s\u1ea3n ph\u1ea9m \u1edf n\u01a1i kh\u00f4 r\u00e1o, tho\u00e1ng m\u00e1t, tr\u00e1nh \u00e1nh s\u00e1ng tr\u1ef1c ti\u1ebfp c\u1ee7a m\u1eb7t tr\u1eddi.<\/li>\n<\/ul>\n","protected":false},"excerpt":{"rendered":"<p>TH\u00d4NG S\u1ed0 K\u0128 THU\u1eacT T\u00ean s\u1ea3n ph\u1ea9m: Cotton Th\u00eau Flower Ch\u1ea5t li\u1ec7u: 100% Cotton M\u00e0u s\u1eafc: \u0110a m\u00e0u s\u1eafc K\u00edch th\u01b0\u1edbc: 160&#038; &#8230; <a title=\"B\u1ed9 Ch\u0103n Ga G\u1ed1i 6 m\u00f3n &#8211; 100% Cotton Th\u00eau Flower\" class=\"read-more\" href=\"https:\/\/chanrathanhthuy.com\/ja\/product\/bo-chan-ga-goi-6-mon-100-cotton-theu-flower\/\" aria-label=\"More on B\u1ed9 Ch\u0103n Ga G\u1ed1i 6 m\u00f3n &#8211; 100% Cotton Th\u00eau Flower\">Read more<\/a><\/p>\n","protected":false},"featured_media":89125,"comment_status":"open","ping_status":"closed","template":"","meta":{"_acf_changed":false,"inline_featured_image":false},"product_cat":[1960,1932,2966],"product_tag":[],"class_list":{"0":"post-83386","1":"product","2":"type-product","3":"status-publish","4":"has-post-thumbnail","6":"product_cat-chan-ga-gia-dinh","7":"product_cat-chan-ga-goi-cotton","8":"product_cat-cotton-theu-flower","9":"pa_mau-sac-bich-16","10":"pa_mau-sac-do-ns","11":"pa_mau-sac-hong-dam-15","12":"pa_mau-sac-ruoc-13","14":"first","15":"instock","16":"taxable","17":"shipping-taxable","18":"purchasable","19":"product-type-variable","20":"rtwpvg-product"},"acf":[],"_links":{"self":[{"href":"https:\/\/chanrathanhthuy.com\/ja\/wp-json\/wp\/v2\/product\/83386","targetHints":{"allow":["GET"]}}],"collection":[{"href":"https:\/\/chanrathanhthuy.com\/ja\/wp-json\/wp\/v2\/product"}],"about":[{"href":"https:\/\/chanrathanhthuy.com\/ja\/wp-json\/wp\/v2\/types\/product"}],"replies":[{"embeddable":true,"href":"https:\/\/chanrathanhthuy.com\/ja\/wp-json\/wp\/v2\/comments?post=83386"}],"wp:featuredmedia":[{"embeddable":true,"href":"https:\/\/chanrathanhthuy.com\/ja\/wp-json\/wp\/v2\/media\/89125"}],"wp:attachment":[{"href":"https:\/\/chanrathanhthuy.com\/ja\/wp-json\/wp\/v2\/media?parent=83386"}],"wp:term":[{"taxonomy":"product_cat","embeddable":true,"href":"https:\/\/chanrathanhthuy.com\/ja\/wp-json\/wp\/v2\/product_cat?post=83386"},{"taxonomy":"product_tag","embeddable":true,"href":"https:\/\/chanrathanhthuy.com\/ja\/wp-json\/wp\/v2\/product_tag?post=83386"}],"curies":[{"name":"wp","href":"https:\/\/api.w.org\/{rel}","templated":true}]}}