{"id":83609,"date":"2025-07-03T08:41:57","date_gmt":"2025-07-03T08:41:57","guid":{"rendered":"https:\/\/chanrathanhthuy.com\/?post_type=product&#038;p=83609"},"modified":"2026-04-07T01:26:26","modified_gmt":"2026-04-07T01:26:26","slug":"1-3-1-ga-boc-trang-tron-27cm-chong-nhan-khach-san","status":"publish","type":"product","link":"https:\/\/chanrathanhthuy.com\/ja\/product\/1-3-1-ga-boc-trang-tron-27cm-chong-nhan-khach-san\/","title":{"rendered":"1.3.2. Ga B\u1ecdc Tr\u1eafng Tr\u01a1n (17cm) Ch\u1ed1ng Nh\u0103n Kh\u00e1ch S\u1ea1n"},"content":{"rendered":"<h2 data-sourcepos=\"3:1-3:73\">Ch\u0103n Ga G\u1ed1i \u0110\u1ec7m Kh\u00e1ch S\u1ea1n: Ga B\u1ecdc Tr\u1eafng Tr\u01a1n 17cm Ch\u1ed1ng Nh\u0103n t\u1eeb Ch\u0103n Ra Thanh Th\u1ee7y<\/h2>\n<p data-sourcepos=\"5:1-5:432\">Trong b\u1ed9 ch\u0103n ga g\u1ed1i \u0111\u1ec7m ho\u00e0n ch\u1ec9nh, ga b\u1ecdc l\u00e0 l\u1ef1a ch\u1ecdn t\u1ed1i \u01b0u cho c\u00e1c kh\u00e1ch s\u1ea1n, homestay nh\u1edd \u0111\u1eb7c t\u00ednh ti\u1ec7n l\u1ee3i v\u00e0 nhanh ch\u00f3ng. \u0110\u00fang nh\u01b0 t\u00ean g\u1ecdi, ga b\u1ecdc \u00f4m s\u00e1t \u0111\u1ec7m, mang l\u1ea1i s\u1ef1 g\u1ecdn g\u00e0ng v\u00e0 d\u1ec5 s\u1eed d\u1ee5ng. V\u1edbi s\u1ea3n ph\u1ea9m ga b\u1ecdc tr\u1eafng tr\u01a1n kh\u00e1ch s\u1ea1n c\u1ee7a Ch\u0103n Ra Thanh Th\u1ee7y, vi\u1ec7c tr\u1ea3i gi\u01b0\u1eddng tr\u1edf n\u00ean \u0111\u01a1n gi\u1ea3n h\u01a1n bao gi\u1edd h\u1ebft, d\u1ec5 gi\u1eb7t, mau kh\u00f4 v\u00e0 th\u01b0\u1eddng kh\u00f4ng c\u1ea7n \u1ee7i, ti\u1ebft ki\u1ec7m th\u1eddi gian v\u00e0 c\u00f4ng s\u1ee9c cho \u0111\u1ed9i ng\u0169 housekeeping.<\/p>\n<p data-sourcepos=\"5:1-5:432\"><a href=\"https:\/\/chanrathanhthuy.com\/wp-content\/uploads\/2023\/03\/Chan-ga-goi-dem-khach-san-homestay-resort-nha-nghi.jpg\"><img loading=\"lazy\" decoding=\"async\" class=\"aligncenter size-full wp-image-80019\" src=\"https:\/\/chanrathanhthuy.com\/wp-content\/uploads\/2023\/03\/Chan-ga-goi-dem-khach-san-homestay-resort-nha-nghi.jpg\" alt=\"\" width=\"1500\" height=\"1089\" title=\"\" srcset=\"https:\/\/chanrathanhthuy.com\/wp-content\/uploads\/2023\/03\/Chan-ga-goi-dem-khach-san-homestay-resort-nha-nghi.jpg 1500w, https:\/\/chanrathanhthuy.com\/wp-content\/uploads\/2023\/03\/Chan-ga-goi-dem-khach-san-homestay-resort-nha-nghi-300x218.jpg 300w, https:\/\/chanrathanhthuy.com\/wp-content\/uploads\/2023\/03\/Chan-ga-goi-dem-khach-san-homestay-resort-nha-nghi-1024x743.jpg 1024w, https:\/\/chanrathanhthuy.com\/wp-content\/uploads\/2023\/03\/Chan-ga-goi-dem-khach-san-homestay-resort-nha-nghi-150x109.jpg 150w, https:\/\/chanrathanhthuy.com\/wp-content\/uploads\/2023\/03\/Chan-ga-goi-dem-khach-san-homestay-resort-nha-nghi-768x558.jpg 768w, https:\/\/chanrathanhthuy.com\/wp-content\/uploads\/2023\/03\/Chan-ga-goi-dem-khach-san-homestay-resort-nha-nghi-600x436.jpg 600w\" sizes=\"auto, (max-width: 1500px) 100vw, 1500px\" \/><\/a> <a href=\"https:\/\/chanrathanhthuy.com\/wp-content\/uploads\/2023\/03\/Ga-boc-ga-thang-khach-san.jpg\"><img loading=\"lazy\" decoding=\"async\" class=\"aligncenter size-full wp-image-80022\" src=\"https:\/\/chanrathanhthuy.com\/wp-content\/uploads\/2023\/03\/Ga-boc-ga-thang-khach-san.jpg\" alt=\"\" width=\"1500\" height=\"1682\" title=\"\" srcset=\"https:\/\/chanrathanhthuy.com\/wp-content\/uploads\/2023\/03\/Ga-boc-ga-thang-khach-san.jpg 1500w, https:\/\/chanrathanhthuy.com\/wp-content\/uploads\/2023\/03\/Ga-boc-ga-thang-khach-san-268x300.jpg 268w, https:\/\/chanrathanhthuy.com\/wp-content\/uploads\/2023\/03\/Ga-boc-ga-thang-khach-san-913x1024.jpg 913w, https:\/\/chanrathanhthuy.com\/wp-content\/uploads\/2023\/03\/Ga-boc-ga-thang-khach-san-134x150.jpg 134w, https:\/\/chanrathanhthuy.com\/wp-content\/uploads\/2023\/03\/Ga-boc-ga-thang-khach-san-768x861.jpg 768w, https:\/\/chanrathanhthuy.com\/wp-content\/uploads\/2023\/03\/Ga-boc-ga-thang-khach-san-1370x1536.jpg 1370w, https:\/\/chanrathanhthuy.com\/wp-content\/uploads\/2023\/03\/Ga-boc-ga-thang-khach-san-600x673.jpg 600w\" sizes=\"auto, (max-width: 1500px) 100vw, 1500px\" \/><\/a><\/p>\n<h3 data-sourcepos=\"5:1-5:432\">Chi ti\u1ebft s\u1ea3n ph\u1ea9m Ga b\u1ecdc tr\u1eafng tr\u01a1n ch\u1ed1ng nh\u0103n kh\u00e1ch s\u1ea1n<\/h3>\n<table style=\"border-collapse: collapse; width: 100%;\">\n<tbody>\n<tr>\n<td style=\"width: 49.9578%;\">CVC T250<\/td>\n<td style=\"width: 49.9578%;\">Satin T400<\/td>\n<\/tr>\n<tr>\n<td style=\"width: 49.9578%;\">Ch\u1ea5t li\u1ec7u: 50% Cotton, 50% Polyester<\/p>\n<p>\u0110\u1eb7c t\u00ednh v\u1ea3i CVC:<\/p>\n<ul>\n<li>M\u1ec1m m\u1ea1i, m\u00e1t m\u1ebb, tho\u1ea3i m\u00e1i v\u00e0 b\u1ec1n<\/li>\n<li>Kh\u00f4ng \u0111\u1ed9c h\u1ea1i, th\u00e2n thi\u1ec7n v\u1edbi m\u00f4i tr\u01b0\u1eddng<\/li>\n<li>D\u1ec5 b\u1ea3o qu\u1ea3n v\u00e0 v\u1ec7 sinh<\/li>\n<\/ul>\n<p>M\u1eadt \u0111\u1ed9 s\u1ee3i: T260<br \/>\n\u01afu \u0111i\u1ec3m: Ch\u1ed1ng nh\u0103n<\/td>\n<td style=\"width: 49.9578%;\">Ch\u1ea5t li\u1ec7u: 100% cotton<\/p>\n<p>\u0110\u1eb7c t\u00ednh v\u1ea3i Cotton\u00a0Satin T400:<\/p>\n<ul>\n<li>Kh\u00f4ng b\u1ecb nh\u0103n m\u1ed7i khi v\u00f2, gi\u1eb7t<\/li>\n<li>C\u00f3 \u0111\u1ed9 b\u1ec1n cao v\u00ec s\u1ee3i\u00a0v\u1ea3i\u00a0r\u1ea5t nh\u1ecf v\u1edbi m\u1eadt \u0111\u1ed9 d\u00e0y\u00a0\u0111\u1eb7c<\/li>\n<li>Kh\u1ea3 n\u0103ng th\u1ea5m h\u00fat t\u1ed1t, th\u00e2n thi\u1ec7n v\u1edbi l\u00e0n da<\/li>\n<\/ul>\n<p>M\u1eadt \u0111\u1ed9 s\u1ee3i: T400<br \/>\n\u01afu \u0111i\u1ec3m: M\u1ec1m m\u1ecbn, tho\u00e1ng m\u00e1t<\/td>\n<\/tr>\n<\/tbody>\n<\/table>\n<h3 style=\"text-align: justify;\" data-sourcepos=\"9:1-9:64\">\u0110\u1eb7c \u0111i\u1ec3m n\u1ed5i b\u1eadt c\u1ee7a Ga b\u1ecdc tr\u1eafng tr\u01a1n ch\u1ed1ng nh\u0103n kh\u00e1ch s\u1ea1n Thanh Th\u1ee7y:<\/h3>\n<p data-sourcepos=\"7:1-7:108\">Ch\u0103n Ra Thanh Th\u1ee7y cam k\u1ebft ch\u1ea5t l\u01b0\u1ee3ng v\u01b0\u1ee3t tr\u1ed9i cho m\u1ecdi s\u1ea3n ph\u1ea9m ch\u0103n ga g\u1ed1i \u0111\u1ec7m, bao g\u1ed3m c\u1ea3 ga b\u1ecdc:<\/p>\n<ul data-sourcepos=\"9:1-14:0\">\n<li data-sourcepos=\"9:1-9:146\">V\u1ea3i m\u1ec1m v\u00e0 b\u1ec1n: Chuy\u00ean nghi\u1ec7p d\u00e0nh cho kh\u0103n tr\u1ea3i gi\u01b0\u1eddng kh\u00e1ch s\u1ea1n m\u00e0u tr\u1eafng, \u0111\u1ea3m b\u1ea3o \u0111\u1ed9 b\u1ec1n cao v\u00e0 c\u1ea3m gi\u00e1c \u00eam \u00e1i, d\u1ec5 ch\u1ecbu khi ti\u1ebfp x\u00fac.<\/li>\n<li data-sourcepos=\"10:1-10:150\">Ti\u00eau chu\u1ea9n ch\u1ea5t l\u01b0\u1ee3ng nghi\u00eam ng\u1eb7t: M\u1eadt \u0111\u1ed9, tr\u1ecdng l\u01b0\u1ee3ng v\u00e0 s\u1ee3i v\u1ea3i \u0111\u1ec1u \u0111\u1ea1t 100% ti\u00eau chu\u1ea9n kh\u00e1ch h\u00e0ng, kh\u1eb3ng \u0111\u1ecbnh ch\u1ea5t l\u01b0\u1ee3ng \u0111\u1ed3ng \u0111\u1ec1u v\u00e0 cao c\u1ea5p.<\/li>\n<li data-sourcepos=\"11:1-11:128\">Th\u00e2n thi\u1ec7n m\u00f4i tr\u01b0\u1eddng: V\u1eadt li\u1ec7u t\u1ea9y v\u00e0 nhu\u1ed9m \u0111\u01b0\u1ee3c ki\u1ec3m \u0111\u1ecbnh kh\u00f4ng ch\u1ee9a AZO, an to\u00e0n cho s\u1ee9c kh\u1ecfe ng\u01b0\u1eddi d\u00f9ng v\u00e0 m\u00f4i tr\u01b0\u1eddng.<\/li>\n<li data-sourcepos=\"12:1-12:148\">\u0110\u1ed9 co r\u00fat t\u1ed1i thi\u1ec3u: S\u1ea3n ph\u1ea9m c\u00f3 \u0111\u1ed9 co r\u00fat d\u01b0\u1edbi 3% sau 3 l\u1ea7n gi\u1eb7t \u1edf 40 \u0111\u1ed9 v\u00e0 s\u1ea5y kh\u00f4, gi\u00fap ga gi\u1eef form v\u00e0 k\u00edch th\u01b0\u1edbc chu\u1ea9n x\u00e1c theo th\u1eddi gian.<\/li>\n<li data-sourcepos=\"13:1-14:0\">Ki\u1ec3m so\u00e1t s\u1ea3n xu\u1ea5t t\u1eeb g\u1ed1c: V\u1edbi x\u01b0\u1edfng k\u00e9o s\u1ee3i v\u00e0 d\u1ec7t v\u1ea3i ri\u00eang, Ch\u0103n Ra Thanh Th\u1ee7y ki\u1ec3m so\u00e1t to\u00e0n b\u1ed9 quy tr\u00ecnh t\u1eeb nguy\u00ean li\u1ec7u b\u00f4ng th\u00f4, \u0111\u1ea3m b\u1ea3o ch\u1ea5t l\u01b0\u1ee3ng t\u1ed1i \u01b0u v\u00e0 th\u1eddi gian giao h\u00e0ng nhanh ch\u00f3ng.<\/li>\n<\/ul>\n<p data-sourcepos=\"15:1-15:140\">Ch\u1ecdn ch\u0103n ga g\u1ed1i \u0111\u1ec7m c\u1ee7a Ch\u0103n Ra Thanh Th\u1ee7y l\u00e0 \u0111\u1ea7u t\u01b0 v\u00e0o s\u1ef1 ti\u1ec7n l\u1ee3i, b\u1ec1n b\u1ec9 v\u00e0 ch\u1ea5t l\u01b0\u1ee3ng \u0111\u1eb3ng c\u1ea5p cho kh\u00f4ng gian l\u01b0u tr\u00fa c\u1ee7a b\u1ea1n.<\/p>\n","protected":false},"excerpt":{"rendered":"<p><span style=\"color: #ff0000;\"><strong>GI\u00c1 \u01afU \u0110\u00c3I T\u1edaI 50% KHI \u0110\u1eb6T MAY THEO Y\u00caU C\u1ea6U<\/strong><\/span><\/p>\n","protected":false},"featured_media":73015,"comment_status":"open","ping_status":"closed","template":"","meta":{"_acf_changed":false,"inline_featured_image":false},"product_cat":[2073,2647],"product_tag":[],"class_list":{"0":"post-83609","1":"product","2":"type-product","3":"status-publish","4":"has-post-thumbnail","6":"product_cat-khach-san-homestay-nha-nghi","7":"product_cat-trang-tron","9":"first","10":"instock","11":"purchasable","12":"product-type-variable","13":"rtwpvg-product"},"acf":[],"_links":{"self":[{"href":"https:\/\/chanrathanhthuy.com\/ja\/wp-json\/wp\/v2\/product\/83609","targetHints":{"allow":["GET"]}}],"collection":[{"href":"https:\/\/chanrathanhthuy.com\/ja\/wp-json\/wp\/v2\/product"}],"about":[{"href":"https:\/\/chanrathanhthuy.com\/ja\/wp-json\/wp\/v2\/types\/product"}],"replies":[{"embeddable":true,"href":"https:\/\/chanrathanhthuy.com\/ja\/wp-json\/wp\/v2\/comments?post=83609"}],"wp:featuredmedia":[{"embeddable":true,"href":"https:\/\/chanrathanhthuy.com\/ja\/wp-json\/wp\/v2\/media\/73015"}],"wp:attachment":[{"href":"https:\/\/chanrathanhthuy.com\/ja\/wp-json\/wp\/v2\/media?parent=83609"}],"wp:term":[{"taxonomy":"product_cat","embeddable":true,"href":"https:\/\/chanrathanhthuy.com\/ja\/wp-json\/wp\/v2\/product_cat?post=83609"},{"taxonomy":"product_tag","embeddable":true,"href":"https:\/\/chanrathanhthuy.com\/ja\/wp-json\/wp\/v2\/product_tag?post=83609"}],"curies":[{"name":"wp","href":"https:\/\/api.w.org\/{rel}","templated":true}]}}