{"id":91582,"date":"2026-04-16T04:28:07","date_gmt":"2026-04-16T04:28:07","guid":{"rendered":"https:\/\/chanrathanhthuy.com\/?post_type=product&#038;p=91582"},"modified":"2026-04-16T06:38:57","modified_gmt":"2026-04-16T06:38:57","slug":"ga-boc-trang-tron-xe-khach-xe-giuong-nam","status":"publish","type":"product","link":"https:\/\/chanrathanhthuy.com\/ja\/product\/ga-boc-trang-tron-xe-khach-xe-giuong-nam\/","title":{"rendered":"Ga B\u1ecdc Tr\u1eafng Tr\u01a1n Xe Kh\u00e1ch &#8211; Xe Gi\u01b0\u1eddng N\u1eb1m"},"content":{"rendered":"<h1 style=\"text-align: justify;\" data-sourcepos=\"5:1-5:90\">Ga Tr\u1ea3i Gi\u01b0\u1eddng Xe Kh\u00e1ch, Xe Gi\u01b0\u1eddng N\u1eb1m Chuy\u00ean D\u1ee5ng &#8211; \u0110\u1ea3m B\u1ea3o V\u1ec7 Sinh &amp; Tho\u1ea3i M\u00e1i<\/h1>\n<h2 style=\"text-align: justify;\" data-sourcepos=\"7:1-7:93\">N\u00e2ng T\u1ea7m Tr\u1ea3i Nghi\u1ec7m Kh\u00e1ch H\u00e0ng V\u1edbi Ga Tr\u1ea3i Gi\u01b0\u1eddng Chuy\u00ean Nghi\u1ec7p T\u1eeb Ch\u0103n Ra Thanh Th\u1ee7y<\/h2>\n<p style=\"text-align: justify;\" data-sourcepos=\"9:1-9:356\">Trong ng\u00e0nh v\u1eadn t\u1ea3i h\u00e0nh kh\u00e1ch, \u0111\u1eb7c bi\u1ec7t l\u00e0 xe gi\u01b0\u1eddng n\u1eb1m v\u00e0 xe ph\u00f2ng n\u1eb1m, s\u1ef1 tho\u1ea3i m\u00e1i v\u00e0 v\u1ec7 sinh l\u00e0 y\u1ebfu t\u1ed1 then ch\u1ed1t \u0111\u1ec3 gi\u1eef ch\u00e2n kh\u00e1ch h\u00e0ng v\u00e0 t\u1ea1o d\u1ef1ng uy t\u00edn. Ch\u0103n Ra Thanh Th\u1ee7y t\u1ef1 h\u00e0o gi\u1edbi thi\u1ec7u s\u1ea3n ph\u1ea9m Ga Tr\u1ea3i Gi\u01b0\u1eddng\/T\u1ea5m L\u00f3t Gi\u01b0\u1eddng Xe Kh\u00e1ch &#8211; Xe Gi\u01b0\u1eddng N\u1eb1m \u0111\u01b0\u1ee3c thi\u1ebft k\u1ebf chuy\u00ean bi\u1ec7t, \u0111\u00e1p \u1ee9ng m\u1ecdi y\u00eau c\u1ea7u kh\u1eaft khe nh\u1ea5t v\u1ec1 ch\u1ea5t l\u01b0\u1ee3ng v\u00e0 \u0111\u1ed9 b\u1ec1n.<\/p>\n<p data-sourcepos=\"9:1-9:356\"><a href=\"https:\/\/chanrathanhthuy.com\/wp-content\/uploads\/2024\/08\/Chan-ga-goi-dem-xe-khach-xe-giuong-nam-xe-phong-nam.jpg\"><img loading=\"lazy\" decoding=\"async\" class=\"aligncenter size-full wp-image-63839\" src=\"https:\/\/chanrathanhthuy.com\/wp-content\/uploads\/2024\/08\/Chan-ga-goi-dem-xe-khach-xe-giuong-nam-xe-phong-nam.jpg\" alt=\"Ch\u0103n ga g\u1ed1i \u0111\u1ec7m xe kh\u00e1ch, xe gi\u01b0\u1eddng n\u1eb1m, xe ph\u00f2ng n\u1eb1m\" width=\"1500\" height=\"1044\" title=\"\" srcset=\"https:\/\/chanrathanhthuy.com\/wp-content\/uploads\/2024\/08\/Chan-ga-goi-dem-xe-khach-xe-giuong-nam-xe-phong-nam.jpg 1500w, https:\/\/chanrathanhthuy.com\/wp-content\/uploads\/2024\/08\/Chan-ga-goi-dem-xe-khach-xe-giuong-nam-xe-phong-nam-600x418.jpg 600w, https:\/\/chanrathanhthuy.com\/wp-content\/uploads\/2024\/08\/Chan-ga-goi-dem-xe-khach-xe-giuong-nam-xe-phong-nam-300x209.jpg 300w, https:\/\/chanrathanhthuy.com\/wp-content\/uploads\/2024\/08\/Chan-ga-goi-dem-xe-khach-xe-giuong-nam-xe-phong-nam-1024x713.jpg 1024w, https:\/\/chanrathanhthuy.com\/wp-content\/uploads\/2024\/08\/Chan-ga-goi-dem-xe-khach-xe-giuong-nam-xe-phong-nam-150x104.jpg 150w, https:\/\/chanrathanhthuy.com\/wp-content\/uploads\/2024\/08\/Chan-ga-goi-dem-xe-khach-xe-giuong-nam-xe-phong-nam-768x535.jpg 768w\" sizes=\"auto, (max-width: 1500px) 100vw, 1500px\" \/><\/a><\/p>\n<h3 style=\"text-align: justify;\" data-sourcepos=\"11:1-11:84\">T\u1ea1i Sao N\u00ean Ch\u1ecdn Ga Tr\u1ea3i Gi\u01b0\u1eddng C\u1ee7a Ch\u0103n Ra Thanh Th\u1ee7y Cho Xe Kh\u00e1ch C\u1ee7a B\u1ea1n?<\/h3>\n<p>Ch\u1ea5t Li\u1ec7u Cao C\u1ea5p, An To\u00e0n: Ch\u00fang t\u00f4i cung c\u1ea5p \u0111a d\u1ea1ng c\u00e1c lo\u1ea1i v\u1ea3i cao c\u1ea5p nh\u01b0 Cotton, Tencel, Microfiber, \u0111\u1ea3m b\u1ea3o \u0111\u1ed9 m\u1ec1m m\u1ea1i, tho\u00e1ng m\u00e1t v\u00e0 an to\u00e0n cho da, ngay c\u1ea3 v\u1edbi nh\u1eefng h\u00e0nh kh\u00e1ch nh\u1ea1y c\u1ea3m nh\u1ea5t.<\/p>\n<p>Thi\u1ebft K\u1ebf T\u1ed1i \u01afu, D\u1ec5 D\u00e0ng V\u1ec7 Sinh:<\/p>\n<ul>\n<li>K\u00edch Th\u01b0\u1edbc Chu\u1ea9n: Ga \u0111\u01b0\u1ee3c may \u0111o ch\u00ednh x\u00e1c theo k\u00edch th\u01b0\u1edbc gi\u01b0\u1eddng\/gh\u1ebf c\u1ee7a c\u00e1c d\u00f2ng xe ph\u1ed5 bi\u1ebfn, \u0111\u1ea3m b\u1ea3o s\u1ef1 v\u1eeba v\u1eb7n v\u00e0 g\u1ecdn g\u00e0ng.<\/li>\n<li>B\u1ec1n B\u1ec9 V\u1edbi T\u1ea7n Su\u1ea5t Gi\u1eb7t Cao: Ch\u1ea5t li\u1ec7u \u0111\u01b0\u1ee3c ch\u1ecdn l\u1ecdc k\u1ef9 l\u01b0\u1ee1ng, ch\u1ecbu \u0111\u01b0\u1ee3c gi\u1eb7t t\u1ea9y c\u00f4ng nghi\u1ec7p v\u00e0 t\u1ea7n su\u1ea5t s\u1eed d\u1ee5ng li\u00ean t\u1ee5c, gi\u00fap ti\u1ebft ki\u1ec7m chi ph\u00ed thay m\u1edbi cho nh\u00e0 xe.<\/li>\n<li>D\u1ec5 D\u00e0ng Th\u00e1o L\u1eafp v\u00e0 Thay Th\u1ebf: Gi\u00fap nh\u00e2n vi\u00ean nh\u00e0 xe ti\u1ebft ki\u1ec7m th\u1eddi gian v\u00e0 c\u00f4ng s\u1ee9c trong vi\u1ec7c chu\u1ea9n b\u1ecb v\u00e0 v\u1ec7 sinh.<\/li>\n<\/ul>\n<p><a href=\"https:\/\/chanrathanhthuy.com\/wp-content\/uploads\/2024\/08\/ga-trai-giuong-Chan-ga-goi-xe-khach-xe-giuong-nam-xe-phong-nam.png\"><img loading=\"lazy\" decoding=\"async\" class=\"aligncenter size-full wp-image-64195\" src=\"https:\/\/chanrathanhthuy.com\/wp-content\/uploads\/2024\/08\/ga-trai-giuong-Chan-ga-goi-xe-khach-xe-giuong-nam-xe-phong-nam.png\" alt=\"ga tr\u1ea3i gi\u01b0\u1eddng Ch\u0103n ga g\u1ed1i xe kh\u00e1ch, xe gi\u01b0\u1eddng n\u1eb1m, xe ph\u00f2ng n\u1eb1m\" width=\"1500\" height=\"1968\" title=\"\" srcset=\"https:\/\/chanrathanhthuy.com\/wp-content\/uploads\/2024\/08\/ga-trai-giuong-Chan-ga-goi-xe-khach-xe-giuong-nam-xe-phong-nam.png 1500w, https:\/\/chanrathanhthuy.com\/wp-content\/uploads\/2024\/08\/ga-trai-giuong-Chan-ga-goi-xe-khach-xe-giuong-nam-xe-phong-nam-600x787.png 600w, https:\/\/chanrathanhthuy.com\/wp-content\/uploads\/2024\/08\/ga-trai-giuong-Chan-ga-goi-xe-khach-xe-giuong-nam-xe-phong-nam-229x300.png 229w, https:\/\/chanrathanhthuy.com\/wp-content\/uploads\/2024\/08\/ga-trai-giuong-Chan-ga-goi-xe-khach-xe-giuong-nam-xe-phong-nam-780x1024.png 780w, https:\/\/chanrathanhthuy.com\/wp-content\/uploads\/2024\/08\/ga-trai-giuong-Chan-ga-goi-xe-khach-xe-giuong-nam-xe-phong-nam-114x150.png 114w, https:\/\/chanrathanhthuy.com\/wp-content\/uploads\/2024\/08\/ga-trai-giuong-Chan-ga-goi-xe-khach-xe-giuong-nam-xe-phong-nam-768x1008.png 768w, https:\/\/chanrathanhthuy.com\/wp-content\/uploads\/2024\/08\/ga-trai-giuong-Chan-ga-goi-xe-khach-xe-giuong-nam-xe-phong-nam-1171x1536.png 1171w\" sizes=\"auto, (max-width: 1500px) 100vw, 1500px\" \/><\/a><\/p>\n<p>\u0110\u1ea3m B\u1ea3o V\u1ec7 Sinh Tuy\u1ec7t \u0110\u1ed1i: Ga tr\u1ea3i gi\u01b0\u1eddng c\u1ee7a Ch\u0103n Ra Thanh Th\u1ee7y l\u00e0 l\u1edbp b\u1ea3o v\u1ec7 quan tr\u1ecdng gi\u1eefa h\u00e0nh kh\u00e1ch v\u00e0 n\u1ec7m, ng\u0103n ng\u1eeba vi khu\u1ea9n, b\u1ee5i b\u1ea9n, mang l\u1ea1i s\u1ef1 y\u00ean t\u00e2m v\u00e0 tho\u1ea3i m\u00e1i t\u1ed1i \u0111a cho m\u1ed7i chuy\u1ebfn \u0111i. Vi\u1ec7c thay ga sau m\u1ed7i l\u01b0\u1ee3t kh\u00e1ch s\u1ebd t\u1ea1o \u1ea5n t\u01b0\u1ee3ng chuy\u00ean nghi\u1ec7p v\u00e0 \u0111\u1ec1 cao s\u1ee9c kh\u1ecfe c\u1ee7a h\u00e0nh kh\u00e1ch.<\/p>\n<p>N\u00e2ng Cao H\u00ecnh \u1ea2nh Th\u01b0\u01a1ng Hi\u1ec7u: M\u1ed9t chi\u1ebfc gi\u01b0\u1eddng s\u1ea1ch s\u1ebd, t\u01b0\u01a1m t\u1ea5t v\u1edbi ga tr\u1ea3i gi\u01b0\u1eddng ch\u1ea5t l\u01b0\u1ee3ng cao s\u1ebd l\u00e0 \u0111i\u1ec3m c\u1ed9ng l\u1edbn, gi\u00fap n\u00e2ng t\u1ea7m d\u1ecbch v\u1ee5 v\u00e0 t\u1ea1o d\u1ef1ng \u1ea5n t\u01b0\u1ee3ng t\u00edch c\u1ef1c v\u1ec1 th\u01b0\u01a1ng hi\u1ec7u nh\u00e0 xe c\u1ee7a b\u1ea1n.<\/p>\n<p><a href=\"https:\/\/chanrathanhthuy.com\/wp-content\/uploads\/2024\/11\/Du-an-Chan-ga-goi-dem-Xe-khach-Xe-giuong-nam-va-Xe-phong-nam-3.png\"><img loading=\"lazy\" decoding=\"async\" class=\"aligncenter size-full wp-image-66475\" src=\"https:\/\/chanrathanhthuy.com\/wp-content\/uploads\/2024\/11\/Du-an-Chan-ga-goi-dem-Xe-khach-Xe-giuong-nam-va-Xe-phong-nam-3.png\" alt=\"D\u1ef1 \u00e1n Ch\u0103n ga g\u1ed1i \u0111\u1ec7m Xe kh\u00e1ch, Xe gi\u01b0\u1eddng n\u1eb1m v\u00e0 Xe ph\u00f2ng n\u1eb1m\" width=\"1800\" height=\"900\" title=\"\" srcset=\"https:\/\/chanrathanhthuy.com\/wp-content\/uploads\/2024\/11\/Du-an-Chan-ga-goi-dem-Xe-khach-Xe-giuong-nam-va-Xe-phong-nam-3.png 1800w, https:\/\/chanrathanhthuy.com\/wp-content\/uploads\/2024\/11\/Du-an-Chan-ga-goi-dem-Xe-khach-Xe-giuong-nam-va-Xe-phong-nam-3-600x300.png 600w, https:\/\/chanrathanhthuy.com\/wp-content\/uploads\/2024\/11\/Du-an-Chan-ga-goi-dem-Xe-khach-Xe-giuong-nam-va-Xe-phong-nam-3-300x150.png 300w, https:\/\/chanrathanhthuy.com\/wp-content\/uploads\/2024\/11\/Du-an-Chan-ga-goi-dem-Xe-khach-Xe-giuong-nam-va-Xe-phong-nam-3-1024x512.png 1024w, https:\/\/chanrathanhthuy.com\/wp-content\/uploads\/2024\/11\/Du-an-Chan-ga-goi-dem-Xe-khach-Xe-giuong-nam-va-Xe-phong-nam-3-150x75.png 150w, https:\/\/chanrathanhthuy.com\/wp-content\/uploads\/2024\/11\/Du-an-Chan-ga-goi-dem-Xe-khach-Xe-giuong-nam-va-Xe-phong-nam-3-768x384.png 768w, https:\/\/chanrathanhthuy.com\/wp-content\/uploads\/2024\/11\/Du-an-Chan-ga-goi-dem-Xe-khach-Xe-giuong-nam-va-Xe-phong-nam-3-1536x768.png 1536w\" sizes=\"auto, (max-width: 1800px) 100vw, 1800px\" \/><\/a><\/p>\n<p style=\"text-align: justify;\" data-sourcepos=\"21:1-21:281\">Ch\u0103n Ra Thanh Th\u1ee7y cam k\u1ebft cung c\u1ea5p c\u00e1c s\u1ea3n ph\u1ea9m ga tr\u1ea3i gi\u01b0\u1eddng xe kh\u00e1ch, xe gi\u01b0\u1eddng n\u1eb1m v\u1edbi ch\u1ea5t l\u01b0\u1ee3ng v\u01b0\u1ee3t tr\u1ed9i, gi\u00e1 c\u1ea3 c\u1ea1nh tranh v\u00e0 d\u1ecbch v\u1ee5 t\u01b0 v\u1ea5n chuy\u00ean nghi\u1ec7p. H\u00e3y li\u00ean h\u1ec7 v\u1edbi ch\u00fang t\u00f4i ngay h\u00f4m nay \u0111\u1ec3 nh\u1eadn b\u00e1o gi\u00e1 chi ti\u1ebft v\u00e0 t\u00ecm ki\u1ebfm gi\u1ea3i ph\u00e1p t\u1ed1i \u01b0u cho \u0111\u1ed9i xe c\u1ee7a b\u1ea1n.<\/p>\n","protected":false},"excerpt":{"rendered":"<p><span style=\"color: #ff0000;\"><strong>GI\u00c1 \u01afU \u0110\u00c3I T\u1edaI 50% KHI \u0110\u1eb6T MAY THEO Y\u00caU C\u1ea6U<\/strong><\/span><\/p>\n","protected":false},"featured_media":91667,"comment_status":"open","ping_status":"closed","template":"","meta":{"_acf_changed":false,"inline_featured_image":false},"product_cat":[2116],"product_tag":[],"class_list":{"0":"post-91582","1":"product","2":"type-product","3":"status-publish","4":"has-post-thumbnail","6":"product_cat-xe-khach-xe-giuong-nam","8":"first","9":"instock","10":"taxable","11":"shipping-taxable","12":"purchasable","13":"product-type-variable","14":"rtwpvg-product"},"acf":[],"_links":{"self":[{"href":"https:\/\/chanrathanhthuy.com\/ja\/wp-json\/wp\/v2\/product\/91582","targetHints":{"allow":["GET"]}}],"collection":[{"href":"https:\/\/chanrathanhthuy.com\/ja\/wp-json\/wp\/v2\/product"}],"about":[{"href":"https:\/\/chanrathanhthuy.com\/ja\/wp-json\/wp\/v2\/types\/product"}],"replies":[{"embeddable":true,"href":"https:\/\/chanrathanhthuy.com\/ja\/wp-json\/wp\/v2\/comments?post=91582"}],"wp:featuredmedia":[{"embeddable":true,"href":"https:\/\/chanrathanhthuy.com\/ja\/wp-json\/wp\/v2\/media\/91667"}],"wp:attachment":[{"href":"https:\/\/chanrathanhthuy.com\/ja\/wp-json\/wp\/v2\/media?parent=91582"}],"wp:term":[{"taxonomy":"product_cat","embeddable":true,"href":"https:\/\/chanrathanhthuy.com\/ja\/wp-json\/wp\/v2\/product_cat?post=91582"},{"taxonomy":"product_tag","embeddable":true,"href":"https:\/\/chanrathanhthuy.com\/ja\/wp-json\/wp\/v2\/product_tag?post=91582"}],"curies":[{"name":"wp","href":"https:\/\/api.w.org\/{rel}","templated":true}]}}